{"id":145519,"date":"2023-05-15T11:10:06","date_gmt":"2023-05-15T08:10:06","guid":{"rendered":"https:\/\/medclinics.com\/rehabilitacion-de-la-baja-vision\/"},"modified":"2025-01-02T16:41:03","modified_gmt":"2025-01-02T13:41:03","slug":"rehabilitacion-de-la-baja-vision","status":"publish","type":"page","link":"https:\/\/medclinics.com\/es\/rehabilitacion-de-la-baja-vision\/","title":{"rendered":"Rehabilitaci\u00f3n de la baja visi\u00f3n"},"content":{"rendered":"\n<h2 class=\"wp-block-heading\">Si busca una forma de mejorar sus capacidades visuales y recuperar la independencia, la rehabilitaci\u00f3n de baja visi\u00f3n puede ser la soluci\u00f3n perfecta.<\/h2>\n\n<p>La rehabilitaci\u00f3n de baja visi\u00f3n es un programa especializado que ayuda a las personas con discapacidad visual significativa a maximizar la visi\u00f3n que les queda y a recuperar la independencia en las actividades cotidianas. Est\u00e1 dise\u00f1ado para responder a las necesidades y retos espec\u00edficos de las personas con baja visi\u00f3n, que suele estar causada por afecciones como la degeneraci\u00f3n macular, el glaucoma, la retinopat\u00eda diab\u00e9tica u otras enfermedades oculares.<\/p>\n\n<p>El objetivo de la <a href=\"https:\/\/en.wikipedia.org\/wiki\/Vision_rehabilitation\" target=\"_blank\" rel=\"noreferrer noopener\">rehabilitaci\u00f3n de la baja<\/a> visi\u00f3n es mejorar la visi\u00f3n funcional, mejorar la calidad de vida y promover el bienestar general. El programa se adapta a las capacidades visuales, el estilo de vida y los objetivos de cada persona. Puede implicar una combinaci\u00f3n de ayudas visuales y dispositivos de asistencia, como lupas, telescopios, dispositivos electr\u00f3nicos y tecnolog\u00edas adaptativas. Adem\u00e1s, se ofrece formaci\u00f3n para desarrollar estrategias compensatorias, como la mejora del contraste, las modificaciones de la iluminaci\u00f3n y la posici\u00f3n \u00f3ptima para leer o realizar tareas.<\/p>\n\n<p>La rehabilitaci\u00f3n de la baja visi\u00f3n suele correr a cargo de un equipo de profesionales que incluye optometristas, oftalm\u00f3logos, terapeutas ocupacionales y especialistas en orientaci\u00f3n y movilidad. Trabajan en colaboraci\u00f3n para evaluar las capacidades visuales del individuo, prescribir ayudas y dispositivos adecuados y proporcionar formaci\u00f3n sobre su uso eficaz. El programa tambi\u00e9n incluye asesoramiento y apoyo para ayudar a las personas a afrontar los aspectos emocionales y psicol\u00f3gicos de la p\u00e9rdida de visi\u00f3n.<\/p>\n\n<p>Al participar en la rehabilitaci\u00f3n de baja visi\u00f3n, las personas con discapacidad visual pueden recuperar su independencia, mejorar su visi\u00f3n funcional y mantener un estilo de vida activo y satisfactorio.<\/p>\n\n<h3 class=\"wp-block-heading\">Todo lo que necesita saber sobre la <a href=\"https:\/\/medclinics.com\/es\/cirugia-ocular-general\/\" target=\"_blank\" rel=\"noreferrer noopener\">cirug\u00eda o<\/a>cular, incluido el precio, los cuidados postoperatorios y el proceso de cicatrizaci\u00f3n, o p\u00f3ngase <a href=\"#requestform\">en contacto con nosotros<\/a>.<\/h3>\n\n<figure class=\"wp-block-image size-large\"><img fetchpriority=\"high\" decoding=\"async\" width=\"4708\" height=\"3139\" src=\"https:\/\/medclinics.com\/wp-content\/uploads\/2023\/05\/low-vision-rehabilitation.png\" alt=\"Rehabilitaci&#xF3;n de la baja visi&#xF3;n\" class=\"wp-image-84753\" srcset=\"https:\/\/medclinics.com\/wp-content\/uploads\/2023\/05\/low-vision-rehabilitation.png 4708w, https:\/\/medclinics.com\/wp-content\/uploads\/2023\/05\/low-vision-rehabilitation-500x333.png 500w, https:\/\/medclinics.com\/wp-content\/uploads\/2023\/05\/low-vision-rehabilitation-1024x683.png 1024w, https:\/\/medclinics.com\/wp-content\/uploads\/2023\/05\/low-vision-rehabilitation-768x512.png 768w, https:\/\/medclinics.com\/wp-content\/uploads\/2023\/05\/low-vision-rehabilitation-1536x1024.png 1536w, https:\/\/medclinics.com\/wp-content\/uploads\/2023\/05\/low-vision-rehabilitation-2048x1365.png 2048w, https:\/\/medclinics.com\/wp-content\/uploads\/2023\/05\/low-vision-rehabilitation-24x16.png 24w, https:\/\/medclinics.com\/wp-content\/uploads\/2023\/05\/low-vision-rehabilitation-36x24.png 36w, https:\/\/medclinics.com\/wp-content\/uploads\/2023\/05\/low-vision-rehabilitation-48x32.png 48w\" sizes=\"(max-width: 4708px) 100vw, 4708px\" \/><\/figure>\n\n<h2 class=\"wp-block-heading\">PREGUNTAS FRECUENTES <\/h2>\n<div id=\"rank-math-faq\" class=\"rank-math-block\">\n<div class=\"rank-math-list \">\n<div id=\"faq-question-1682603361561\" class=\"rank-math-list-item\">\n<h3 class=\"rank-math-question \">\u00bfQu\u00e9 es la rehabilitaci\u00f3n de la baja visi\u00f3n?<\/h3>\n<div class=\"rank-math-answer \">\n\n<p>La rehabilitaci\u00f3n de baja visi\u00f3n es un programa especializado que ayuda a las personas con discapacidad visual significativa a maximizar la visi\u00f3n que les queda y a recuperar la independencia en las actividades cotidianas. Implica una formaci\u00f3n personalizada, el uso de ayudas visuales y dispositivos de asistencia, y el apoyo de un equipo de profesionales. El objetivo es potenciar la visi\u00f3n funcional, mejorar la calidad de vida y fomentar la independencia de las personas con baja visi\u00f3n.<\/p>\n\n<\/div>\n<\/div>\n<div id=\"faq-question-1684148576735\" class=\"rank-math-list-item\">\n<h3 class=\"rank-math-question \">\u00bfSe puede recuperar la p\u00e9rdida de visi\u00f3n central?<\/h3>\n<div class=\"rank-math-answer \">\n\n<p>En general, la p\u00e9rdida de visi\u00f3n central no puede recuperarse totalmente. Las afecciones que causan la p\u00e9rdida de visi\u00f3n central, como la degeneraci\u00f3n macular o la oclusi\u00f3n de la vena central de la retina, suelen provocar da\u00f1os permanentes en la parte central de la retina, conocida como m\u00e1cula. Sin embargo, existen ayudas, dispositivos y programas de rehabilitaci\u00f3n para la baja visi\u00f3n que pueden ayudar a las personas con p\u00e9rdida de visi\u00f3n central a aprovechar al m\u00e1ximo el resto de su visi\u00f3n y mantener la independencia en las actividades cotidianas. Estas estrategias pretenden optimizar el uso de la visi\u00f3n perif\u00e9rica y mejorar la funci\u00f3n visual para tareas como leer, escribir y reconocer caras. Es importante consultar a un profesional de la visi\u00f3n o a un especialista en baja visi\u00f3n para explorar opciones que puedan maximizar las capacidades visuales y mejorar la calidad de vida.<\/p>\n\n<\/div>\n<\/div>\n<div id=\"faq-question-1684148637223\" class=\"rank-math-list-item\">\n<h3 class=\"rank-math-question \">\u00bfEs la baja visi\u00f3n una discapacidad?<\/h3>\n<div class=\"rank-math-answer \">\n\n<p>La baja visi\u00f3n se considera una deficiencia visual y no una discapacidad en el sentido tradicional. Se refiere a una deficiencia visual significativa que no puede corregirse totalmente con gafas, lentes de contacto, medicaci\u00f3n o cirug\u00eda, pero las personas con baja visi\u00f3n pueden seguir teniendo diversos grados de visi\u00f3n funcional. Aunque la baja visi\u00f3n puede afectar a la capacidad de una persona para realizar determinadas tareas, no significa necesariamente que sea incapaz de realizar actividades cotidianas o trabajar. En cambio, las personas con baja visi\u00f3n pueden beneficiarse de apoyo especializado, rehabilitaci\u00f3n y dispositivos de asistencia para mejorar la visi\u00f3n que les queda y mantener su independencia. En algunos casos, las personas con baja visi\u00f3n pueden tener derecho a ciertas adaptaciones o servicios de apoyo que les ayuden a superar los retos a los que pueden enfrentarse debido a su discapacidad visual.<\/p>\n\n<\/div>\n<\/div>\n<\/div>\n<\/div>\n<p><\/p>\n\n<h3 class=\"wp-block-heading\">P\u00f3ngase en contacto con nosotros si tiene alguna pregunta.<\/h3>\n","protected":false},"excerpt":{"rendered":"<p>Si busca una forma de mejorar sus capacidades visuales y recuperar la independencia, la rehabilitaci\u00f3n de baja visi\u00f3n puede ser [&hellip;]<\/p>\n","protected":false},"author":4,"featured_media":92099,"parent":0,"menu_order":0,"comment_status":"closed","ping_status":"closed","template":"","meta":{"site-sidebar-layout":"default","site-content-layout":"","ast-site-content-layout":"default","site-content-style":"default","site-sidebar-style":"default","ast-global-header-display":"","ast-banner-title-visibility":"","ast-main-header-display":"","ast-hfb-above-header-display":"","ast-hfb-below-header-display":"","ast-hfb-mobile-header-display":"","site-post-title":"","ast-breadcrumbs-content":"","ast-featured-img":"","footer-sml-layout":"","ast-disable-related-posts":"","theme-transparent-header-meta":"","adv-header-id-meta":"","stick-header-meta":"","header-above-stick-meta":"","header-main-stick-meta":"","header-below-stick-meta":"","astra-migrate-meta-layouts":"default","ast-page-background-enabled":"default","ast-page-background-meta":{"desktop":{"background-color":"var(--ast-global-color-4)","background-image":"","background-repeat":"repeat","background-position":"center center","background-size":"auto","background-attachment":"scroll","background-type":"","background-media":"","overlay-type":"","overlay-color":"","overlay-opacity":"","overlay-gradient":""},"tablet":{"background-color":"","background-image":"","background-repeat":"repeat","background-position":"center center","background-size":"auto","background-attachment":"scroll","background-type":"","background-media":"","overlay-type":"","overlay-color":"","overlay-opacity":"","overlay-gradient":""},"mobile":{"background-color":"","background-image":"","background-repeat":"repeat","background-position":"center center","background-size":"auto","background-attachment":"scroll","background-type":"","background-media":"","overlay-type":"","overlay-color":"","overlay-opacity":"","overlay-gradient":""}},"ast-content-background-meta":{"desktop":{"background-color":"var(--ast-global-color-5)","background-image":"","background-repeat":"repeat","background-position":"center center","background-size":"auto","background-attachment":"scroll","background-type":"","background-media":"","overlay-type":"","overlay-color":"","overlay-opacity":"","overlay-gradient":""},"tablet":{"background-color":"var(--ast-global-color-5)","background-image":"","background-repeat":"repeat","background-position":"center center","background-size":"auto","background-attachment":"scroll","background-type":"","background-media":"","overlay-type":"","overlay-color":"","overlay-opacity":"","overlay-gradient":""},"mobile":{"background-color":"var(--ast-global-color-5)","background-image":"","background-repeat":"repeat","background-position":"center center","background-size":"auto","background-attachment":"scroll","background-type":"","background-media":"","overlay-type":"","overlay-color":"","overlay-opacity":"","overlay-gradient":""}},"footnotes":""},"class_list":["post-145519","page","type-page","status-publish","has-post-thumbnail","hentry"],"_links":{"self":[{"href":"https:\/\/medclinics.com\/es\/wp-json\/wp\/v2\/pages\/145519","targetHints":{"allow":["GET"]}}],"collection":[{"href":"https:\/\/medclinics.com\/es\/wp-json\/wp\/v2\/pages"}],"about":[{"href":"https:\/\/medclinics.com\/es\/wp-json\/wp\/v2\/types\/page"}],"author":[{"embeddable":true,"href":"https:\/\/medclinics.com\/es\/wp-json\/wp\/v2\/users\/4"}],"replies":[{"embeddable":true,"href":"https:\/\/medclinics.com\/es\/wp-json\/wp\/v2\/comments?post=145519"}],"version-history":[{"count":0,"href":"https:\/\/medclinics.com\/es\/wp-json\/wp\/v2\/pages\/145519\/revisions"}],"wp:featuredmedia":[{"embeddable":true,"href":"https:\/\/medclinics.com\/es\/wp-json\/wp\/v2\/media\/92099"}],"wp:attachment":[{"href":"https:\/\/medclinics.com\/es\/wp-json\/wp\/v2\/media?parent=145519"}],"curies":[{"name":"wp","href":"https:\/\/api.w.org\/{rel}","templated":true}]}}