{"id":145507,"date":"2023-05-15T10:56:21","date_gmt":"2023-05-15T10:56:21","guid":{"rendered":"https:\/\/medclinics.com\/cirugia-dental\/"},"modified":"2024-03-20T14:01:25","modified_gmt":"2024-03-20T11:01:25","slug":"cirugia-dental","status":"publish","type":"page","link":"https:\/\/medclinics.com\/es\/cirugia-dental\/","title":{"rendered":"Cirug\u00eda dental"},"content":{"rendered":"\n<h2 class=\"wp-block-heading\">\u00bfExtracci\u00f3n dental o implantes? En estos casos, entre otros, es posible que necesite una intervenci\u00f3n quir\u00fargica dental.<\/h2>\n\n<p>La cirug\u00eda dental es un campo altamente especializado de la odontolog\u00eda que implica procedimientos quir\u00fargicos para tratar diversas afecciones dentales y bucales. Puede ser necesaria por varias razones, como la extracci\u00f3n de un diente cuando el da\u00f1o o la caries han ido m\u00e1s all\u00e1 de la reparaci\u00f3n, lo que la convierte en un procedimiento habitual en esta zona.<\/p>\n\n<p>Otra raz\u00f3n por la que puede necesitar cirug\u00eda dental es si necesita ra\u00edces dentales artificiales conocidas como <a href=\"https:\/\/medclinics.com\/es\/implantes-dentales-all-on-6\/\" target=\"_blank\" data-type=\"page\" data-id=\"82691\" rel=\"noreferrer noopener\">implantes dentales<\/a>. La colocaci\u00f3n de estos implantes requiere un intrincado proceso quir\u00fargico realizado por profesionales experimentados que han recibido una amplia formaci\u00f3n.<\/p>\n\n<p>Los problemas de desalineaci\u00f3n de la mand\u00edbula, como los trastornos de la ATM y la apnea del sue\u00f1o, tambi\u00e9n se tratan mediante operaciones de mand\u00edbula realizadas por cirujanos especializados en este campo.<\/p>\n\n<p>El tratamiento de las enfermedades de las enc\u00edas mediante cirug\u00eda de las enc\u00edas ayuda a prevenir complicaciones como la recesi\u00f3n de las enc\u00edas y la eventual p\u00e9rdida de dientes debido a infecciones causadas por pr\u00e1cticas de higiene inadecuadas a lo largo del tiempo. La <a href=\"https:\/\/medclinics.com\/es\/tratamiento-del-conducto-radicular\/\" target=\"_blank\" data-type=\"page\" data-id=\"82908\" rel=\"noreferrer noopener\">endodoncia<\/a> trata eficazmente las infecciones graves de la pulpa o los da\u00f1os en la estructura radicular de los dientes, al tiempo que garantiza unas molestias m\u00ednimas durante los periodos de recuperaci\u00f3n postoperatoria.<\/p>\n\n<p>El restablecimiento de la salud <a href=\"https:\/\/en.wikipedia.org\/wiki\/Dental_surgery\" target=\"_blank\" rel=\"noreferrer noopener\">bucodental<\/a> y la mejora de la funci\u00f3n bucal siguen siendo nuestro principal objetivo en todas las operaciones a las que se someten los pacientes, realizadas por expertos cualificados y formados espec\u00edficamente para llevarlas a cabo de forma profesional.<\/p>\n\n<h3 class=\"wp-block-heading\">Todo lo que necesita saber sobre <a href=\"https:\/\/medclinics.com\/dental\/\" target=\"_blank\" rel=\"noreferrer noopener\">tratamientos dentales<\/a>, incluido el precio, los cuidados postoperatorios y el proceso de cicatrizaci\u00f3n, o p\u00f3ngase <a href=\"#requestform\">en contacto con nosotros<\/a>.<\/h3>\n\n<figure class=\"wp-block-image size-full\"><img fetchpriority=\"high\" decoding=\"async\" width=\"960\" height=\"580\" src=\"https:\/\/medclinics.com\/wp-content\/uploads\/2023\/05\/dental-surgery-2.jpg\" alt=\"Cirug&#xED;a dental&#10;\" class=\"wp-image-84515\" srcset=\"https:\/\/medclinics.com\/wp-content\/uploads\/2023\/05\/dental-surgery-2.jpg 960w, https:\/\/medclinics.com\/wp-content\/uploads\/2023\/05\/dental-surgery-2-500x302.jpg 500w, https:\/\/medclinics.com\/wp-content\/uploads\/2023\/05\/dental-surgery-2-768x464.jpg 768w, https:\/\/medclinics.com\/wp-content\/uploads\/2023\/05\/dental-surgery-2-24x15.jpg 24w, https:\/\/medclinics.com\/wp-content\/uploads\/2023\/05\/dental-surgery-2-36x22.jpg 36w, https:\/\/medclinics.com\/wp-content\/uploads\/2023\/05\/dental-surgery-2-48x29.jpg 48w\" sizes=\"(max-width: 960px) 100vw, 960px\" \/><\/figure>\n\n<h3 class=\"wp-block-heading\">PREGUNTAS FRECUENTES<\/h3>\n<div id=\"rank-math-faq\" class=\"rank-math-block\">\n<div class=\"rank-math-list \">\n<div id=\"faq-question-1683898477333\" class=\"rank-math-list-item\">\n<h3 class=\"rank-math-question \">\u00bfQu\u00e9 es una consulta dental?<\/h3>\n<div class=\"rank-math-answer \">\n\n<p>Los procedimientos dentales incluyen extracciones dentales, cirug\u00eda de enc\u00edas, implantes dentales y reconstrucci\u00f3n mandibular. Algunos procedimientos se consideran menores y se realizan con anestesia local, mientras que otros pueden requerir sedaci\u00f3n o anestesia general.<\/p>\n\n<\/div>\n<\/div>\n<div id=\"faq-question-1683898525995\" class=\"rank-math-list-item\">\n<h3 class=\"rank-math-question \">\u00bfCu\u00e1ntos dientes pueden extraerse quir\u00fargicamente?<\/h3>\n<div class=\"rank-math-answer \">\n\n<p>Por lo general, durante una intervenci\u00f3n odontol\u00f3gica pueden extraerse uno o varios dientes. En algunos casos, como una extracci\u00f3n completa o una cirug\u00eda maxilar, deben extraerse todos los dientes de uno o ambos maxilares. Esto puede requerir m\u00faltiples visitas al dentista.<\/p>\n\n<\/div>\n<\/div>\n<div id=\"faq-question-1683898720036\" class=\"rank-math-list-item\">\n<h3 class=\"rank-math-question \">\u00bfCu\u00e1les son los contras de la cirug\u00eda dental?<\/h3>\n<div class=\"rank-math-answer \">\n\n<p>Las desventajas de la cirug\u00eda dental incluyen:<br \/>Las desventajas de la cirug\u00eda dental pueden incluir dolor y molestias, as\u00ed como hinchaz\u00f3n y hematomas. Como en cualquier intervenci\u00f3n quir\u00fargica, existe riesgo de infecci\u00f3n y pueden producirse hemorragias. En algunos casos, los procedimientos dentales pueden da\u00f1ar los nervios de la boca y causar entumecimiento, hormigueo u otras sensaciones.<\/p>\n\n<\/div>\n<\/div>\n<\/div>\n<\/div>\n<p><\/p>\n\n<h3 class=\"wp-block-heading\">P\u00f3ngase en contacto con nosotros si tiene alguna pregunta.<\/h3>\n","protected":false},"excerpt":{"rendered":"<p>\u00bfExtracci\u00f3n dental o implantes? En estos casos, entre otros, es posible que necesite una intervenci\u00f3n quir\u00fargica dental. La cirug\u00eda dental [&hellip;]<\/p>\n","protected":false},"author":4,"featured_media":82381,"parent":0,"menu_order":0,"comment_status":"closed","ping_status":"closed","template":"","meta":{"site-sidebar-layout":"default","site-content-layout":"","ast-site-content-layout":"default","site-content-style":"default","site-sidebar-style":"default","ast-global-header-display":"","ast-banner-title-visibility":"","ast-main-header-display":"","ast-hfb-above-header-display":"","ast-hfb-below-header-display":"","ast-hfb-mobile-header-display":"","site-post-title":"","ast-breadcrumbs-content":"","ast-featured-img":"","footer-sml-layout":"","ast-disable-related-posts":"","theme-transparent-header-meta":"","adv-header-id-meta":"","stick-header-meta":"","header-above-stick-meta":"","header-main-stick-meta":"","header-below-stick-meta":"","astra-migrate-meta-layouts":"default","ast-page-background-enabled":"default","ast-page-background-meta":{"desktop":{"background-color":"var(--ast-global-color-4)","background-image":"","background-repeat":"repeat","background-position":"center center","background-size":"auto","background-attachment":"scroll","background-type":"","background-media":"","overlay-type":"","overlay-color":"","overlay-opacity":"","overlay-gradient":""},"tablet":{"background-color":"","background-image":"","background-repeat":"repeat","background-position":"center center","background-size":"auto","background-attachment":"scroll","background-type":"","background-media":"","overlay-type":"","overlay-color":"","overlay-opacity":"","overlay-gradient":""},"mobile":{"background-color":"","background-image":"","background-repeat":"repeat","background-position":"center center","background-size":"auto","background-attachment":"scroll","background-type":"","background-media":"","overlay-type":"","overlay-color":"","overlay-opacity":"","overlay-gradient":""}},"ast-content-background-meta":{"desktop":{"background-color":"var(--ast-global-color-5)","background-image":"","background-repeat":"repeat","background-position":"center center","background-size":"auto","background-attachment":"scroll","background-type":"","background-media":"","overlay-type":"","overlay-color":"","overlay-opacity":"","overlay-gradient":""},"tablet":{"background-color":"var(--ast-global-color-5)","background-image":"","background-repeat":"repeat","background-position":"center center","background-size":"auto","background-attachment":"scroll","background-type":"","background-media":"","overlay-type":"","overlay-color":"","overlay-opacity":"","overlay-gradient":""},"mobile":{"background-color":"var(--ast-global-color-5)","background-image":"","background-repeat":"repeat","background-position":"center center","background-size":"auto","background-attachment":"scroll","background-type":"","background-media":"","overlay-type":"","overlay-color":"","overlay-opacity":"","overlay-gradient":""}},"footnotes":""},"class_list":["post-145507","page","type-page","status-publish","has-post-thumbnail","hentry"],"_links":{"self":[{"href":"https:\/\/medclinics.com\/es\/wp-json\/wp\/v2\/pages\/145507","targetHints":{"allow":["GET"]}}],"collection":[{"href":"https:\/\/medclinics.com\/es\/wp-json\/wp\/v2\/pages"}],"about":[{"href":"https:\/\/medclinics.com\/es\/wp-json\/wp\/v2\/types\/page"}],"author":[{"embeddable":true,"href":"https:\/\/medclinics.com\/es\/wp-json\/wp\/v2\/users\/4"}],"replies":[{"embeddable":true,"href":"https:\/\/medclinics.com\/es\/wp-json\/wp\/v2\/comments?post=145507"}],"version-history":[{"count":0,"href":"https:\/\/medclinics.com\/es\/wp-json\/wp\/v2\/pages\/145507\/revisions"}],"wp:featuredmedia":[{"embeddable":true,"href":"https:\/\/medclinics.com\/es\/wp-json\/wp\/v2\/media\/82381"}],"wp:attachment":[{"href":"https:\/\/medclinics.com\/es\/wp-json\/wp\/v2\/media?parent=145507"}],"curies":[{"name":"wp","href":"https:\/\/api.w.org\/{rel}","templated":true}]}}