{"id":145497,"date":"2023-05-15T10:38:39","date_gmt":"2023-05-15T07:38:39","guid":{"rendered":"https:\/\/medclinics.com\/uveitis-inflamaciones-intraoculares\/"},"modified":"2025-01-03T01:50:17","modified_gmt":"2025-01-02T22:50:17","slug":"uveitis-inflamaciones-intraoculares","status":"publish","type":"page","link":"https:\/\/medclinics.com\/es\/uveitis-inflamaciones-intraoculares\/","title":{"rendered":"Uve\u00edtis (inflamaciones intraoculares)"},"content":{"rendered":"\n<h2 class=\"wp-block-heading\">Diga adi\u00f3s a la inflamaci\u00f3n y hola a una mejor salud ocular. Conf\u00ede en nuestro equipo para obtener soluciones eficaces adaptadas a sus necesidades y recuperar la visi\u00f3n.<\/h2>\n\n<p>La <a href=\"https:\/\/en.wikipedia.org\/wiki\/Uveitis\" target=\"_blank\" rel=\"noreferrer noopener\">uve\u00edtis<\/a> es una enfermedad caracterizada por la inflamaci\u00f3n de la \u00favea, que es la capa media del ojo. La \u00favea est\u00e1 formada por el iris, el cuerpo ciliar y la coroides, y desempe\u00f1a un papel vital en la nutrici\u00f3n del ojo y la regulaci\u00f3n de su funci\u00f3n. Puede deberse a diversos factores, como infecciones, trastornos autoinmunitarios, traumatismos oculares o enfermedades sist\u00e9micas subyacentes. La inflamaci\u00f3n asociada a la uve\u00edtis puede afectar a uno o ambos ojos, y puede variar en gravedad y duraci\u00f3n.<\/p>\n\n<p>Los s\u00edntomas de la uve\u00edtis pueden incluir enrojecimiento ocular, dolor, sensibilidad a la luz (fotofobia), visi\u00f3n borrosa, moscas volantes (manchas o motas en el campo visual) y disminuci\u00f3n de la agudeza visual. Es importante buscar atenci\u00f3n m\u00e9dica inmediata si experimenta estos s\u00edntomas, ya que la uve\u00edtis puede provocar complicaciones que pueden afectar a la visi\u00f3n si no se trata. Un oftalm\u00f3logo evaluar\u00e1 su enfermedad, determinar\u00e1 la causa subyacente de la uve\u00edtis y elaborar\u00e1 un plan de tratamiento adecuado.<\/p>\n\n<p>El tratamiento de la uve\u00edtis suele consistir en abordar la causa subyacente de la inflamaci\u00f3n y controlar los s\u00edntomas. Esto puede incluir el uso de medicamentos antiinflamatorios, como colirios de corticosteroides o medicamentos orales, as\u00ed como colirios dilatadores para aliviar el dolor y prevenir complicaciones como las sinequias (adherencias entre el iris y el cristalino). En algunos casos, pueden prescribirse f\u00e1rmacos inmunosupresores para controlar la respuesta inmunitaria. Las visitas peri\u00f3dicas de seguimiento con su oftalm\u00f3logo son esenciales para controlar la evoluci\u00f3n del tratamiento y garantizar una gesti\u00f3n adecuada de la uve\u00edtis.<\/p>\n\n<h3 class=\"wp-block-heading\">Todo lo que necesita saber sobre la <a href=\"https:\/\/medclinics.com\/es\/cirugia-ocular-general\/\" target=\"_blank\" rel=\"noreferrer noopener\">cirug\u00eda o<\/a>cular, incluido el precio, los cuidados postoperatorios y el proceso de cicatrizaci\u00f3n, o p\u00f3ngase <a href=\"#requestform\">en contacto con nosotros<\/a>.<\/h3>\n\n<figure class=\"wp-block-image size-large\"><img fetchpriority=\"high\" decoding=\"async\" width=\"3838\" height=\"2558\" src=\"https:\/\/medclinics.com\/wp-content\/uploads\/2023\/05\/uveitis.png\" alt=\"Uve&#xED;tis (inflamaciones intraoculares) istanbul turkey\" class=\"wp-image-84522\" srcset=\"https:\/\/medclinics.com\/wp-content\/uploads\/2023\/05\/uveitis.png 3838w, https:\/\/medclinics.com\/wp-content\/uploads\/2023\/05\/uveitis-500x333.png 500w, https:\/\/medclinics.com\/wp-content\/uploads\/2023\/05\/uveitis-1024x682.png 1024w, https:\/\/medclinics.com\/wp-content\/uploads\/2023\/05\/uveitis-768x512.png 768w, https:\/\/medclinics.com\/wp-content\/uploads\/2023\/05\/uveitis-1536x1024.png 1536w, https:\/\/medclinics.com\/wp-content\/uploads\/2023\/05\/uveitis-2048x1365.png 2048w, https:\/\/medclinics.com\/wp-content\/uploads\/2023\/05\/uveitis-24x16.png 24w, https:\/\/medclinics.com\/wp-content\/uploads\/2023\/05\/uveitis-36x24.png 36w, https:\/\/medclinics.com\/wp-content\/uploads\/2023\/05\/uveitis-48x32.png 48w\" sizes=\"(max-width: 3838px) 100vw, 3838px\" \/><\/figure>\n\n<h2 class=\"wp-block-heading\">PREGUNTAS FRECUENTES <\/h2>\n<div id=\"rank-math-faq\" class=\"rank-math-block\">\n<div class=\"rank-math-list \">\n<div id=\"faq-question-1684146859251\" class=\"rank-math-list-item\">\n<h3 class=\"rank-math-question \">\u00bfC\u00f3mo tratar la uve\u00edtis?<\/h3>\n<div class=\"rank-math-answer \">\n\n<p>El tratamiento de la uve\u00edtis implica un enfoque integral destinado a reducir la inflamaci\u00f3n, aliviar los s\u00edntomas y preservar la visi\u00f3n. El plan de tratamiento espec\u00edfico depender\u00e1 de la causa subyacente, la gravedad de la inflamaci\u00f3n y los factores individuales del paciente. Normalmente, la primera l\u00ednea de tratamiento consiste en el uso de colirios con corticosteroides para reducir la inflamaci\u00f3n y controlar los s\u00edntomas. Estos colirios suelen recetarse a intervalos frecuentes y se van reduciendo gradualmente a medida que disminuye la inflamaci\u00f3n. En algunos casos, pueden ser necesarios corticosteroides orales o medicamentos inmunosupresores para lograr un mejor control de la respuesta inmunitaria y prevenir episodios recurrentes de uve\u00edtis. Tambi\u00e9n pueden recetarse colirios dilatadores para aliviar el dolor y prevenir complicaciones como las sinequias, que son adherencias entre el iris y el cristalino. Adem\u00e1s, si se asocia a una afecci\u00f3n sist\u00e9mica subyacente o a una infecci\u00f3n, el tratamiento de la causa subyacente es crucial para una gesti\u00f3n eficaz. Las visitas peri\u00f3dicas de seguimiento con un oftalm\u00f3logo o especialista son esenciales para supervisar la evoluci\u00f3n del tratamiento, evaluar la respuesta a la medicaci\u00f3n y realizar los ajustes necesarios en el plan de tratamiento.<\/p>\n\n<\/div>\n<\/div>\n<div id=\"faq-question-1684146973609\" class=\"rank-math-list-item\">\n<h3 class=\"rank-math-question \">\u00bfC\u00f3mo se produce la uve\u00edtis?<\/h3>\n<div class=\"rank-math-answer \">\n\n<p>La uve\u00edtis se produce cuando la \u00favea, la capa media del ojo, se inflama. A menudo se desconoce la causa exacta, pero puede estar desencadenada por diversos factores. Por ejemplo, infecciones v\u00edricas, bacterianas o f\u00fangicas que pueden afectar al ojo. Tambi\u00e9n puede asociarse a trastornos autoinmunitarios, en los que el sistema inmunitario del organismo ataca por error los tejidos sanos del ojo. Otras causas posibles son los traumatismos oculares, determinados medicamentos o enfermedades sist\u00e9micas subyacentes como la artritis reumatoide o la enfermedad inflamatoria intestinal. Puede afectar a personas de cualquier edad, pero algunos tipos de uve\u00edtis son m\u00e1s frecuentes en grupos de edad o poblaciones espec\u00edficos. Es importante consultar a un oftalm\u00f3logo para determinar la causa subyacente de la uve\u00edtis y desarrollar un plan de tratamiento adecuado para controlar la inflamaci\u00f3n.<\/p>\n\n<\/div>\n<\/div>\n<\/div>\n<\/div>\n<h3 class=\"wp-block-heading\">P\u00f3ngase en contacto con nosotros si tiene alguna pregunta.<\/h3>\n","protected":false},"excerpt":{"rendered":"<p>Diga adi\u00f3s a la inflamaci\u00f3n y hola a una mejor salud ocular. Conf\u00ede en nuestro equipo para obtener soluciones eficaces [&hellip;]<\/p>\n","protected":false},"author":4,"featured_media":93207,"parent":0,"menu_order":0,"comment_status":"closed","ping_status":"closed","template":"","meta":{"site-sidebar-layout":"default","site-content-layout":"","ast-site-content-layout":"default","site-content-style":"default","site-sidebar-style":"default","ast-global-header-display":"","ast-banner-title-visibility":"","ast-main-header-display":"","ast-hfb-above-header-display":"","ast-hfb-below-header-display":"","ast-hfb-mobile-header-display":"","site-post-title":"","ast-breadcrumbs-content":"","ast-featured-img":"","footer-sml-layout":"","ast-disable-related-posts":"","theme-transparent-header-meta":"","adv-header-id-meta":"","stick-header-meta":"","header-above-stick-meta":"","header-main-stick-meta":"","header-below-stick-meta":"","astra-migrate-meta-layouts":"default","ast-page-background-enabled":"default","ast-page-background-meta":{"desktop":{"background-color":"var(--ast-global-color-4)","background-image":"","background-repeat":"repeat","background-position":"center center","background-size":"auto","background-attachment":"scroll","background-type":"","background-media":"","overlay-type":"","overlay-color":"","overlay-opacity":"","overlay-gradient":""},"tablet":{"background-color":"","background-image":"","background-repeat":"repeat","background-position":"center center","background-size":"auto","background-attachment":"scroll","background-type":"","background-media":"","overlay-type":"","overlay-color":"","overlay-opacity":"","overlay-gradient":""},"mobile":{"background-color":"","background-image":"","background-repeat":"repeat","background-position":"center center","background-size":"auto","background-attachment":"scroll","background-type":"","background-media":"","overlay-type":"","overlay-color":"","overlay-opacity":"","overlay-gradient":""}},"ast-content-background-meta":{"desktop":{"background-color":"var(--ast-global-color-5)","background-image":"","background-repeat":"repeat","background-position":"center center","background-size":"auto","background-attachment":"scroll","background-type":"","background-media":"","overlay-type":"","overlay-color":"","overlay-opacity":"","overlay-gradient":""},"tablet":{"background-color":"var(--ast-global-color-5)","background-image":"","background-repeat":"repeat","background-position":"center center","background-size":"auto","background-attachment":"scroll","background-type":"","background-media":"","overlay-type":"","overlay-color":"","overlay-opacity":"","overlay-gradient":""},"mobile":{"background-color":"var(--ast-global-color-5)","background-image":"","background-repeat":"repeat","background-position":"center center","background-size":"auto","background-attachment":"scroll","background-type":"","background-media":"","overlay-type":"","overlay-color":"","overlay-opacity":"","overlay-gradient":""}},"footnotes":""},"class_list":["post-145497","page","type-page","status-publish","has-post-thumbnail","hentry"],"_links":{"self":[{"href":"https:\/\/medclinics.com\/es\/wp-json\/wp\/v2\/pages\/145497","targetHints":{"allow":["GET"]}}],"collection":[{"href":"https:\/\/medclinics.com\/es\/wp-json\/wp\/v2\/pages"}],"about":[{"href":"https:\/\/medclinics.com\/es\/wp-json\/wp\/v2\/types\/page"}],"author":[{"embeddable":true,"href":"https:\/\/medclinics.com\/es\/wp-json\/wp\/v2\/users\/4"}],"replies":[{"embeddable":true,"href":"https:\/\/medclinics.com\/es\/wp-json\/wp\/v2\/comments?post=145497"}],"version-history":[{"count":0,"href":"https:\/\/medclinics.com\/es\/wp-json\/wp\/v2\/pages\/145497\/revisions"}],"wp:featuredmedia":[{"embeddable":true,"href":"https:\/\/medclinics.com\/es\/wp-json\/wp\/v2\/media\/93207"}],"wp:attachment":[{"href":"https:\/\/medclinics.com\/es\/wp-json\/wp\/v2\/media?parent=145497"}],"curies":[{"name":"wp","href":"https:\/\/api.w.org\/{rel}","templated":true}]}}