{"id":145481,"date":"2023-05-15T09:26:15","date_gmt":"2023-05-15T06:26:15","guid":{"rendered":"https:\/\/medclinics.com\/lentes-de-contacto\/"},"modified":"2024-12-30T19:22:58","modified_gmt":"2024-12-30T16:22:58","slug":"lentes-de-contacto","status":"publish","type":"page","link":"https:\/\/medclinics.com\/es\/lentes-de-contacto\/","title":{"rendered":"Lentes de contacto"},"content":{"rendered":"\n<h2 class=\"wp-block-heading\">Si busca una forma de mejorar su vista y ver el mundo con m\u00e1s claridad, las lentes de contacto pueden ser la soluci\u00f3n perfecta.<\/h2>\n\n<p>Las lentes de contacto son discos finos y curvados de un material transpirable que se colocan directamente sobre la superficie del ojo. Se utilizan para corregir problemas de visi\u00f3n, constituyendo una alternativa a las gafas. Las lentes de contacto pueden ayudar a corregir defectos refractivos como la miop\u00eda, la hipermetrop\u00eda, el astigmatismo y la presbicia.<\/p>\n\n<p><a href=\"https:\/\/en.wikipedia.org\/wiki\/Contact_lens\" target=\"_blank\" rel=\"noreferrer noopener\">Las lentes de contacto <\/a>refractan la luz cuando entra en el ojo y ayudan a enfocarla correctamente en la retina para obtener una visi\u00f3n m\u00e1s n\u00edtida. Ofrecen varias ventajas, como un campo de visi\u00f3n m\u00e1s amplio, la ausencia de gafas y la compatibilidad con diversas actividades f\u00edsicas.<\/p>\n\n<p>Existen distintos tipos de lentes de contacto: blandas, r\u00edgidas permeables al gas, t\u00f3ricas para el astigmatismo, multifocales para la presbicia y especiales para afecciones oculares espec\u00edficas. Requieren una limpieza, desinfecci\u00f3n y sustituci\u00f3n peri\u00f3dicas adecuadas para mantener la salud ocular y una correcci\u00f3n visual \u00f3ptima.<\/p>\n\n<p>Es esencial consultar con un profesional de la visi\u00f3n para determinar el tipo de lentes de contacto m\u00e1s adecuado para sus necesidades espec\u00edficas, someterse a un proceso de adaptaci\u00f3n y recibir orientaci\u00f3n sobre el uso adecuado, los cuidados y las citas de seguimiento para garantizar la mejor comodidad, seguridad y resultados visuales.<\/p>\n\n<h3 class=\"wp-block-heading\">Todo lo que necesita saber sobre la <a href=\"https:\/\/medclinics.com\/es\/cirugia-ocular-general\/\" target=\"_blank\" rel=\"noreferrer noopener\">cirug\u00eda o<\/a>cular, incluido el precio, el proceso o <a href=\"#requestform\">\u00a1contacte con nosotros<\/a>!<\/h3>\n\n<figure class=\"wp-block-image size-large\"><img fetchpriority=\"high\" decoding=\"async\" width=\"4783\" height=\"3189\" src=\"https:\/\/medclinics.com\/wp-content\/uploads\/2023\/05\/contact-lenses.png\" alt=\"Lentes de contacto Estambul Turqu&#xED;a\" class=\"wp-image-83768\" srcset=\"https:\/\/medclinics.com\/wp-content\/uploads\/2023\/05\/contact-lenses.png 4783w, https:\/\/medclinics.com\/wp-content\/uploads\/2023\/05\/contact-lenses-500x333.png 500w, https:\/\/medclinics.com\/wp-content\/uploads\/2023\/05\/contact-lenses-1024x683.png 1024w, https:\/\/medclinics.com\/wp-content\/uploads\/2023\/05\/contact-lenses-768x512.png 768w, https:\/\/medclinics.com\/wp-content\/uploads\/2023\/05\/contact-lenses-1536x1024.png 1536w, https:\/\/medclinics.com\/wp-content\/uploads\/2023\/05\/contact-lenses-2048x1365.png 2048w, https:\/\/medclinics.com\/wp-content\/uploads\/2023\/05\/contact-lenses-24x16.png 24w, https:\/\/medclinics.com\/wp-content\/uploads\/2023\/05\/contact-lenses-36x24.png 36w, https:\/\/medclinics.com\/wp-content\/uploads\/2023\/05\/contact-lenses-48x32.png 48w\" sizes=\"(max-width: 4783px) 100vw, 4783px\" \/><\/figure>\n\n<h2 class=\"wp-block-heading\">PREGUNTAS FRECUENTES  <\/h2>\n<div id=\"rank-math-faq\" class=\"rank-math-block\">\n<div class=\"rank-math-list \">\n<div id=\"faq-question-1684142131672\" class=\"rank-math-list-item\">\n<h3 class=\"rank-math-question \">\u00bfC\u00f3mo se ponen las lentes de contacto?<\/h3>\n<div class=\"rank-math-answer \">\n\n<p>Para ponerse las lentes de contacto, empiece por lavarse bien las manos con agua y jab\u00f3n. S\u00e9calos con una toalla limpia y sin pelusa. Aseg\u00farese de que sus lentes de contacto est\u00e1n limpias y libres de cualquier resto o da\u00f1o. Con una mano, mantenga el p\u00e1rpado abierto suavemente, mientras con la otra coloca la lente en la punta del dedo \u00edndice. Mire al frente o ligeramente hacia arriba en un espejo. Tire hacia abajo del p\u00e1rpado inferior con el dedo coraz\u00f3n. Con mano firme, coloque la lente en el centro del ojo, procurando evitar en lo posible el parpadeo. Suelte el p\u00e1rpado lentamente y parpadee unas cuantas veces para ayudar a que la lente se asiente en su posici\u00f3n. Repita estos pasos para el otro ojo si utiliza lentes de contacto. Si eres nuevo en el uso de lentes de contacto, la pr\u00e1ctica y la paciencia son la clave, y siempre es mejor seguir las instrucciones espec\u00edficas proporcionadas por tu profesional de la visi\u00f3n o por el fabricante de las lentes. Si tiene alguna molestia o dificultad, consulte a su oculista.<\/p>\n\n<\/div>\n<\/div>\n<div id=\"faq-question-1684142198608\" class=\"rank-math-list-item\">\n<h3 class=\"rank-math-question \">\u00bfC\u00f3mo se quitan las lentes de contacto?<\/h3>\n<div class=\"rank-math-answer \">\n\n<p>Para quitarte las lentillas, empieza por lavarte bien las manos con agua y jab\u00f3n, y luego s\u00e9catelas con una toalla limpia. Mire al espejo de frente y tire suavemente hacia abajo del p\u00e1rpado inferior con el dedo \u00edndice. Con el dedo coraz\u00f3n, toque el borde de la lente y desl\u00edcela hacia abajo sobre la parte blanca del ojo. Pellizque suavemente la lente entre el pulgar y el \u00edndice, y ret\u00edrela con cuidado del ojo. Repita el proceso con la otra lente si lleva un par. Recuerde seguir las instrucciones espec\u00edficas de su oculista o del fabricante de las lentillas y, si tiene alguna dificultad, consulte a su oculista para que le ayude.<\/p>\n\n<\/div>\n<\/div>\n<div id=\"faq-question-1684142251979\" class=\"rank-math-list-item\">\n<h3 class=\"rank-math-question \">\u00bfCu\u00e1nto duran las lentes de contacto?<\/h3>\n<div class=\"rank-math-answer \">\n\n<p>Dependiendo del tipo de lentes y del programa de uso sugerido por su especialista, las lentes de contacto tienen una vida \u00fatil variable. Las lentes de contacto desechables suelen requerir una sustituci\u00f3n diaria, semanal, quincenal o mensual. Las lentes desechables diarias se usan una sola vez y se desechan al final del d\u00eda, mientras que otras variedades requieren un reemplazo a intervalos predeterminados. Las lentillas reutilizables tradicionales pueden durar entre unos meses y un a\u00f1o, pero deben limpiarse, esterilizarse y guardarse adecuadamente. Para mantener una salud ocular y una correcci\u00f3n visual \u00f3ptimas, es fundamental seguir el programa de sustituci\u00f3n y las pautas de mantenimiento sugeridas por su especialista.<\/p>\n\n<\/div>\n<\/div>\n<div id=\"faq-question-1684142339482\" class=\"rank-math-list-item\">\n<h3 class=\"rank-math-question \">\u00bfQu\u00e9 lentes de contacto son mejores para los ojos secos?<\/h3>\n<div class=\"rank-math-answer \">\n\n<p>Para las personas con ojos secos, las mejores opciones de lentes de contacto son las lentes de hidrogel de silicona, las lentes desechables diarias, las lentes ricas en humedad y las lentes esclerales. Las lentes de hidrogel de silicona permiten que llegue m\u00e1s ox\u00edgeno a los ojos, reduciendo la sequedad. Las lentes desechables diarias eliminan la necesidad de utilizar soluciones de limpieza y desinfecci\u00f3n, reduciendo la irritaci\u00f3n. Las lentes humectantes retienen la humedad en la superficie del ojo para mayor comodidad. Las lentes esclerales, de mayor di\u00e1metro, crean un dep\u00f3sito de l\u00edquido para las personas con sequedad ocular grave. Consultar a un profesional de la visi\u00f3n es crucial para determinar la opci\u00f3n de lentes de contacto m\u00e1s adecuada en funci\u00f3n de las necesidades individuales y la salud ocular.<\/p>\n\n<\/div>\n<\/div>\n<div id=\"faq-question-1684142485812\" class=\"rank-math-list-item\">\n<h3 class=\"rank-math-question \">\u00bfSon seguras las lentes de contacto?<\/h3>\n<div class=\"rank-math-answer \">\n\n<p>S\u00ed, las lentes de contacto suelen considerarse seguras si se utilizan correctamente. No obstante, es importante seguir unas pr\u00e1cticas de higiene adecuadas y las directrices que le facilite su oculista. Aseg\u00farese de que tiene una graduaci\u00f3n v\u00e1lida y de que las lentes se adaptan correctamente a sus ojos. Una buena higiene, que incluya lavarse las manos antes de manipular las lentillas, es crucial. Limpie y desinfecte las lentes seg\u00fan las instrucciones y sustit\u00fayalas en los intervalos recomendados. Evite llevar lentillas durante periodos m\u00e1s largos de lo aconsejado y programe revisiones oculares peri\u00f3dicas. Si experimenta molestias o cambios en la visi\u00f3n, consulte a su oculista. Si se cuidan adecuadamente y se siguen las instrucciones, las lentes de contacto pueden ser una opci\u00f3n segura y c\u00f3moda para corregir la visi\u00f3n.<\/p>\n\n<\/div>\n<\/div>\n<\/div>\n<\/div>\n<h3 class=\"wp-block-heading\">P\u00f3ngase en contacto con nosotros si tiene alguna pregunta.<\/h3>\n","protected":false},"excerpt":{"rendered":"<p>Si busca una forma de mejorar su vista y ver el mundo con m\u00e1s claridad, las lentes de contacto pueden [&hellip;]<\/p>\n","protected":false},"author":4,"featured_media":92025,"parent":0,"menu_order":0,"comment_status":"closed","ping_status":"closed","template":"","meta":{"site-sidebar-layout":"default","site-content-layout":"","ast-site-content-layout":"default","site-content-style":"default","site-sidebar-style":"default","ast-global-header-display":"","ast-banner-title-visibility":"","ast-main-header-display":"","ast-hfb-above-header-display":"","ast-hfb-below-header-display":"","ast-hfb-mobile-header-display":"","site-post-title":"","ast-breadcrumbs-content":"","ast-featured-img":"","footer-sml-layout":"","ast-disable-related-posts":"","theme-transparent-header-meta":"","adv-header-id-meta":"","stick-header-meta":"","header-above-stick-meta":"","header-main-stick-meta":"","header-below-stick-meta":"","astra-migrate-meta-layouts":"default","ast-page-background-enabled":"default","ast-page-background-meta":{"desktop":{"background-color":"var(--ast-global-color-4)","background-image":"","background-repeat":"repeat","background-position":"center center","background-size":"auto","background-attachment":"scroll","background-type":"","background-media":"","overlay-type":"","overlay-color":"","overlay-opacity":"","overlay-gradient":""},"tablet":{"background-color":"","background-image":"","background-repeat":"repeat","background-position":"center center","background-size":"auto","background-attachment":"scroll","background-type":"","background-media":"","overlay-type":"","overlay-color":"","overlay-opacity":"","overlay-gradient":""},"mobile":{"background-color":"","background-image":"","background-repeat":"repeat","background-position":"center center","background-size":"auto","background-attachment":"scroll","background-type":"","background-media":"","overlay-type":"","overlay-color":"","overlay-opacity":"","overlay-gradient":""}},"ast-content-background-meta":{"desktop":{"background-color":"var(--ast-global-color-5)","background-image":"","background-repeat":"repeat","background-position":"center center","background-size":"auto","background-attachment":"scroll","background-type":"","background-media":"","overlay-type":"","overlay-color":"","overlay-opacity":"","overlay-gradient":""},"tablet":{"background-color":"var(--ast-global-color-5)","background-image":"","background-repeat":"repeat","background-position":"center center","background-size":"auto","background-attachment":"scroll","background-type":"","background-media":"","overlay-type":"","overlay-color":"","overlay-opacity":"","overlay-gradient":""},"mobile":{"background-color":"var(--ast-global-color-5)","background-image":"","background-repeat":"repeat","background-position":"center center","background-size":"auto","background-attachment":"scroll","background-type":"","background-media":"","overlay-type":"","overlay-color":"","overlay-opacity":"","overlay-gradient":""}},"footnotes":""},"class_list":["post-145481","page","type-page","status-publish","has-post-thumbnail","hentry"],"_links":{"self":[{"href":"https:\/\/medclinics.com\/es\/wp-json\/wp\/v2\/pages\/145481","targetHints":{"allow":["GET"]}}],"collection":[{"href":"https:\/\/medclinics.com\/es\/wp-json\/wp\/v2\/pages"}],"about":[{"href":"https:\/\/medclinics.com\/es\/wp-json\/wp\/v2\/types\/page"}],"author":[{"embeddable":true,"href":"https:\/\/medclinics.com\/es\/wp-json\/wp\/v2\/users\/4"}],"replies":[{"embeddable":true,"href":"https:\/\/medclinics.com\/es\/wp-json\/wp\/v2\/comments?post=145481"}],"version-history":[{"count":0,"href":"https:\/\/medclinics.com\/es\/wp-json\/wp\/v2\/pages\/145481\/revisions"}],"wp:featuredmedia":[{"embeddable":true,"href":"https:\/\/medclinics.com\/es\/wp-json\/wp\/v2\/media\/92025"}],"wp:attachment":[{"href":"https:\/\/medclinics.com\/es\/wp-json\/wp\/v2\/media?parent=145481"}],"curies":[{"name":"wp","href":"https:\/\/api.w.org\/{rel}","templated":true}]}}