{"id":145469,"date":"2023-05-15T09:01:27","date_gmt":"2023-05-15T09:01:27","guid":{"rendered":"https:\/\/medclinics.com\/cirugia-del-estrabismo\/"},"modified":"2024-04-01T17:12:40","modified_gmt":"2024-04-01T14:12:40","slug":"cirugia-del-estrabismo","status":"publish","type":"page","link":"https:\/\/medclinics.com\/es\/cirugia-del-estrabismo\/","title":{"rendered":"Cirug\u00eda del estrabismo"},"content":{"rendered":"\n<h2 class=\"wp-block-heading\">Si est\u00e1 buscando una forma de mejorar su visi\u00f3n y conseguir la belleza de un mundo claro, la cirug\u00eda de estrabismo puede ser la soluci\u00f3n perfecta.<\/h2>\n\n<p>El estrabismo, tambi\u00e9n conocido como bizquera u ojos cruzados, es una afecci\u00f3n caracterizada por la desalineaci\u00f3n de los ojos. Se produce cuando los m\u00fasculos que controlan el movimiento y la alineaci\u00f3n de los ojos no funcionan correctamente. Como resultado, un ojo puede girarse hacia dentro, hacia fuera, hacia arriba o hacia abajo, mientras que el otro permanece en su posici\u00f3n normal. El estrabismo puede estar presente todo el tiempo (constante) o producirse de forma intermitente (intermitente).<\/p>\n\n<p><a href=\"https:\/\/en.wikipedia.org\/wiki\/Eye_surgery\" target=\"_blank\" rel=\"noreferrer noopener\">El estrabismo<\/a> puede desarrollarse en la infancia o en la edad adulta y tener diversas causas. En los ni\u00f1os, puede deberse a problemas de desarrollo o coordinaci\u00f3n de los m\u00fasculos oculares, a problemas de los nervios que controlan el movimiento de los ojos o a determinadas enfermedades subyacentes. En los adultos, el estrabismo puede deberse a problemas musculares oculares, lesiones nerviosas, traumatismos o determinadas enfermedades sist\u00e9micas.<\/p>\n\n<p>En la cirug\u00eda del estrabismo, se ajustan los m\u00fasculos oculares para mejorar la alineaci\u00f3n de los ojos. Se realizan peque\u00f1as incisiones en el tejido que recubre el ojo, y el cirujano modifica la posici\u00f3n o la tensi\u00f3n de los m\u00fasculos oculares seg\u00fan sea necesario. Esto puede implicar acortar o alargar los m\u00fasculos. La intervenci\u00f3n se realiza bajo anestesia general y los pacientes suelen volver a casa el mismo d\u00eda.<\/p>\n\n<h3 class=\"wp-block-heading\">Todo lo que necesita saber sobre la <a href=\"https:\/\/medclinics.com\/es\/cirugia-ocular-general\/\" target=\"_blank\" rel=\"noreferrer noopener\">cirug\u00eda o<\/a>cular, incluido el precio, los cuidados postoperatorios y el proceso de cicatrizaci\u00f3n, o p\u00f3ngase <a href=\"#requestform\">en contacto con nosotros<\/a>.<\/h3>\n\n<figure class=\"wp-block-image size-large\"><img fetchpriority=\"high\" decoding=\"async\" width=\"4573\" height=\"3279\" src=\"https:\/\/medclinics.com\/wp-content\/uploads\/2023\/05\/strabismus.png\" alt=\"Cirug&#xED;a del estrabismo Estambul Turqu&#xED;a\" class=\"wp-image-83458\" srcset=\"https:\/\/medclinics.com\/wp-content\/uploads\/2023\/05\/strabismus.png 4573w, https:\/\/medclinics.com\/wp-content\/uploads\/2023\/05\/strabismus-500x359.png 500w, https:\/\/medclinics.com\/wp-content\/uploads\/2023\/05\/strabismus-1024x734.png 1024w, https:\/\/medclinics.com\/wp-content\/uploads\/2023\/05\/strabismus-768x551.png 768w, https:\/\/medclinics.com\/wp-content\/uploads\/2023\/05\/strabismus-1536x1101.png 1536w, https:\/\/medclinics.com\/wp-content\/uploads\/2023\/05\/strabismus-2048x1468.png 2048w, https:\/\/medclinics.com\/wp-content\/uploads\/2023\/05\/strabismus-24x17.png 24w, https:\/\/medclinics.com\/wp-content\/uploads\/2023\/05\/strabismus-36x26.png 36w, https:\/\/medclinics.com\/wp-content\/uploads\/2023\/05\/strabismus-48x34.png 48w\" sizes=\"(max-width: 4573px) 100vw, 4573px\" \/><\/figure>\n\n<h2 class=\"wp-block-heading\">PREGUNTAS FRECUENTES <\/h2>\n<div id=\"rank-math-faq\" class=\"rank-math-block\">\n<div class=\"rank-math-list \">\n<div id=\"faq-question-1682603361561\" class=\"rank-math-list-item\">\n<h3 class=\"rank-math-question \">\u00bfSe puede curar el estrabismo?<\/h3>\n<div class=\"rank-math-answer \">\n\n<p>S\u00ed, el estrabismo puede tratarse. Las opciones de tratamiento incluyen gafas correctoras, lentes prism\u00e1ticas, ejercicios de terapia visual y, en algunos casos, cirug\u00eda. La elecci\u00f3n del tratamiento depende de la gravedad y la causa subyacente de la enfermedad. El diagn\u00f3stico y la intervenci\u00f3n precoces son importantes para su tratamiento eficaz.<\/p>\n\n<\/div>\n<\/div>\n<div id=\"faq-question-1682665852961\" class=\"rank-math-list-item\">\n<h3 class=\"rank-math-question \">\u00bfQu\u00e9 es la cirug\u00eda del estrabismo?<\/h3>\n<div class=\"rank-math-answer \">\n\n<p>La cirug\u00eda del estrabismo es un procedimiento que se realiza para corregir la desalineaci\u00f3n de los ojos. Consiste en ajustar los m\u00fasculos oculares para mejorar la alineaci\u00f3n y la coordinaci\u00f3n de los ojos. La intervenci\u00f3n suele realizarse bajo anestesia general, y se identifican los m\u00fasculos espec\u00edficos que requieren modificaci\u00f3n y se ajustan en consecuencia. El tiempo de recuperaci\u00f3n var\u00eda y son necesarias visitas de seguimiento postoperatorias. Esta cirug\u00eda suele ser segura y puede mejorar significativamente la alineaci\u00f3n de los ojos, pero los posibles riesgos deben comentarse con el cirujano.<\/p>\n\n<\/div>\n<\/div>\n<div id=\"faq-question-1682666623404\" class=\"rank-math-list-item\">\n<h3 class=\"rank-math-question \">\u00bfMerece la pena operarse de estrabismo?<\/h3>\n<div class=\"rank-math-answer \">\n\n<p>La decisi\u00f3n de si merece la pena operarse de estrabismo depende de las circunstancias de cada persona y de la repercusi\u00f3n de la enfermedad en su vida. Esta cirug\u00eda puede mejorar la alineaci\u00f3n de los ojos, aumentar la visi\u00f3n binocular y reducir la timidez. Sin embargo, es importante comentar los posibles beneficios y riesgos con un cirujano oftalm\u00f3logo experimentado antes de tomar una decisi\u00f3n.<\/p>\n\n<\/div>\n<\/div>\n<div id=\"faq-question-1684140897716\" class=\"rank-math-list-item\">\n<h3 class=\"rank-math-question \">\u00bfC\u00f3mo se realiza la operaci\u00f3n de estrabismo?<\/h3>\n<div class=\"rank-math-answer \">\n\n<p>La cirug\u00eda del estrabismo consiste en realizar peque\u00f1as incisiones en el tejido que recubre el ojo para acceder a los m\u00fasculos oculares. El cirujano identifica los m\u00fasculos espec\u00edficos que necesitan ajuste y modifica su posici\u00f3n, tensi\u00f3n o longitud seg\u00fan sea necesario. Esto se consigue debilitando o reforzando los m\u00fasculos mediante t\u00e9cnicas como la resecci\u00f3n muscular, la recesi\u00f3n muscular o los ajustes tendinosos. La intervenci\u00f3n suele realizarse bajo anestesia general y en r\u00e9gimen ambulatorio.<\/p>\n\n<\/div>\n<\/div>\n<div id=\"faq-question-1682666956133\" class=\"rank-math-list-item\">\n<h3 class=\"rank-math-question \">\u00bfPuede corregirse el estrabismo?<\/h3>\n<div class=\"rank-math-answer \">\n\n<p>S\u00ed, a menudo el estrabismo puede corregirse o mejorar significativamente con un tratamiento adecuado. El enfoque espec\u00edfico para corregirla depende de factores como la gravedad de la desalineaci\u00f3n, la causa subyacente y la edad de la persona. Las opciones de tratamiento pueden incluir el uso de gafas correctoras, lentes prism\u00e1ticas, ejercicios de terapia visual y, en algunos casos, cirug\u00eda. El objetivo del tratamiento es alinear los ojos y mejorar la visi\u00f3n binocular. Es importante consultar a un profesional de la visi\u00f3n que pueda evaluar su situaci\u00f3n espec\u00edfica y recomendarle el plan de tratamiento m\u00e1s adecuado para corregir o tratar su problema.<\/p>\n\n<\/div>\n<\/div>\n<\/div>\n<\/div>\n<p><\/p>\n\n<h3 class=\"wp-block-heading\">P\u00f3ngase en contacto con nosotros si tiene alguna pregunta.<\/h3>\n","protected":false},"excerpt":{"rendered":"<p>Si est\u00e1 buscando una forma de mejorar su visi\u00f3n y conseguir la belleza de un mundo claro, la cirug\u00eda de [&hellip;]<\/p>\n","protected":false},"author":4,"featured_media":83420,"parent":0,"menu_order":0,"comment_status":"closed","ping_status":"closed","template":"","meta":{"site-sidebar-layout":"default","site-content-layout":"","ast-site-content-layout":"default","site-content-style":"default","site-sidebar-style":"default","ast-global-header-display":"","ast-banner-title-visibility":"","ast-main-header-display":"","ast-hfb-above-header-display":"","ast-hfb-below-header-display":"","ast-hfb-mobile-header-display":"","site-post-title":"","ast-breadcrumbs-content":"","ast-featured-img":"","footer-sml-layout":"","ast-disable-related-posts":"","theme-transparent-header-meta":"","adv-header-id-meta":"","stick-header-meta":"","header-above-stick-meta":"","header-main-stick-meta":"","header-below-stick-meta":"","astra-migrate-meta-layouts":"default","ast-page-background-enabled":"default","ast-page-background-meta":{"desktop":{"background-color":"var(--ast-global-color-4)","background-image":"","background-repeat":"repeat","background-position":"center center","background-size":"auto","background-attachment":"scroll","background-type":"","background-media":"","overlay-type":"","overlay-color":"","overlay-opacity":"","overlay-gradient":""},"tablet":{"background-color":"","background-image":"","background-repeat":"repeat","background-position":"center center","background-size":"auto","background-attachment":"scroll","background-type":"","background-media":"","overlay-type":"","overlay-color":"","overlay-opacity":"","overlay-gradient":""},"mobile":{"background-color":"","background-image":"","background-repeat":"repeat","background-position":"center center","background-size":"auto","background-attachment":"scroll","background-type":"","background-media":"","overlay-type":"","overlay-color":"","overlay-opacity":"","overlay-gradient":""}},"ast-content-background-meta":{"desktop":{"background-color":"var(--ast-global-color-5)","background-image":"","background-repeat":"repeat","background-position":"center center","background-size":"auto","background-attachment":"scroll","background-type":"","background-media":"","overlay-type":"","overlay-color":"","overlay-opacity":"","overlay-gradient":""},"tablet":{"background-color":"var(--ast-global-color-5)","background-image":"","background-repeat":"repeat","background-position":"center center","background-size":"auto","background-attachment":"scroll","background-type":"","background-media":"","overlay-type":"","overlay-color":"","overlay-opacity":"","overlay-gradient":""},"mobile":{"background-color":"var(--ast-global-color-5)","background-image":"","background-repeat":"repeat","background-position":"center center","background-size":"auto","background-attachment":"scroll","background-type":"","background-media":"","overlay-type":"","overlay-color":"","overlay-opacity":"","overlay-gradient":""}},"footnotes":""},"class_list":["post-145469","page","type-page","status-publish","has-post-thumbnail","hentry"],"_links":{"self":[{"href":"https:\/\/medclinics.com\/es\/wp-json\/wp\/v2\/pages\/145469","targetHints":{"allow":["GET"]}}],"collection":[{"href":"https:\/\/medclinics.com\/es\/wp-json\/wp\/v2\/pages"}],"about":[{"href":"https:\/\/medclinics.com\/es\/wp-json\/wp\/v2\/types\/page"}],"author":[{"embeddable":true,"href":"https:\/\/medclinics.com\/es\/wp-json\/wp\/v2\/users\/4"}],"replies":[{"embeddable":true,"href":"https:\/\/medclinics.com\/es\/wp-json\/wp\/v2\/comments?post=145469"}],"version-history":[{"count":0,"href":"https:\/\/medclinics.com\/es\/wp-json\/wp\/v2\/pages\/145469\/revisions"}],"wp:featuredmedia":[{"embeddable":true,"href":"https:\/\/medclinics.com\/es\/wp-json\/wp\/v2\/media\/83420"}],"wp:attachment":[{"href":"https:\/\/medclinics.com\/es\/wp-json\/wp\/v2\/media?parent=145469"}],"curies":[{"name":"wp","href":"https:\/\/api.w.org\/{rel}","templated":true}]}}