{"id":145457,"date":"2023-05-15T08:30:16","date_gmt":"2023-05-15T05:30:16","guid":{"rendered":"https:\/\/medclinics.com\/glaucoma-2\/"},"modified":"2025-01-02T15:54:49","modified_gmt":"2025-01-02T12:54:49","slug":"glaucoma-2","status":"publish","type":"page","link":"https:\/\/medclinics.com\/es\/glaucoma-2\/","title":{"rendered":"Glaucoma"},"content":{"rendered":"\n<h2 class=\"wp-block-heading\">Despeja el camino hacia una visi\u00f3n duradera Nuestros cuidados avanzados y tratamientos de vanguardia ayudan a combatir el glaucoma para un futuro mejor.<\/h2>\n\n<p>El glaucoma es un conjunto de enfermedades oculares que da\u00f1an el nervio \u00f3ptico y provocan trastornos de la visi\u00f3n. Normalmente, est\u00e1 causada por un aumento de la presi\u00f3n dentro del ojo, conocida como presi\u00f3n intraocular. Con el tiempo, esta presi\u00f3n elevada da\u00f1a el nervio \u00f3ptico, lo que conduce gradualmente a la p\u00e9rdida de visi\u00f3n perif\u00e9rica y, si no se trata, a una posible ceguera. Suele progresar lentamente y sin dolor, lo que dificulta su detecci\u00f3n en las primeras fases.<\/p>\n\n<p>Existen diferentes tipos, siendo <a href=\"https:\/\/en.wikipedia.org\/wiki\/Glaucoma\" target=\"_blank\" rel=\"noreferrer noopener\">el glaucoma<\/a> primario de \u00e1ngulo abierto la forma m\u00e1s com\u00fan. Se produce cuando los canales de drenaje del ojo pierden eficacia en el drenaje del l\u00edquido, lo que provoca un aumento de la presi\u00f3n intraocular. Otro tipo, el glaucoma de \u00e1ngulo cerrado, aparece cuando el iris bloquea el \u00e1ngulo de drenaje, provocando un r\u00e1pido aumento de la presi\u00f3n y s\u00edntomas agudos como dolor ocular intenso y visi\u00f3n borrosa. El glaucoma de tensi\u00f3n normal es menos frecuente e implica da\u00f1os en el nervio \u00f3ptico a pesar de niveles normales de presi\u00f3n intraocular.<\/p>\n\n<p>El diagn\u00f3stico y el tratamiento precoces son vitales para controlar esta enfermedad y evitar la p\u00e9rdida de visi\u00f3n. Las revisiones oculares peri\u00f3dicas que incluyen la medici\u00f3n de la presi\u00f3n intraocular, el examen del nervio \u00f3ptico y la evaluaci\u00f3n de la funci\u00f3n del campo visual son esenciales para la detecci\u00f3n precoz. Las opciones de tratamiento suelen consistir en reducir la presi\u00f3n intraocular mediante colirios, medicamentos orales, terapia con l\u00e1ser o intervenciones quir\u00fargicas, adaptadas al tipo y la gravedad espec\u00edficos. <\/p>\n\n<h3 class=\"wp-block-heading\">Todo lo que necesita saber sobre la <a href=\"https:\/\/medclinics.com\/es\/cirugia-ocular-general\/\" target=\"_blank\" rel=\"noreferrer noopener\">cirug\u00eda o<\/a>cular, incluido el precio, los cuidados postoperatorios y el proceso de cicatrizaci\u00f3n, o p\u00f3ngase <a href=\"#requestform\">en contacto con nosotros<\/a>.<\/h3>\n\n<figure class=\"wp-block-image size-large\"><img fetchpriority=\"high\" decoding=\"async\" width=\"3321\" height=\"2418\" src=\"https:\/\/medclinics.com\/wp-content\/uploads\/2023\/05\/glaucoma.png\" alt=\"Glaucoma Estambul Turqu&#xED;a\" class=\"wp-image-83431\" srcset=\"https:\/\/medclinics.com\/wp-content\/uploads\/2023\/05\/glaucoma.png 3321w, https:\/\/medclinics.com\/wp-content\/uploads\/2023\/05\/glaucoma-500x364.png 500w, https:\/\/medclinics.com\/wp-content\/uploads\/2023\/05\/glaucoma-1024x746.png 1024w, https:\/\/medclinics.com\/wp-content\/uploads\/2023\/05\/glaucoma-768x559.png 768w, https:\/\/medclinics.com\/wp-content\/uploads\/2023\/05\/glaucoma-1536x1118.png 1536w, https:\/\/medclinics.com\/wp-content\/uploads\/2023\/05\/glaucoma-2048x1491.png 2048w, https:\/\/medclinics.com\/wp-content\/uploads\/2023\/05\/glaucoma-24x17.png 24w, https:\/\/medclinics.com\/wp-content\/uploads\/2023\/05\/glaucoma-36x26.png 36w, https:\/\/medclinics.com\/wp-content\/uploads\/2023\/05\/glaucoma-48x35.png 48w\" sizes=\"(max-width: 3321px) 100vw, 3321px\" \/><\/figure>\n\n<h2 class=\"wp-block-heading\">PREGUNTAS FRECUENTES  <\/h2>\n<div id=\"rank-math-faq\" class=\"rank-math-block\">\n<div class=\"rank-math-list \">\n<div id=\"faq-question-1684138446600\" class=\"rank-math-list-item\">\n<h3 class=\"rank-math-question \">\u00bfQu\u00e9 es el glaucoma?<\/h3>\n<div class=\"rank-math-answer \">\n\n<p>El glaucoma es un grupo de enfermedades oculares que pueden causar p\u00e9rdida de visi\u00f3n, normalmente debido a un aumento de la presi\u00f3n en el interior del ojo. La detecci\u00f3n y el tratamiento precoces son importantes para controlarla y preservar la visi\u00f3n. Las opciones de tratamiento pueden incluir colirios, medicaci\u00f3n, terapia l\u00e1ser o cirug\u00eda, dependiendo del tipo espec\u00edfico y de la gravedad.<\/p>\n\n<\/div>\n<\/div>\n<div id=\"faq-question-1684138180750\" class=\"rank-math-list-item\">\n<h3 class=\"rank-math-question \">\u00bfPor qu\u00e9 se produce el glaucoma?<\/h3>\n<div class=\"rank-math-answer \">\n\n<p>El glaucoma se produce debido a una combinaci\u00f3n de factores, pero la causa principal es un aumento de la presi\u00f3n intraocular (presi\u00f3n dentro del ojo). Esta presi\u00f3n elevada puede deberse a una acumulaci\u00f3n de l\u00edquido en el ojo, conocido como humor acuoso, que normalmente circula y drena a trav\u00e9s de los canales de drenaje del ojo.<br \/>La raz\u00f3n exacta de esta acumulaci\u00f3n de l\u00edquido puede variar en funci\u00f3n del tipo de esta enfermedad. En la mayor\u00eda de los casos, se debe a un bloqueo u obstrucci\u00f3n en los canales de drenaje, lo que impide que el l\u00edquido salga del ojo correctamente. Esto provoca un aumento gradual de la presi\u00f3n intraocular, que con el tiempo puede da\u00f1ar el nervio \u00f3ptico. Otros factores son la gen\u00e9tica, la edad, la etnia, los antecedentes familiares, determinadas afecciones m\u00e9dicas (como la diabetes y la hipertensi\u00f3n) y ciertos factores relacionados con los ojos (como el adelgazamiento de la c\u00f3rnea o del nervio \u00f3ptico).<\/p>\n\n<\/div>\n<\/div>\n<div id=\"faq-question-1684138299898\" class=\"rank-math-list-item\">\n<h3 class=\"rank-math-question \">\u00bfEst\u00e1n relacionados el glaucoma y la diabetes?<\/h3>\n<div class=\"rank-math-answer \">\n\n<p>S\u00ed, existe una relaci\u00f3n entre el glaucoma y la diabetes. Padecer diabetes aumenta el riesgo de desarrollar ciertos tipos de glaucoma, en particular el glaucoma de \u00e1ngulo abierto. Factores como los cambios en el flujo sangu\u00edneo al nervio \u00f3ptico y las anomal\u00edas en el sistema de drenaje del ojo pueden contribuir a esta asociaci\u00f3n. Es importante que los diab\u00e9ticos se sometan a revisiones oculares peri\u00f3dicas para detectar signos de glaucoma y tratar la enfermedad con eficacia.<\/p>\n\n<\/div>\n<\/div>\n<div id=\"faq-question-1684138370842\" class=\"rank-math-list-item\">\n<h3 class=\"rank-math-question \">\u00bfSe puede curar el glaucoma?<\/h3>\n<div class=\"rank-math-answer \">\n\n<p>No, el glaucoma no puede curarse en el sentido de restaurar el nervio \u00f3ptico da\u00f1ado o invertir sus efectos. Sin embargo, con una detecci\u00f3n precoz y un tratamiento adecuado, su progresi\u00f3n puede ralentizarse o detenerse, lo que permite a las personas conservar la visi\u00f3n que les queda y mantener su calidad de vida. El objetivo principal del tratamiento es controlar la presi\u00f3n intraocular para evitar da\u00f1os mayores en el nervio \u00f3ptico. Las opciones de tratamiento pueden incluir colirios, medicamentos orales, terapia l\u00e1ser o cirug\u00eda, dependiendo del tipo y la gravedad. El seguimiento regular y el cumplimiento del plan de tratamiento son esenciales para controlar eficazmente esta enfermedad y prevenir la p\u00e9rdida de visi\u00f3n.<\/p>\n\n<\/div>\n<\/div>\n<div id=\"faq-question-1684138517581\" class=\"rank-math-list-item\">\n<h3 class=\"rank-math-question \">\u00bfC\u00f3mo prevenir el glaucoma?<\/h3>\n<div class=\"rank-math-answer \">\n\n<p>Para reducir potencialmente el riesgo de enfermedad, es importante tomar ciertas medidas preventivas. Programe revisiones oftalmol\u00f3gicas exhaustivas con regularidad, controle las afecciones m\u00e9dicas subyacentes, haga ejercicio con regularidad, proteja sus ojos de lesiones, evite fumar, mantenga una dieta sana y limite el consumo de cafe\u00edna. Estas medidas pueden ayudar a promover la salud ocular y, potencialmente, retrasar o minimizar su aparici\u00f3n. No obstante, las revisiones oftalmol\u00f3gicas peri\u00f3dicas siguen siendo esenciales para la detecci\u00f3n precoz y el tratamiento eficaz de la enfermedad.<\/p>\n\n<\/div>\n<\/div>\n<div id=\"faq-question-1684138587627\" class=\"rank-math-list-item\">\n<h3 class=\"rank-math-question \">\u00bfEs contagioso el glaucoma?<\/h3>\n<div class=\"rank-math-answer \">\n\n<p>No, el glaucoma no es contagioso. No est\u00e1 causada por un virus, una bacteria ni ning\u00fan agente infeccioso. Esta enfermedad es un grupo de afecciones oculares derivadas principalmente del aumento de la presi\u00f3n intraocular u otros factores que provocan da\u00f1os en el nervio \u00f3ptico. No puede contagiarse de persona a persona por contacto ni por ning\u00fan otro medio.<\/p>\n\n<\/div>\n<\/div>\n<\/div>\n<\/div>\n<h3 class=\"wp-block-heading\">P\u00f3ngase en contacto con nosotros si tiene alguna pregunta.<\/h3>\n","protected":false},"excerpt":{"rendered":"<p>Despeja el camino hacia una visi\u00f3n duradera Nuestros cuidados avanzados y tratamientos de vanguardia ayudan a combatir el glaucoma para [&hellip;]<\/p>\n","protected":false},"author":4,"featured_media":92071,"parent":0,"menu_order":0,"comment_status":"closed","ping_status":"closed","template":"","meta":{"site-sidebar-layout":"default","site-content-layout":"","ast-site-content-layout":"default","site-content-style":"default","site-sidebar-style":"default","ast-global-header-display":"","ast-banner-title-visibility":"","ast-main-header-display":"","ast-hfb-above-header-display":"","ast-hfb-below-header-display":"","ast-hfb-mobile-header-display":"","site-post-title":"","ast-breadcrumbs-content":"","ast-featured-img":"","footer-sml-layout":"","ast-disable-related-posts":"","theme-transparent-header-meta":"","adv-header-id-meta":"","stick-header-meta":"","header-above-stick-meta":"","header-main-stick-meta":"","header-below-stick-meta":"","astra-migrate-meta-layouts":"default","ast-page-background-enabled":"default","ast-page-background-meta":{"desktop":{"background-color":"var(--ast-global-color-4)","background-image":"","background-repeat":"repeat","background-position":"center center","background-size":"auto","background-attachment":"scroll","background-type":"","background-media":"","overlay-type":"","overlay-color":"","overlay-opacity":"","overlay-gradient":""},"tablet":{"background-color":"","background-image":"","background-repeat":"repeat","background-position":"center center","background-size":"auto","background-attachment":"scroll","background-type":"","background-media":"","overlay-type":"","overlay-color":"","overlay-opacity":"","overlay-gradient":""},"mobile":{"background-color":"","background-image":"","background-repeat":"repeat","background-position":"center center","background-size":"auto","background-attachment":"scroll","background-type":"","background-media":"","overlay-type":"","overlay-color":"","overlay-opacity":"","overlay-gradient":""}},"ast-content-background-meta":{"desktop":{"background-color":"var(--ast-global-color-5)","background-image":"","background-repeat":"repeat","background-position":"center center","background-size":"auto","background-attachment":"scroll","background-type":"","background-media":"","overlay-type":"","overlay-color":"","overlay-opacity":"","overlay-gradient":""},"tablet":{"background-color":"var(--ast-global-color-5)","background-image":"","background-repeat":"repeat","background-position":"center center","background-size":"auto","background-attachment":"scroll","background-type":"","background-media":"","overlay-type":"","overlay-color":"","overlay-opacity":"","overlay-gradient":""},"mobile":{"background-color":"var(--ast-global-color-5)","background-image":"","background-repeat":"repeat","background-position":"center center","background-size":"auto","background-attachment":"scroll","background-type":"","background-media":"","overlay-type":"","overlay-color":"","overlay-opacity":"","overlay-gradient":""}},"footnotes":""},"class_list":["post-145457","page","type-page","status-publish","has-post-thumbnail","hentry"],"_links":{"self":[{"href":"https:\/\/medclinics.com\/es\/wp-json\/wp\/v2\/pages\/145457","targetHints":{"allow":["GET"]}}],"collection":[{"href":"https:\/\/medclinics.com\/es\/wp-json\/wp\/v2\/pages"}],"about":[{"href":"https:\/\/medclinics.com\/es\/wp-json\/wp\/v2\/types\/page"}],"author":[{"embeddable":true,"href":"https:\/\/medclinics.com\/es\/wp-json\/wp\/v2\/users\/4"}],"replies":[{"embeddable":true,"href":"https:\/\/medclinics.com\/es\/wp-json\/wp\/v2\/comments?post=145457"}],"version-history":[{"count":0,"href":"https:\/\/medclinics.com\/es\/wp-json\/wp\/v2\/pages\/145457\/revisions"}],"wp:featuredmedia":[{"embeddable":true,"href":"https:\/\/medclinics.com\/es\/wp-json\/wp\/v2\/media\/92071"}],"wp:attachment":[{"href":"https:\/\/medclinics.com\/es\/wp-json\/wp\/v2\/media?parent=145457"}],"curies":[{"name":"wp","href":"https:\/\/api.w.org\/{rel}","templated":true}]}}