{"id":145445,"date":"2023-05-15T07:58:06","date_gmt":"2023-05-15T04:58:06","guid":{"rendered":"https:\/\/medclinics.com\/cornea\/"},"modified":"2025-01-02T14:36:21","modified_gmt":"2025-01-02T11:36:21","slug":"cornea","status":"publish","type":"page","link":"https:\/\/medclinics.com\/es\/cornea\/","title":{"rendered":"C\u00f3rnea"},"content":{"rendered":"\n<h2 class=\"wp-block-heading\">Experimente una revoluci\u00f3n de la visi\u00f3n como nunca antes con la cirug\u00eda de c\u00f3rnea de vanguardia. Perm\u00edtanos dar forma a su vista en un mundo de claridad y llevar la belleza del enfoque perfecto a sus ojos.<\/h2>\n\n<p>La <a href=\"https:\/\/en.wikipedia.org\/wiki\/Eye_surgery\" target=\"_blank\" rel=\"noreferrer noopener\">cirug\u00eda de c\u00f3rnea<\/a> consiste en diversos procedimientos quir\u00fargicos dirigidos a la capa transparente externa del ojo, conocida como c\u00f3rnea. Un tipo habitual de cirug\u00eda de c\u00f3rnea consiste en sustituir una c\u00f3rnea da\u00f1ada o enferma por una c\u00f3rnea sana de un donante, lo que se conoce como trasplante de c\u00f3rnea o queratoplastia. Este procedimiento suele utilizarse para tratar afecciones como cicatrices corneales, queratocono y distrofias corneales.<\/p>\n\n<p>Otra opci\u00f3n popular para la cirug\u00eda de c\u00f3rnea son las cirug\u00edas refractivas asistidas por l\u00e1ser, como PRK y LASIK. Estos procedimientos pretenden corregir defectos refractivos como la miop\u00eda, la hipermetrop\u00eda y el astigmatismo mediante la remodelaci\u00f3n de la c\u00f3rnea. El objetivo es eliminar o reducir la necesidad de gafas graduadas, lo que se traduce en una visi\u00f3n m\u00e1s n\u00edtida.<\/p>\n\n<p>La cirug\u00eda de la c\u00f3rnea tambi\u00e9n incluye tratamientos como el cross-linking corneal, que se utiliza para reforzar una c\u00f3rnea d\u00e9bil o fina en casos de queratocono progresivo. Este tratamiento consiste en aplicar gotas oft\u00e1lmicas de riboflavina en la c\u00f3rnea y exponerla a la luz ultravioleta. Adem\u00e1s, pueden realizarse intervenciones quir\u00fargicas para tratar las erosiones corneales recurrentes, en las que se retiran o sustituyen capas de la c\u00f3rnea para aliviar los s\u00edntomas y favorecer la cicatrizaci\u00f3n.<\/p>\n\n<p>El objetivo principal de la cirug\u00eda de c\u00f3rnea es mejorar la salud de la c\u00f3rnea, mejorar la visi\u00f3n y tratar afecciones espec\u00edficas que afectan a la c\u00f3rnea. Los oftalm\u00f3logos o especialistas en c\u00f3rnea suelen realizar estas intervenciones, ya que tienen experiencia en el diagn\u00f3stico y tratamiento de enfermedades y trastornos de la c\u00f3rnea.<\/p>\n\n<h3 class=\"wp-block-heading\">Todo lo que necesita saber sobre la <a href=\"https:\/\/medclinics.com\/es\/cirugia-ocular-general\/\" target=\"_blank\" rel=\"noreferrer noopener\">cirug\u00eda o<\/a>cular, incluido el precio, los cuidados postoperatorios y el proceso de cicatrizaci\u00f3n, o p\u00f3ngase <a href=\"#requestform\">en contacto con nosotros<\/a>.<\/h3>\n\n<figure class=\"wp-block-image size-large\"><img fetchpriority=\"high\" decoding=\"async\" width=\"5760\" height=\"3840\" src=\"https:\/\/medclinics.com\/wp-content\/uploads\/2023\/05\/cornea-surgery.png\" alt=\"Cirug&#xED;a de c&#xF3;rnea Estambul Turqu&#xED;a\" class=\"wp-image-83223\" srcset=\"https:\/\/medclinics.com\/wp-content\/uploads\/2023\/05\/cornea-surgery.png 5760w, https:\/\/medclinics.com\/wp-content\/uploads\/2023\/05\/cornea-surgery-500x333.png 500w, https:\/\/medclinics.com\/wp-content\/uploads\/2023\/05\/cornea-surgery-1024x683.png 1024w, https:\/\/medclinics.com\/wp-content\/uploads\/2023\/05\/cornea-surgery-768x512.png 768w, https:\/\/medclinics.com\/wp-content\/uploads\/2023\/05\/cornea-surgery-1536x1024.png 1536w, https:\/\/medclinics.com\/wp-content\/uploads\/2023\/05\/cornea-surgery-2048x1365.png 2048w, https:\/\/medclinics.com\/wp-content\/uploads\/2023\/05\/cornea-surgery-24x16.png 24w, https:\/\/medclinics.com\/wp-content\/uploads\/2023\/05\/cornea-surgery-36x24.png 36w, https:\/\/medclinics.com\/wp-content\/uploads\/2023\/05\/cornea-surgery-48x32.png 48w\" sizes=\"(max-width: 5760px) 100vw, 5760px\" \/><\/figure>\n\n<h2 class=\"wp-block-heading\">PREGUNTAS FRECUENTES<\/h2>\n<div id=\"rank-math-faq\" class=\"rank-math-block\">\n<div class=\"rank-math-list \">\n<div id=\"faq-question-1684136695628\" class=\"rank-math-list-item\">\n<h3 class=\"rank-math-question \">\u00bfPor qu\u00e9 un trasplante de c\u00f3rnea?<\/h3>\n<div class=\"rank-math-answer \">\n\n<p>El trasplante de c\u00f3rnea, tambi\u00e9n conocido como queratoplastia, se realiza cuando la c\u00f3rnea resulta da\u00f1ada o enferma, lo que provoca problemas de visi\u00f3n. Se trata de una intervenci\u00f3n quir\u00fargica en la que una c\u00f3rnea sana de un donante sustituye a la c\u00f3rnea da\u00f1ada. Entre los motivos para realizar un trasplante de c\u00f3rnea se encuentran las cicatrices corneales, el queratocono, las distrofias corneales y las \u00falceras corneales graves. Al restaurar la claridad y la estructura de la c\u00f3rnea, el trasplante de c\u00f3rnea pretende mejorar la visi\u00f3n, aliviar las molestias y mejorar la salud ocular en general. Este procedimiento especializado lo llevan a cabo oftalm\u00f3logos expertos que utilizan c\u00f3rneas donadas por personas generosas que han decidido ser donantes de ojos.<\/p>\n\n<\/div>\n<\/div>\n<div id=\"faq-question-1684136841343\" class=\"rank-math-list-item\">\n<h3 class=\"rank-math-question \">\u00bfPuede curarse la c\u00f3rnea del ojo?<\/h3>\n<div class=\"rank-math-answer \">\n\n<p>S\u00ed, la c\u00f3rnea tiene la capacidad de curarse a s\u00ed misma en muchos casos. Las lesiones o abrasiones leves de la c\u00f3rnea suelen curarse por s\u00ed solas en unos d\u00edas o semanas mediante un proceso denominado reepitelizaci\u00f3n, en el que las c\u00e9lulas de la superficie de la c\u00f3rnea se regeneran y migran para cubrir la zona da\u00f1ada. Sin embargo, las lesiones corneales m\u00e1s graves o profundas pueden requerir intervenci\u00f3n m\u00e9dica y tratamientos especializados para garantizar una curaci\u00f3n adecuada. Es importante acudir a tiempo al m\u00e9dico en caso de lesiones corneales para recibir la atenci\u00f3n adecuada y favorecer una curaci\u00f3n \u00f3ptima. Los oftalm\u00f3logos pueden evaluar el alcance de la lesi\u00f3n y proporcionar tratamientos, como colirios o pomadas lubricantes, o recomendar procedimientos quir\u00fargicos o medicamentos si es necesario, para facilitar la cicatrizaci\u00f3n de la c\u00f3rnea y preservar la visi\u00f3n.<\/p>\n\n<\/div>\n<\/div>\n<div id=\"faq-question-1684136953591\" class=\"rank-math-list-item\">\n<h3 class=\"rank-math-question \">\u00bfEs segura la cirug\u00eda ocular?<\/h3>\n<div class=\"rank-math-answer \">\n\n<p>S\u00ed, la cirug\u00eda ocular, cuando la realizan cirujanos expertos y en entornos m\u00e9dicos adecuados, se considera segura en general. Los avances en las t\u00e9cnicas quir\u00fargicas y la tecnolog\u00eda han mejorado significativamente la seguridad y las tasas de \u00e9xito de estos procedimientos. Sin embargo, como en cualquier intervenci\u00f3n quir\u00fargica, existen riesgos, como infecciones, hemorragias o reacciones adversas a la anestesia o los medicamentos. La seguridad de la cirug\u00eda ocular depende de factores como el tipo de intervenci\u00f3n, el estado general de salud del paciente y la experiencia del cirujano. Es importante consultar a un cirujano oftalm\u00f3logo cualificado que pueda evaluar sus circunstancias individuales, analizar los posibles riesgos y beneficios y ofrecerle recomendaciones personalizadas. Al evaluar cuidadosamente los riesgos y beneficios, usted y su cirujano pueden tomar una decisi\u00f3n informada sobre la seguridad y adecuaci\u00f3n de la cirug\u00eda ocular a sus necesidades espec\u00edficas.<\/p>\n\n<\/div>\n<\/div>\n<div id=\"faq-question-1684137034727\" class=\"rank-math-list-item\">\n<h3 class=\"rank-math-question \">\u00bfCu\u00e1nto tiempo se tarda en recuperarse de una operaci\u00f3n de c\u00f3rnea?<\/h3>\n<div class=\"rank-math-answer \">\n\n<p>El tiempo de recuperaci\u00f3n tras una intervenci\u00f3n quir\u00fargica de c\u00f3rnea var\u00eda, pero por lo general tarda entre varias semanas y unos meses en curarse por completo. Tras la intervenci\u00f3n, puede experimentar molestias, sensibilidad a la luz y visi\u00f3n borrosa, que suelen mejorar gradualmente. Su cirujano le dar\u00e1 instrucciones postoperatorias espec\u00edficas, incluido el uso de colirios y medicamentos prescritos, y puede recomendarle un programa de seguimiento para controlar su evoluci\u00f3n. Es importante acudir a estas citas e informar a su cirujano de cualquier preocupaci\u00f3n. El proceso de cicatrizaci\u00f3n de cada persona es \u00fanico, por lo que es esencial seguir las indicaciones del cirujano, dejar tiempo suficiente para la recuperaci\u00f3n y ser paciente mientras la c\u00f3rnea cicatriza y se estabiliza.<\/p>\n\n<\/div>\n<\/div>\n<\/div>\n<\/div>\n<h3 class=\"wp-block-heading\">P\u00f3ngase en contacto con nosotros si tiene alguna pregunta.<\/h3>\n","protected":false},"excerpt":{"rendered":"<p>Experimente una revoluci\u00f3n de la visi\u00f3n como nunca antes con la cirug\u00eda de c\u00f3rnea de vanguardia. Perm\u00edtanos dar forma a [&hellip;]<\/p>\n","protected":false},"author":4,"featured_media":92046,"parent":0,"menu_order":0,"comment_status":"closed","ping_status":"closed","template":"","meta":{"site-sidebar-layout":"default","site-content-layout":"","ast-site-content-layout":"default","site-content-style":"default","site-sidebar-style":"default","ast-global-header-display":"","ast-banner-title-visibility":"","ast-main-header-display":"","ast-hfb-above-header-display":"","ast-hfb-below-header-display":"","ast-hfb-mobile-header-display":"","site-post-title":"","ast-breadcrumbs-content":"","ast-featured-img":"","footer-sml-layout":"","ast-disable-related-posts":"","theme-transparent-header-meta":"","adv-header-id-meta":"","stick-header-meta":"","header-above-stick-meta":"","header-main-stick-meta":"","header-below-stick-meta":"","astra-migrate-meta-layouts":"default","ast-page-background-enabled":"default","ast-page-background-meta":{"desktop":{"background-color":"var(--ast-global-color-4)","background-image":"","background-repeat":"repeat","background-position":"center center","background-size":"auto","background-attachment":"scroll","background-type":"","background-media":"","overlay-type":"","overlay-color":"","overlay-opacity":"","overlay-gradient":""},"tablet":{"background-color":"","background-image":"","background-repeat":"repeat","background-position":"center center","background-size":"auto","background-attachment":"scroll","background-type":"","background-media":"","overlay-type":"","overlay-color":"","overlay-opacity":"","overlay-gradient":""},"mobile":{"background-color":"","background-image":"","background-repeat":"repeat","background-position":"center center","background-size":"auto","background-attachment":"scroll","background-type":"","background-media":"","overlay-type":"","overlay-color":"","overlay-opacity":"","overlay-gradient":""}},"ast-content-background-meta":{"desktop":{"background-color":"var(--ast-global-color-5)","background-image":"","background-repeat":"repeat","background-position":"center center","background-size":"auto","background-attachment":"scroll","background-type":"","background-media":"","overlay-type":"","overlay-color":"","overlay-opacity":"","overlay-gradient":""},"tablet":{"background-color":"var(--ast-global-color-5)","background-image":"","background-repeat":"repeat","background-position":"center center","background-size":"auto","background-attachment":"scroll","background-type":"","background-media":"","overlay-type":"","overlay-color":"","overlay-opacity":"","overlay-gradient":""},"mobile":{"background-color":"var(--ast-global-color-5)","background-image":"","background-repeat":"repeat","background-position":"center center","background-size":"auto","background-attachment":"scroll","background-type":"","background-media":"","overlay-type":"","overlay-color":"","overlay-opacity":"","overlay-gradient":""}},"footnotes":""},"class_list":["post-145445","page","type-page","status-publish","has-post-thumbnail","hentry"],"_links":{"self":[{"href":"https:\/\/medclinics.com\/es\/wp-json\/wp\/v2\/pages\/145445","targetHints":{"allow":["GET"]}}],"collection":[{"href":"https:\/\/medclinics.com\/es\/wp-json\/wp\/v2\/pages"}],"about":[{"href":"https:\/\/medclinics.com\/es\/wp-json\/wp\/v2\/types\/page"}],"author":[{"embeddable":true,"href":"https:\/\/medclinics.com\/es\/wp-json\/wp\/v2\/users\/4"}],"replies":[{"embeddable":true,"href":"https:\/\/medclinics.com\/es\/wp-json\/wp\/v2\/comments?post=145445"}],"version-history":[{"count":0,"href":"https:\/\/medclinics.com\/es\/wp-json\/wp\/v2\/pages\/145445\/revisions"}],"wp:featuredmedia":[{"embeddable":true,"href":"https:\/\/medclinics.com\/es\/wp-json\/wp\/v2\/media\/92046"}],"wp:attachment":[{"href":"https:\/\/medclinics.com\/es\/wp-json\/wp\/v2\/media?parent=145445"}],"curies":[{"name":"wp","href":"https:\/\/api.w.org\/{rel}","templated":true}]}}