{"id":145415,"date":"2023-05-14T19:55:30","date_gmt":"2023-05-14T16:55:30","guid":{"rendered":"https:\/\/medclinics.com\/tratamiento-del-conducto-radicular\/"},"modified":"2025-01-03T00:02:43","modified_gmt":"2025-01-02T21:02:43","slug":"tratamiento-del-conducto-radicular","status":"publish","type":"page","link":"https:\/\/medclinics.com\/es\/tratamiento-del-conducto-radicular\/","title":{"rendered":"Tratamiento del conducto radicular"},"content":{"rendered":"\n<h2 class=\"wp-block-heading\">El tratamiento de conductos es un procedimiento dental vital que protege sus dientes eliminando los tejidos y nervios infectados o inflamados dentro del diente.<\/h2>\n\n<p>Este m\u00e9todo suele recomendarse a personas con caries profundas, dientes fracturados o que hayan sufrido un traumatismo.<\/p>\n\n<p>El proceso de tratamiento del conducto radicular consta de varias etapas para garantizar su eficacia. El primer paso consiste en eliminar el tejido nervioso da\u00f1ado y el material cariado de la zona afectada antes de rellenarla con materiales especializados dise\u00f1ados para reforzar a\u00fan m\u00e1s la estructura dental debilitada.<\/p>\n\n<p>Durante este procedimiento, se suele administrar a los pacientes anestesia local que los adormece por completo durante toda la operaci\u00f3n, por lo que no sentir\u00e1n dolor alguno. Despu\u00e9s, en algunos casos puede aparecer una ligera sensibilidad, pero puede estar seguro de que se trata de algo temporal.<\/p>\n\n<p>En conclusi\u00f3n, el <a href=\"https:\/\/en.wikipedia.org\/wiki\/Root_canal_treatment\" target=\"_blank\" rel=\"noreferrer noopener\">tratamiento de conduc<\/a> tos desempe\u00f1a un papel esencial en la conservaci\u00f3n de la salud bucodental y en el mantenimiento de una dentadura sana a lo largo del tiempo. Con altas tasas de \u00e9xito en varios estudios realizados en todo el mundo, le recomendamos encarecidamente que considere esta opci\u00f3n si tiene molestias en sus dientes.<\/p>\n\n<h3 class=\"wp-block-heading\">Todo lo que necesita saber sobre <a href=\"https:\/\/medclinics.com\/dental-treatment\/\" target=\"_blank\" rel=\"noreferrer noopener\">tratamientos dentales<\/a>, incluido el precio, los cuidados postoperatorios y el proceso de cicatrizaci\u00f3n, o p\u00f3ngase <a href=\"#requestform\">en contacto con nosotros<\/a>.<\/h3>\n\n<figure class=\"wp-block-image size-full\"><img fetchpriority=\"high\" decoding=\"async\" width=\"960\" height=\"580\" src=\"https:\/\/medclinics.com\/wp-content\/uploads\/2023\/05\/Root-canal-treatment.jpg\" alt=\"\" class=\"wp-image-82909\" srcset=\"https:\/\/medclinics.com\/wp-content\/uploads\/2023\/05\/Root-canal-treatment.jpg 960w, https:\/\/medclinics.com\/wp-content\/uploads\/2023\/05\/Root-canal-treatment-500x302.jpg 500w, https:\/\/medclinics.com\/wp-content\/uploads\/2023\/05\/Root-canal-treatment-768x464.jpg 768w, https:\/\/medclinics.com\/wp-content\/uploads\/2023\/05\/Root-canal-treatment-24x15.jpg 24w, https:\/\/medclinics.com\/wp-content\/uploads\/2023\/05\/Root-canal-treatment-36x22.jpg 36w, https:\/\/medclinics.com\/wp-content\/uploads\/2023\/05\/Root-canal-treatment-48x29.jpg 48w\" sizes=\"(max-width: 960px) 100vw, 960px\" \/><\/figure>\n\n<h3 class=\"wp-block-heading\">PREGUNTAS FRECUENTES<\/h3>\n<div id=\"rank-math-faq\" class=\"rank-math-block\">\n<div class=\"rank-math-list \">\n<div id=\"faq-question-1683898477333\" class=\"rank-math-list-item\">\n<h3 class=\"rank-math-question \">\u00bfEs doloroso el tratamiento de conductos?<\/h3>\n<div class=\"rank-math-answer \">\n\n<p>El tratamiento del conducto radicular suele realizarse con anestesia local. No sentir\u00e1 ning\u00fan dolor durante la intervenci\u00f3n.<br \/>Puede experimentar un dolor leve o moderado en los primeros d\u00edas tras la intervenci\u00f3n, pero puede tratarse bien con analg\u00e9sicos convencionales.<\/p>\n\n<\/div>\n<\/div>\n<div id=\"faq-question-1683898525995\" class=\"rank-math-list-item\">\n<h3 class=\"rank-math-question \">\u00bfQu\u00e9 es mejor? \u00bfTratamiento de conductos o extracci\u00f3n?<\/h3>\n<div class=\"rank-math-answer \">\n\n<p>En general, es preferible conservar el diente natural mediante un tratamiento de conductos porque se preserva el hueso circundante y se mantienen la mordida y el aspecto naturales de los dientes.<br \/>La extracci\u00f3n se recomienda cuando el diente no puede salvarse, causa dolor o infecci\u00f3n graves o supone un riesgo para los dientes o las estructuras bucales circundantes.<\/p>\n\n<\/div>\n<\/div>\n<div id=\"faq-question-1683898720036\" class=\"rank-math-list-item\">\n<h3 class=\"rank-math-question \">\u00bfC\u00f3mo funciona el tratamiento de conductos?<\/h3>\n<div class=\"rank-math-answer \">\n\n<p>El tratamiento de conductos consiste en extraer la pulpa infectada o da\u00f1ada del interior del diente, limpiar y desinfectar los conductos radiculares, darles forma para prepararlos para un empaste y rellenarlos con un material biocompatible para sellarlos y evitar nuevas infecciones.<\/p>\n\n<\/div>\n<\/div>\n<div id=\"faq-question-1683898844556\" class=\"rank-math-list-item\">\n<h3 class=\"rank-math-question \"><br>\u00bfSe puede terminar el tratamiento de conductos en una sola sesi\u00f3n?<\/h3>\n<div class=\"rank-math-answer \">\n\n<p>S\u00ed, en muchos casos el tratamiento de conductos puede realizarse en una sola sesi\u00f3n, sobre todo si la infecci\u00f3n o la inflamaci\u00f3n no son demasiado graves. Sin embargo, a veces son necesarias varias sesiones para permitir que la infecci\u00f3n o la inflamaci\u00f3n remitan antes de completar el empaste o la corona.<\/p>\n\n<\/div>\n<\/div>\n<\/div>\n<\/div>\n<p>\u00a0<\/p>\n\n<h3 class=\"wp-block-heading\">P\u00f3ngase en contacto con nosotros si tiene alguna pregunta.<\/h3>\n","protected":false},"excerpt":{"rendered":"<p>El tratamiento de conductos es un procedimiento dental vital que protege sus dientes eliminando los tejidos y nervios infectados o [&hellip;]<\/p>\n","protected":false},"author":4,"featured_media":92491,"parent":0,"menu_order":0,"comment_status":"closed","ping_status":"closed","template":"","meta":{"site-sidebar-layout":"default","site-content-layout":"","ast-site-content-layout":"default","site-content-style":"default","site-sidebar-style":"default","ast-global-header-display":"","ast-banner-title-visibility":"","ast-main-header-display":"","ast-hfb-above-header-display":"","ast-hfb-below-header-display":"","ast-hfb-mobile-header-display":"","site-post-title":"","ast-breadcrumbs-content":"","ast-featured-img":"","footer-sml-layout":"","ast-disable-related-posts":"","theme-transparent-header-meta":"","adv-header-id-meta":"","stick-header-meta":"","header-above-stick-meta":"","header-main-stick-meta":"","header-below-stick-meta":"","astra-migrate-meta-layouts":"default","ast-page-background-enabled":"default","ast-page-background-meta":{"desktop":{"background-color":"var(--ast-global-color-4)","background-image":"","background-repeat":"repeat","background-position":"center center","background-size":"auto","background-attachment":"scroll","background-type":"","background-media":"","overlay-type":"","overlay-color":"","overlay-opacity":"","overlay-gradient":""},"tablet":{"background-color":"","background-image":"","background-repeat":"repeat","background-position":"center center","background-size":"auto","background-attachment":"scroll","background-type":"","background-media":"","overlay-type":"","overlay-color":"","overlay-opacity":"","overlay-gradient":""},"mobile":{"background-color":"","background-image":"","background-repeat":"repeat","background-position":"center center","background-size":"auto","background-attachment":"scroll","background-type":"","background-media":"","overlay-type":"","overlay-color":"","overlay-opacity":"","overlay-gradient":""}},"ast-content-background-meta":{"desktop":{"background-color":"var(--ast-global-color-5)","background-image":"","background-repeat":"repeat","background-position":"center center","background-size":"auto","background-attachment":"scroll","background-type":"","background-media":"","overlay-type":"","overlay-color":"","overlay-opacity":"","overlay-gradient":""},"tablet":{"background-color":"var(--ast-global-color-5)","background-image":"","background-repeat":"repeat","background-position":"center center","background-size":"auto","background-attachment":"scroll","background-type":"","background-media":"","overlay-type":"","overlay-color":"","overlay-opacity":"","overlay-gradient":""},"mobile":{"background-color":"var(--ast-global-color-5)","background-image":"","background-repeat":"repeat","background-position":"center center","background-size":"auto","background-attachment":"scroll","background-type":"","background-media":"","overlay-type":"","overlay-color":"","overlay-opacity":"","overlay-gradient":""}},"footnotes":""},"class_list":["post-145415","page","type-page","status-publish","has-post-thumbnail","hentry"],"_links":{"self":[{"href":"https:\/\/medclinics.com\/es\/wp-json\/wp\/v2\/pages\/145415","targetHints":{"allow":["GET"]}}],"collection":[{"href":"https:\/\/medclinics.com\/es\/wp-json\/wp\/v2\/pages"}],"about":[{"href":"https:\/\/medclinics.com\/es\/wp-json\/wp\/v2\/types\/page"}],"author":[{"embeddable":true,"href":"https:\/\/medclinics.com\/es\/wp-json\/wp\/v2\/users\/4"}],"replies":[{"embeddable":true,"href":"https:\/\/medclinics.com\/es\/wp-json\/wp\/v2\/comments?post=145415"}],"version-history":[{"count":0,"href":"https:\/\/medclinics.com\/es\/wp-json\/wp\/v2\/pages\/145415\/revisions"}],"wp:featuredmedia":[{"embeddable":true,"href":"https:\/\/medclinics.com\/es\/wp-json\/wp\/v2\/media\/92491"}],"wp:attachment":[{"href":"https:\/\/medclinics.com\/es\/wp-json\/wp\/v2\/media?parent=145415"}],"curies":[{"name":"wp","href":"https:\/\/api.w.org\/{rel}","templated":true}]}}