{"id":145401,"date":"2023-05-14T19:29:31","date_gmt":"2023-05-14T16:29:31","guid":{"rendered":"https:\/\/medclinics.com\/empastes-dentales\/"},"modified":"2025-01-02T14:36:21","modified_gmt":"2025-01-02T11:36:21","slug":"empastes-dentales","status":"publish","type":"page","link":"https:\/\/medclinics.com\/es\/empastes-dentales\/","title":{"rendered":"Empastes dentales"},"content":{"rendered":"\n<h2 class=\"wp-block-heading\">Los empastes dentales son un tratamiento odontol\u00f3gico eficaz que puede reparar los da\u00f1os causados en los dientes por caries o fracturas.<\/h2>\n\n<p>Este proceso consiste en limpiar y drenar la zona afectada del diente antes de rellenarla con un material adecuado.<\/p>\n\n<p>Existen varios materiales para los empastes dentales, como la resina compuesta, la amalgama, la porcelana o el oro. Los empastes dentales de resina compuesta se integran de forma natural con los dientes existentes, mientras que los de amalgama suelen ser m\u00e1s duraderos y econ\u00f3micos.<\/p>\n\n<p>Para garantizar la m\u00e1xima comodidad durante este procedimiento, se administrar\u00e1 anestesia local junto con la colocaci\u00f3n de gotas de goma alrededor del diente tratado, por lo que no sentir\u00e1 dolor ni sensibilidad alguna. Despu\u00e9s, sus dientes no s\u00f3lo tendr\u00e1n un aspecto como nuevo, sino que tambi\u00e9n se habr\u00e1 restaurado su funci\u00f3n, al tiempo que se evita que se produzcan m\u00e1s caries.<\/p>\n\n<p>No deje que unos dientes da\u00f1ados arruinen su sonrisa; opte hoy mismo por <a href=\"https:\/\/istanbul-tourist-information.com\/en\/category\/dental\/\" target=\"_blank\" rel=\"noreferrer noopener\">los empastes d <\/a>entales.<\/p>\n\n<h3 class=\"wp-block-heading\">Todo lo que necesita saber sobre <a href=\"https:\/\/medclinics.com\/dental-treatment\/\">tratamientos dentales<\/a>, incluido el precio, los cuidados postoperatorios y el proceso de cicatrizaci\u00f3n, o p\u00f3ngase <a href=\"#requestform\">en contacto con nosotros<\/a>.<\/h3>\n\n<figure class=\"wp-block-image size-full\"><img fetchpriority=\"high\" decoding=\"async\" width=\"960\" height=\"580\" class=\"wp-image-82880\" src=\"https:\/\/medclinics.com\/wp-content\/uploads\/2023\/05\/Dental-Fillings.jpg\" alt=\"Empastes dentales\" srcset=\"https:\/\/medclinics.com\/wp-content\/uploads\/2023\/05\/Dental-Fillings.jpg 960w, https:\/\/medclinics.com\/wp-content\/uploads\/2023\/05\/Dental-Fillings-500x302.jpg 500w, https:\/\/medclinics.com\/wp-content\/uploads\/2023\/05\/Dental-Fillings-768x464.jpg 768w, https:\/\/medclinics.com\/wp-content\/uploads\/2023\/05\/Dental-Fillings-24x15.jpg 24w, https:\/\/medclinics.com\/wp-content\/uploads\/2023\/05\/Dental-Fillings-36x22.jpg 36w, https:\/\/medclinics.com\/wp-content\/uploads\/2023\/05\/Dental-Fillings-48x29.jpg 48w\" sizes=\"(max-width: 960px) 100vw, 960px\" \/><\/figure>\n\n<h3 class=\"wp-block-heading\">PREGUNTAS FRECUENTES<\/h3>\n<div id=\"rank-math-faq\" class=\"rank-math-block\">\n<div class=\"rank-math-list \">\n<div id=\"faq-question-1683898477333\" class=\"rank-math-list-item\">\n<h3 class=\"rank-math-question \">\u00bfQu\u00e9 empaste dental es el mejor?<\/h3>\n<div class=\"rank-math-answer \">\n\n<p>Los principales tipos de empastes dentales son la amalgama (plata), el composite (del color del diente), la cer\u00e1mica y el oro, cada uno con sus propias ventajas e inconvenientes. Los empastes de amalgama (plata) se han utilizado durante d\u00e9cadas y son duraderos y rentables, mientras que los empastes de composite son una opci\u00f3n popular para los dientes frontales porque se funden con el color natural del diente. Los empastes de cer\u00e1mica y oro se utilizan con menos frecuencia. Depende de sus circunstancias individuales, cu\u00e1l es la mejor para usted.<\/p>\n\n<\/div>\n<\/div>\n<div id=\"faq-question-1683898525995\" class=\"rank-math-list-item\">\n<h3 class=\"rank-math-question \">\u00bfCu\u00e1ndo puedo comer despu\u00e9s de hacerme empastes dentales?<\/h3>\n<div class=\"rank-math-answer \">\n\n<p>Normalmente, puede comer y beber inmediatamente despu\u00e9s de un empaste dental. Sin embargo, debe esperar a que desaparezca la anestesia para no morderse.<\/p>\n\n<\/div>\n<\/div>\n<div id=\"faq-question-1683898720036\" class=\"rank-math-list-item\">\n<h3 class=\"rank-math-question \">\u00bfNecesito un empaste si no tengo dolor?<\/h3>\n<div class=\"rank-math-answer \">\n\n<p>Es posible que s\u00f3lo tenga un agujero muy peque\u00f1o que no le cause dolor. No obstante, su dentista le recomendar\u00e1 un empaste.<\/p>\n\n<\/div>\n<\/div>\n<div id=\"faq-question-1683898844556\" class=\"rank-math-list-item\">\n<h3 class=\"rank-math-question \">\u00bfSon permanentes los empastes dentales?<\/h3>\n<div class=\"rank-math-answer \">\n\n<p>Los empastes dentales no son necesariamente duraderos y con el tiempo tendr\u00e1n que ser sustituidos debido al desgaste, la caries u otros factores. Sin embargo, con los cuidados adecuados, los empastes dentales pueden durar varios a\u00f1os o incluso d\u00e9cadas antes de que sea necesario sustituirlos.<\/p>\n\n<\/div>\n<\/div>\n<\/div>\n<\/div>\n<p>\u00a0<\/p>\n\n<h3 class=\"wp-block-heading\">P\u00f3ngase en contacto con nosotros si tiene alguna pregunta.<\/h3>\n","protected":false},"excerpt":{"rendered":"<p>Los empastes dentales son un tratamiento odontol\u00f3gico eficaz que puede reparar los da\u00f1os causados en los dientes por caries o [&hellip;]<\/p>\n","protected":false},"author":4,"featured_media":92512,"parent":0,"menu_order":0,"comment_status":"closed","ping_status":"closed","template":"","meta":{"site-sidebar-layout":"default","site-content-layout":"","ast-site-content-layout":"default","site-content-style":"default","site-sidebar-style":"default","ast-global-header-display":"","ast-banner-title-visibility":"","ast-main-header-display":"","ast-hfb-above-header-display":"","ast-hfb-below-header-display":"","ast-hfb-mobile-header-display":"","site-post-title":"","ast-breadcrumbs-content":"","ast-featured-img":"","footer-sml-layout":"","ast-disable-related-posts":"","theme-transparent-header-meta":"","adv-header-id-meta":"","stick-header-meta":"","header-above-stick-meta":"","header-main-stick-meta":"","header-below-stick-meta":"","astra-migrate-meta-layouts":"default","ast-page-background-enabled":"default","ast-page-background-meta":{"desktop":{"background-color":"var(--ast-global-color-4)","background-image":"","background-repeat":"repeat","background-position":"center center","background-size":"auto","background-attachment":"scroll","background-type":"","background-media":"","overlay-type":"","overlay-color":"","overlay-opacity":"","overlay-gradient":""},"tablet":{"background-color":"","background-image":"","background-repeat":"repeat","background-position":"center center","background-size":"auto","background-attachment":"scroll","background-type":"","background-media":"","overlay-type":"","overlay-color":"","overlay-opacity":"","overlay-gradient":""},"mobile":{"background-color":"","background-image":"","background-repeat":"repeat","background-position":"center center","background-size":"auto","background-attachment":"scroll","background-type":"","background-media":"","overlay-type":"","overlay-color":"","overlay-opacity":"","overlay-gradient":""}},"ast-content-background-meta":{"desktop":{"background-color":"var(--ast-global-color-5)","background-image":"","background-repeat":"repeat","background-position":"center center","background-size":"auto","background-attachment":"scroll","background-type":"","background-media":"","overlay-type":"","overlay-color":"","overlay-opacity":"","overlay-gradient":""},"tablet":{"background-color":"var(--ast-global-color-5)","background-image":"","background-repeat":"repeat","background-position":"center center","background-size":"auto","background-attachment":"scroll","background-type":"","background-media":"","overlay-type":"","overlay-color":"","overlay-opacity":"","overlay-gradient":""},"mobile":{"background-color":"var(--ast-global-color-5)","background-image":"","background-repeat":"repeat","background-position":"center center","background-size":"auto","background-attachment":"scroll","background-type":"","background-media":"","overlay-type":"","overlay-color":"","overlay-opacity":"","overlay-gradient":""}},"footnotes":""},"class_list":["post-145401","page","type-page","status-publish","has-post-thumbnail","hentry"],"_links":{"self":[{"href":"https:\/\/medclinics.com\/es\/wp-json\/wp\/v2\/pages\/145401","targetHints":{"allow":["GET"]}}],"collection":[{"href":"https:\/\/medclinics.com\/es\/wp-json\/wp\/v2\/pages"}],"about":[{"href":"https:\/\/medclinics.com\/es\/wp-json\/wp\/v2\/types\/page"}],"author":[{"embeddable":true,"href":"https:\/\/medclinics.com\/es\/wp-json\/wp\/v2\/users\/4"}],"replies":[{"embeddable":true,"href":"https:\/\/medclinics.com\/es\/wp-json\/wp\/v2\/comments?post=145401"}],"version-history":[{"count":0,"href":"https:\/\/medclinics.com\/es\/wp-json\/wp\/v2\/pages\/145401\/revisions"}],"wp:featuredmedia":[{"embeddable":true,"href":"https:\/\/medclinics.com\/es\/wp-json\/wp\/v2\/media\/92512"}],"wp:attachment":[{"href":"https:\/\/medclinics.com\/es\/wp-json\/wp\/v2\/media?parent=145401"}],"curies":[{"name":"wp","href":"https:\/\/api.w.org\/{rel}","templated":true}]}}