{"id":145389,"date":"2023-05-14T18:59:43","date_gmt":"2023-05-14T18:59:43","guid":{"rendered":"https:\/\/medclinics.com\/cristales-dentales\/"},"modified":"2024-04-01T14:42:03","modified_gmt":"2024-04-01T11:42:03","slug":"cristales-dentales","status":"publish","type":"page","link":"https:\/\/medclinics.com\/es\/cristales-dentales\/","title":{"rendered":"Cristales dentales"},"content":{"rendered":"\n<h2 class=\"wp-block-heading\">\u00bfQuiere darle un toque de brillo a su sonrisa? No busque m\u00e1s: \u00a1los cristales dentales!<\/h2>\n\n<p>Estos peque\u00f1os adornos de colores se colocan sobre los dientes y pueden estar hechos de materiales como circonio, porcelana o cristal.<\/p>\n\n<p>Los cristales dentales se han convertido en una opci\u00f3n popular para quienes buscan una mejora est\u00e9tica. En este tratamiento, los <a href=\"https:\/\/en.wikipedia.org\/wiki\/Grill_(jewelry)\" target=\"_blank\" rel=\"noreferrer noopener\">cristales dentales<\/a> se adhieren a los dientes sin cambiar su forma ni su color. Por eso se utilizan a menudo con fines puramente cosm\u00e9ticos.<\/p>\n\n<p>La aplicaci\u00f3n en s\u00ed es sencilla e indolora: se limpia la superficie del diente antes de aplicar el adhesivo y, a continuaci\u00f3n, se coloca el cristal. Los cristales dentales suelen durar varios meses, pero pueden retirarse f\u00e1cilmente si se desea.<\/p>\n\n<p>Antes de empezar con el tratamiento de cristales dentales, aseg\u00farese de consultar a su dentista para asegurarse de que este procedimiento es adecuado para su caso particular. Dado que estas piezas decorativas se aplican directamente sobre la superficie de los dientes, es muy importante mantener una buena higiene bucal, como cepillarse los dientes y usar hilo dental con regularidad. Esto tambi\u00e9n mantendr\u00e1 sanas las enc\u00edas y el esmalte, \u00a1y todo junto tendr\u00e1 un aspecto saludable!<\/p>\n\n<h3 class=\"wp-block-heading\">Todo lo que necesita saber sobre <a href=\"https:\/\/medclinics.com\/dental-treatment\/\" target=\"_blank\" rel=\"noreferrer noopener\">tratamientos dentales<\/a>, incluido el precio, los cuidados postoperatorios y el proceso de cicatrizaci\u00f3n, o p\u00f3ngase <a href=\"#requestform\">en contacto con nosotros<\/a>.<\/h3>\n\n<figure class=\"wp-block-image size-full\"><img fetchpriority=\"high\" decoding=\"async\" width=\"960\" height=\"580\" class=\"wp-image-82843\" src=\"https:\/\/medclinics.com\/wp-content\/uploads\/2023\/05\/dental-crystals.jpg\" alt=\"\" srcset=\"https:\/\/medclinics.com\/wp-content\/uploads\/2023\/05\/dental-crystals.jpg 960w, https:\/\/medclinics.com\/wp-content\/uploads\/2023\/05\/dental-crystals-500x302.jpg 500w, https:\/\/medclinics.com\/wp-content\/uploads\/2023\/05\/dental-crystals-768x464.jpg 768w, https:\/\/medclinics.com\/wp-content\/uploads\/2023\/05\/dental-crystals-24x15.jpg 24w, https:\/\/medclinics.com\/wp-content\/uploads\/2023\/05\/dental-crystals-36x22.jpg 36w, https:\/\/medclinics.com\/wp-content\/uploads\/2023\/05\/dental-crystals-48x29.jpg 48w\" sizes=\"(max-width: 960px) 100vw, 960px\" \/><\/figure>\n\n<h3 class=\"wp-block-heading\">PREGUNTAS FRECUENTES<\/h3>\n<div id=\"rank-math-faq\" class=\"rank-math-block\">\n<div class=\"rank-math-list \">\n<div id=\"faq-question-1683898477333\" class=\"rank-math-list-item\">\n<h3 class=\"rank-math-question \">\u00bfPuedo cepillarme los dientes si tengo gemas o cristales dentales?<\/h3>\n<div class=\"rank-math-answer \">\n\n<p>S\u00ed, tambi\u00e9n puedes cepillarte los dientes con piedras o cristales dentales, pero es importante que lo hagas con suavidad. Si frotas demasiado fuerte o aplicas demasiada presi\u00f3n, los cristales pueden da\u00f1arse. Lo mejor es utilizar un cepillo de dientes con cerdas suaves y no emplear dent\u00edfricos abrasivos.<\/p>\n\n<\/div>\n<\/div>\n<div id=\"faq-question-1683898525995\" class=\"rank-math-list-item\">\n<h3 class=\"rank-math-question \">\u00bfQu\u00e9 es lo negativo de los cristales dentales?<\/h3>\n<div class=\"rank-math-answer \">\n\n<p>Los cristales dentales pueden formar peque\u00f1as grietas o espacios en la superficie del diente donde se acumulan las bacterias. Por ello, la higiene bucal es muy importante. Si los cristales se sueltan porque no se insertaron correctamente, pueden da\u00f1ar los dientes o las enc\u00edas.<\/p>\n\n<\/div>\n<\/div>\n<div id=\"faq-question-1683898720036\" class=\"rank-math-list-item\">\n<h3 class=\"rank-math-question \">\u00bfSon permanentes los cristales dentales?<\/h3>\n<div class=\"rank-math-answer \">\n\n<p>Los cristales dentales, tambi\u00e9n conocidos como gemas dentales, no son permanentes y el dentista puede retirarlos si lo desea. Suelen durar de varios meses a un a\u00f1o.  <\/p>\n\n<\/div>\n<\/div>\n<\/div>\n<\/div>\n<p>\u00a0<\/p>\n\n<h3 class=\"wp-block-heading\">P\u00f3ngase en contacto con nosotros si tiene alguna pregunta.<\/h3>\n","protected":false},"excerpt":{"rendered":"<p>\u00bfQuiere darle un toque de brillo a su sonrisa? No busque m\u00e1s: \u00a1los cristales dentales! Estos peque\u00f1os adornos de colores [&hellip;]<\/p>\n","protected":false},"author":4,"featured_media":82843,"parent":0,"menu_order":0,"comment_status":"closed","ping_status":"closed","template":"","meta":{"site-sidebar-layout":"default","site-content-layout":"","ast-site-content-layout":"default","site-content-style":"default","site-sidebar-style":"default","ast-global-header-display":"","ast-banner-title-visibility":"","ast-main-header-display":"","ast-hfb-above-header-display":"","ast-hfb-below-header-display":"","ast-hfb-mobile-header-display":"","site-post-title":"","ast-breadcrumbs-content":"","ast-featured-img":"","footer-sml-layout":"","ast-disable-related-posts":"","theme-transparent-header-meta":"","adv-header-id-meta":"","stick-header-meta":"","header-above-stick-meta":"","header-main-stick-meta":"","header-below-stick-meta":"","astra-migrate-meta-layouts":"default","ast-page-background-enabled":"default","ast-page-background-meta":{"desktop":{"background-color":"var(--ast-global-color-4)","background-image":"","background-repeat":"repeat","background-position":"center center","background-size":"auto","background-attachment":"scroll","background-type":"","background-media":"","overlay-type":"","overlay-color":"","overlay-opacity":"","overlay-gradient":""},"tablet":{"background-color":"","background-image":"","background-repeat":"repeat","background-position":"center center","background-size":"auto","background-attachment":"scroll","background-type":"","background-media":"","overlay-type":"","overlay-color":"","overlay-opacity":"","overlay-gradient":""},"mobile":{"background-color":"","background-image":"","background-repeat":"repeat","background-position":"center center","background-size":"auto","background-attachment":"scroll","background-type":"","background-media":"","overlay-type":"","overlay-color":"","overlay-opacity":"","overlay-gradient":""}},"ast-content-background-meta":{"desktop":{"background-color":"var(--ast-global-color-5)","background-image":"","background-repeat":"repeat","background-position":"center center","background-size":"auto","background-attachment":"scroll","background-type":"","background-media":"","overlay-type":"","overlay-color":"","overlay-opacity":"","overlay-gradient":""},"tablet":{"background-color":"var(--ast-global-color-5)","background-image":"","background-repeat":"repeat","background-position":"center center","background-size":"auto","background-attachment":"scroll","background-type":"","background-media":"","overlay-type":"","overlay-color":"","overlay-opacity":"","overlay-gradient":""},"mobile":{"background-color":"var(--ast-global-color-5)","background-image":"","background-repeat":"repeat","background-position":"center center","background-size":"auto","background-attachment":"scroll","background-type":"","background-media":"","overlay-type":"","overlay-color":"","overlay-opacity":"","overlay-gradient":""}},"footnotes":""},"class_list":["post-145389","page","type-page","status-publish","has-post-thumbnail","hentry"],"_links":{"self":[{"href":"https:\/\/medclinics.com\/es\/wp-json\/wp\/v2\/pages\/145389","targetHints":{"allow":["GET"]}}],"collection":[{"href":"https:\/\/medclinics.com\/es\/wp-json\/wp\/v2\/pages"}],"about":[{"href":"https:\/\/medclinics.com\/es\/wp-json\/wp\/v2\/types\/page"}],"author":[{"embeddable":true,"href":"https:\/\/medclinics.com\/es\/wp-json\/wp\/v2\/users\/4"}],"replies":[{"embeddable":true,"href":"https:\/\/medclinics.com\/es\/wp-json\/wp\/v2\/comments?post=145389"}],"version-history":[{"count":0,"href":"https:\/\/medclinics.com\/es\/wp-json\/wp\/v2\/pages\/145389\/revisions"}],"wp:featuredmedia":[{"embeddable":true,"href":"https:\/\/medclinics.com\/es\/wp-json\/wp\/v2\/media\/82843"}],"wp:attachment":[{"href":"https:\/\/medclinics.com\/es\/wp-json\/wp\/v2\/media?parent=145389"}],"curies":[{"name":"wp","href":"https:\/\/api.w.org\/{rel}","templated":true}]}}