{"id":145373,"date":"2023-05-13T20:01:16","date_gmt":"2023-05-13T20:01:16","guid":{"rendered":"https:\/\/medclinics.com\/injertos-oseos-dentales\/"},"modified":"2024-04-01T14:42:04","modified_gmt":"2024-04-01T11:42:04","slug":"injertos-oseos-dentales","status":"publish","type":"page","link":"https:\/\/medclinics.com\/es\/injertos-oseos-dentales\/","title":{"rendered":"Injertos \u00f3seos dentales"},"content":{"rendered":"\n<h2 class=\"wp-block-heading\">\u00bfSufre p\u00e9rdida \u00f3sea en la mand\u00edbula por p\u00e9rdida de dientes, enfermedad periodontal, lesiones u otras causas?<\/h2>\n\n<p>Si es as\u00ed, los injertos \u00f3seos dentales pueden ser la soluci\u00f3n para usted.<\/p>\n\n<p>\u00bfEst\u00e1 experimentando p\u00e9rdida de hueso en la mand\u00edbula debido a la p\u00e9rdida de dientes, enfermedad periodontal, lesiones u otras causas? Si es as\u00ed, los injertos \u00f3seos dentales pueden ser la soluci\u00f3n para usted. Este procedimiento est\u00e1 espec\u00edficamente dise\u00f1ado para regenerar el tejido \u00f3seo del maxilar y prepararlo para la colocaci\u00f3n de implantes dentales.<\/p>\n\n<p>A continuaci\u00f3n se retira cualquier tejido infectado o da\u00f1ado antes de colocar la cantidad necesaria de material de injerto donde m\u00e1s se necesita la regeneraci\u00f3n. Para garantizar una cicatrizaci\u00f3n y protecci\u00f3n \u00f3ptimas durante el tiempo de recuperaci\u00f3n, se suele colocar una cubierta de membrana despu\u00e9s de este proceso.<\/p>\n\n<p>No deje que la falta de dientes le impida conseguir una salud bucal perfecta. Los <a href=\"https:\/\/en.wikipedia.org\/wiki\/Bone_grafting\" target=\"_blank\" rel=\"noreferrer noopener\">injertos \u00f3seos dentales<\/a> pueden ayudar a restaurar los huesos perdidos mientras los preparan para futuros implantes que podr\u00edan cambiar todo sobre c\u00f3mo vemos nuestras sonrisas \u00a1para siempre!<\/p>\n\n<h3 class=\"wp-block-heading\">Todo lo que necesita saber sobre <a href=\"https:\/\/medclinics.com\/dental-treatment\/\" target=\"_blank\" rel=\"noreferrer noopener\">tratamientos dentales<\/a>, incluido el precio, los cuidados postoperatorios y el proceso de cicatrizaci\u00f3n, o p\u00f3ngase <a href=\"#requestform\">en contacto con nosotros<\/a>.<\/h3>\n\n<figure class=\"wp-block-image size-full\"><img fetchpriority=\"high\" decoding=\"async\" width=\"960\" height=\"580\" class=\"wp-image-82756\" src=\"https:\/\/medclinics.com\/wp-content\/uploads\/2023\/05\/dental-bone-grafts.jpg\" alt=\"\" srcset=\"https:\/\/medclinics.com\/wp-content\/uploads\/2023\/05\/dental-bone-grafts.jpg 960w, https:\/\/medclinics.com\/wp-content\/uploads\/2023\/05\/dental-bone-grafts-500x302.jpg 500w, https:\/\/medclinics.com\/wp-content\/uploads\/2023\/05\/dental-bone-grafts-768x464.jpg 768w, https:\/\/medclinics.com\/wp-content\/uploads\/2023\/05\/dental-bone-grafts-24x15.jpg 24w, https:\/\/medclinics.com\/wp-content\/uploads\/2023\/05\/dental-bone-grafts-36x22.jpg 36w, https:\/\/medclinics.com\/wp-content\/uploads\/2023\/05\/dental-bone-grafts-48x29.jpg 48w\" sizes=\"(max-width: 960px) 100vw, 960px\" \/><\/figure>\n\n<h3 class=\"wp-block-heading\">PREGUNTAS FRECUENTES<\/h3>\n<div id=\"rank-math-faq\" class=\"rank-math-block\">\n<div class=\"rank-math-list \">\n<div id=\"faq-question-1683898477333\" class=\"rank-math-list-item\">\n<h3 class=\"rank-math-question \">\u00bfMerece la pena un injerto \u00f3seo dental?<\/h3>\n<div class=\"rank-math-answer \">\n\n<p>Un injerto \u00f3seo es apropiado si puede restaurar su salud y funci\u00f3n bucal. En \u00faltima instancia, esto depende de las circunstancias individuales y debe discutirse con un dentista o cirujano oral.<\/p>\n\n<\/div>\n<\/div>\n<div id=\"faq-question-1683898525995\" class=\"rank-math-list-item\">\n<h3 class=\"rank-math-question \">\u00bfEs doloroso el injerto \u00f3seo?<\/h3>\n<div class=\"rank-math-answer \">\n\n<p>El injerto \u00f3seo puede causar algunas molestias durante y despu\u00e9s del procedimiento. Sin embargo, la anestesia y los analg\u00e9sicos deber\u00edan mantenerlo dentro de unos l\u00edmites.<\/p>\n\n<\/div>\n<\/div>\n<div id=\"faq-question-1683898720036\" class=\"rank-math-list-item\">\n<h3 class=\"rank-math-question \">\u00bfCu\u00e1nto tiempo se tarda en recuperarse de un injerto \u00f3seo?<\/h3>\n<div class=\"rank-math-answer \">\n\n<p>El tiempo de recuperaci\u00f3n de los injertos \u00f3seos puede variar en funci\u00f3n del tipo y el alcance de la intervenci\u00f3n, pero por lo general pueden pasar de varias semanas a meses hasta que el injerto se integre por completo y usted se recupere del todo.<\/p>\n\n<\/div>\n<\/div>\n<\/div>\n<\/div>\n<p>\u00a0<\/p>\n\n<h3 class=\"wp-block-heading\">P\u00f3ngase en contacto con nosotros si tiene alguna pregunta.<\/h3>\n","protected":false},"excerpt":{"rendered":"<p>\u00bfSufre p\u00e9rdida \u00f3sea en la mand\u00edbula por p\u00e9rdida de dientes, enfermedad periodontal, lesiones u otras causas? Si es as\u00ed, los [&hellip;]<\/p>\n","protected":false},"author":4,"featured_media":92526,"parent":0,"menu_order":0,"comment_status":"closed","ping_status":"closed","template":"","meta":{"site-sidebar-layout":"default","site-content-layout":"","ast-site-content-layout":"default","site-content-style":"default","site-sidebar-style":"default","ast-global-header-display":"","ast-banner-title-visibility":"","ast-main-header-display":"","ast-hfb-above-header-display":"","ast-hfb-below-header-display":"","ast-hfb-mobile-header-display":"","site-post-title":"","ast-breadcrumbs-content":"","ast-featured-img":"","footer-sml-layout":"","ast-disable-related-posts":"","theme-transparent-header-meta":"","adv-header-id-meta":"","stick-header-meta":"","header-above-stick-meta":"","header-main-stick-meta":"","header-below-stick-meta":"","astra-migrate-meta-layouts":"default","ast-page-background-enabled":"default","ast-page-background-meta":{"desktop":{"background-color":"var(--ast-global-color-4)","background-image":"","background-repeat":"repeat","background-position":"center center","background-size":"auto","background-attachment":"scroll","background-type":"","background-media":"","overlay-type":"","overlay-color":"","overlay-opacity":"","overlay-gradient":""},"tablet":{"background-color":"","background-image":"","background-repeat":"repeat","background-position":"center center","background-size":"auto","background-attachment":"scroll","background-type":"","background-media":"","overlay-type":"","overlay-color":"","overlay-opacity":"","overlay-gradient":""},"mobile":{"background-color":"","background-image":"","background-repeat":"repeat","background-position":"center center","background-size":"auto","background-attachment":"scroll","background-type":"","background-media":"","overlay-type":"","overlay-color":"","overlay-opacity":"","overlay-gradient":""}},"ast-content-background-meta":{"desktop":{"background-color":"var(--ast-global-color-5)","background-image":"","background-repeat":"repeat","background-position":"center center","background-size":"auto","background-attachment":"scroll","background-type":"","background-media":"","overlay-type":"","overlay-color":"","overlay-opacity":"","overlay-gradient":""},"tablet":{"background-color":"var(--ast-global-color-5)","background-image":"","background-repeat":"repeat","background-position":"center center","background-size":"auto","background-attachment":"scroll","background-type":"","background-media":"","overlay-type":"","overlay-color":"","overlay-opacity":"","overlay-gradient":""},"mobile":{"background-color":"var(--ast-global-color-5)","background-image":"","background-repeat":"repeat","background-position":"center center","background-size":"auto","background-attachment":"scroll","background-type":"","background-media":"","overlay-type":"","overlay-color":"","overlay-opacity":"","overlay-gradient":""}},"footnotes":""},"class_list":["post-145373","page","type-page","status-publish","has-post-thumbnail","hentry"],"_links":{"self":[{"href":"https:\/\/medclinics.com\/es\/wp-json\/wp\/v2\/pages\/145373","targetHints":{"allow":["GET"]}}],"collection":[{"href":"https:\/\/medclinics.com\/es\/wp-json\/wp\/v2\/pages"}],"about":[{"href":"https:\/\/medclinics.com\/es\/wp-json\/wp\/v2\/types\/page"}],"author":[{"embeddable":true,"href":"https:\/\/medclinics.com\/es\/wp-json\/wp\/v2\/users\/4"}],"replies":[{"embeddable":true,"href":"https:\/\/medclinics.com\/es\/wp-json\/wp\/v2\/comments?post=145373"}],"version-history":[{"count":0,"href":"https:\/\/medclinics.com\/es\/wp-json\/wp\/v2\/pages\/145373\/revisions"}],"wp:featuredmedia":[{"embeddable":true,"href":"https:\/\/medclinics.com\/es\/wp-json\/wp\/v2\/media\/92526"}],"wp:attachment":[{"href":"https:\/\/medclinics.com\/es\/wp-json\/wp\/v2\/media?parent=145373"}],"curies":[{"name":"wp","href":"https:\/\/api.w.org\/{rel}","templated":true}]}}