{"id":145357,"date":"2023-05-13T19:10:58","date_gmt":"2023-05-13T19:10:58","guid":{"rendered":"https:\/\/medclinics.com\/encias-sangrantes\/"},"modified":"2024-04-01T14:24:14","modified_gmt":"2024-04-01T11:24:14","slug":"encias-sangrantes","status":"publish","type":"page","link":"https:\/\/medclinics.com\/es\/encias-sangrantes\/","title":{"rendered":"Enc\u00edas sangrantes"},"content":{"rendered":"\n<h2 class=\"wp-block-heading\">El sangrado de las enc\u00edas suele observarse al cepillarse los dientes o utilizar el hilo dental.<\/h2>\n\n<p>El sangrado de enc\u00edas puede deberse a varios factores, como la inflamaci\u00f3n o infecci\u00f3n de las enc\u00edas. Las pr\u00e1cticas de higiene bucal inadecuadas, la acumulaci\u00f3n de sarro, los m\u00e9todos de cepillado inadecuados e incluso la enfermedad de las enc\u00edas pueden provocar este s\u00edntoma indeseado.<\/p>\n\n<p>Aunque suele ser de naturaleza leve, hay casos en los que la hemorragia se vuelve grave y puede provocar llagas en la boca.<\/p>\n\n<p>Para abordar este problema de forma eficaz, las personas que presenten estos s\u00edntomas deben pedir consejo profesional a un <a href=\"https:\/\/istanbul-tourist-information.com\/en\/category\/dental\/\" target=\"_blank\" rel=\"noreferrer noopener\">dentista<\/a> sobre la salud general de sus enc\u00edas. Adem\u00e1s, la mejora de la rutina dental diaria mediante el cepillado regular y el uso del hilo dental, junto con otros buenos h\u00e1bitos, ayudar\u00e1 a reducir la probabilidad de experimentar m\u00e1s problemas relacionados con el sangrado de las enc\u00edas y, en su lugar, promover\u00e1 unas enc\u00edas sanas.<\/p>\n\n<h3 class=\"wp-block-heading\">Todo lo que necesita saber sobre <a href=\"https:\/\/medclinics.com\/dental-treatment\/\" target=\"_blank\" rel=\"noreferrer noopener\">tratamientos dentales<\/a>, incluido el precio, los cuidados postoperatorios y el proceso de cicatrizaci\u00f3n, o p\u00f3ngase <a href=\"#requestform\">en contacto con nosotros<\/a>.<\/h3>\n\n<figure class=\"wp-block-image size-full\"><img fetchpriority=\"high\" decoding=\"async\" width=\"960\" height=\"580\" class=\"wp-image-82726\" src=\"https:\/\/medclinics.com\/wp-content\/uploads\/2023\/05\/bleeding-guns.jpg\" alt=\"Enc&#xED;as sangrantes\" srcset=\"https:\/\/medclinics.com\/wp-content\/uploads\/2023\/05\/bleeding-guns.jpg 960w, https:\/\/medclinics.com\/wp-content\/uploads\/2023\/05\/bleeding-guns-500x302.jpg 500w, https:\/\/medclinics.com\/wp-content\/uploads\/2023\/05\/bleeding-guns-768x464.jpg 768w, https:\/\/medclinics.com\/wp-content\/uploads\/2023\/05\/bleeding-guns-24x15.jpg 24w, https:\/\/medclinics.com\/wp-content\/uploads\/2023\/05\/bleeding-guns-36x22.jpg 36w, https:\/\/medclinics.com\/wp-content\/uploads\/2023\/05\/bleeding-guns-48x29.jpg 48w\" sizes=\"(max-width: 960px) 100vw, 960px\" \/><\/figure>\n\n<h3 class=\"wp-block-heading\">PREGUNTAS FRECUENTES<\/h3>\n<div id=\"rank-math-faq\" class=\"rank-math-block\">\n<div class=\"rank-math-list \">\n<div id=\"faq-question-1683898477333\" class=\"rank-math-list-item\">\n<h3 class=\"rank-math-question \">\u00bfPuede la vitamina C detener el sangrado de las enc\u00edas?<\/h3>\n<div class=\"rank-math-answer \">\n\n<p>Tomar vitamina C puede ayudar a detener el sangrado de las enc\u00edas causado por una carencia de vitamina C, pero el sangrado persistente o excesivo de las enc\u00edas debe ser evaluado por un m\u00e9dico.<\/p>\n\n<\/div>\n<\/div>\n<div id=\"faq-question-1683898525995\" class=\"rank-math-list-item\">\n<h3 class=\"rank-math-question \">\u00bfC\u00f3mo se trata el sangrado de enc\u00edas?<\/h3>\n<div class=\"rank-math-answer \">\n\n<p>Puede tratarse con una buena higiene bucal, por ejemplo, cepillado regular, uso de hilo dental y enjuague bucal antis\u00e9ptico. Los dientes deben ser limpiados regularmente por un dentista profesional. Esta persona tambi\u00e9n investigar\u00e1 si la enfermedad de las enc\u00edas es la causa del sangrado.<\/p>\n\n<\/div>\n<\/div>\n<div id=\"faq-question-1683898720036\" class=\"rank-math-list-item\">\n<h3 class=\"rank-math-question \">\u00bfCu\u00e1ndo debo preocuparme por el sangrado de las enc\u00edas?<\/h3>\n<div class=\"rank-math-answer \">\n\n<p>Debe preocuparse si la hemorragia es persistente, sangra en exceso o va acompa\u00f1ada de otros s\u00edntomas como dolor, hinchaz\u00f3n o mal aliento. Pueden ser signos de enfermedad de las enc\u00edas. Tu dentista podr\u00e1 ayudarte.<\/p>\n\n<\/div>\n<\/div>\n<\/div>\n<\/div>\n<p>\u00a0<\/p>\n\n<h3 class=\"wp-block-heading\">P\u00f3ngase en contacto con nosotros si tiene alguna pregunta.<\/h3>\n","protected":false},"excerpt":{"rendered":"<p>El sangrado de las enc\u00edas suele observarse al cepillarse los dientes o utilizar el hilo dental. El sangrado de enc\u00edas [&hellip;]<\/p>\n","protected":false},"author":4,"featured_media":92533,"parent":0,"menu_order":0,"comment_status":"closed","ping_status":"closed","template":"","meta":{"site-sidebar-layout":"default","site-content-layout":"","ast-site-content-layout":"default","site-content-style":"default","site-sidebar-style":"default","ast-global-header-display":"","ast-banner-title-visibility":"","ast-main-header-display":"","ast-hfb-above-header-display":"","ast-hfb-below-header-display":"","ast-hfb-mobile-header-display":"","site-post-title":"","ast-breadcrumbs-content":"","ast-featured-img":"","footer-sml-layout":"","ast-disable-related-posts":"","theme-transparent-header-meta":"","adv-header-id-meta":"","stick-header-meta":"","header-above-stick-meta":"","header-main-stick-meta":"","header-below-stick-meta":"","astra-migrate-meta-layouts":"default","ast-page-background-enabled":"default","ast-page-background-meta":{"desktop":{"background-color":"var(--ast-global-color-4)","background-image":"","background-repeat":"repeat","background-position":"center center","background-size":"auto","background-attachment":"scroll","background-type":"","background-media":"","overlay-type":"","overlay-color":"","overlay-opacity":"","overlay-gradient":""},"tablet":{"background-color":"","background-image":"","background-repeat":"repeat","background-position":"center center","background-size":"auto","background-attachment":"scroll","background-type":"","background-media":"","overlay-type":"","overlay-color":"","overlay-opacity":"","overlay-gradient":""},"mobile":{"background-color":"","background-image":"","background-repeat":"repeat","background-position":"center center","background-size":"auto","background-attachment":"scroll","background-type":"","background-media":"","overlay-type":"","overlay-color":"","overlay-opacity":"","overlay-gradient":""}},"ast-content-background-meta":{"desktop":{"background-color":"var(--ast-global-color-5)","background-image":"","background-repeat":"repeat","background-position":"center center","background-size":"auto","background-attachment":"scroll","background-type":"","background-media":"","overlay-type":"","overlay-color":"","overlay-opacity":"","overlay-gradient":""},"tablet":{"background-color":"var(--ast-global-color-5)","background-image":"","background-repeat":"repeat","background-position":"center center","background-size":"auto","background-attachment":"scroll","background-type":"","background-media":"","overlay-type":"","overlay-color":"","overlay-opacity":"","overlay-gradient":""},"mobile":{"background-color":"var(--ast-global-color-5)","background-image":"","background-repeat":"repeat","background-position":"center center","background-size":"auto","background-attachment":"scroll","background-type":"","background-media":"","overlay-type":"","overlay-color":"","overlay-opacity":"","overlay-gradient":""}},"footnotes":""},"class_list":["post-145357","page","type-page","status-publish","has-post-thumbnail","hentry"],"_links":{"self":[{"href":"https:\/\/medclinics.com\/es\/wp-json\/wp\/v2\/pages\/145357","targetHints":{"allow":["GET"]}}],"collection":[{"href":"https:\/\/medclinics.com\/es\/wp-json\/wp\/v2\/pages"}],"about":[{"href":"https:\/\/medclinics.com\/es\/wp-json\/wp\/v2\/types\/page"}],"author":[{"embeddable":true,"href":"https:\/\/medclinics.com\/es\/wp-json\/wp\/v2\/users\/4"}],"replies":[{"embeddable":true,"href":"https:\/\/medclinics.com\/es\/wp-json\/wp\/v2\/comments?post=145357"}],"version-history":[{"count":0,"href":"https:\/\/medclinics.com\/es\/wp-json\/wp\/v2\/pages\/145357\/revisions"}],"wp:featuredmedia":[{"embeddable":true,"href":"https:\/\/medclinics.com\/es\/wp-json\/wp\/v2\/media\/92533"}],"wp:attachment":[{"href":"https:\/\/medclinics.com\/es\/wp-json\/wp\/v2\/media?parent=145357"}],"curies":[{"name":"wp","href":"https:\/\/api.w.org\/{rel}","templated":true}]}}