{"id":145317,"date":"2023-05-12T13:54:22","date_gmt":"2023-05-12T13:54:22","guid":{"rendered":"https:\/\/medclinics.com\/relleno-estetico\/"},"modified":"2024-04-01T14:23:29","modified_gmt":"2024-04-01T11:23:29","slug":"relleno-estetico","status":"publish","type":"page","link":"https:\/\/medclinics.com\/es\/relleno-estetico\/","title":{"rendered":"Relleno est\u00e9tico"},"content":{"rendered":"\n<h2 class=\"wp-block-heading\">\u00bfEst\u00e1 cansado de los antiest\u00e9ticos huecos causados por caries, lesiones o p\u00e9rdidas dentales? El empaste est\u00e9tico es la soluci\u00f3n a sus problemas dentales.<\/h2>\n\n<p>Este procedimiento no s\u00f3lo mejora la funci\u00f3n, sino que tambi\u00e9n realza el aspecto de sus dientes.<\/p>\n\n<p>Atr\u00e1s quedaron los tiempos en que se utilizaban materiales tradicionales como la amalgama, el oro y la plata para los empastes. La tecnolog\u00eda actual ofrece una gama de opciones <a href=\"https:\/\/istanbul-tourist-information.com\/en\/category\/dental\/\" target=\"_blank\" rel=\"noreferrer noopener\">est\u00e9ticas y de aspecto natural<\/a>, como la resina compuesta, la cer\u00e1mica y la porcelana, que se funden a la perfecci\u00f3n con el color natural de sus dientes.<\/p>\n\n<p>El empaste est\u00e9tico es realizado bajo anestesia local por dentistas que limpian las partes da\u00f1adas antes de darles forma con el material adecuado; este proceso preserva el aspecto original a la vez que restaura la funcionalidad de las zonas afectadas sin ninguna molestia posprocedimiento.<\/p>\n\n<p>Elija entre una amplia gama de materiales disponibles, seg\u00fan las recomendaciones de profesionales experimentados que se adaptan mejor a las necesidades individuales, para garantizar siempre unos resultados \u00f3ptimos. No deje que las caries le arruinen m\u00e1s sonrisas perfectas: \u00a1inscr\u00edbase hoy mismo!<\/p>\n\n<h3 class=\"wp-block-heading\">Todo lo que necesita saber sobre <a href=\"https:\/\/medclinics.com\/dental-treatment\/\" target=\"_blank\" rel=\"noreferrer noopener\">tratamientos dentales<\/a>, incluido el precio, los cuidados postoperatorios y el proceso de cicatrizaci\u00f3n, o p\u00f3ngase <a href=\"#requestform\">en contacto con nosotros<\/a>.<\/h3>\n\n<figure class=\"wp-block-image size-full\"><img fetchpriority=\"high\" decoding=\"async\" width=\"960\" height=\"550\" class=\"wp-image-82374\" src=\"https:\/\/medclinics.com\/wp-content\/uploads\/2023\/05\/aesthetic-filling.jpg\" alt=\"Relleno est&#xE9;tico\" srcset=\"https:\/\/medclinics.com\/wp-content\/uploads\/2023\/05\/aesthetic-filling.jpg 960w, https:\/\/medclinics.com\/wp-content\/uploads\/2023\/05\/aesthetic-filling-500x286.jpg 500w, https:\/\/medclinics.com\/wp-content\/uploads\/2023\/05\/aesthetic-filling-768x440.jpg 768w, https:\/\/medclinics.com\/wp-content\/uploads\/2023\/05\/aesthetic-filling-24x14.jpg 24w, https:\/\/medclinics.com\/wp-content\/uploads\/2023\/05\/aesthetic-filling-36x21.jpg 36w, https:\/\/medclinics.com\/wp-content\/uploads\/2023\/05\/aesthetic-filling-48x28.jpg 48w\" sizes=\"(max-width: 960px) 100vw, 960px\" \/><\/figure>\n\n<h3 class=\"wp-block-heading\">PREGUNTAS FRECUENTES<\/h3>\n<div id=\"rank-math-faq\" class=\"rank-math-block\">\n<div class=\"rank-math-list \">\n<div id=\"faq-question-1683898477333\" class=\"rank-math-list-item\">\n<h3 class=\"rank-math-question \">\u00bfCu\u00e1ndo puedo comer despu\u00e9s de un empaste dental est\u00e9tico?<\/h3>\n<div class=\"rank-math-answer \">\n\n<p>Despu\u00e9s de un empaste est\u00e9tico, es mejor esperar hasta que haya pasado el efecto de la anestesia antes de comer nada. Esto suele llevar unas horas.<\/p>\n\n<\/div>\n<\/div>\n<div id=\"faq-question-1683898525995\" class=\"rank-math-list-item\">\n<h3 class=\"rank-math-question \">\u00bfQu\u00e9 empastes est\u00e9ticos son los m\u00e1s utilizados hoy en d\u00eda? \u00bfComposite o cer\u00e1mica?<\/h3>\n<div class=\"rank-math-answer \">\n\n<p>Los empastes de composite son cada vez m\u00e1s comunes que los empastes de cer\u00e1mica en estos d\u00edas, ya que son menos costosos que los empastes de cer\u00e1mica y se pueden combinar mejor con el color natural de los dientes.<\/p>\n\n<\/div>\n<\/div>\n<div id=\"faq-question-1683898720036\" class=\"rank-math-list-item\">\n<h3 class=\"rank-math-question \">\u00bfPor qu\u00e9 son mejores los empastes blancos?<\/h3>\n<div class=\"rank-math-answer \">\n\n<p>Los empastes blancos son mejores que los empastes met\u00e1licos tradicionales porque son m\u00e1s est\u00e9ticos, requieren menos extracci\u00f3n de estructura dental y est\u00e1n hechos de un material seguro y no t\u00f3xico.<\/p>\n\n<\/div>\n<\/div>\n<div id=\"faq-question-1683898844556\" class=\"rank-math-list-item\">\n<h3 class=\"rank-math-question \">\u00bfLos empastes pueden provocar caries?<\/h3>\n<div class=\"rank-math-answer \">\n\n<p>S\u00ed, pueden formarse caries alrededor del empaste est\u00e9tico si la zona no se mantiene limpia y libre de bacterias<\/p>\n\n<\/div>\n<\/div>\n<\/div>\n<\/div>\n<p>\u00a0<\/p>\n\n<h3 class=\"wp-block-heading\">P\u00f3ngase en contacto con nosotros si tiene alguna pregunta.<\/h3>\n","protected":false},"excerpt":{"rendered":"<p>\u00bfEst\u00e1 cansado de los antiest\u00e9ticos huecos causados por caries, lesiones o p\u00e9rdidas dentales? El empaste est\u00e9tico es la soluci\u00f3n a [&hellip;]<\/p>\n","protected":false},"author":4,"featured_media":82381,"parent":0,"menu_order":0,"comment_status":"closed","ping_status":"closed","template":"","meta":{"site-sidebar-layout":"default","site-content-layout":"","ast-site-content-layout":"default","site-content-style":"default","site-sidebar-style":"default","ast-global-header-display":"","ast-banner-title-visibility":"","ast-main-header-display":"","ast-hfb-above-header-display":"","ast-hfb-below-header-display":"","ast-hfb-mobile-header-display":"","site-post-title":"","ast-breadcrumbs-content":"","ast-featured-img":"","footer-sml-layout":"","ast-disable-related-posts":"","theme-transparent-header-meta":"","adv-header-id-meta":"","stick-header-meta":"","header-above-stick-meta":"","header-main-stick-meta":"","header-below-stick-meta":"","astra-migrate-meta-layouts":"default","ast-page-background-enabled":"default","ast-page-background-meta":{"desktop":{"background-color":"var(--ast-global-color-4)","background-image":"","background-repeat":"repeat","background-position":"center center","background-size":"auto","background-attachment":"scroll","background-type":"","background-media":"","overlay-type":"","overlay-color":"","overlay-opacity":"","overlay-gradient":""},"tablet":{"background-color":"","background-image":"","background-repeat":"repeat","background-position":"center center","background-size":"auto","background-attachment":"scroll","background-type":"","background-media":"","overlay-type":"","overlay-color":"","overlay-opacity":"","overlay-gradient":""},"mobile":{"background-color":"","background-image":"","background-repeat":"repeat","background-position":"center center","background-size":"auto","background-attachment":"scroll","background-type":"","background-media":"","overlay-type":"","overlay-color":"","overlay-opacity":"","overlay-gradient":""}},"ast-content-background-meta":{"desktop":{"background-color":"var(--ast-global-color-5)","background-image":"","background-repeat":"repeat","background-position":"center center","background-size":"auto","background-attachment":"scroll","background-type":"","background-media":"","overlay-type":"","overlay-color":"","overlay-opacity":"","overlay-gradient":""},"tablet":{"background-color":"var(--ast-global-color-5)","background-image":"","background-repeat":"repeat","background-position":"center center","background-size":"auto","background-attachment":"scroll","background-type":"","background-media":"","overlay-type":"","overlay-color":"","overlay-opacity":"","overlay-gradient":""},"mobile":{"background-color":"var(--ast-global-color-5)","background-image":"","background-repeat":"repeat","background-position":"center center","background-size":"auto","background-attachment":"scroll","background-type":"","background-media":"","overlay-type":"","overlay-color":"","overlay-opacity":"","overlay-gradient":""}},"footnotes":""},"class_list":["post-145317","page","type-page","status-publish","has-post-thumbnail","hentry"],"_links":{"self":[{"href":"https:\/\/medclinics.com\/es\/wp-json\/wp\/v2\/pages\/145317","targetHints":{"allow":["GET"]}}],"collection":[{"href":"https:\/\/medclinics.com\/es\/wp-json\/wp\/v2\/pages"}],"about":[{"href":"https:\/\/medclinics.com\/es\/wp-json\/wp\/v2\/types\/page"}],"author":[{"embeddable":true,"href":"https:\/\/medclinics.com\/es\/wp-json\/wp\/v2\/users\/4"}],"replies":[{"embeddable":true,"href":"https:\/\/medclinics.com\/es\/wp-json\/wp\/v2\/comments?post=145317"}],"version-history":[{"count":0,"href":"https:\/\/medclinics.com\/es\/wp-json\/wp\/v2\/pages\/145317\/revisions"}],"wp:featuredmedia":[{"embeddable":true,"href":"https:\/\/medclinics.com\/es\/wp-json\/wp\/v2\/media\/82381"}],"wp:attachment":[{"href":"https:\/\/medclinics.com\/es\/wp-json\/wp\/v2\/media?parent=145317"}],"curies":[{"name":"wp","href":"https:\/\/api.w.org\/{rel}","templated":true}]}}