{"id":145305,"date":"2023-05-28T09:33:00","date_gmt":"2023-05-28T06:33:00","guid":{"rendered":"https:\/\/medclinics.com\/trasplante-de-barba\/"},"modified":"2025-01-24T21:39:03","modified_gmt":"2025-01-24T18:39:03","slug":"trasplante-de-barba","status":"publish","type":"page","link":"https:\/\/medclinics.com\/es\/trasplante-de-barba\/","title":{"rendered":"Trasplante de barba"},"content":{"rendered":"\n<h2 class=\"wp-block-heading\">Los trasplantes de barba son cada vez m\u00e1s populares, y Estambul es desde hace tiempo la capital secreta de los trasplantes de barba.<\/h2>\n\n<p>No s\u00f3lo se puede trasplantar el pelo, sino tambi\u00e9n <a href=\"https:\/\/istanbul-tourist-information.com\/en\/medical-treatment\/beard-transplantation-turkey\/\" target=\"_blank\" rel=\"noreferrer noopener\">la barba<\/a>. A menudo, los hombres sufren calvas parciales en la barba o simplemente piensan que su barba es demasiado fina. Puede ser hereditario, pero tambi\u00e9n causado por tratamientos farmacol\u00f3gicos, un accidente o un traumatismo.<\/p>\n\n<p>Para el trasplante de barba se utilizan las mismas t\u00e9cnicas que para el trasplante capilar. Hoy en d\u00eda, se prefiere principalmente la <a href=\"https:\/\/medclinics.com\/es\/trasplante-capilar-fue\/\" data-type=\"page\" data-id=\"80085\">t\u00e9cnica FUE<\/a> o la t\u00e9cnica <a href=\"https:\/\/medclinics.com\/fue-sapphire-hair-transplant\/\" target=\"_blank\" rel=\"noreferrer noopener\">FUE-Sapphire<\/a>.<\/p>\n\n<p>De nuevo, los fol\u00edculos pilosos se extraen de la parte posterior de la cabeza y se insertan en la zona de la barba. A veces tambi\u00e9n se considera zona donante la parte inferior de la barbilla, donde la barba crece con mayor densidad. Antes de iniciar el trasplante de barba, el cirujano determina exactamente c\u00f3mo debe ser la l\u00ednea de la barba.<\/p>\n\n<h3 class=\"wp-block-heading\">Todo lo que necesita saber sobre <a href=\"https:\/\/medclinics.com\/es\/trasplante-capilar\/\" target=\"_blank\" rel=\"noreferrer noopener\">las cirug\u00edas de trasplante capilar<\/a>, incluido el precio, los cuidados postoperatorios y el proceso de cicatrizaci\u00f3n, o p\u00f3ngase <a href=\"#requestform\">en contacto con nosotros<\/a>.<\/h3>\n\n<figure class=\"wp-block-image size-full\"><img fetchpriority=\"high\" decoding=\"async\" width=\"960\" height=\"550\" src=\"https:\/\/medclinics.com\/wp-content\/uploads\/2023\/05\/beard-transplant-istanbul-turkey.jpg\" alt=\"\" class=\"wp-image-87619\" srcset=\"https:\/\/medclinics.com\/wp-content\/uploads\/2023\/05\/beard-transplant-istanbul-turkey.jpg 960w, https:\/\/medclinics.com\/wp-content\/uploads\/2023\/05\/beard-transplant-istanbul-turkey-500x286.jpg 500w, https:\/\/medclinics.com\/wp-content\/uploads\/2023\/05\/beard-transplant-istanbul-turkey-768x440.jpg 768w, https:\/\/medclinics.com\/wp-content\/uploads\/2023\/05\/beard-transplant-istanbul-turkey-24x14.jpg 24w, https:\/\/medclinics.com\/wp-content\/uploads\/2023\/05\/beard-transplant-istanbul-turkey-36x21.jpg 36w, https:\/\/medclinics.com\/wp-content\/uploads\/2023\/05\/beard-transplant-istanbul-turkey-48x28.jpg 48w\" sizes=\"(max-width: 960px) 100vw, 960px\" \/><\/figure>\n\n<h2 class=\"wp-block-heading\">PREGUNTAS FRECUENTES  <\/h2>\n<div id=\"rank-math-faq\" class=\"rank-math-block\">\n<div class=\"rank-math-list \">\n<div id=\"faq-question-1683391548998\" class=\"rank-math-list-item\">\n<h3 class=\"rank-math-question \">\u00bfCu\u00e1ntos injertos necesito para un trasplante de barba?<\/h3>\n<div class=\"rank-math-answer \">\n\n<p>El n\u00famero de injertos necesarios depende de la cantidad de calva que haya en la barba y de lo que haya que mejorar. Por regla general, se calcula entre 1.000 y 3.000 injertos para un trasplante capilar.<\/p>\n\n<\/div>\n<\/div>\n<div id=\"faq-question-1683391585179\" class=\"rank-math-list-item\">\n<h3 class=\"rank-math-question \">\u00bfSe puede afeitar despu\u00e9s de un trasplante de barba?<\/h3>\n<div class=\"rank-math-answer \">\n\n<p>Durante los primeros 10-14 d\u00edas tras el trasplante de barba, no debe afeitarse para que los pelos trasplantados puedan crecer bien. Despu\u00e9s, debes tener cuidado al afeitarte y no aplicar demasiada presi\u00f3n.<\/p>\n\n<\/div>\n<\/div>\n<div id=\"faq-question-1683391788739\" class=\"rank-math-list-item\">\n<h3 class=\"rank-math-question \">\u00bfCu\u00e1ntos injertos se pueden trasplantar?<\/h3>\n<div class=\"rank-math-answer \">\n\n<p>Durante una sesi\u00f3n, normalmente se trasplantan un m\u00e1ximo de 5.000 injertos. En caso de que necesite m\u00e1s, el m\u00e9dico le recomendar\u00e1 una segunda sesi\u00f3n al cabo de 6 meses.<\/p>\n\n<\/div>\n<\/div>\n<div id=\"faq-question-1683392049787\" class=\"rank-math-list-item\">\n<h3 class=\"rank-math-question \">\u00bfCu\u00e1l es la diferencia entre el m\u00e9todo DHI y el m\u00e9todo FUE?<\/h3>\n<div class=\"rank-math-answer \">\n\n<p>Durante el m\u00e9todo FUE, los injertos se recogen de la zona donante, se introducen en un l\u00edquido y se trasplantan en cuanto se han recogido todos los injertos. Con el m\u00e9todo DHI, los injertos se trasplantan en cuanto se recogen, sin esperar a que est\u00e9n en ning\u00fan l\u00edquido.<\/p>\n\n<\/div>\n<\/div>\n<\/div>\n<\/div>\n<p><\/p>\n\n<h3 class=\"wp-block-heading\">P\u00f3ngase en contacto con nosotros si tiene alguna pregunta.<\/h3>\n","protected":false},"excerpt":{"rendered":"<p>Los trasplantes de barba son cada vez m\u00e1s populares, y Estambul es desde hace tiempo la capital secreta de los [&hellip;]<\/p>\n","protected":false},"author":4,"featured_media":91791,"parent":0,"menu_order":0,"comment_status":"closed","ping_status":"closed","template":"","meta":{"site-sidebar-layout":"default","site-content-layout":"","ast-site-content-layout":"default","site-content-style":"default","site-sidebar-style":"default","ast-global-header-display":"","ast-banner-title-visibility":"","ast-main-header-display":"","ast-hfb-above-header-display":"","ast-hfb-below-header-display":"","ast-hfb-mobile-header-display":"","site-post-title":"","ast-breadcrumbs-content":"","ast-featured-img":"","footer-sml-layout":"","ast-disable-related-posts":"","theme-transparent-header-meta":"","adv-header-id-meta":"","stick-header-meta":"","header-above-stick-meta":"","header-main-stick-meta":"","header-below-stick-meta":"","astra-migrate-meta-layouts":"default","ast-page-background-enabled":"default","ast-page-background-meta":{"desktop":{"background-color":"var(--ast-global-color-4)","background-image":"","background-repeat":"repeat","background-position":"center center","background-size":"auto","background-attachment":"scroll","background-type":"","background-media":"","overlay-type":"","overlay-color":"","overlay-opacity":"","overlay-gradient":""},"tablet":{"background-color":"","background-image":"","background-repeat":"repeat","background-position":"center center","background-size":"auto","background-attachment":"scroll","background-type":"","background-media":"","overlay-type":"","overlay-color":"","overlay-opacity":"","overlay-gradient":""},"mobile":{"background-color":"","background-image":"","background-repeat":"repeat","background-position":"center center","background-size":"auto","background-attachment":"scroll","background-type":"","background-media":"","overlay-type":"","overlay-color":"","overlay-opacity":"","overlay-gradient":""}},"ast-content-background-meta":{"desktop":{"background-color":"var(--ast-global-color-5)","background-image":"","background-repeat":"repeat","background-position":"center center","background-size":"auto","background-attachment":"scroll","background-type":"","background-media":"","overlay-type":"","overlay-color":"","overlay-opacity":"","overlay-gradient":""},"tablet":{"background-color":"var(--ast-global-color-5)","background-image":"","background-repeat":"repeat","background-position":"center center","background-size":"auto","background-attachment":"scroll","background-type":"","background-media":"","overlay-type":"","overlay-color":"","overlay-opacity":"","overlay-gradient":""},"mobile":{"background-color":"var(--ast-global-color-5)","background-image":"","background-repeat":"repeat","background-position":"center center","background-size":"auto","background-attachment":"scroll","background-type":"","background-media":"","overlay-type":"","overlay-color":"","overlay-opacity":"","overlay-gradient":""}},"footnotes":""},"class_list":["post-145305","page","type-page","status-publish","has-post-thumbnail","hentry"],"_links":{"self":[{"href":"https:\/\/medclinics.com\/es\/wp-json\/wp\/v2\/pages\/145305","targetHints":{"allow":["GET"]}}],"collection":[{"href":"https:\/\/medclinics.com\/es\/wp-json\/wp\/v2\/pages"}],"about":[{"href":"https:\/\/medclinics.com\/es\/wp-json\/wp\/v2\/types\/page"}],"author":[{"embeddable":true,"href":"https:\/\/medclinics.com\/es\/wp-json\/wp\/v2\/users\/4"}],"replies":[{"embeddable":true,"href":"https:\/\/medclinics.com\/es\/wp-json\/wp\/v2\/comments?post=145305"}],"version-history":[{"count":0,"href":"https:\/\/medclinics.com\/es\/wp-json\/wp\/v2\/pages\/145305\/revisions"}],"wp:featuredmedia":[{"embeddable":true,"href":"https:\/\/medclinics.com\/es\/wp-json\/wp\/v2\/media\/91791"}],"wp:attachment":[{"href":"https:\/\/medclinics.com\/es\/wp-json\/wp\/v2\/media?parent=145305"}],"curies":[{"name":"wp","href":"https:\/\/api.w.org\/{rel}","templated":true}]}}