{"id":145295,"date":"2023-05-11T12:44:25","date_gmt":"2023-05-11T09:44:25","guid":{"rendered":"https:\/\/medclinics.com\/neurooftalmologia\/"},"modified":"2025-01-02T17:09:49","modified_gmt":"2025-01-02T14:09:49","slug":"neurooftalmologia","status":"publish","type":"page","link":"https:\/\/medclinics.com\/es\/neurooftalmologia\/","title":{"rendered":"Neurooftalmolog\u00eda"},"content":{"rendered":"\n<h2 class=\"wp-block-heading\">No deje que los problemas de visi\u00f3n afecten a su calidad de vida. Conf\u00ede en nuestros especialistas en neurooftalmolog\u00eda para diagnosticar y tratar afecciones oculares complejas y recuperar la vista.<\/h2>\n\n<p>La neurooftalmolog\u00eda es una subespecialidad de la oftalmolog\u00eda que se centra en los problemas visuales relacionados con el sistema nervioso. Consiste en la evaluaci\u00f3n y el tratamiento de los trastornos visuales asociados a afecciones neurol\u00f3gicas, como la esclerosis m\u00faltiple, los tumores cerebrales y los accidentes cerebrovasculares. Este campo tambi\u00e9n abarca una amplia gama de afecciones oculares que afectan al nervio \u00f3ptico, los m\u00fasculos extraoculares y los p\u00e1rpados, entre otros.<\/p>\n\n<p>Los neurooftalm\u00f3logos son oftalm\u00f3logos especializados que han recibido formaci\u00f3n adicional en neurolog\u00eda y oftalmolog\u00eda. Colaboran estrechamente con otros especialistas m\u00e9dicos, como neur\u00f3logos, neurocirujanos y radi\u00f3logos, para ofrecer una atenci\u00f3n integral a los pacientes con afecciones neurooft\u00e1lmicas complejas.<\/p>\n\n<p>Algunas afecciones comunes que tratan los neurooftalm\u00f3logos son la neuritis \u00f3ptica, el papiledema, la hipertensi\u00f3n intracraneal idiop\u00e1tica, la visi\u00f3n doble, el nistagmo y los trastornos del movimiento ocular. Entre las pruebas diagn\u00f3sticas que suelen utilizarse en la evaluaci\u00f3n de los trastornos neurooft\u00e1lmicos se incluyen las pruebas de campo visual, la tomograf\u00eda de coherencia \u00f3ptica (OCT), la resonancia magn\u00e9tica (RM) y la tomograf\u00eda computarizada (TC). Los enfoques terap\u00e9uticos var\u00edan en funci\u00f3n de la causa subyacente de la enfermedad y pueden incluir medicaci\u00f3n, cirug\u00eda o derivaci\u00f3n a otros especialistas <a href=\"https:\/\/istanbul-tourist-information.com\/en\/\" target=\"_blank\" rel=\"noreferrer noopener\">m\u00e9dicos<\/a> para una evaluaci\u00f3n y tratamiento m\u00e1s exhaustivos.<\/p>\n\n<h3 class=\"wp-block-heading\">Todo lo que necesita saber sobre la <a href=\"https:\/\/medclinics.com\/es\/cirugia-ocular-general\/\" target=\"_blank\" rel=\"noreferrer noopener\">cirug\u00eda o<\/a>cular, incluido el precio, los cuidados postoperatorios y el proceso de cicatrizaci\u00f3n, o p\u00f3ngase <a href=\"#requestform\">en contacto con nosotros<\/a>.<\/h3>\n\n<figure class=\"wp-block-image size-large\"><img fetchpriority=\"high\" decoding=\"async\" width=\"6268\" height=\"4179\" src=\"https:\/\/medclinics.com\/wp-content\/uploads\/2023\/05\/neuro-ophthalmology.png\" alt=\"Neurooftalmolog&#xED;a Estambul Turqu&#xED;a\" class=\"wp-image-81713\" srcset=\"https:\/\/medclinics.com\/wp-content\/uploads\/2023\/05\/neuro-ophthalmology.png 6268w, https:\/\/medclinics.com\/wp-content\/uploads\/2023\/05\/neuro-ophthalmology-500x333.png 500w, https:\/\/medclinics.com\/wp-content\/uploads\/2023\/05\/neuro-ophthalmology-1024x683.png 1024w, https:\/\/medclinics.com\/wp-content\/uploads\/2023\/05\/neuro-ophthalmology-768x512.png 768w, https:\/\/medclinics.com\/wp-content\/uploads\/2023\/05\/neuro-ophthalmology-1536x1024.png 1536w, https:\/\/medclinics.com\/wp-content\/uploads\/2023\/05\/neuro-ophthalmology-2048x1365.png 2048w, https:\/\/medclinics.com\/wp-content\/uploads\/2023\/05\/neuro-ophthalmology-24x16.png 24w, https:\/\/medclinics.com\/wp-content\/uploads\/2023\/05\/neuro-ophthalmology-36x24.png 36w, https:\/\/medclinics.com\/wp-content\/uploads\/2023\/05\/neuro-ophthalmology-48x32.png 48w\" sizes=\"(max-width: 6268px) 100vw, 6268px\" \/><\/figure>\n\n<h2 class=\"wp-block-heading\">PREGUNTAS FRECUENTES<\/h2>\n<div id=\"rank-math-faq\" class=\"rank-math-block\">\n<div class=\"rank-math-list \">\n<div id=\"faq-question-1682603361561\" class=\"rank-math-list-item\">\n<h3 class=\"rank-math-question \">\u00bfQu\u00e9 es la neurooftalmolog\u00eda?<\/h3>\n<div class=\"rank-math-answer \">\n\n<p>La neurooftalmolog\u00eda es un campo especializado de la medicina que se ocupa de los problemas visuales relacionados con el sistema nervioso, en particular el cerebro y el nervio \u00f3ptico. Consiste en el diagn\u00f3stico y tratamiento de una amplia gama de afecciones que afectan a la conexi\u00f3n entre los ojos y el cerebro, como la neuritis \u00f3ptica, la neuropat\u00eda \u00f3ptica, la visi\u00f3n doble y los defectos del campo visual. Los neurooftalm\u00f3logos colaboran estrechamente con neur\u00f3logos, neurocirujanos y otros especialistas para proporcionar una atenci\u00f3n integral a sus pacientes.<\/p>\n\n<\/div>\n<\/div>\n<div id=\"faq-question-1682665852961\" class=\"rank-math-list-item\">\n<h3 class=\"rank-math-question \">\u00bfCu\u00e1les son los s\u00edntomas neurooftalmol\u00f3gicos?<\/h3>\n<div class=\"rank-math-answer \">\n\n<p>Los s\u00edntomas neurooftalmol\u00f3gicos est\u00e1n relacionados con el sistema visual y el funcionamiento del cerebro, e incluyen visi\u00f3n doble, p\u00e9rdida de visi\u00f3n, trastornos del movimiento ocular, dolores de cabeza, etc. Estos s\u00edntomas pueden estar causados por diversas afecciones, como neuritis \u00f3ptica, hipertensi\u00f3n intracraneal idiop\u00e1tica, ictus, tumores cerebrales y esclerosis m\u00faltiple, entre otras. Un neurooftalm\u00f3logo est\u00e1 capacitado para diagnosticar y tratar estas afecciones y para trabajar en colaboraci\u00f3n con otros especialistas a fin de optimizar los resultados de los pacientes. El diagn\u00f3stico y el tratamiento precoces son cruciales para prevenir la p\u00e9rdida permanente de visi\u00f3n y los da\u00f1os neurol\u00f3gicos.<\/p>\n\n<\/div>\n<\/div>\n<div id=\"faq-question-1682666623404\" class=\"rank-math-list-item\">\n<h3 class=\"rank-math-question \">\u00bfQu\u00e9 tratan los neurooftalm\u00f3logos?<\/h3>\n<div class=\"rank-math-answer \">\n\n<p>Los neurooftalm\u00f3logos son oftalm\u00f3logos especializados que tratan problemas de visi\u00f3n relacionados con el sistema nervioso. Diagnostican y tratan problemas visuales causados por afecciones neurol\u00f3gicas, como esclerosis m\u00faltiple, tumores cerebrales y accidentes cerebrovasculares. Los neurooftalm\u00f3logos colaboran estrechamente con neur\u00f3logos, neurocirujanos y otros especialistas para proporcionar una atenci\u00f3n integral a los pacientes con trastornos neurol\u00f3gicos y oft\u00e1lmicos. Tambi\u00e9n tratan afecciones como la neuritis \u00f3ptica, la hipertensi\u00f3n intracraneal idiop\u00e1tica y la visi\u00f3n doble.<\/p>\n\n<\/div>\n<\/div>\n<div id=\"faq-question-1682666956133\" class=\"rank-math-list-item\">\n<h3 class=\"rank-math-question \">\u00bfCu\u00e1l es la diferencia entre neur\u00f3logo y neurooftalm\u00f3logo?<\/h3>\n<div class=\"rank-math-answer \">\n\n<p>Un neur\u00f3logo es un m\u00e9dico especializado en el diagn\u00f3stico, tratamiento y control de las enfermedades que afectan al cerebro, la m\u00e9dula espinal y los nervios de todo el cuerpo. Suelen tratar una amplia gama de afecciones neurol\u00f3gicas, como cefaleas, convulsiones, accidentes cerebrovasculares, esclerosis m\u00faltiple y enfermedad de Parkinson, entre otras. Por otro lado, un neurooftalm\u00f3logo es un especialista que se centra en los aspectos neurol\u00f3gicos de la visi\u00f3n y el movimiento ocular. Eval\u00faan y tratan afecciones que afectan a las v\u00edas visuales, que pueden incluir una amplia gama de afecciones neurol\u00f3gicas que afectan a los ojos y al cerebro, como la neuritis \u00f3ptica, el papiledema, la hipertensi\u00f3n intracraneal idiop\u00e1tica y la visi\u00f3n doble. Aunque tanto los neur\u00f3logos como los neurooftalm\u00f3logos se ocupan de afecciones neurol\u00f3gicas, su enfoque y experiencia difieren. Los neur\u00f3logos tienen un campo de acci\u00f3n m\u00e1s amplio y tratan una gama m\u00e1s amplia de afecciones neurol\u00f3gicas, mientras que los neurooftalm\u00f3logos se especializan en los aspectos neurol\u00f3gicos de la visi\u00f3n y el movimiento ocular.<\/p>\n\n<\/div>\n<\/div>\n<\/div>\n<\/div>\n<p>\u00a0<\/p>\n\n<h3 class=\"wp-block-heading\">P\u00f3ngase en contacto con nosotros si tiene alguna pregunta.<\/h3>\n","protected":false},"excerpt":{"rendered":"<p>No deje que los problemas de visi\u00f3n afecten a su calidad de vida. Conf\u00ede en nuestros especialistas en neurooftalmolog\u00eda para [&hellip;]<\/p>\n","protected":false},"author":4,"featured_media":93095,"parent":0,"menu_order":0,"comment_status":"closed","ping_status":"closed","template":"","meta":{"site-sidebar-layout":"default","site-content-layout":"","ast-site-content-layout":"default","site-content-style":"default","site-sidebar-style":"default","ast-global-header-display":"","ast-banner-title-visibility":"","ast-main-header-display":"","ast-hfb-above-header-display":"","ast-hfb-below-header-display":"","ast-hfb-mobile-header-display":"","site-post-title":"","ast-breadcrumbs-content":"","ast-featured-img":"","footer-sml-layout":"","ast-disable-related-posts":"","theme-transparent-header-meta":"","adv-header-id-meta":"","stick-header-meta":"","header-above-stick-meta":"","header-main-stick-meta":"","header-below-stick-meta":"","astra-migrate-meta-layouts":"default","ast-page-background-enabled":"default","ast-page-background-meta":{"desktop":{"background-color":"var(--ast-global-color-4)","background-image":"","background-repeat":"repeat","background-position":"center center","background-size":"auto","background-attachment":"scroll","background-type":"","background-media":"","overlay-type":"","overlay-color":"","overlay-opacity":"","overlay-gradient":""},"tablet":{"background-color":"","background-image":"","background-repeat":"repeat","background-position":"center center","background-size":"auto","background-attachment":"scroll","background-type":"","background-media":"","overlay-type":"","overlay-color":"","overlay-opacity":"","overlay-gradient":""},"mobile":{"background-color":"","background-image":"","background-repeat":"repeat","background-position":"center center","background-size":"auto","background-attachment":"scroll","background-type":"","background-media":"","overlay-type":"","overlay-color":"","overlay-opacity":"","overlay-gradient":""}},"ast-content-background-meta":{"desktop":{"background-color":"var(--ast-global-color-5)","background-image":"","background-repeat":"repeat","background-position":"center center","background-size":"auto","background-attachment":"scroll","background-type":"","background-media":"","overlay-type":"","overlay-color":"","overlay-opacity":"","overlay-gradient":""},"tablet":{"background-color":"var(--ast-global-color-5)","background-image":"","background-repeat":"repeat","background-position":"center center","background-size":"auto","background-attachment":"scroll","background-type":"","background-media":"","overlay-type":"","overlay-color":"","overlay-opacity":"","overlay-gradient":""},"mobile":{"background-color":"var(--ast-global-color-5)","background-image":"","background-repeat":"repeat","background-position":"center center","background-size":"auto","background-attachment":"scroll","background-type":"","background-media":"","overlay-type":"","overlay-color":"","overlay-opacity":"","overlay-gradient":""}},"footnotes":""},"class_list":["post-145295","page","type-page","status-publish","has-post-thumbnail","hentry"],"_links":{"self":[{"href":"https:\/\/medclinics.com\/es\/wp-json\/wp\/v2\/pages\/145295","targetHints":{"allow":["GET"]}}],"collection":[{"href":"https:\/\/medclinics.com\/es\/wp-json\/wp\/v2\/pages"}],"about":[{"href":"https:\/\/medclinics.com\/es\/wp-json\/wp\/v2\/types\/page"}],"author":[{"embeddable":true,"href":"https:\/\/medclinics.com\/es\/wp-json\/wp\/v2\/users\/4"}],"replies":[{"embeddable":true,"href":"https:\/\/medclinics.com\/es\/wp-json\/wp\/v2\/comments?post=145295"}],"version-history":[{"count":0,"href":"https:\/\/medclinics.com\/es\/wp-json\/wp\/v2\/pages\/145295\/revisions"}],"wp:featuredmedia":[{"embeddable":true,"href":"https:\/\/medclinics.com\/es\/wp-json\/wp\/v2\/media\/93095"}],"wp:attachment":[{"href":"https:\/\/medclinics.com\/es\/wp-json\/wp\/v2\/media?parent=145295"}],"curies":[{"name":"wp","href":"https:\/\/api.w.org\/{rel}","templated":true}]}}