{"id":145287,"date":"2023-05-11T12:14:37","date_gmt":"2023-05-11T09:14:37","guid":{"rendered":"https:\/\/medclinics.com\/salud-ocular-pediatrica\/"},"modified":"2025-01-02T17:44:58","modified_gmt":"2025-01-02T14:44:58","slug":"salud-ocular-pediatrica","status":"publish","type":"page","link":"https:\/\/medclinics.com\/es\/salud-ocular-pediatrica\/","title":{"rendered":"Salud ocular pedi\u00e1trica"},"content":{"rendered":"\n<h2 class=\"wp-block-heading\">Ojos sanos, ni\u00f1os felices Protejamos su visi\u00f3n de un futuro mejor.<\/h2>\n\n<p>La salud ocular pedi\u00e1trica implica asegurarse de que su visi\u00f3n se desarrolla correctamente y abordar cualquier posible problema que pueda surgir. Los procedimientos de salud ocular pedi\u00e1trica incluyen ex\u00e1menes oculares peri\u00f3dicos, especialmente durante periodos cr\u00edticos del desarrollo como la lactancia y la primera infancia, para garantizar que cualquier problema de visi\u00f3n se detecte a tiempo. Algunas afecciones <a href=\"https:\/\/istanbul-tourist-information.com\/en\/\" target=\"_blank\" rel=\"noreferrer noopener\" data-type=\"URL\" data-id=\"https:\/\/istanbul-tourist-information.com\/en\/\">oculares<\/a> frecuentes que pueden afectar a los ni\u00f1os son la ambliop\u00eda (ojo vago), el estrabismo (ojos cruzados o desalineados) y los defectos de refracci\u00f3n como la miop\u00eda o la hipermetrop\u00eda.<\/p>\n\n<p>Una correcta salud ocular pedi\u00e1trica tambi\u00e9n implica tomar medidas para prevenir las lesiones oculares. Esto incluye el uso de gafas protectoras durante actividades como deportes o trabajos de construcci\u00f3n, y ense\u00f1ar a los ni\u00f1os los peligros de ciertos objetos o actividades que pueden causar lesiones oculares. Adem\u00e1s, el fomento de h\u00e1bitos saludables, como una nutrici\u00f3n adecuada y la pr\u00e1ctica regular de ejercicio, tambi\u00e9n puede favorecer la salud ocular en general.<\/p>\n\n<p>Los padres tambi\u00e9n pueden contribuir a la buena salud ocular de sus hijos asegur\u00e1ndose de que tengan acceso a una atenci\u00f3n y un tratamiento oftalmol\u00f3gicos adecuados cuando los necesiten. Esto puede implicar programar ex\u00e1menes oculares peri\u00f3dicos con un optometrista u oftalm\u00f3logo, abordar cualquier posible problema de visi\u00f3n lo antes posible y proporcionar lentes correctoras u otros tratamientos seg\u00fan sea necesario. Al dar prioridad a la salud ocular pedi\u00e1trica, los padres pueden ayudar a garantizar que crezcan con una visi\u00f3n fuerte y sana que favorezca su bienestar general.<\/p>\n\n<h3 class=\"wp-block-heading\">Aprenda todo lo que necesita saber sobre la <a href=\"https:\/\/medclinics.com\/es\/cirugia-ocular-general\/\" target=\"_blank\" rel=\"noreferrer noopener\">cirug\u00eda ocular<\/a>, desde las revisiones hasta c\u00f3mo mantenerlos a salvo, o <a href=\"https:\/\/medclinics.com\/wp-admin\/post.php?post=81673&amp;action=edit#requestform\">p\u00f3ngase en contacto con nosotros<\/a> para recibir asesoramiento experto.<\/h3>\n\n<figure class=\"wp-block-image size-large\"><img decoding=\"async\" src=\"https:\/\/medclinics.com\/wp-content\/uploads\/2023\/05\/pediatric-eye-health.png\" alt=\"Salud ocular pedi&#xE1;trica Estambul Turqu&#xED;a\" class=\"wp-image-81698\"\/><\/figure>\n\n<h3 class=\"wp-block-heading\">PREGUNTAS FRECUENTES<\/h3>\n<div id=\"rank-math-faq\" class=\"rank-math-block\">\n<div class=\"rank-math-list \">\n<div id=\"faq-question-1682600986649\" class=\"rank-math-list-item\">\n<h3 class=\"rank-math-question \">\u00bfMejorar\u00e1 la vista de mi hijo?<\/h3>\n<div class=\"rank-math-answer \">\n\n<p>Es posible que la vista de un ni\u00f1o mejore, pero depende de la causa concreta del problema visual. En algunos casos, llevar gafas correctoras o someterse a terapia visual puede ayudar a mejorar la vista. Sin embargo, es importante consultar a un oftalm\u00f3logo pedi\u00e1trico para determinar la mejor forma de actuar en funci\u00f3n de las necesidades individuales de su hijo.<\/p>\n\n<\/div>\n<\/div>\n<div id=\"faq-question-1682601014853\" class=\"rank-math-list-item\">\n<h3 class=\"rank-math-question \">\u00bfCu\u00e1ndo debe hacerse un examen ocular?<\/h3>\n<div class=\"rank-math-answer \">\n\n<p>Los ni\u00f1os deben someterse a su primer examen oftalmol\u00f3gico completo en torno a los seis meses de edad. A partir de entonces, deben someterse a revisiones oculares adicionales a los tres a\u00f1os, antes de empezar el colegio, y despu\u00e9s al menos cada dos a\u00f1os, a menos que un oftalm\u00f3logo aconseje lo contrario. Sin embargo, si un ni\u00f1o tiene antecedentes familiares de problemas oculares o si existe alguna preocupaci\u00f3n sobre su visi\u00f3n o su salud ocular, debe programarse un examen ocular incluso antes.  <\/p>\n\n<\/div>\n<\/div>\n<div id=\"faq-question-1682601039488\" class=\"rank-math-list-item\">\n<h3 class=\"rank-math-question \">\u00bfC\u00f3mo se examinan los ojos de los ni\u00f1os?<\/h3>\n<div class=\"rank-math-answer \">\n\n<p>Los ojos de los ni\u00f1os se eval\u00faan mediante un examen ocular completo realizado por un oftalm\u00f3logo u optometrista. El examen suele incluir una prueba de agudeza visual, que consiste en leer las letras en una tabla optom\u00e9trica; una prueba de visi\u00f3n binocular, que eval\u00faa el funcionamiento conjunto de los ojos; una prueba de refracci\u00f3n, que determina si el ni\u00f1o necesita gafas o lentes de contacto; y un examen de los ojos con dilataci\u00f3n de las pupilas, que permite al oftalm\u00f3logo examinar el interior del ojo. El examen tambi\u00e9n puede incluir pruebas adicionales seg\u00fan sea necesario en funci\u00f3n de la edad del ni\u00f1o y de cualquier preocupaci\u00f3n espec\u00edfica. El objetivo del examen es identificar cualquier problema de visi\u00f3n o afecci\u00f3n ocular que pueda necesitar tratamiento o seguimiento.<\/p>\n\n<\/div>\n<\/div>\n<div id=\"faq-question-1682601070178\" class=\"rank-math-list-item\">\n<h3 class=\"rank-math-question \">\u00bfCu\u00e1les son los signos de unos ojos poco sanos?<\/h3>\n<div class=\"rank-math-answer \">\n\n<p>Los ni\u00f1os no siempre son capaces de comunicar sus problemas de visi\u00f3n, por lo que es importante que los padres sean conscientes de los signos de unos ojos poco sanos. Un signo frecuente es que el ni\u00f1o se frote los ojos con frecuencia o se queje de picor o quemaz\u00f3n. Entrecerrar o cerrar un ojo para ver mejor tambi\u00e9n puede ser un signo de problemas de visi\u00f3n. Otro indicador es si un ni\u00f1o se sienta demasiado cerca del televisor o sostiene libros demasiado cerca de la cara. Adem\u00e1s, si un ni\u00f1o experimenta frecuentes dolores de cabeza o fatiga visual, podr\u00eda deberse a un problema de visi\u00f3n subyacente. Los padres tambi\u00e9n deben estar atentos a cualquier movimiento ocular inusual o si los ojos del ni\u00f1o parecen desalineados. Si se presenta alguno de estos signos, es importante programar un examen ocular con un oftalm\u00f3logo pedi\u00e1trico para garantizar una salud ocular y un desarrollo de la visi\u00f3n \u00f3ptimos para el ni\u00f1o.<\/p>\n\n<\/div>\n<\/div>\n<div id=\"faq-question-1683806968702\" class=\"rank-math-list-item\">\n<h3 class=\"rank-math-question \">\u00bfQu\u00e9 es la salud ocular pedi\u00e1trica?<\/h3>\n<div class=\"rank-math-answer \">\n\n<p>La salud ocular pedi\u00e1trica es la rama de la medicina que se centra en la salud ocular de lactantes, ni\u00f1os y adolescentes. Consiste en el diagn\u00f3stico y tratamiento de diversas afecciones oculares que pueden afectar a los ni\u00f1os, como el estrabismo, la ambliop\u00eda, los defectos de refracci\u00f3n y las infecciones oculares. La salud ocular pedi\u00e1trica desempe\u00f1a un papel vital para garantizar que los ni\u00f1os tengan la mejor visi\u00f3n y salud ocular posibles, lo que puede repercutir en su desarrollo acad\u00e9mico, social y emocional.<\/p>\n\n<\/div>\n<\/div>\n<\/div>\n<\/div>\n<p>\u00a0<\/p>\n\n<h3 class=\"wp-block-heading\">P\u00f3ngase en contacto con nosotros si tiene alguna pregunta.<\/h3>\n","protected":false},"excerpt":{"rendered":"<p>Ojos sanos, ni\u00f1os felices Protejamos su visi\u00f3n de un futuro mejor. La salud ocular pedi\u00e1trica implica asegurarse de que su [&hellip;]<\/p>\n","protected":false},"author":4,"featured_media":160866,"parent":0,"menu_order":0,"comment_status":"closed","ping_status":"closed","template":"","meta":{"site-sidebar-layout":"default","site-content-layout":"","ast-site-content-layout":"default","site-content-style":"default","site-sidebar-style":"default","ast-global-header-display":"","ast-banner-title-visibility":"","ast-main-header-display":"","ast-hfb-above-header-display":"","ast-hfb-below-header-display":"","ast-hfb-mobile-header-display":"","site-post-title":"","ast-breadcrumbs-content":"","ast-featured-img":"","footer-sml-layout":"","ast-disable-related-posts":"","theme-transparent-header-meta":"","adv-header-id-meta":"","stick-header-meta":"","header-above-stick-meta":"","header-main-stick-meta":"","header-below-stick-meta":"","astra-migrate-meta-layouts":"default","ast-page-background-enabled":"default","ast-page-background-meta":{"desktop":{"background-color":"var(--ast-global-color-4)","background-image":"","background-repeat":"repeat","background-position":"center center","background-size":"auto","background-attachment":"scroll","background-type":"","background-media":"","overlay-type":"","overlay-color":"","overlay-opacity":"","overlay-gradient":""},"tablet":{"background-color":"","background-image":"","background-repeat":"repeat","background-position":"center center","background-size":"auto","background-attachment":"scroll","background-type":"","background-media":"","overlay-type":"","overlay-color":"","overlay-opacity":"","overlay-gradient":""},"mobile":{"background-color":"","background-image":"","background-repeat":"repeat","background-position":"center center","background-size":"auto","background-attachment":"scroll","background-type":"","background-media":"","overlay-type":"","overlay-color":"","overlay-opacity":"","overlay-gradient":""}},"ast-content-background-meta":{"desktop":{"background-color":"var(--ast-global-color-5)","background-image":"","background-repeat":"repeat","background-position":"center center","background-size":"auto","background-attachment":"scroll","background-type":"","background-media":"","overlay-type":"","overlay-color":"","overlay-opacity":"","overlay-gradient":""},"tablet":{"background-color":"var(--ast-global-color-5)","background-image":"","background-repeat":"repeat","background-position":"center center","background-size":"auto","background-attachment":"scroll","background-type":"","background-media":"","overlay-type":"","overlay-color":"","overlay-opacity":"","overlay-gradient":""},"mobile":{"background-color":"var(--ast-global-color-5)","background-image":"","background-repeat":"repeat","background-position":"center center","background-size":"auto","background-attachment":"scroll","background-type":"","background-media":"","overlay-type":"","overlay-color":"","overlay-opacity":"","overlay-gradient":""}},"footnotes":""},"class_list":["post-145287","page","type-page","status-publish","has-post-thumbnail","hentry"],"_links":{"self":[{"href":"https:\/\/medclinics.com\/es\/wp-json\/wp\/v2\/pages\/145287","targetHints":{"allow":["GET"]}}],"collection":[{"href":"https:\/\/medclinics.com\/es\/wp-json\/wp\/v2\/pages"}],"about":[{"href":"https:\/\/medclinics.com\/es\/wp-json\/wp\/v2\/types\/page"}],"author":[{"embeddable":true,"href":"https:\/\/medclinics.com\/es\/wp-json\/wp\/v2\/users\/4"}],"replies":[{"embeddable":true,"href":"https:\/\/medclinics.com\/es\/wp-json\/wp\/v2\/comments?post=145287"}],"version-history":[{"count":0,"href":"https:\/\/medclinics.com\/es\/wp-json\/wp\/v2\/pages\/145287\/revisions"}],"wp:featuredmedia":[{"embeddable":true,"href":"https:\/\/medclinics.com\/es\/wp-json\/wp\/v2\/media\/160866"}],"wp:attachment":[{"href":"https:\/\/medclinics.com\/es\/wp-json\/wp\/v2\/media?parent=145287"}],"curies":[{"name":"wp","href":"https:\/\/api.w.org\/{rel}","templated":true}]}}