{"id":145277,"date":"2023-05-11T13:36:15","date_gmt":"2023-05-11T10:36:15","guid":{"rendered":"https:\/\/medclinics.com\/miopia-vision-corta\/"},"modified":"2025-01-02T17:09:49","modified_gmt":"2025-01-02T14:09:49","slug":"miopia-vision-corta","status":"publish","type":"page","link":"https:\/\/medclinics.com\/es\/miopia-vision-corta\/","title":{"rendered":"Miop\u00eda (visi\u00f3n corta)"},"content":{"rendered":"\n<h2 class=\"wp-block-heading\">Diga adi\u00f3s a la vista borrosa y hola a un mundo de claridad con nuestras opciones de tratamiento de la miop\u00eda. Perm\u00edtanos ayudarle a ver el mundo bajo una nueva luz.<\/h2>\n\n<p>La miop\u00eda es un defecto de refracci\u00f3n del ojo que afecta a la visi\u00f3n de los objetos lejanos. Las personas miopes tienen dificultades para ver objetos lejanos, pero normalmente pueden ver objetos cercanos sin problemas.<\/p>\n\n<p>Esta afecci\u00f3n se produce cuando el <a href=\"https:\/\/istanbul-tourist-information.com\/en\/\" target=\"_blank\" rel=\"noreferrer noopener\">ojo<\/a> es demasiado largo o la c\u00f3rnea (la superficie frontal transparente del ojo) est\u00e1 demasiado inclinada, lo que hace que la luz se enfoque delante de la retina en lugar de directamente sobre ella. Esto hace que la imagen aparezca borrosa. La miop\u00eda tambi\u00e9n puede producirse si el cristalino del ojo es demasiado grueso.<\/p>\n\n<p>Puede desarrollarse durante la infancia y suele empeorar durante la adolescencia, a medida que el ojo sigue creciendo. Tambi\u00e9n puede desarrollarse en la edad adulta debido a diversos factores, como la gen\u00e9tica, el trabajo prolongado cerca de la casa y factores ambientales. Si no se trata, la miop\u00eda puede provocar otros problemas oculares como glaucoma, cataratas y desprendimiento de retina. Las opciones de tratamiento incluyen gafas correctoras, lentes de contacto y cirug\u00eda refractiva.<\/p>\n\n<h3 class=\"wp-block-heading\">Todo lo que necesita saber sobre la <a href=\"https:\/\/medclinics.com\/es\/tratamientos-oculares-2\/\" target=\"_blank\" rel=\"noreferrer noopener\">cirug\u00eda ocular<\/a>, incluidos precios, cuidados postoperatorios y proceso de cicatrizaci\u00f3n, o p\u00f3ngase <a href=\"#requestform\">en contacto con nosotros<\/a>.<\/h3>\n\n<figure class=\"wp-block-image size-large\"><img fetchpriority=\"high\" decoding=\"async\" width=\"5662\" height=\"3775\" src=\"https:\/\/medclinics.com\/wp-content\/uploads\/2023\/05\/myopia.png\" alt=\"Miop&#xED;a Estambul Turqu&#xED;a\" class=\"wp-image-81767\" srcset=\"https:\/\/medclinics.com\/wp-content\/uploads\/2023\/05\/myopia.png 5662w, https:\/\/medclinics.com\/wp-content\/uploads\/2023\/05\/myopia-500x333.png 500w, https:\/\/medclinics.com\/wp-content\/uploads\/2023\/05\/myopia-1024x683.png 1024w, https:\/\/medclinics.com\/wp-content\/uploads\/2023\/05\/myopia-768x512.png 768w, https:\/\/medclinics.com\/wp-content\/uploads\/2023\/05\/myopia-1536x1024.png 1536w, https:\/\/medclinics.com\/wp-content\/uploads\/2023\/05\/myopia-2048x1365.png 2048w, https:\/\/medclinics.com\/wp-content\/uploads\/2023\/05\/myopia-24x16.png 24w, https:\/\/medclinics.com\/wp-content\/uploads\/2023\/05\/myopia-36x24.png 36w, https:\/\/medclinics.com\/wp-content\/uploads\/2023\/05\/myopia-48x32.png 48w\" sizes=\"(max-width: 5662px) 100vw, 5662px\" \/><\/figure>\n\n<h2 class=\"wp-block-heading\">PREGUNTAS FRECUENTES<\/h2>\n<div id=\"rank-math-faq\" class=\"rank-math-block\">\n<div class=\"rank-math-list \">\n<div id=\"faq-question-1682603361561\" class=\"rank-math-list-item\">\n<h3 class=\"rank-math-question \">\u00bfC\u00f3mo se corrige la miop\u00eda?<\/h3>\n<div class=\"rank-math-answer \">\n\n<p>La miop\u00eda puede corregirse mediante diversos m\u00e9todos. La forma m\u00e1s habitual de corregirlo es utilizar gafas o lentes de contacto graduadas para ayudar a los ojos a enfocar correctamente. Otro m\u00e9todo popular es la cirug\u00eda refractiva, como el LASIK, que utiliza un l\u00e1ser para remodelar la c\u00f3rnea y mejorar la visi\u00f3n. Otra opci\u00f3n es la ortoqueratolog\u00eda, que consiste en llevar lentes de contacto especializadas que remodelan la c\u00f3rnea mientras se duerme. Otra forma es utilizar lentes implantables que se insertan quir\u00fargicamente en el ojo. Adem\u00e1s de estos m\u00e9todos correctivos, tambi\u00e9n existen diversas t\u00e9cnicas que pueden ayudar a frenar la progresi\u00f3n de la miop\u00eda en los ni\u00f1os, como el uso de colirios de atropina a dosis bajas o lentes de contacto multifocales. Es importante consultar a un oftalm\u00f3logo para determinar el plan de tratamiento m\u00e1s adecuado para cada persona.<\/p>\n\n<\/div>\n<\/div>\n<div id=\"faq-question-1682665852961\" class=\"rank-math-list-item\">\n<h3 class=\"rank-math-question \">\u00bfEs gen\u00e9tica la miop\u00eda?<\/h3>\n<div class=\"rank-math-answer \">\n\n<p>S\u00ed, la miop\u00eda puede ser gen\u00e9tica. Los estudios han demostrado que si uno o ambos progenitores la padecen, sus hijos tienen m\u00e1s probabilidades de desarrollar tambi\u00e9n miop\u00eda. El riesgo de desarrollar miop\u00eda aumenta a\u00fan m\u00e1s si ambos progenitores la padecen. Sin embargo, la gen\u00e9tica no es el \u00fanico factor que influye en el desarrollo de esta enfermedad. Los factores ambientales, como el trabajo prolongado cerca de casa y la falta de tiempo al aire libre, tambi\u00e9n influyen.<\/p>\n\n<\/div>\n<\/div>\n<div id=\"faq-question-1682666623404\" class=\"rank-math-list-item\">\n<h3 class=\"rank-math-question \">\u00bfCu\u00e1ndo se acaba la miop\u00eda?<\/h3>\n<div class=\"rank-math-answer \">\n\n<p>La progresi\u00f3n de la miop\u00eda puede variar de una persona a otra, y normalmente se estabiliza al final de la adolescencia o al principio de la edad adulta. Sin embargo, en algunos casos, puede seguir progresando hasta la edad adulta. Es importante que las personas se sometan a ex\u00e1menes oculares peri\u00f3dicos para controlar la progresi\u00f3n de su enfermedad.<\/p>\n\n<\/div>\n<\/div>\n<div id=\"faq-question-1682666956133\" class=\"rank-math-list-item\">\n<h3 class=\"rank-math-question \">\u00bfPuede mejorar la miop\u00eda?<\/h3>\n<div class=\"rank-math-answer \">\n\n<p>En algunos casos, la miop\u00eda puede mejorar por s\u00ed sola, sobre todo en ni\u00f1os y adolescentes. Esto puede ocurrir porque los ojos siguen creciendo y cambiando durante este periodo de desarrollo. Sin embargo, tiende a empeorar con el tiempo, sobre todo en los casos en que no se corrige. Adem\u00e1s, algunas formas de miop\u00eda, como la miop\u00eda degenerativa, son progresivas y pueden provocar una p\u00e9rdida grave de visi\u00f3n si no se tratan. Por lo tanto, es esencial someterse a ex\u00e1menes oculares peri\u00f3dicos y seguir los consejos de un oftalm\u00f3logo para controlar y gestionar eficazmente esta enfermedad.<\/p>\n\n<\/div>\n<\/div>\n<\/div>\n<\/div>\n<p>\u00a0<\/p>\n\n<h3 class=\"wp-block-heading\">P\u00f3ngase en contacto con nosotros si tiene alguna pregunta.<\/h3>\n","protected":false},"excerpt":{"rendered":"<p>Diga adi\u00f3s a la vista borrosa y hola a un mundo de claridad con nuestras opciones de tratamiento de la [&hellip;]<\/p>\n","protected":false},"author":4,"featured_media":92126,"parent":0,"menu_order":0,"comment_status":"closed","ping_status":"closed","template":"","meta":{"site-sidebar-layout":"default","site-content-layout":"","ast-site-content-layout":"default","site-content-style":"default","site-sidebar-style":"default","ast-global-header-display":"","ast-banner-title-visibility":"","ast-main-header-display":"","ast-hfb-above-header-display":"","ast-hfb-below-header-display":"","ast-hfb-mobile-header-display":"","site-post-title":"","ast-breadcrumbs-content":"","ast-featured-img":"","footer-sml-layout":"","ast-disable-related-posts":"","theme-transparent-header-meta":"","adv-header-id-meta":"","stick-header-meta":"","header-above-stick-meta":"","header-main-stick-meta":"","header-below-stick-meta":"","astra-migrate-meta-layouts":"default","ast-page-background-enabled":"default","ast-page-background-meta":{"desktop":{"background-color":"var(--ast-global-color-4)","background-image":"","background-repeat":"repeat","background-position":"center center","background-size":"auto","background-attachment":"scroll","background-type":"","background-media":"","overlay-type":"","overlay-color":"","overlay-opacity":"","overlay-gradient":""},"tablet":{"background-color":"","background-image":"","background-repeat":"repeat","background-position":"center center","background-size":"auto","background-attachment":"scroll","background-type":"","background-media":"","overlay-type":"","overlay-color":"","overlay-opacity":"","overlay-gradient":""},"mobile":{"background-color":"","background-image":"","background-repeat":"repeat","background-position":"center center","background-size":"auto","background-attachment":"scroll","background-type":"","background-media":"","overlay-type":"","overlay-color":"","overlay-opacity":"","overlay-gradient":""}},"ast-content-background-meta":{"desktop":{"background-color":"var(--ast-global-color-5)","background-image":"","background-repeat":"repeat","background-position":"center center","background-size":"auto","background-attachment":"scroll","background-type":"","background-media":"","overlay-type":"","overlay-color":"","overlay-opacity":"","overlay-gradient":""},"tablet":{"background-color":"var(--ast-global-color-5)","background-image":"","background-repeat":"repeat","background-position":"center center","background-size":"auto","background-attachment":"scroll","background-type":"","background-media":"","overlay-type":"","overlay-color":"","overlay-opacity":"","overlay-gradient":""},"mobile":{"background-color":"var(--ast-global-color-5)","background-image":"","background-repeat":"repeat","background-position":"center center","background-size":"auto","background-attachment":"scroll","background-type":"","background-media":"","overlay-type":"","overlay-color":"","overlay-opacity":"","overlay-gradient":""}},"footnotes":""},"class_list":["post-145277","page","type-page","status-publish","has-post-thumbnail","hentry"],"_links":{"self":[{"href":"https:\/\/medclinics.com\/es\/wp-json\/wp\/v2\/pages\/145277","targetHints":{"allow":["GET"]}}],"collection":[{"href":"https:\/\/medclinics.com\/es\/wp-json\/wp\/v2\/pages"}],"about":[{"href":"https:\/\/medclinics.com\/es\/wp-json\/wp\/v2\/types\/page"}],"author":[{"embeddable":true,"href":"https:\/\/medclinics.com\/es\/wp-json\/wp\/v2\/users\/4"}],"replies":[{"embeddable":true,"href":"https:\/\/medclinics.com\/es\/wp-json\/wp\/v2\/comments?post=145277"}],"version-history":[{"count":0,"href":"https:\/\/medclinics.com\/es\/wp-json\/wp\/v2\/pages\/145277\/revisions"}],"wp:featuredmedia":[{"embeddable":true,"href":"https:\/\/medclinics.com\/es\/wp-json\/wp\/v2\/media\/92126"}],"wp:attachment":[{"href":"https:\/\/medclinics.com\/es\/wp-json\/wp\/v2\/media?parent=145277"}],"curies":[{"name":"wp","href":"https:\/\/api.w.org\/{rel}","templated":true}]}}