{"id":145261,"date":"2023-05-11T11:36:41","date_gmt":"2023-05-11T08:36:41","guid":{"rendered":"https:\/\/medclinics.com\/ambliopia\/"},"modified":"2024-12-30T19:15:17","modified_gmt":"2024-12-30T16:15:17","slug":"ambliopia","status":"publish","type":"page","link":"https:\/\/medclinics.com\/es\/ambliopia\/","title":{"rendered":"Ambliop\u00eda"},"content":{"rendered":"\n<h2 class=\"wp-block-heading\">No dejes que la ambliop\u00eda nuble tu visi\u00f3n. Conf\u00ede en nuestros expertos para recuperar una visi\u00f3n clara y un futuro mejor.<\/h2>\n\n<p>La ambliop\u00eda, com\u00fanmente conocida como \u00abojo vago\u00bb, es un trastorno visual que se produce en la infancia. Se caracteriza por una disminuci\u00f3n de la visi\u00f3n en uno o ambos ojos que no es corregible con gafas o lentes de contacto. Esta p\u00e9rdida de visi\u00f3n se produce porque el cerebro \u00abaprende\u00bb a ignorar las se\u00f1ales procedentes del ojo m\u00e1s d\u00e9bil y s\u00f3lo procesa las se\u00f1ales del ojo m\u00e1s fuerte. Esto ocurre porque el cerebro recibe im\u00e1genes borrosas o dobles del ojo m\u00e1s d\u00e9bil, por lo que aprende a ignorar las se\u00f1ales de ese ojo para evitar confusiones.<\/p>\n\n<p>Esta enfermedad tiene varias causas, pero la m\u00e1s com\u00fan es el estrabismo, que es una desalineaci\u00f3n de los <a href=\"https:\/\/istanbul-tourist-information.com\/en\/category\/eye\/\" target=\"_blank\" rel=\"noreferrer noopener\">ojos<\/a>. Otras causas son una diferencia significativa en el error de refracci\u00f3n entre los ojos, como que un ojo sea mucho m\u00e1s miope o hiperm\u00e9trope que el otro, o una obstrucci\u00f3n f\u00edsica que impida que la luz entre correctamente en el ojo. Puede detectarse durante un examen oftalmol\u00f3gico completo, que se recomienda a todos los ni\u00f1os a partir de los 6 meses de edad.<\/p>\n\n<p>El tratamiento de la ambliop\u00eda suele consistir en corregir cualquier problema subyacente, como tratar el estrabismo o corregir un defecto de refracci\u00f3n con gafas o lentes de contacto. Adem\u00e1s, se puede parchear o desenfocar el ojo m\u00e1s fuerte para obligar al m\u00e1s d\u00e9bil a esforzarse m\u00e1s y mejorar su visi\u00f3n. Este tratamiento suele durar de varias semanas a varios meses, y es importante seguir al pie de la letra las instrucciones del m\u00e9dico para garantizar el mejor resultado posible. Si no se trata, la ambliop\u00eda puede provocar una p\u00e9rdida permanente de visi\u00f3n en el ojo afectado, por lo que la detecci\u00f3n y el tratamiento precoces son cruciales para preservar la visi\u00f3n.<\/p>\n\n<h3 class=\"wp-block-heading\">Descubra con nosotros la soluci\u00f3n perfecta para su <a href=\"https:\/\/medclinics.com\/es\/cirugia-ocular-general\/\" target=\"_blank\" rel=\"noreferrer noopener\">cirug\u00eda ocular<\/a>. Desde el precio hasta el servicio posventa, tenemos todo lo que necesita: p\u00f3ngase en contacto con<a href=\"https:\/\/medclinics.com\/wp-admin\/post.php?post=81673&amp;action=edit#requestform\">nosotros<\/a> hoy mismo.<\/h3>\n\n<figure class=\"wp-block-image size-large\"><img fetchpriority=\"high\" decoding=\"async\" width=\"6016\" height=\"4016\" src=\"https:\/\/medclinics.com\/wp-content\/uploads\/2023\/05\/amblyopia.png\" alt=\"Un ni&#xF1;o con ambliop&#xED;a\" class=\"wp-image-81680\" srcset=\"https:\/\/medclinics.com\/wp-content\/uploads\/2023\/05\/amblyopia.png 6016w, https:\/\/medclinics.com\/wp-content\/uploads\/2023\/05\/amblyopia-500x334.png 500w, https:\/\/medclinics.com\/wp-content\/uploads\/2023\/05\/amblyopia-1024x684.png 1024w, https:\/\/medclinics.com\/wp-content\/uploads\/2023\/05\/amblyopia-768x513.png 768w, https:\/\/medclinics.com\/wp-content\/uploads\/2023\/05\/amblyopia-1536x1025.png 1536w, https:\/\/medclinics.com\/wp-content\/uploads\/2023\/05\/amblyopia-2048x1367.png 2048w, https:\/\/medclinics.com\/wp-content\/uploads\/2023\/05\/amblyopia-24x16.png 24w, https:\/\/medclinics.com\/wp-content\/uploads\/2023\/05\/amblyopia-36x24.png 36w, https:\/\/medclinics.com\/wp-content\/uploads\/2023\/05\/amblyopia-48x32.png 48w\" sizes=\"(max-width: 6016px) 100vw, 6016px\" \/><\/figure>\n\n<h2 class=\"wp-block-heading\">PREGUNTAS FRECUENTES<\/h2>\n<div id=\"rank-math-faq\" class=\"rank-math-block\">\n<div class=\"rank-math-list \">\n<div id=\"faq-question-1682603361561\" class=\"rank-math-list-item\">\n<h3 class=\"rank-math-question \">\u00bfQu\u00e9 significa ambliop\u00eda?<\/h3>\n<div class=\"rank-math-answer \">\n\n<p>La ambliop\u00eda, com\u00fanmente conocida como \u00abojo vago\u00bb, es una enfermedad que afecta a la visi\u00f3n durante la infancia. Este trastorno se produce cuando uno de los ojos no se desarrolla correctamente, lo que da lugar a una entrada visual deficiente y, a la larga, a una desatenci\u00f3n por parte del cerebro. Como resultado, el ojo afectado puede experimentar una visi\u00f3n reducida incluso con correcci\u00f3n, lo que puede dar lugar a problemas de visi\u00f3n adicionales si no se trata.<\/p>\n\n<\/div>\n<\/div>\n<div id=\"faq-question-1682665852961\" class=\"rank-math-list-item\">\n<h3 class=\"rank-math-question \">\u00bfSe puede corregir la ambliop\u00eda?<\/h3>\n<div class=\"rank-math-answer \">\n\n<p>S\u00ed, la ambliop\u00eda puede corregirse con tratamiento, sobre todo si se detecta y trata precozmente. Los tratamientos m\u00e1s comunes incluyen la colocaci\u00f3n de un parche en el ojo bueno para obligar al ojo d\u00e9bil a trabajar m\u00e1s, gotas oculares para difuminar la visi\u00f3n del ojo bueno y gafas o lentes de contacto correctoras. En algunos casos, puede ser necesaria la cirug\u00eda para corregir problemas estructurales subyacentes en el ojo. El \u00e9xito del tratamiento depende de varios factores, como la edad a la que se inicia, la gravedad de la enfermedad y el cumplimiento del plan de tratamiento por parte del paciente.<\/p>\n\n<\/div>\n<\/div>\n<div id=\"faq-question-1682666623404\" class=\"rank-math-list-item\">\n<h3 class=\"rank-math-question \">\u00bfPuede la ambliop\u00eda provocar estrabismo?<\/h3>\n<div class=\"rank-math-answer \">\n\n<p>S\u00ed, a veces la ambliop\u00eda puede causar estrabismo, que es una afecci\u00f3n en la que los ojos no est\u00e1n correctamente alineados. Esto se debe a que el cerebro puede favorecer a un ojo en detrimento del otro, lo que hace que el ojo m\u00e1s d\u00e9bil gire hacia dentro o hacia fuera y provoque estrabismo. Sin embargo, es importante tener en cuenta que no todos los casos de ambliop\u00eda dan lugar a estrabismo, y no todos los casos de estrabismo est\u00e1n causados por la ambliop\u00eda.<\/p>\n\n<\/div>\n<\/div>\n<div id=\"faq-question-1682666956133\" class=\"rank-math-list-item\">\n<h3 class=\"rank-math-question \">\u00bfPuede corregirse la ambliop\u00eda en adultos?<\/h3>\n<div class=\"rank-math-answer \">\n\n<p>S\u00ed, la ambliop\u00eda puede corregirse en adultos, aunque puede llevar m\u00e1s tiempo y requerir m\u00e1s esfuerzo que en los ni\u00f1os. Las opciones de tratamiento para adultos incluyen terapia visual, parches oculares o una combinaci\u00f3n de ambos. Es importante consultar a un oftalm\u00f3logo para una evaluaci\u00f3n adecuada y un plan de tratamiento personalizado.<\/p>\n\n<\/div>\n<\/div>\n<\/div>\n<\/div>\n<p>\u00a0<\/p>\n\n<h3 class=\"wp-block-heading\">P\u00f3ngase en contacto con nosotros si tiene alguna pregunta.<\/h3>\n","protected":false},"excerpt":{"rendered":"<p>No dejes que la ambliop\u00eda nuble tu visi\u00f3n. Conf\u00ede en nuestros expertos para recuperar una visi\u00f3n clara y un futuro [&hellip;]<\/p>\n","protected":false},"author":4,"featured_media":93117,"parent":0,"menu_order":0,"comment_status":"closed","ping_status":"closed","template":"","meta":{"site-sidebar-layout":"default","site-content-layout":"","ast-site-content-layout":"default","site-content-style":"default","site-sidebar-style":"default","ast-global-header-display":"","ast-banner-title-visibility":"","ast-main-header-display":"","ast-hfb-above-header-display":"","ast-hfb-below-header-display":"","ast-hfb-mobile-header-display":"","site-post-title":"","ast-breadcrumbs-content":"","ast-featured-img":"","footer-sml-layout":"","ast-disable-related-posts":"","theme-transparent-header-meta":"","adv-header-id-meta":"","stick-header-meta":"","header-above-stick-meta":"","header-main-stick-meta":"","header-below-stick-meta":"","astra-migrate-meta-layouts":"default","ast-page-background-enabled":"default","ast-page-background-meta":{"desktop":{"background-color":"var(--ast-global-color-4)","background-image":"","background-repeat":"repeat","background-position":"center center","background-size":"auto","background-attachment":"scroll","background-type":"","background-media":"","overlay-type":"","overlay-color":"","overlay-opacity":"","overlay-gradient":""},"tablet":{"background-color":"","background-image":"","background-repeat":"repeat","background-position":"center center","background-size":"auto","background-attachment":"scroll","background-type":"","background-media":"","overlay-type":"","overlay-color":"","overlay-opacity":"","overlay-gradient":""},"mobile":{"background-color":"","background-image":"","background-repeat":"repeat","background-position":"center center","background-size":"auto","background-attachment":"scroll","background-type":"","background-media":"","overlay-type":"","overlay-color":"","overlay-opacity":"","overlay-gradient":""}},"ast-content-background-meta":{"desktop":{"background-color":"var(--ast-global-color-5)","background-image":"","background-repeat":"repeat","background-position":"center center","background-size":"auto","background-attachment":"scroll","background-type":"","background-media":"","overlay-type":"","overlay-color":"","overlay-opacity":"","overlay-gradient":""},"tablet":{"background-color":"var(--ast-global-color-5)","background-image":"","background-repeat":"repeat","background-position":"center center","background-size":"auto","background-attachment":"scroll","background-type":"","background-media":"","overlay-type":"","overlay-color":"","overlay-opacity":"","overlay-gradient":""},"mobile":{"background-color":"var(--ast-global-color-5)","background-image":"","background-repeat":"repeat","background-position":"center center","background-size":"auto","background-attachment":"scroll","background-type":"","background-media":"","overlay-type":"","overlay-color":"","overlay-opacity":"","overlay-gradient":""}},"footnotes":""},"class_list":["post-145261","page","type-page","status-publish","has-post-thumbnail","hentry"],"_links":{"self":[{"href":"https:\/\/medclinics.com\/es\/wp-json\/wp\/v2\/pages\/145261","targetHints":{"allow":["GET"]}}],"collection":[{"href":"https:\/\/medclinics.com\/es\/wp-json\/wp\/v2\/pages"}],"about":[{"href":"https:\/\/medclinics.com\/es\/wp-json\/wp\/v2\/types\/page"}],"author":[{"embeddable":true,"href":"https:\/\/medclinics.com\/es\/wp-json\/wp\/v2\/users\/4"}],"replies":[{"embeddable":true,"href":"https:\/\/medclinics.com\/es\/wp-json\/wp\/v2\/comments?post=145261"}],"version-history":[{"count":0,"href":"https:\/\/medclinics.com\/es\/wp-json\/wp\/v2\/pages\/145261\/revisions"}],"wp:featuredmedia":[{"embeddable":true,"href":"https:\/\/medclinics.com\/es\/wp-json\/wp\/v2\/media\/93117"}],"wp:attachment":[{"href":"https:\/\/medclinics.com\/es\/wp-json\/wp\/v2\/media?parent=145261"}],"curies":[{"name":"wp","href":"https:\/\/api.w.org\/{rel}","templated":true}]}}