{"id":145253,"date":"2023-05-27T09:48:40","date_gmt":"2023-05-27T06:48:40","guid":{"rendered":"https:\/\/medclinics.com\/cataratas\/"},"modified":"2024-12-30T19:22:50","modified_gmt":"2024-12-30T16:22:50","slug":"cataratas","status":"publish","type":"page","link":"https:\/\/medclinics.com\/es\/cataratas\/","title":{"rendered":"Cataratas"},"content":{"rendered":"\n<h2 class=\"wp-block-heading\">\u00bfTiene problemas de visi\u00f3n borrosa o dificultades con poca luz? Solicite una consulta para decidir sus opciones de tratamiento de las cataratas.<\/h2>\n\n<p>Las cataratas hacen que los ojos se nublen y se vean borrosos. Ocurre lentamente y es posible que no te des cuenta al principio. Puede ocurrir con la edad, pero tambi\u00e9n por lesiones, medicamentos o problemas de salud.<\/p>\n\n<p>Las cataratas pueden dificultar la visi\u00f3n, sobre todo por la noche. La luz puede molestarle y puede ver doble en un ojo. Si no recibe ayuda, su visi\u00f3n podr\u00eda empeorar mucho. Pero la cirug\u00eda puede arreglarlo y mejorar su visi\u00f3n.<\/p>\n\n<p><br\/>Durante la intervenci\u00f3n quir\u00fargica, se extrae el cristalino opaco del ojo y se sustituye por uno nuevo denominado lente intraocular (LIO). La intervenci\u00f3n es r\u00e1pida y dura entre 15 y 20 minutos por ojo. Probablemente se ir\u00e1 a casa el mismo d\u00eda tras recibir anestesia local. En pocos d\u00edas se sentir\u00e1 mejor y podr\u00e1 retomar sus actividades normales.<\/p>\n\n<p>Esta cirug\u00eda es muy frecuente. Adem\u00e1s, tiene mucho \u00e9xito: m\u00e1s del 98% de las veces, seg\u00fan la Sociedad Americana de Cataratas y Cirug\u00eda Refractiva. La cirug\u00eda sigue mejorando gracias a las nuevas tecnolog\u00edas y t\u00e9cnicas. Esto significa resultados a\u00fan mejores para los pacientes.  <\/p>\n\n<h3 class=\"wp-block-heading\">Todo lo que necesita saber sobre la <a href=\"https:\/\/medclinics.com\/es\/cirugia-ocular-general\/\" target=\"_blank\" rel=\"noreferrer noopener\">cirug\u00eda ocular general<\/a>, incluido el precio, los cuidados postoperatorios y el proceso de cicatrizaci\u00f3n, o p\u00f3ngase <a href=\"#requestform\">en contacto con nosotros<\/a>.<\/h3>\n\n<figure class=\"wp-block-image size-large\"><img fetchpriority=\"high\" decoding=\"async\" width=\"6720\" height=\"4480\" src=\"https:\/\/medclinics.com\/wp-content\/uploads\/2023\/05\/cataract.png\" alt=\"Cataratas\" class=\"wp-image-81653\" srcset=\"https:\/\/medclinics.com\/wp-content\/uploads\/2023\/05\/cataract.png 6720w, https:\/\/medclinics.com\/wp-content\/uploads\/2023\/05\/cataract-500x333.png 500w, https:\/\/medclinics.com\/wp-content\/uploads\/2023\/05\/cataract-1024x683.png 1024w, https:\/\/medclinics.com\/wp-content\/uploads\/2023\/05\/cataract-768x512.png 768w, https:\/\/medclinics.com\/wp-content\/uploads\/2023\/05\/cataract-1536x1024.png 1536w, https:\/\/medclinics.com\/wp-content\/uploads\/2023\/05\/cataract-2048x1365.png 2048w, https:\/\/medclinics.com\/wp-content\/uploads\/2023\/05\/cataract-24x16.png 24w, https:\/\/medclinics.com\/wp-content\/uploads\/2023\/05\/cataract-36x24.png 36w, https:\/\/medclinics.com\/wp-content\/uploads\/2023\/05\/cataract-48x32.png 48w\" sizes=\"(max-width: 6720px) 100vw, 6720px\" \/><\/figure>\n\n<h2 class=\"wp-block-heading\">PREGUNTAS FRECUENTES  <\/h2>\n\n<h3 class=\"wp-block-heading\">P\u00f3ngase en contacto con nosotros si tiene alguna pregunta.<\/h3>\n","protected":false},"excerpt":{"rendered":"<p>\u00bfTiene problemas de visi\u00f3n borrosa o dificultades con poca luz? Solicite una consulta para decidir sus opciones de tratamiento de [&hellip;]<\/p>\n","protected":false},"author":4,"featured_media":93148,"parent":0,"menu_order":0,"comment_status":"closed","ping_status":"closed","template":"","meta":{"site-sidebar-layout":"default","site-content-layout":"","ast-site-content-layout":"default","site-content-style":"default","site-sidebar-style":"default","ast-global-header-display":"","ast-banner-title-visibility":"","ast-main-header-display":"","ast-hfb-above-header-display":"","ast-hfb-below-header-display":"","ast-hfb-mobile-header-display":"","site-post-title":"","ast-breadcrumbs-content":"","ast-featured-img":"","footer-sml-layout":"","ast-disable-related-posts":"","theme-transparent-header-meta":"","adv-header-id-meta":"","stick-header-meta":"","header-above-stick-meta":"","header-main-stick-meta":"","header-below-stick-meta":"","astra-migrate-meta-layouts":"default","ast-page-background-enabled":"default","ast-page-background-meta":{"desktop":{"background-color":"var(--ast-global-color-4)","background-image":"","background-repeat":"repeat","background-position":"center center","background-size":"auto","background-attachment":"scroll","background-type":"","background-media":"","overlay-type":"","overlay-color":"","overlay-opacity":"","overlay-gradient":""},"tablet":{"background-color":"","background-image":"","background-repeat":"repeat","background-position":"center center","background-size":"auto","background-attachment":"scroll","background-type":"","background-media":"","overlay-type":"","overlay-color":"","overlay-opacity":"","overlay-gradient":""},"mobile":{"background-color":"","background-image":"","background-repeat":"repeat","background-position":"center center","background-size":"auto","background-attachment":"scroll","background-type":"","background-media":"","overlay-type":"","overlay-color":"","overlay-opacity":"","overlay-gradient":""}},"ast-content-background-meta":{"desktop":{"background-color":"var(--ast-global-color-5)","background-image":"","background-repeat":"repeat","background-position":"center center","background-size":"auto","background-attachment":"scroll","background-type":"","background-media":"","overlay-type":"","overlay-color":"","overlay-opacity":"","overlay-gradient":""},"tablet":{"background-color":"var(--ast-global-color-5)","background-image":"","background-repeat":"repeat","background-position":"center center","background-size":"auto","background-attachment":"scroll","background-type":"","background-media":"","overlay-type":"","overlay-color":"","overlay-opacity":"","overlay-gradient":""},"mobile":{"background-color":"var(--ast-global-color-5)","background-image":"","background-repeat":"repeat","background-position":"center center","background-size":"auto","background-attachment":"scroll","background-type":"","background-media":"","overlay-type":"","overlay-color":"","overlay-opacity":"","overlay-gradient":""}},"footnotes":""},"class_list":["post-145253","page","type-page","status-publish","has-post-thumbnail","hentry"],"_links":{"self":[{"href":"https:\/\/medclinics.com\/es\/wp-json\/wp\/v2\/pages\/145253","targetHints":{"allow":["GET"]}}],"collection":[{"href":"https:\/\/medclinics.com\/es\/wp-json\/wp\/v2\/pages"}],"about":[{"href":"https:\/\/medclinics.com\/es\/wp-json\/wp\/v2\/types\/page"}],"author":[{"embeddable":true,"href":"https:\/\/medclinics.com\/es\/wp-json\/wp\/v2\/users\/4"}],"replies":[{"embeddable":true,"href":"https:\/\/medclinics.com\/es\/wp-json\/wp\/v2\/comments?post=145253"}],"version-history":[{"count":0,"href":"https:\/\/medclinics.com\/es\/wp-json\/wp\/v2\/pages\/145253\/revisions"}],"wp:featuredmedia":[{"embeddable":true,"href":"https:\/\/medclinics.com\/es\/wp-json\/wp\/v2\/media\/93148"}],"wp:attachment":[{"href":"https:\/\/medclinics.com\/es\/wp-json\/wp\/v2\/media?parent=145253"}],"curies":[{"name":"wp","href":"https:\/\/api.w.org\/{rel}","templated":true}]}}