{"id":145243,"date":"2023-05-11T14:12:45","date_gmt":"2023-05-11T11:12:45","guid":{"rendered":"https:\/\/medclinics.com\/hipermetropia-hipermetropia\/"},"modified":"2025-01-02T16:11:14","modified_gmt":"2025-01-02T13:11:14","slug":"hipermetropia-hipermetropia","status":"publish","type":"page","link":"https:\/\/medclinics.com\/es\/hipermetropia-hipermetropia\/","title":{"rendered":"Hipermetrop\u00eda (hipermetrop\u00eda)"},"content":{"rendered":"\n<h2 class=\"wp-block-heading\">\u00bfEst\u00e1 cansado de luchar contra la visi\u00f3n borrosa de cerca? Nuestros tratamientos de correcci\u00f3n de la hipermetrop\u00eda pueden ayudarle a ver el mundo de una forma totalmente nueva.<\/h2>\n\n<p>La hipermetrop\u00eda, tambi\u00e9n conocida como hipermetrop\u00eda, es un problema de visi\u00f3n frecuente en el que los objetos lejanos se ven con m\u00e1s claridad que los cercanos. Esto ocurre porque el globo ocular es demasiado corto o la c\u00f3rnea demasiado plana, lo que hace que la luz se enfoque detr\u00e1s de la retina en lugar de directamente sobre ella. La hipermetrop\u00eda puede provocar visi\u00f3n borrosa, fatiga visual, dolores de cabeza y dificultades para leer o realizar trabajos de cerca.<\/p>\n\n<p>La hipermetrop\u00eda puede diagnosticarse mediante un examen oftalmol\u00f3gico completo, que puede incluir una prueba de agudeza visual, una prueba de refracci\u00f3n y un examen con l\u00e1mpara de hendidura. El tratamiento de la hipermetrop\u00eda suele consistir en lentes correctoras, como gafas o lentillas, que ayudan a reenfocar la luz sobre la retina. En algunos casos, puede recomendarse la cirug\u00eda refractiva para remodelar la c\u00f3rnea y mejorar la visi\u00f3n.<\/p>\n\n<p>Puede provocar una serie de s\u00edntomas como visi\u00f3n borrosa, fatiga visual, dolores de cabeza y dificultad para enfocar objetos cercanos. Las personas con hipermetrop\u00eda pueden tener dificultades para leer libros, utilizar el ordenador o realizar tareas que requieran ver de cerca. Entrecerrar los ojos o frot\u00e1rselos con frecuencia tambi\u00e9n puede ser un signo de esta enfermedad.<\/p>\n\n<p>La hipermetrop\u00eda puede controlarse eficazmente con el tratamiento y los cuidados adecuados. Las revisiones <a href=\"https:\/\/istanbul-tourist-information.com\/en\/category\/eye\/\" target=\"_blank\" rel=\"noreferrer noopener\">oftalmol\u00f3gicas<\/a> peri\u00f3dicas son importantes para detectar y tratar esta enfermedad, as\u00ed como otras afecciones oculares. Mantener una buena salud ocular mediante un estilo de vida saludable y gafas protectoras tambi\u00e9n puede ayudar a prevenir problemas de visi\u00f3n.<\/p>\n\n<h3 class=\"wp-block-heading\">Todo lo que necesita saber sobre la <a href=\"https:\/\/medclinics.com\/es\/cirugia-ocular-general\/\" target=\"_blank\" rel=\"noreferrer noopener\">cirug\u00eda o<\/a>cular, incluido el precio, los cuidados postoperatorios y el proceso de cicatrizaci\u00f3n, o p\u00f3ngase <a href=\"#requestform\">en contacto con nosotros<\/a>.<\/h3>\n\n<figure class=\"wp-block-image size-full\"><img fetchpriority=\"high\" decoding=\"async\" width=\"780\" height=\"488\" src=\"https:\/\/medclinics.com\/wp-content\/uploads\/2024\/04\/Hypermetropia-Farsightedness-Clinics.jpg\" alt=\"Hipermetrop&#xED;a-Hipermetrop&#xED;a-Cl&#xED;nicas\" class=\"wp-image-160818\" srcset=\"https:\/\/medclinics.com\/wp-content\/uploads\/2024\/04\/Hypermetropia-Farsightedness-Clinics.jpg 780w, https:\/\/medclinics.com\/wp-content\/uploads\/2024\/04\/Hypermetropia-Farsightedness-Clinics-300x188.jpg 300w, https:\/\/medclinics.com\/wp-content\/uploads\/2024\/04\/Hypermetropia-Farsightedness-Clinics-768x480.jpg 768w\" sizes=\"(max-width: 780px) 100vw, 780px\" \/><\/figure>\n\n<h2 class=\"wp-block-heading\">PREGUNTAS FRECUENTES<\/h2>\n<div id=\"rank-math-faq\" class=\"rank-math-block\">\n<div class=\"rank-math-list \">\n<div id=\"faq-question-1682603361561\" class=\"rank-math-list-item\">\n<h3 class=\"rank-math-question \">\u00bfLa hipermetrop\u00eda es gen\u00e9tica?<\/h3>\n<div class=\"rank-math-answer \">\n\n<p>S\u00ed, la hipermetrop\u00eda puede ser gen\u00e9tica. Si uno o ambos progenitores la padecen, hay m\u00e1s probabilidades de que sus hijos tambi\u00e9n desarrollen la enfermedad. Sin embargo, los factores ambientales, como el trabajo prolongado de cerca y la lectura en condiciones de escasa iluminaci\u00f3n, tambi\u00e9n pueden contribuir a su desarrollo.<\/p>\n\n<\/div>\n<\/div>\n<div id=\"faq-question-1682665852961\" class=\"rank-math-list-item\">\n<h3 class=\"rank-math-question \">\u00bfCu\u00e1ndo cesa la hipermetrop\u00eda?<\/h3>\n<div class=\"rank-math-answer \">\n\n<p>La hipermetrop\u00eda puede corregirse con gafas graduadas o lentes de contacto que ayudan a enfocar correctamente la luz en la retina. En algunos casos, tambi\u00e9n puede realizarse cirug\u00eda refractiva para remodelar la c\u00f3rnea y mejorar la visi\u00f3n. Suele estabilizarse en adultos en torno a los 40 a\u00f1os, cuando el cristalino del ojo empieza a endurecerse y a perder su flexibilidad. No obstante, es importante seguir realiz\u00e1ndose revisiones oftalmol\u00f3gicas peri\u00f3dicas, ya que a medida que envejecemos pueden aparecer otras afecciones oculares.<\/p>\n\n<\/div>\n<\/div>\n<div id=\"faq-question-1682666623404\" class=\"rank-math-list-item\">\n<h3 class=\"rank-math-question \">\u00bfPor qu\u00e9 se produce la hipermetrop\u00eda?<\/h3>\n<div class=\"rank-math-answer \">\n\n<p>Se produce cuando el globo ocular es demasiado corto o la c\u00f3rnea no est\u00e1 suficientemente curvada, lo que hace que la luz se enfoque detr\u00e1s de la retina en lugar de directamente sobre ella. Como resultado, los objetos cercanos aparecen borrosos, mientras que los lejanos pueden verse con mayor claridad. La hipermetrop\u00eda tambi\u00e9n puede producirse cuando el cristalino se vuelve menos flexible con la edad, lo que dificulta el enfoque de los objetos cercanos. En algunos casos, puede deberse a una combinaci\u00f3n de estos factores. Puede estar presente al nacer o desarrollarse en etapas posteriores de la vida. A menudo es hereditaria, lo que significa que puede ser hereditaria.<\/p>\n\n<\/div>\n<\/div>\n<div id=\"faq-question-1682666956133\" class=\"rank-math-list-item\">\n<h3 class=\"rank-math-question \">\u00bfC\u00f3mo se puede corregir la hipermetrop\u00eda?<\/h3>\n<div class=\"rank-math-answer \">\n\n<p>La hipermetrop\u00eda puede corregirse con gafas o lentes de contacto que cambian la forma en que la luz entra en el ojo, permitiendo que enfoque correctamente en la retina. La cirug\u00eda refractiva, como LASIK o PRK, tambi\u00e9n puede utilizarse para remodelar la c\u00f3rnea y mejorar la visi\u00f3n. En algunos casos, puede recomendarse una combinaci\u00f3n de gafas o lentes de contacto y cirug\u00eda. Es importante someterse a ex\u00e1menes oculares peri\u00f3dicos para detectar a tiempo y prevenir cualquier problema de visi\u00f3n posterior.<\/p>\n\n<\/div>\n<\/div>\n<div id=\"faq-question-1683813682390\" class=\"rank-math-list-item\">\n<h3 class=\"rank-math-question \">\u00bfCu\u00e1les son los s\u00edntomas de la hipermetrop\u00eda?<\/h3>\n<div class=\"rank-math-answer \">\n\n<p>Los s\u00edntomas de la hipermetrop\u00eda pueden incluir visi\u00f3n borrosa al mirar objetos de cerca, fatiga visual, dolores de cabeza y dificultad para enfocar tareas de cerca, como la lectura. Puede corregirse con gafas, lentes de contacto o cirug\u00eda refractiva. Es importante someterse a ex\u00e1menes oculares peri\u00f3dicos para detectar y tratar precozmente los problemas de visi\u00f3n.<\/p>\n\n<\/div>\n<\/div>\n<\/div>\n<\/div>\n<p>\u00a0<\/p>\n\n<h3 class=\"wp-block-heading\">P\u00f3ngase en contacto con nosotros si tiene alguna pregunta.<\/h3>\n","protected":false},"excerpt":{"rendered":"<p>\u00bfEst\u00e1 cansado de luchar contra la visi\u00f3n borrosa de cerca? Nuestros tratamientos de correcci\u00f3n de la hipermetrop\u00eda pueden ayudarle a [&hellip;]<\/p>\n","protected":false},"author":4,"featured_media":160816,"parent":0,"menu_order":0,"comment_status":"closed","ping_status":"closed","template":"","meta":{"site-sidebar-layout":"default","site-content-layout":"","ast-site-content-layout":"default","site-content-style":"default","site-sidebar-style":"default","ast-global-header-display":"","ast-banner-title-visibility":"","ast-main-header-display":"","ast-hfb-above-header-display":"","ast-hfb-below-header-display":"","ast-hfb-mobile-header-display":"","site-post-title":"","ast-breadcrumbs-content":"","ast-featured-img":"","footer-sml-layout":"","ast-disable-related-posts":"","theme-transparent-header-meta":"","adv-header-id-meta":"","stick-header-meta":"","header-above-stick-meta":"","header-main-stick-meta":"","header-below-stick-meta":"","astra-migrate-meta-layouts":"default","ast-page-background-enabled":"default","ast-page-background-meta":{"desktop":{"background-color":"var(--ast-global-color-4)","background-image":"","background-repeat":"repeat","background-position":"center center","background-size":"auto","background-attachment":"scroll","background-type":"","background-media":"","overlay-type":"","overlay-color":"","overlay-opacity":"","overlay-gradient":""},"tablet":{"background-color":"","background-image":"","background-repeat":"repeat","background-position":"center center","background-size":"auto","background-attachment":"scroll","background-type":"","background-media":"","overlay-type":"","overlay-color":"","overlay-opacity":"","overlay-gradient":""},"mobile":{"background-color":"","background-image":"","background-repeat":"repeat","background-position":"center center","background-size":"auto","background-attachment":"scroll","background-type":"","background-media":"","overlay-type":"","overlay-color":"","overlay-opacity":"","overlay-gradient":""}},"ast-content-background-meta":{"desktop":{"background-color":"var(--ast-global-color-5)","background-image":"","background-repeat":"repeat","background-position":"center center","background-size":"auto","background-attachment":"scroll","background-type":"","background-media":"","overlay-type":"","overlay-color":"","overlay-opacity":"","overlay-gradient":""},"tablet":{"background-color":"var(--ast-global-color-5)","background-image":"","background-repeat":"repeat","background-position":"center center","background-size":"auto","background-attachment":"scroll","background-type":"","background-media":"","overlay-type":"","overlay-color":"","overlay-opacity":"","overlay-gradient":""},"mobile":{"background-color":"var(--ast-global-color-5)","background-image":"","background-repeat":"repeat","background-position":"center center","background-size":"auto","background-attachment":"scroll","background-type":"","background-media":"","overlay-type":"","overlay-color":"","overlay-opacity":"","overlay-gradient":""}},"footnotes":""},"class_list":["post-145243","page","type-page","status-publish","has-post-thumbnail","hentry"],"_links":{"self":[{"href":"https:\/\/medclinics.com\/es\/wp-json\/wp\/v2\/pages\/145243","targetHints":{"allow":["GET"]}}],"collection":[{"href":"https:\/\/medclinics.com\/es\/wp-json\/wp\/v2\/pages"}],"about":[{"href":"https:\/\/medclinics.com\/es\/wp-json\/wp\/v2\/types\/page"}],"author":[{"embeddable":true,"href":"https:\/\/medclinics.com\/es\/wp-json\/wp\/v2\/users\/4"}],"replies":[{"embeddable":true,"href":"https:\/\/medclinics.com\/es\/wp-json\/wp\/v2\/comments?post=145243"}],"version-history":[{"count":0,"href":"https:\/\/medclinics.com\/es\/wp-json\/wp\/v2\/pages\/145243\/revisions"}],"wp:featuredmedia":[{"embeddable":true,"href":"https:\/\/medclinics.com\/es\/wp-json\/wp\/v2\/media\/160816"}],"wp:attachment":[{"href":"https:\/\/medclinics.com\/es\/wp-json\/wp\/v2\/media?parent=145243"}],"curies":[{"name":"wp","href":"https:\/\/api.w.org\/{rel}","templated":true}]}}