{"id":145227,"date":"2023-05-11T13:08:11","date_gmt":"2023-05-11T10:08:11","guid":{"rendered":"https:\/\/medclinics.com\/tumor-ocular\/"},"modified":"2025-01-02T14:54:58","modified_gmt":"2025-01-02T11:54:58","slug":"tumor-ocular","status":"publish","type":"page","link":"https:\/\/medclinics.com\/es\/tumor-ocular\/","title":{"rendered":"Tumor ocular"},"content":{"rendered":"\n<h2 class=\"wp-block-heading\">No te enfrentes solo a los tumores oculares Nuestros expertos est\u00e1n aqu\u00ed para guiarle a lo largo del proceso y ofrecerle las mejores opciones de tratamiento disponibles.<\/h2>\n\n<p>Un tumor ocular es un crecimiento anormal de c\u00e9lulas dentro o alrededor del ojo. Existen varios tipos de tumores oculares, entre los que se incluyen tumores benignos como los nevus y los hemangiomas, as\u00ed como tumores malignos como el melanoma y el retinoblastoma. Los tumores oculares pueden desarrollarse en distintas partes del ojo, como el p\u00e1rpado, la conjuntiva, la c\u00f3rnea, el iris, el cuerpo ciliar, la coroides, la retina y el nervio \u00f3ptico.<\/p>\n\n<p>Los tumores oculares pueden causar diversos s\u00edntomas, dependiendo de su localizaci\u00f3n y tama\u00f1o. Estos s\u00edntomas pueden incluir cambios en la visi\u00f3n, como visi\u00f3n borrosa o distorsionada, moscas volantes, destellos de luz y p\u00e9rdida de la visi\u00f3n perif\u00e9rica. Otros s\u00edntomas pueden ser dolor, enrojecimiento, hinchaz\u00f3n o una masa o protuberancia visible en el ojo o el p\u00e1rpado. Si se sospecha la existencia de un tumor ocular, el oftalm\u00f3logo realizar\u00e1 un examen ocular completo y puede solicitar pruebas de imagen como una resonancia magn\u00e9tica o una ecograf\u00eda para confirmar el diagn\u00f3stico y determinar la extensi\u00f3n del tumor.<\/p>\n\n<p>El tratamiento de los tumores oculares depende del tipo, la localizaci\u00f3n y el tama\u00f1o del tumor, as\u00ed como del estado general de salud del paciente. Las opciones pueden incluir cirug\u00eda para extirpar el tumor, radioterapia, quimioterapia o una combinaci\u00f3n de estos tratamientos. Es importante detectar y tratar precozmente los tumores oculares para evitar complicaciones como la p\u00e9rdida de visi\u00f3n o la diseminaci\u00f3n a otras partes del cuerpo. Las revisiones oculares peri\u00f3dicas y los autoex\u00e1menes pueden ayudar a detectar cualquier anomal\u00eda en el <a href=\"https:\/\/istanbul-tourist-information.com\/en\/\" target=\"_blank\" rel=\"noreferrer noopener\">ojo<\/a> y, en caso necesario, solicitar una evaluaci\u00f3n m\u00e1s exhaustiva por parte de un oftalm\u00f3logo.<\/p>\n\n<h3 class=\"wp-block-heading\">Todo lo que necesita saber sobre la <a href=\"https:\/\/medclinics.com\/es\/cirugia-ocular-general\/\" target=\"_blank\" rel=\"noreferrer noopener\">cirug\u00eda o<\/a>cular, incluido el precio, los cuidados postoperatorios y el proceso de cicatrizaci\u00f3n, o p\u00f3ngase <a href=\"#requestform\">en contacto con nosotros<\/a>.<\/h3>\n\n<figure class=\"wp-block-image size-large\"><img decoding=\"async\" src=\"https:\/\/medclinics.com\/wp-content\/uploads\/2023\/05\/eye-tumor.png\" alt=\"Tratamiento de tumores oculares Estambul Turqu&#xED;a\" class=\"wp-image-81734\"\/><\/figure>\n\n<h2 class=\"wp-block-heading\">PREGUNTAS FRECUENTES<\/h2>\n<div id=\"rank-math-faq\" class=\"rank-math-block\">\n<div class=\"rank-math-list \">\n<div id=\"faq-question-1682603361561\" class=\"rank-math-list-item\">\n<h3 class=\"rank-math-question \">\u00bfPor qu\u00e9 se produce el c\u00e1ncer ocular?<\/h3>\n<div class=\"rank-math-answer \">\n\n<p>El c\u00e1ncer de ojo, tambi\u00e9n conocido como c\u00e1ncer ocular, se produce cuando las c\u00e9lulas del ojo crecen de forma anormal y forman un tumor. Se desconoce la causa exacta del c\u00e1ncer ocular, pero existen ciertos factores de riesgo que aumentan la probabilidad de desarrollar esta enfermedad. Entre ellos se incluyen la exposici\u00f3n a la luz ultravioleta (UV), un sistema inmunitario debilitado, antecedentes familiares de c\u00e1ncer ocular y determinadas afecciones gen\u00e9ticas. Es importante detectar y tratar precozmente el c\u00e1ncer ocular para evitar que se extienda a otras partes del cuerpo y pueda poner en peligro la vida del paciente.<\/p>\n\n<\/div>\n<\/div>\n<div id=\"faq-question-1682665852961\" class=\"rank-math-list-item\">\n<h3 class=\"rank-math-question \">\u00bfSon raros los tumores oculares?<\/h3>\n<div class=\"rank-math-answer \">\n\n<p>Los tumores oculares son relativamente raros en comparaci\u00f3n con otros tipos de c\u00e1ncer. Sin embargo, a\u00fan pueden producirse, y es importante buscar atenci\u00f3n m\u00e9dica si experimenta alg\u00fan s\u00edntoma inusual en los ojos. La incidencia de los tumores oculares var\u00eda en funci\u00f3n del tipo de tumor y de la poblaci\u00f3n estudiada. Algunos tumores oculares, como el retinoblastoma, son m\u00e1s frecuentes en ni\u00f1os, mientras que otros, como el melanoma ocular, son m\u00e1s frecuentes en adultos. En general, aunque los tumores oculares son poco frecuentes, es importante conocer los signos y s\u00edntomas y buscar atenci\u00f3n m\u00e9dica inmediata si tiene alguna duda.<\/p>\n\n<\/div>\n<\/div>\n<div id=\"faq-question-1682666623404\" class=\"rank-math-list-item\">\n<h3 class=\"rank-math-question \">\u00bfHacia d\u00f3nde se extiende el c\u00e1ncer ocular?<\/h3>\n<div class=\"rank-math-answer \">\n\n<p>El c\u00e1ncer ocular puede extenderse a distintas partes del cuerpo, dependiendo del tipo y el estadio del c\u00e1ncer. Los lugares de propagaci\u00f3n m\u00e1s frecuentes son el h\u00edgado, los pulmones, los huesos y el cerebro. Es importante se\u00f1alar que no todos los c\u00e1nceres oculares se extienden y que algunos pueden tratarse con cirug\u00eda o radioterapia sin extenderse a otras partes del cuerpo. Por lo tanto, la detecci\u00f3n y el tratamiento precoces del c\u00e1ncer ocular son cruciales para evitar una mayor propagaci\u00f3n y mejorar los resultados.<\/p>\n\n<\/div>\n<\/div>\n<div id=\"faq-question-1682666956133\" class=\"rank-math-list-item\">\n<h3 class=\"rank-math-question \">\u00bfPueden los oftalm\u00f3logos ver los tumores cerebrales?<\/h3>\n<div class=\"rank-math-answer \">\n\n<p>Los oculistas, como oftalm\u00f3logos y optometristas, a veces pueden detectar signos de tumores cerebrales durante un examen ocular rutinario. Esto se debe a que el nervio \u00f3ptico, que transmite la informaci\u00f3n visual del ojo al cerebro, puede verse afectado por determinados tumores cerebrales. En algunos casos, un oftalm\u00f3logo puede observar hinchaz\u00f3n o cambios en el aspecto del nervio \u00f3ptico que pueden ser indicativos de un tumor cerebral.<br \/>Sin embargo, los oftalm\u00f3logos no pueden diagnosticar ni tratar definitivamente los tumores cerebrales. Si se sospecha la existencia de un tumor cerebral, el paciente suele ser remitido a un neur\u00f3logo o a un neurocirujano para su evaluaci\u00f3n y tratamiento. En algunos casos, pueden ser necesarias pruebas adicionales, como estudios de imagen o biopsias, para confirmar la presencia de un tumor cerebral.<\/p>\n\n<\/div>\n<\/div>\n<\/div>\n<\/div>\n<p>\u00a0<\/p>\n\n<h3 class=\"wp-block-heading\">P\u00f3ngase en contacto con nosotros si tiene alguna pregunta.<\/h3>\n","protected":false},"excerpt":{"rendered":"<p>No te enfrentes solo a los tumores oculares Nuestros expertos est\u00e1n aqu\u00ed para guiarle a lo largo del proceso y [&hellip;]<\/p>\n","protected":false},"author":4,"featured_media":160840,"parent":0,"menu_order":0,"comment_status":"closed","ping_status":"closed","template":"","meta":{"site-sidebar-layout":"default","site-content-layout":"","ast-site-content-layout":"default","site-content-style":"default","site-sidebar-style":"default","ast-global-header-display":"","ast-banner-title-visibility":"","ast-main-header-display":"","ast-hfb-above-header-display":"","ast-hfb-below-header-display":"","ast-hfb-mobile-header-display":"","site-post-title":"","ast-breadcrumbs-content":"","ast-featured-img":"","footer-sml-layout":"","ast-disable-related-posts":"","theme-transparent-header-meta":"","adv-header-id-meta":"","stick-header-meta":"","header-above-stick-meta":"","header-main-stick-meta":"","header-below-stick-meta":"","astra-migrate-meta-layouts":"default","ast-page-background-enabled":"default","ast-page-background-meta":{"desktop":{"background-color":"var(--ast-global-color-4)","background-image":"","background-repeat":"repeat","background-position":"center center","background-size":"auto","background-attachment":"scroll","background-type":"","background-media":"","overlay-type":"","overlay-color":"","overlay-opacity":"","overlay-gradient":""},"tablet":{"background-color":"","background-image":"","background-repeat":"repeat","background-position":"center center","background-size":"auto","background-attachment":"scroll","background-type":"","background-media":"","overlay-type":"","overlay-color":"","overlay-opacity":"","overlay-gradient":""},"mobile":{"background-color":"","background-image":"","background-repeat":"repeat","background-position":"center center","background-size":"auto","background-attachment":"scroll","background-type":"","background-media":"","overlay-type":"","overlay-color":"","overlay-opacity":"","overlay-gradient":""}},"ast-content-background-meta":{"desktop":{"background-color":"var(--ast-global-color-5)","background-image":"","background-repeat":"repeat","background-position":"center center","background-size":"auto","background-attachment":"scroll","background-type":"","background-media":"","overlay-type":"","overlay-color":"","overlay-opacity":"","overlay-gradient":""},"tablet":{"background-color":"var(--ast-global-color-5)","background-image":"","background-repeat":"repeat","background-position":"center center","background-size":"auto","background-attachment":"scroll","background-type":"","background-media":"","overlay-type":"","overlay-color":"","overlay-opacity":"","overlay-gradient":""},"mobile":{"background-color":"var(--ast-global-color-5)","background-image":"","background-repeat":"repeat","background-position":"center center","background-size":"auto","background-attachment":"scroll","background-type":"","background-media":"","overlay-type":"","overlay-color":"","overlay-opacity":"","overlay-gradient":""}},"footnotes":""},"class_list":["post-145227","page","type-page","status-publish","has-post-thumbnail","hentry"],"_links":{"self":[{"href":"https:\/\/medclinics.com\/es\/wp-json\/wp\/v2\/pages\/145227","targetHints":{"allow":["GET"]}}],"collection":[{"href":"https:\/\/medclinics.com\/es\/wp-json\/wp\/v2\/pages"}],"about":[{"href":"https:\/\/medclinics.com\/es\/wp-json\/wp\/v2\/types\/page"}],"author":[{"embeddable":true,"href":"https:\/\/medclinics.com\/es\/wp-json\/wp\/v2\/users\/4"}],"replies":[{"embeddable":true,"href":"https:\/\/medclinics.com\/es\/wp-json\/wp\/v2\/comments?post=145227"}],"version-history":[{"count":0,"href":"https:\/\/medclinics.com\/es\/wp-json\/wp\/v2\/pages\/145227\/revisions"}],"wp:featuredmedia":[{"embeddable":true,"href":"https:\/\/medclinics.com\/es\/wp-json\/wp\/v2\/media\/160840"}],"wp:attachment":[{"href":"https:\/\/medclinics.com\/es\/wp-json\/wp\/v2\/media?parent=145227"}],"curies":[{"name":"wp","href":"https:\/\/api.w.org\/{rel}","templated":true}]}}