{"id":145193,"date":"2023-05-11T08:55:58","date_gmt":"2023-05-11T05:55:58","guid":{"rendered":"https:\/\/medclinics.com\/cirugia-ocular-general\/"},"modified":"2025-01-02T15:56:30","modified_gmt":"2025-01-02T12:56:30","slug":"cirugia-ocular-general","status":"publish","type":"page","link":"https:\/\/medclinics.com\/es\/cirugia-ocular-general\/","title":{"rendered":"Cirug\u00eda ocular general"},"content":{"rendered":"\n<h2 class=\"wp-block-heading\" id=\"general-eye-or-ophthalmology-surgery\">Cirug\u00eda ocular general u oftalmolog\u00eda <\/h2>\n\n<p>Es una especialidad m\u00e9dica que se ocupa del estudio de la anatom\u00eda, la fisiolog\u00eda y las enfermedades del ojo.<br\/>Para conservar o restaurar la visi\u00f3n de sus pacientes, los oftalm\u00f3logos llevan a cabo diferentes tipos de procedimientos como trasplantes de c\u00f3rnea, cirug\u00eda de cataratas y cirug\u00edas oculares con l\u00e1ser.<\/p>\n\n<figure class=\"wp-block-image size-full\"><img fetchpriority=\"high\" decoding=\"async\" width=\"780\" height=\"488\" src=\"https:\/\/medclinics.com\/wp-content\/uploads\/2024\/04\/General-Eye-Surgery-Ophthalmology-treatment.jpg\" alt=\"\" class=\"wp-image-161302\" srcset=\"https:\/\/medclinics.com\/wp-content\/uploads\/2024\/04\/General-Eye-Surgery-Ophthalmology-treatment.jpg 780w, https:\/\/medclinics.com\/wp-content\/uploads\/2024\/04\/General-Eye-Surgery-Ophthalmology-treatment-300x188.jpg 300w, https:\/\/medclinics.com\/wp-content\/uploads\/2024\/04\/General-Eye-Surgery-Ophthalmology-treatment-768x480.jpg 768w\" sizes=\"(max-width: 780px) 100vw, 780px\" \/><\/figure>\n\n<div class=\"wp-block-rank-math-toc-block\" id=\"rank-math-toc\"><h2>Tabla de contenidos<\/h2><nav><ul><li><a href=\"#general-eye-or-ophthalmology-surgery\">Cirug\u00eda general ocular u oftalmol\u00f3gica<\/a><\/li><li><a href=\"#so-what-is\">\u00bfQu\u00e9 es<\/a><\/li><li><a href=\"#types-and-methods\">Tipos y m\u00e9todos<\/a><\/li><li><a href=\"#treatment-plan\">Plan de tratamiento<\/a><\/li><li><a href=\"#aftercare\">Cuidado posterior<\/a><\/li><li><a href=\"#top-general-eye-surgery-costs-by-country\">Costes de la cirug\u00eda ocular general por pa\u00eds<\/a><\/li><li><a href=\"#types-of-general-eye-surgery\">Tipos de cirug\u00eda ocular general<\/a><\/li><li><a href=\"#faq\">PREGUNTAS FRECUENTES<\/a><\/li><li><a href=\"#history\">Historia<\/a><\/li><\/ul><\/nav><\/div>\n\n<h2 class=\"wp-block-heading\" id=\"so-what-is\">\u00bfQu\u00e9 es<\/h2>\n\n<ul class=\"wp-block-list\">\n<li>La Cirug\u00eda Ocular General, u Oftalmolog\u00eda, es una especialidad m\u00e9dica que se ocupa del diagn\u00f3stico, tratamiento y prevenci\u00f3n de las enfermedades y trastornos del ojo.<\/li>\n\n\n\n<li>La llevan a cabo oftalm\u00f3logos altamente cualificados que utilizan diversas herramientas y t\u00e9cnicas para ayudar a preservar y restaurar la visi\u00f3n de sus pacientes.<\/li>\n<\/ul>\n\n<h2 class=\"wp-block-heading\" id=\"types-and-methods\">Tipos y m\u00e9todos<\/h2>\n\n<h3 class=\"wp-block-heading\" id=\"there-are-several-types-and-techniques-of-mammoplasty\">Existen varios tipos y t\u00e9cnicas de cirug\u00eda ocular general:<\/h3>\n\n<ul class=\"wp-block-list\">\n<li><a href=\"https:\/\/medclinics.com\/es\/estetica-de-parpados\/\" target=\"_blank\" rel=\"noreferrer noopener\">Est\u00e9tica palpebral<\/a><\/li>\n\n\n\n<li><a href=\"https:\/\/medclinics.com\/es\/laser-ocular\/\" target=\"_blank\" rel=\"noreferrer noopener\">L\u00e1ser ocular  <\/a><\/li>\n\n\n\n<li><a href=\"https:\/\/medclinics.com\/es\/lente-inteligente\/\" target=\"_blank\" rel=\"noreferrer noopener\">Lente inteligente<\/a><\/li>\n\n\n\n<li><a href=\"https:\/\/medclinics.com\/es\/cataratas\/\" target=\"_blank\" rel=\"noreferrer noopener\">Cataratas<\/a><\/li>\n\n\n\n<li><a href=\"https:\/\/medclinics.com\/es\/cirugia-de-retina\/\" target=\"_blank\" rel=\"noreferrer noopener\">Cirug\u00eda de retina<\/a><\/li>\n\n\n\n<li><a href=\"https:\/\/medclinics.com\/es\/salud-ocular-pediatrica\/\" target=\"_blank\" rel=\"noreferrer noopener\">Salud ocular pedi\u00e1trica<\/a><\/li>\n\n\n\n<li><a href=\"https:\/\/medclinics.com\/es\/ambliopia\/\" target=\"_blank\" rel=\"noreferrer noopener\">Ambliop\u00eda<\/a><\/li>\n\n\n\n<li><a href=\"https:\/\/medclinics.com\/es\/cornea\/\" target=\"_blank\" rel=\"noreferrer noopener\">C\u00f3rnea<\/a><\/li>\n\n\n\n<li><a href=\"https:\/\/medclinics.com\/es\/neurooftalmologia\/\" target=\"_blank\" rel=\"noreferrer noopener\">Neurooftalmolog\u00eda<\/a><\/li>\n\n\n\n<li><a href=\"https:\/\/medclinics.com\/es\/tumor-ocular\/\" target=\"_blank\" rel=\"noreferrer noopener\">Tumor ocular<\/a><\/li>\n\n\n\n<li><a href=\"https:\/\/medclinics.com\/es\/miopia-vision-corta\/\" target=\"_blank\" rel=\"noreferrer noopener\">Miop\u00eda (visi\u00f3n corta)  <\/a><\/li>\n\n\n\n<li><a href=\"https:\/\/medclinics.com\/es\/hipermetropia-hipermetropia\/\" target=\"_blank\" rel=\"noreferrer noopener\">Hipermetrop\u00eda (hipermetrop\u00eda)<\/a><\/li>\n\n\n\n<li><a href=\"https:\/\/medclinics.com\/es\/glaucoma-2\/\" target=\"_blank\" rel=\"noreferrer noopener\">Glaucoma<\/a><\/li>\n\n\n\n<li><a href=\"https:\/\/medclinics.com\/es\/cirugia-del-estrabismo\/\">Cirug\u00eda del estrabismo<\/a><\/li>\n\n\n\n<li><a href=\"https:\/\/medclinics.com\/es\/lentes-de-contacto\/\" target=\"_blank\" rel=\"noreferrer noopener\">Lentes de contacto<\/a><\/li>\n\n\n\n<li><a href=\"https:\/\/medclinics.com\/es\/uveitis-inflamaciones-intraoculares\/\" target=\"_blank\" rel=\"noreferrer noopener\">Uve\u00edtis (inflamaciones intraoculares)<\/a><\/li>\n\n\n\n<li><a href=\"https:\/\/medclinics.com\/es\/rehabilitacion-de-la-baja-vision\/\" target=\"_blank\" rel=\"noreferrer noopener\">Rehabilitaci\u00f3n de la baja visi\u00f3n<\/a><\/li>\n<\/ul>\n\n<h2 class=\"wp-block-heading\" id=\"treatment-plan\">Plan de tratamiento<\/h2>\n\n<p><strong>1. 1. D\u00eda:<\/strong><\/p>\n\n<ul class=\"wp-block-list\">\n<li>Conozca a su asesor m\u00e9dico<\/li>\n\n\n\n<li>Examen detallado del ojo<\/li>\n\n\n\n<li>Decisi\u00f3n final sobre el m\u00e9todo quir\u00fargico<\/li>\n<\/ul>\n\n<p><strong>2. D\u00eda:  <\/strong><\/p>\n\n<ul class=\"wp-block-list\">\n<li>Consulta con su m\u00e9dico tratante<\/li>\n\n\n\n<li>Preparaci\u00f3n e inicio de la cirug\u00eda<\/li>\n\n\n\n<li>No sentir\u00e1 ning\u00fan dolor, ya que todo el procedimiento se realiza con anestesia local.<\/li>\n\n\n\n<li>Informaci\u00f3n sobre a qu\u00e9 debe prestar atenci\u00f3n en los pr\u00f3ximos d\u00edas<\/li>\n\n\n\n<li>Despu\u00e9s saldr\u00e1 del hospital, ir\u00e1 a su hotel y se relajar\u00e1.<\/li>\n\n\n\n<li>Le recomendamos encarecidamente que utilice con diligencia los medicamentos y colirios que reciba de nuestra cl\u00ednica<\/li>\n<\/ul>\n\n<p><strong>3. D\u00eda:<\/strong><\/p>\n\n<ul class=\"wp-block-list\">\n<li>Consulta con su m\u00e9dico tratante<\/li>\n\n\n\n<li>Examen detallado de seguimiento de sus ojos<\/li>\n<\/ul>\n\n<p><strong>4. D\u00eda:<\/strong><\/p>\n\n<p><strong>Si te encuentras bien, \u00a1ya puedes explorar Estambul!<\/strong><br\/>Ir de compras al Gran Bazar. Visite Santa Sof\u00eda, el Palacio Topkapi y la Cisterna Bas\u00edlica, y d\u00e9 <a href=\"https:\/\/istanbul-tourist-information.com\/en\/\" target=\"_blank\" rel=\"noreferrer noopener\">un paseo en barco por el B\u00f3sforo<\/a>.<\/p>\n\n<p><strong>5. D\u00eda:<\/strong><\/p>\n\n<ul class=\"wp-block-list\">\n<li>Control final por su m\u00e9dico tratante en nuestro hospital<\/li>\n\n\n\n<li>Examen detallado de la zona quir\u00fargica<\/li>\n\n\n\n<li>Limpieza de la herida y cambio de vendajes<\/li>\n\n\n\n<li>Despu\u00e9s puedes volver a casa relajado<\/li>\n<\/ul>\n\n<h3 class=\"wp-block-heading\" id=\"mammoplasty-for\">Cirug\u00eda ocular general para:<\/h3>\n\n<ul class=\"wp-block-list\">\n<li>Personas con cataratas<\/li>\n\n\n\n<li>Personas con defectos de refracci\u00f3n<\/li>\n\n\n\n<li>Personas con glaucoma<\/li>\n\n\n\n<li>Personas con enfermedades de la retina<\/li>\n\n\n\n<li>Personas con afecciones en los p\u00e1rpados<\/li>\n<\/ul>\n\n<h3 class=\"wp-block-heading\" id=\"mammoplasty-duration\">Cirug\u00eda ocular general Duraci\u00f3n:<\/h3>\n\n<ul class=\"wp-block-list\">\n<li>La duraci\u00f3n de una cirug\u00eda ocular general puede oscilar entre menos de una hora y varias horas, dependiendo del tipo de cirug\u00eda que se realice.<\/li>\n<\/ul>\n\n<h3 class=\"wp-block-heading\" id=\"mammoplasty-recovery-timeline\">Calendario general de recuperaci\u00f3n de la cirug\u00eda ocular:<\/h3>\n\n<ul class=\"wp-block-list\">\n<li>La recuperaci\u00f3n de la intervenci\u00f3n suele llevar entre unos d\u00edas y varias semanas.<\/li>\n\n\n\n<li>Las actividades f\u00edsicas pueden reanudarse en una o dos semanas.<\/li>\n\n\n\n<li>En algunos casos, los pacientes pueden notar una mejora de la visi\u00f3n inmediatamente despu\u00e9s de la intervenci\u00f3n, mientras que en otros pueden tardar varias semanas o incluso meses en experimentar todos los beneficios del procedimiento.<\/li>\n<\/ul>\n\n<h3 class=\"wp-block-heading\" id=\"possible-risks-for-mammoplasty\">Posibles riesgos de la cirug\u00eda ocular general:<\/h3>\n\n<ul class=\"wp-block-list\">\n<li>Infecci\u00f3n<\/li>\n\n\n\n<li>Sangrado<\/li>\n\n\n\n<li>P\u00e9rdida de visi\u00f3n<\/li>\n\n\n\n<li>Ojo seco<\/li>\n\n\n\n<li>Visi\u00f3n doble<\/li>\n\n\n\n<li>Glaucoma<\/li>\n\n\n\n<li>Formaci\u00f3n de cataratas<\/li>\n\n\n\n<li>Problemas de c\u00f3rnea<\/li>\n\n\n\n<li>Desprendimiento de retina<\/li>\n\n\n\n<li>Riesgos de la anestesia<\/li>\n<\/ul>\n\n<h2 class=\"wp-block-heading\" id=\"aftercare\">Cuidado posterior<\/h2>\n\n<h3 class=\"wp-block-heading\" id=\"of-course-we-will-also-take-care-of-you-after-your-treatment\">Por supuesto, tambi\u00e9n cuidaremos de usted despu\u00e9s del tratamiento.<\/h3>\n\n<p>Tras la intervenci\u00f3n, nuestros asesores m\u00e9dicos le atender\u00e1n hasta un a\u00f1o.<br\/>Nuestro personal est\u00e1 a su disposici\u00f3n para responder a cualquier pregunta y prestarle la asistencia que necesite. Para controlar la evoluci\u00f3n, solicitaremos fotograf\u00edas a las 2 semanas, a los 2 meses, a los 6 meses y al a\u00f1o de la operaci\u00f3n.<\/p>\n\n<h3 class=\"wp-block-heading\" id=\"breast-aesthetic-surgery-healing-process\">Proceso general de curaci\u00f3n de la cirug\u00eda ocular<\/h3>\n\n<h4 class=\"wp-block-heading\" id=\"the-healing-process-as-a-whole-takes-between-6-and-12-months\">El proceso de curaci\u00f3n en su conjunto dura entre 6 y 12 meses.<\/h4>\n\n<p>Inmediatamente despu\u00e9s de la intervenci\u00f3n: Es posible que le cubran el ojo con un protector o parche y que experimente algunas molestias, enrojecimiento o lagrimeo. El cirujano le dar\u00e1 instrucciones sobre c\u00f3mo cuidar el ojo, incluidos los colirios o medicamentos que deba utilizar.<\/p>\n\n<p>Primera semana: Durante este tiempo, debe descansar y evitar cualquier actividad extenuante que pueda ejercer presi\u00f3n sobre el ojo. Es posible que experimente visi\u00f3n borrosa o sensibilidad a la luz, y es importante que evite frotarse o tocarse el ojo.<\/p>\n\n<p>Segunda semana: Es posible que pueda reanudar algunas actividades normales, pero a\u00fan debe evitar actividades que puedan causar tensi\u00f3n o presi\u00f3n en el ojo. Su cirujano puede retirar los puntos o suturas durante este tiempo.<\/p>\n\n<p>Primer mes: Es posible que su visi\u00f3n siga siendo borrosa o nebulosa, pero deber\u00eda mejorar gradualmente con el tiempo. Tambi\u00e9n puede experimentar cierta sequedad o irritaci\u00f3n en el ojo.<\/p>\n\n<p>Primeros 3-6 meses: Su ojo deber\u00eda seguir cur\u00e1ndose y su visi\u00f3n deber\u00eda mejorar gradualmente. Es posible que su cirujano le recomiende citas de seguimiento adicionales para controlar su evoluci\u00f3n y ajustar la medicaci\u00f3n seg\u00fan sea necesario.<\/p>\n\n<p>Un a\u00f1o: En este momento, el ojo debe estar completamente curado y la visi\u00f3n debe ser estable y clara. Su cirujano puede recomendarle ex\u00e1menes oculares peri\u00f3dicos para controlar su salud ocular y su visi\u00f3n.<\/p>\n\n<figure class=\"wp-block-image size-full\"><img decoding=\"async\" width=\"780\" height=\"488\" src=\"https:\/\/medclinics.com\/wp-content\/uploads\/2024\/04\/General-Eye-Surgery-Ophthalmology.jpg\" alt=\"General-Ojo-Cirug&#xED;a-Oftalmolog&#xED;a\" class=\"wp-image-161294\" srcset=\"https:\/\/medclinics.com\/wp-content\/uploads\/2024\/04\/General-Eye-Surgery-Ophthalmology.jpg 780w, https:\/\/medclinics.com\/wp-content\/uploads\/2024\/04\/General-Eye-Surgery-Ophthalmology-300x188.jpg 300w, https:\/\/medclinics.com\/wp-content\/uploads\/2024\/04\/General-Eye-Surgery-Ophthalmology-768x480.jpg 768w\" sizes=\"(max-width: 780px) 100vw, 780px\" \/><\/figure>\n\n<h2 class=\"wp-block-heading\" id=\"top-general-eye-surgery-costs-by-country\">Costes de la cirug\u00eda ocular general por pa\u00eds<\/h2>\n\n<p>El coste de la cirug\u00eda ocular general depende de la experiencia del cirujano, la t\u00e9cnica utilizada, la cl\u00ednica u hospital que elija y su estado de salud individual.<br\/>Los precios que figuran a continuaci\u00f3n pretenden darle una idea aproximada y no son un presupuesto definitivo. Su asesor de MedClincs estar\u00e1 encantado de darle m\u00e1s detalles.<\/p>\n\n<figure class=\"wp-block-table\"><table><thead><tr><th>Pa\u00eds <\/th><th>Precio  <\/th><th>Clasificaci\u00f3n<\/th><\/tr><\/thead><tbody><tr><td>T\u00fcrkiye (Turqu\u00eda)<\/td><td>~ 1000\u20ac &#8211; 2000\u20ac<\/td><td>\u2605\u2605\u2605\u2605\u2605<\/td><\/tr><tr><td>Espa\u00f1a<\/td><td>~ 1500\u20ac &#8211; 3000\u20ac<\/td><td>\u2605\u2605<\/td><\/tr><tr><td>Polonia<\/td><td>~ 1000\u20ac &#8211; 2000\u20ac<\/td><td>\u2605\u2605\u2605\u2605<\/td><\/tr><tr><td>EE.UU.<\/td><td>~ 3500\u20ac &#8211; 5500\u20ac<\/td><td>\u2605\u2605\u2605<\/td><\/tr><tr><td>Alemania<\/td><td>~ 1500\u20ac &#8211; 2500\u20ac<\/td><td>\u2605\u2605\u2605<\/td><\/tr><\/tbody><\/table><\/figure>\n\n<h2 class=\"wp-block-heading\" id=\"types-of-general-eye-surgery\">Tipos de cirug\u00eda ocular general<\/h2>\n<div class=\"jet-listing-grid--blocks   jet-sm-gb-wrapper jet-sm-gb-8ee14fe5-2e42-4d3b-9612-13db20e24f92\"data-element-id=\"8ee14fe5-2e42-4d3b-9612-13db20e24f92\"data-listing-type=\"blocks\"data-is-block=\"jet-engine\/listing-grid\"><div class=\"jet-listing-notice\">Please select listing to show.<\/div><\/div>\n<h2 class=\"wp-block-heading\" id=\"faq\">PREGUNTAS FRECUENTES<\/h2>\n<div id=\"rank-math-faq\" class=\"rank-math-block\">\n<div class=\"rank-math-list \">\n<div id=\"faq-question-1682598236692\" class=\"rank-math-list-item\">\n<h3 class=\"rank-math-question \">\u00bfPuede salir mal la cirug\u00eda ocular con l\u00e1ser?<\/h3>\n<div class=\"rank-math-answer \">\n\n<p>Aunque la cirug\u00eda ocular con l\u00e1ser suele ser segura y eficaz, como ocurre con cualquier procedimiento m\u00e9dico, siempre existe el riesgo de complicaciones. Sin embargo, el riesgo de sufrir estas complicaciones es relativamente bajo, y la mayor\u00eda de los pacientes experimentan una mejora significativa de su visi\u00f3n tras la intervenci\u00f3n. Es importante comentar los posibles riesgos y beneficios de la cirug\u00eda ocular con l\u00e1ser con un profesional m\u00e9dico cualificado antes de tomar una decisi\u00f3n sobre el procedimiento.<\/p>\n\n<\/div>\n<\/div>\n<div id=\"faq-question-1682599778411\" class=\"rank-math-list-item\">\n<h3 class=\"rank-math-question \">\u00bfSe puede cambiar el color de los ojos con cirug\u00eda?<\/h3>\n<div class=\"rank-math-answer \">\n\n<p>Aunque existen lentes de contacto cosm\u00e9ticas que pueden cambiar temporalmente el aspecto del color de los ojos, actualmente no existe ning\u00fan procedimiento quir\u00fargico que pueda cambiar el color de los ojos de forma permanente. En los \u00faltimos a\u00f1os se han desarrollado algunos procedimientos quir\u00fargicos experimentales que consisten en implantar lentes de iris de colores en el ojo para cambiar el aspecto del iris, pero estos procedimientos no est\u00e1n ampliamente disponibles y no han sido aprobados por organismos reguladores como la FDA (Food and Drug Administration) en Estados Unidos. Es importante recordar que cualquier procedimiento quir\u00fargico conlleva riesgos y posibles complicaciones, por lo que no se recomienda someterse a una intervenci\u00f3n quir\u00fargica \u00fanicamente por motivos est\u00e9ticos, sobre todo cuando no se dispone de un procedimiento aprobado o ampliamente aceptado.<\/p>\n\n<\/div>\n<\/div>\n<div id=\"faq-question-1682599810915\" class=\"rank-math-list-item\">\n<h3 class=\"rank-math-question \">\u00bfEs segura la cirug\u00eda ocular con l\u00e1ser?<\/h3>\n<div class=\"rank-math-answer \">\n\n<p>S\u00ed, la cirug\u00eda ocular con l\u00e1ser suele considerarse segura, con un bajo riesgo de complicaciones. Sin embargo, como en cualquier procedimiento m\u00e9dico, existen riesgos potenciales y es importante elegir un cirujano cualificado y sopesar cuidadosamente los posibles beneficios y riesgos antes de decidir someterse a la intervenci\u00f3n.<\/p>\n\n<\/div>\n<\/div>\n<div id=\"faq-question-1682599837003\" class=\"rank-math-list-item\">\n<h3 class=\"rank-math-question \">\u00bfCu\u00e1les son las ventajas de la cirug\u00eda ocular general en Turqu\u00eda?<\/h3>\n<div class=\"rank-math-answer \">\n\n<p>Turqu\u00eda es un destino cada vez m\u00e1s popular para la cirug\u00eda ocular general debido a varias ventajas. El pa\u00eds ofrece atenci\u00f3n m\u00e9dica de alta calidad con instalaciones modernas y profesionales m\u00e9dicos bien formados, a la vez que resulta m\u00e1s asequible que muchos otros pa\u00edses. Muchos cirujanos oculares de Turqu\u00eda tienen amplia experiencia y formaci\u00f3n en la realizaci\u00f3n de una amplia gama de operaciones oculares, y el pa\u00eds tiene acceso a tecnolog\u00eda y equipos avanzados. Su ubicaci\u00f3n en la encrucijada de Europa y Asia la hace f\u00e1cilmente accesible desde muchas partes del mundo, y su rico patrimonio cultural y bellas atracciones la convierten en un destino ideal para combinar el tratamiento m\u00e9dico con los viajes de ocio. Es importante considerar detenidamente todos los factores y elegir un cirujano cualificado y con experiencia para garantizar el mejor resultado posible.<\/p>\n\n<\/div>\n<\/div>\n<div id=\"faq-question-1682599872711\" class=\"rank-math-list-item\">\n<h3 class=\"rank-math-question \">\u00bfEs dolorosa la cirug\u00eda ocular general?<\/h3>\n<div class=\"rank-math-answer \">\n\n<p>La cirug\u00eda ocular general suele realizarse con anestesia local, y la mayor\u00eda de los pacientes s\u00f3lo refieren molestias leves o moderadas durante y despu\u00e9s de la intervenci\u00f3n. Las molestias suelen tratarse con analg\u00e9sicos de venta sin receta y el cirujano le dar\u00e1 instrucciones detalladas sobre los cuidados postoperatorios. Aunque cada paciente es diferente, la gran mayor\u00eda de los que se someten a cirug\u00eda ocular general no refieren dolor ni molestias importantes.<\/p>\n\n<\/div>\n<\/div>\n<div id=\"faq-question-1682599930139\" class=\"rank-math-list-item\">\n<h3 class=\"rank-math-question \">\u00bfQu\u00e9 es la cirug\u00eda ocular PRK?<\/h3>\n<div class=\"rank-math-answer \">\n\n<p>PRK son las siglas en ingl\u00e9s de queratectom\u00eda fotorrefractiva, un tipo de cirug\u00eda ocular con l\u00e1ser que se utiliza para corregir la miop\u00eda, la hipermetrop\u00eda y el astigmatismo. Durante la intervenci\u00f3n, se retira la capa externa de la c\u00f3rnea y se utiliza un l\u00e1ser para remodelar la c\u00f3rnea y mejorar la visi\u00f3n. La intervenci\u00f3n se realiza con anestesia local y dura unos 10-15 minutos por ojo. La PRK se considera una opci\u00f3n segura y eficaz para muchos pacientes, pero puede requerir un tiempo de cicatrizaci\u00f3n m\u00e1s largo que otros tipos de cirug\u00eda ocular con l\u00e1ser.<\/p>\n\n<\/div>\n<\/div>\n<div id=\"faq-question-1683792907519\" class=\"rank-math-list-item\">\n<h3 class=\"rank-math-question \">\u00bfCu\u00e1l es el tiempo de recuperaci\u00f3n de la cirug\u00eda ocular?<\/h3>\n<div class=\"rank-math-answer \">\n\n<p>El tiempo de recuperaci\u00f3n de la cirug\u00eda ocular puede variar en funci\u00f3n del procedimiento espec\u00edfico, as\u00ed como de factores individuales como la edad y el estado general de salud. En general, sin embargo, la mayor\u00eda de los pacientes pueden esperar un tiempo de recuperaci\u00f3n inicial de entre una y dos semanas para la mayor\u00eda de los tipos de cirug\u00eda ocular general, como la cirug\u00eda de cataratas o la cirug\u00eda del glaucoma. En el caso de la cirug\u00eda ocular con l\u00e1ser, como LASIK o PRK, el tiempo de recuperaci\u00f3n inicial suele ser m\u00e1s corto, normalmente de 2 a 3 d\u00edas. Sin embargo, la recuperaci\u00f3n total puede tardar varias semanas o incluso meses.<br \/>Es importante seguir las instrucciones de cuidados postoperatorios del cirujano y acudir a todas las citas de seguimiento programadas para controlar la recuperaci\u00f3n y lograr el mejor resultado posible.<\/p>\n\n<\/div>\n<\/div>\n<\/div>\n<\/div>\n<h2 class=\"wp-block-heading\" id=\"history\">Historia<\/h2>\n\n<h3 class=\"wp-block-heading\" id=\"breast-surgeries-have-been-documented-for-centuries-although-mostly-on-men\">La cirug\u00eda ocular general est\u00e1 documentada desde hace siglos.<\/h3>\n\n<p>Las antiguas civilizaciones, como la egipcia y la griega, practicaban operaciones oculares para tratar diversas afecciones, como las cataratas y el glaucoma.<\/p>\n\n<p>Durante la Edad Media, los m\u00e9dicos \u00e1rabes desempe\u00f1aron un importante papel en el avance de la oftalmolog\u00eda, aportando t\u00e9cnicas innovadoras para el tratamiento de lesiones y enfermedades oculares.<\/p>\n\n<p>En el siglo XX, la introducci\u00f3n de t\u00e9cnicas quir\u00fargicas y tecnolog\u00eda modernas aport\u00f3 notables mejoras a la cirug\u00eda ocular. La aplicaci\u00f3n de anestesia local permiti\u00f3 realizar intervenciones quir\u00fargicas m\u00e1s seguras y eficaces, mientras que los dispositivos microquir\u00fargicos posibilitaron procedimientos m\u00e1s precisos y complejos.<\/p>\n\n<p>Con la llegada de la tecnolog\u00eda l\u00e1ser en la d\u00e9cada de 1960, el campo de la cirug\u00eda ocular entr\u00f3 en una fase revolucionaria. Los l\u00e1seres permitieron tratamientos a\u00fan m\u00e1s precisos y eficaces, abriendo una amplia gama de cirug\u00edas oculares generales que contin\u00faan hoy en d\u00eda: desde la cirug\u00eda de cataratas a los trasplantes de c\u00f3rnea, pasando por la correcci\u00f3n de la visi\u00f3n con l\u00e1ser.<\/p>\n","protected":false},"excerpt":{"rendered":"<p>Cirug\u00eda ocular general u oftalmolog\u00eda Es una especialidad m\u00e9dica que se ocupa del estudio de la anatom\u00eda, la fisiolog\u00eda y [&hellip;]<\/p>\n","protected":false},"author":4,"featured_media":93132,"parent":0,"menu_order":0,"comment_status":"closed","ping_status":"closed","template":"","meta":{"site-sidebar-layout":"default","site-content-layout":"","ast-site-content-layout":"default","site-content-style":"default","site-sidebar-style":"default","ast-global-header-display":"","ast-banner-title-visibility":"","ast-main-header-display":"","ast-hfb-above-header-display":"","ast-hfb-below-header-display":"","ast-hfb-mobile-header-display":"","site-post-title":"","ast-breadcrumbs-content":"","ast-featured-img":"","footer-sml-layout":"","ast-disable-related-posts":"","theme-transparent-header-meta":"","adv-header-id-meta":"","stick-header-meta":"","header-above-stick-meta":"","header-main-stick-meta":"","header-below-stick-meta":"","astra-migrate-meta-layouts":"default","ast-page-background-enabled":"default","ast-page-background-meta":{"desktop":{"background-color":"var(--ast-global-color-4)","background-image":"","background-repeat":"repeat","background-position":"center center","background-size":"auto","background-attachment":"scroll","background-type":"","background-media":"","overlay-type":"","overlay-color":"","overlay-opacity":"","overlay-gradient":""},"tablet":{"background-color":"","background-image":"","background-repeat":"repeat","background-position":"center center","background-size":"auto","background-attachment":"scroll","background-type":"","background-media":"","overlay-type":"","overlay-color":"","overlay-opacity":"","overlay-gradient":""},"mobile":{"background-color":"","background-image":"","background-repeat":"repeat","background-position":"center center","background-size":"auto","background-attachment":"scroll","background-type":"","background-media":"","overlay-type":"","overlay-color":"","overlay-opacity":"","overlay-gradient":""}},"ast-content-background-meta":{"desktop":{"background-color":"var(--ast-global-color-5)","background-image":"","background-repeat":"repeat","background-position":"center center","background-size":"auto","background-attachment":"scroll","background-type":"","background-media":"","overlay-type":"","overlay-color":"","overlay-opacity":"","overlay-gradient":""},"tablet":{"background-color":"var(--ast-global-color-5)","background-image":"","background-repeat":"repeat","background-position":"center center","background-size":"auto","background-attachment":"scroll","background-type":"","background-media":"","overlay-type":"","overlay-color":"","overlay-opacity":"","overlay-gradient":""},"mobile":{"background-color":"var(--ast-global-color-5)","background-image":"","background-repeat":"repeat","background-position":"center center","background-size":"auto","background-attachment":"scroll","background-type":"","background-media":"","overlay-type":"","overlay-color":"","overlay-opacity":"","overlay-gradient":""}},"footnotes":""},"class_list":["post-145193","page","type-page","status-publish","has-post-thumbnail","hentry"],"_links":{"self":[{"href":"https:\/\/medclinics.com\/es\/wp-json\/wp\/v2\/pages\/145193","targetHints":{"allow":["GET"]}}],"collection":[{"href":"https:\/\/medclinics.com\/es\/wp-json\/wp\/v2\/pages"}],"about":[{"href":"https:\/\/medclinics.com\/es\/wp-json\/wp\/v2\/types\/page"}],"author":[{"embeddable":true,"href":"https:\/\/medclinics.com\/es\/wp-json\/wp\/v2\/users\/4"}],"replies":[{"embeddable":true,"href":"https:\/\/medclinics.com\/es\/wp-json\/wp\/v2\/comments?post=145193"}],"version-history":[{"count":0,"href":"https:\/\/medclinics.com\/es\/wp-json\/wp\/v2\/pages\/145193\/revisions"}],"wp:featuredmedia":[{"embeddable":true,"href":"https:\/\/medclinics.com\/es\/wp-json\/wp\/v2\/media\/93132"}],"wp:attachment":[{"href":"https:\/\/medclinics.com\/es\/wp-json\/wp\/v2\/media?parent=145193"}],"curies":[{"name":"wp","href":"https:\/\/api.w.org\/{rel}","templated":true}]}}