{"id":145135,"date":"2023-11-10T20:51:04","date_gmt":"2023-11-10T17:51:04","guid":{"rendered":"https:\/\/medclinics.com\/trasplante-capilar-para-mujeres\/"},"modified":"2025-01-25T00:36:42","modified_gmt":"2025-01-24T21:36:42","slug":"trasplante-capilar-para-mujeres","status":"publish","type":"page","link":"https:\/\/medclinics.com\/es\/trasplante-capilar-para-mujeres\/","title":{"rendered":"Trasplante capilar para mujeres"},"content":{"rendered":"\n<h2 class=\"wp-block-heading\">El trasplante capilar para la mujer es cada vez m\u00e1s popular.<\/h2>\n\n<p>Mientras que en el pasado casi s\u00f3lo los hombres se somet\u00edan a <a href=\"https:\/\/istanbul-tourist-information.com\/en\/category\/hair\/\" target=\"_blank\" rel=\"noreferrer noopener\">un trasplante capilar<\/a>, hoy en d\u00eda cada vez son m\u00e1s las mujeres que buscan una soluci\u00f3n permanente para la ca\u00edda del cabello.<\/p>\n\n<p>Un hombre calvo puede ser bastante atractivo, pero para las mujeres es muy diferente. El cabello sigue consider\u00e1ndose un s\u00edmbolo de feminidad. Esto empeora a\u00fan m\u00e1s la situaci\u00f3n de las mujeres cuando, con el tiempo, se les cae cada vez m\u00e1s pelo, se forman entradas o la coronilla se hace cada vez m\u00e1s visible.<\/p>\n\n<p>Las estad\u00edsticas dicen que el n\u00famero de trasplantes capilares para mujeres ha aumentado m\u00e1s de un 20% en los \u00faltimos diez a\u00f1os. (Sociedad Internacional de Cirug\u00eda de Restauraci\u00f3n Capilar &#8211; ISHRS).<\/p>\n\n<p>Kad\u0131nlar i\u00e7in sa\u00e7 ekimindeki bu art\u0131\u015f, k\u0131smen sa\u00e7 ekiminin artan kabul\u00fcn\u00fcn yan\u0131 s\u0131ra s\u00fcrekli geli\u015fen teknolojiden kaynaklanmaktad\u0131r.<br\/><a href=\"https:\/\/medclinics.com\/es\/trasplante-capilar-fue\/\" data-type=\"page\" data-id=\"80085\" target=\"_blank\" rel=\"noreferrer noopener\">FUE<\/a>, <a href=\"https:\/\/medclinics.com\/fue-sapphire-hair-transplant\/\" data-type=\"page\" data-id=\"80109\" target=\"_blank\" rel=\"noreferrer noopener\">FUE Sapphire<\/a> veya <a href=\"https:\/\/medclinics.com\/es\/trasplante-capilar-dhi\/\" data-type=\"page\" data-id=\"80131\">DHI<\/a> gibi sa\u00e7 ekimi i\u00e7in t\u00fcm yayg\u0131n teknikler kad\u0131nlarda da kullan\u0131labilir. El trasplante capilar sin afeitado es especialmente popular.<\/p>\n\n<h3 class=\"wp-block-heading\">Todo lo que necesita saber sobre <a href=\"https:\/\/medclinics.com\/es\/trasplante-capilar\/\" target=\"_blank\" rel=\"noreferrer noopener\">las cirug\u00edas de trasplante capilar<\/a>, incluido el precio, los cuidados postoperatorios y el proceso de cicatrizaci\u00f3n, o p\u00f3ngase <a href=\"#requestform\">en contacto con nosotros<\/a>.<\/h3>\n\n<figure class=\"wp-block-image size-large\"><img fetchpriority=\"high\" decoding=\"async\" width=\"1440\" height=\"470\" src=\"https:\/\/medclinics.com\/wp-content\/uploads\/2023\/02\/Regenera-Activa-Hair-Treatment-istanbul-in-istanbul.jpg\" alt=\"Trasplante capilar para mujer en Estambul en Turqu&#xED;a\" class=\"wp-image-53881\" srcset=\"https:\/\/medclinics.com\/wp-content\/uploads\/2023\/02\/Regenera-Activa-Hair-Treatment-istanbul-in-istanbul.jpg 1440w, https:\/\/medclinics.com\/wp-content\/uploads\/2023\/02\/Regenera-Activa-Hair-Treatment-istanbul-in-istanbul-500x163.jpg 500w, https:\/\/medclinics.com\/wp-content\/uploads\/2023\/02\/Regenera-Activa-Hair-Treatment-istanbul-in-istanbul-1024x334.jpg 1024w, https:\/\/medclinics.com\/wp-content\/uploads\/2023\/02\/Regenera-Activa-Hair-Treatment-istanbul-in-istanbul-768x251.jpg 768w\" sizes=\"(max-width: 1440px) 100vw, 1440px\" \/><\/figure>\n\n<h2 class=\"wp-block-heading\">PREGUNTAS FRECUENTES  <\/h2>\n<div id=\"rank-math-faq\" class=\"rank-math-block\">\n<div class=\"rank-math-list \">\n<div id=\"faq-question-1683391548998\" class=\"rank-math-list-item\">\n<h3 class=\"rank-math-question \">\u00bfLas mujeres tambi\u00e9n pueden someterse a un trasplante capilar?<\/h3>\n<div class=\"rank-math-answer \">\n\n<p>El trasplante capilar femenino tambi\u00e9n puede realizarse como el masculino. Las t\u00e9cnicas son las mismas.  <\/p>\n\n<\/div>\n<\/div>\n<div id=\"faq-question-1683391585179\" class=\"rank-math-list-item\">\n<h3 class=\"rank-math-question \">\u00bfHay que afeitarse el pelo cuando se hace un trasplante capilar para mujeres?  <\/h3>\n<div class=\"rank-math-answer \">\n\n<p>Por regla general, durante un trasplante capilar se afeita la cabeza. Sin embargo, ahora tambi\u00e9n existen nuevos m\u00e9todos que permiten el trasplante sin afeitado completo. En el trasplante capilar para mujeres, a menudo se prefiere esta opci\u00f3n.<\/p>\n\n<\/div>\n<\/div>\n<div id=\"faq-question-1683391788739\" class=\"rank-math-list-item\">\n<h3 class=\"rank-math-question \">\u00bfEl trasplante capilar sin afeitado es m\u00e1s caro que los m\u00e9todos cl\u00e1sicos de trasplante capilar? <\/h3>\n<div class=\"rank-math-answer \">\n\n<p>No, el precio es el mismo, ya que se utilizan las mismas t\u00e9cnicas. S\u00f3lo si elige el trasplante capilar sin afeitado, habr\u00e1 una diferencia de precio, ya que esta t\u00e9cnica requiere m\u00e1s experiencia del m\u00e9dico y lleva m\u00e1s tiempo.  <\/p>\n\n<\/div>\n<\/div>\n<div id=\"faq-question-1683392049787\" class=\"rank-math-list-item\">\n<h3 class=\"rank-math-question \">\u00bfCu\u00e1ndo es preferible un trasplante capilar sin afeitado?<\/h3>\n<div class=\"rank-math-answer \">\n\n<p>Esta t\u00e9cnica suele emplearse cuando s\u00f3lo hay que tratar una peque\u00f1a porci\u00f3n del cuero cabelludo, como el nacimiento del pelo o la coronilla.<\/p>\n\n<\/div>\n<\/div>\n<\/div>\n<\/div>\n<p><\/p>\n\n<h3 class=\"wp-block-heading\">P\u00f3ngase en contacto con nosotros si tiene alguna pregunta.<\/h3>\n","protected":false},"excerpt":{"rendered":"<p>El trasplante capilar para la mujer es cada vez m\u00e1s popular. Mientras que en el pasado casi s\u00f3lo los hombres [&hellip;]<\/p>\n","protected":false},"author":4,"featured_media":91862,"parent":0,"menu_order":0,"comment_status":"closed","ping_status":"closed","template":"","meta":{"site-sidebar-layout":"default","site-content-layout":"","ast-site-content-layout":"default","site-content-style":"default","site-sidebar-style":"default","ast-global-header-display":"","ast-banner-title-visibility":"","ast-main-header-display":"","ast-hfb-above-header-display":"","ast-hfb-below-header-display":"","ast-hfb-mobile-header-display":"","site-post-title":"","ast-breadcrumbs-content":"","ast-featured-img":"","footer-sml-layout":"","ast-disable-related-posts":"","theme-transparent-header-meta":"","adv-header-id-meta":"","stick-header-meta":"","header-above-stick-meta":"","header-main-stick-meta":"","header-below-stick-meta":"","astra-migrate-meta-layouts":"default","ast-page-background-enabled":"default","ast-page-background-meta":{"desktop":{"background-color":"var(--ast-global-color-4)","background-image":"","background-repeat":"repeat","background-position":"center center","background-size":"auto","background-attachment":"scroll","background-type":"","background-media":"","overlay-type":"","overlay-color":"","overlay-opacity":"","overlay-gradient":""},"tablet":{"background-color":"","background-image":"","background-repeat":"repeat","background-position":"center center","background-size":"auto","background-attachment":"scroll","background-type":"","background-media":"","overlay-type":"","overlay-color":"","overlay-opacity":"","overlay-gradient":""},"mobile":{"background-color":"","background-image":"","background-repeat":"repeat","background-position":"center center","background-size":"auto","background-attachment":"scroll","background-type":"","background-media":"","overlay-type":"","overlay-color":"","overlay-opacity":"","overlay-gradient":""}},"ast-content-background-meta":{"desktop":{"background-color":"var(--ast-global-color-5)","background-image":"","background-repeat":"repeat","background-position":"center center","background-size":"auto","background-attachment":"scroll","background-type":"","background-media":"","overlay-type":"","overlay-color":"","overlay-opacity":"","overlay-gradient":""},"tablet":{"background-color":"var(--ast-global-color-5)","background-image":"","background-repeat":"repeat","background-position":"center center","background-size":"auto","background-attachment":"scroll","background-type":"","background-media":"","overlay-type":"","overlay-color":"","overlay-opacity":"","overlay-gradient":""},"mobile":{"background-color":"var(--ast-global-color-5)","background-image":"","background-repeat":"repeat","background-position":"center center","background-size":"auto","background-attachment":"scroll","background-type":"","background-media":"","overlay-type":"","overlay-color":"","overlay-opacity":"","overlay-gradient":""}},"footnotes":""},"class_list":["post-145135","page","type-page","status-publish","has-post-thumbnail","hentry"],"_links":{"self":[{"href":"https:\/\/medclinics.com\/es\/wp-json\/wp\/v2\/pages\/145135","targetHints":{"allow":["GET"]}}],"collection":[{"href":"https:\/\/medclinics.com\/es\/wp-json\/wp\/v2\/pages"}],"about":[{"href":"https:\/\/medclinics.com\/es\/wp-json\/wp\/v2\/types\/page"}],"author":[{"embeddable":true,"href":"https:\/\/medclinics.com\/es\/wp-json\/wp\/v2\/users\/4"}],"replies":[{"embeddable":true,"href":"https:\/\/medclinics.com\/es\/wp-json\/wp\/v2\/comments?post=145135"}],"version-history":[{"count":0,"href":"https:\/\/medclinics.com\/es\/wp-json\/wp\/v2\/pages\/145135\/revisions"}],"wp:featuredmedia":[{"embeddable":true,"href":"https:\/\/medclinics.com\/es\/wp-json\/wp\/v2\/media\/91862"}],"wp:attachment":[{"href":"https:\/\/medclinics.com\/es\/wp-json\/wp\/v2\/media?parent=145135"}],"curies":[{"name":"wp","href":"https:\/\/api.w.org\/{rel}","templated":true}]}}