{"id":145123,"date":"2023-11-30T20:20:00","date_gmt":"2023-11-30T17:20:00","guid":{"rendered":"https:\/\/medclinics.com\/trasplante-capilar-sin-afeitado\/"},"modified":"2025-01-26T23:28:57","modified_gmt":"2025-01-26T20:28:57","slug":"trasplante-capilar-sin-afeitado","status":"publish","type":"page","link":"https:\/\/medclinics.com\/es\/trasplante-capilar-sin-afeitado\/","title":{"rendered":"Trasplante capilar sin afeitado"},"content":{"rendered":"\n<h2 class=\"wp-block-heading\">El trasplante capilar sin afeitado, tambi\u00e9n conocido como trasplante capilar sin afeitado, es muy popular, especialmente entre las mujeres.<\/h2>\n\n<p>\u00bfQu\u00e9 mujer quiere ir por ah\u00ed calva, aunque s\u00f3lo sea temporalmente?<\/p>\n\n<p>Normalmente, un <a href=\"https:\/\/istanbul-tourist-information.com\/en\/category\/hair\/\" target=\"_blank\" rel=\"noreferrer noopener\">trasplante capilar<\/a> implica afeitarse toda la cabeza. Esto se hace para que el m\u00e9dico tenga mejor acceso a los fol\u00edculos pilosos y tambi\u00e9n a la zona receptora.<\/p>\n\n<p>En el trasplante capilar sin afeitado, s\u00f3lo se acorta el pelo de la zona donante a una longitud determinada para que el cirujano tenga acceso a los fol\u00edculos pilosos. La zona receptora no se afeita en absoluto.<\/p>\n\n<p>Esta t\u00e9cnica suele emplearse cuando s\u00f3lo hay que tratar una peque\u00f1a porci\u00f3n del cuero cabelludo, como el nacimiento del pelo o la coronilla.<\/p>\n\n<p>En este caso, se suele utilizar el m\u00e9todo FUE como m\u00e9todo de trasplante.<\/p>\n\n<p>El trasplante capilar sin afeitado lleva m\u00e1s tiempo que con, porque el cirujano tiene que acortar y extraer cuidadosamente los fol\u00edculos pilosos, preservando al mismo tiempo el pelo existente en la zona donante.<\/p>\n\n<p>Tras un trasplante sin rasurado, puede aparecer una costra temporal. Tambi\u00e9n cabe esperar hinchaz\u00f3n y enrojecimiento.<br\/>Sin embargo, en general, el tiempo de recuperaci\u00f3n es m\u00e1s corto que con el trasplante capilar normal.<\/p>\n\n<h3 class=\"wp-block-heading\">Todo lo que necesita saber sobre <a href=\"https:\/\/medclinics.com\/es\/trasplante-capilar\/\" target=\"_blank\" rel=\"noreferrer noopener\">las cirug\u00edas de trasplante capilar<\/a>, incluido el precio, los cuidados postoperatorios y el proceso de cicatrizaci\u00f3n, o p\u00f3ngase <a href=\"#requestform\">en contacto con nosotros<\/a>.<\/h3>\n\n<figure class=\"wp-block-image size-full is-resized\"><img fetchpriority=\"high\" decoding=\"async\" width=\"711\" height=\"400\" src=\"https:\/\/medclinics.com\/wp-content\/uploads\/2023\/10\/hair-transplant-without-shaving-near-me-edited.jpg\" alt=\"Trasplante capilar sin afeitado\" class=\"wp-image-116039\" style=\"object-fit:cover;width:960px;height:540px\" srcset=\"https:\/\/medclinics.com\/wp-content\/uploads\/2023\/10\/hair-transplant-without-shaving-near-me-edited.jpg 711w, https:\/\/medclinics.com\/wp-content\/uploads\/2023\/10\/hair-transplant-without-shaving-near-me-edited-500x281.jpg 500w, https:\/\/medclinics.com\/wp-content\/uploads\/2023\/10\/hair-transplant-without-shaving-near-me-edited-24x14.jpg 24w, https:\/\/medclinics.com\/wp-content\/uploads\/2023\/10\/hair-transplant-without-shaving-near-me-edited-36x20.jpg 36w, https:\/\/medclinics.com\/wp-content\/uploads\/2023\/10\/hair-transplant-without-shaving-near-me-edited-48x27.jpg 48w\" sizes=\"(max-width: 711px) 100vw, 711px\" \/><\/figure>\n\n<h2 class=\"wp-block-heading\">PREGUNTAS FRECUENTES  <\/h2>\n<div id=\"rank-math-faq\" class=\"rank-math-block\">\n<div class=\"rank-math-list \">\n<div id=\"faq-question-1683391548998\" class=\"rank-math-list-item\">\n<h3 class=\"rank-math-question \">\u00bfC\u00f3mo se realiza el trasplante capilar sin afeitado?<\/h3>\n<div class=\"rank-math-answer \">\n\n<p>Con el trasplante capilar sin afeitado, s\u00f3lo es necesario recortar la zona donante a una longitud determinada. La zona receptora no se afeita en absoluto. Este m\u00e9todo requiere mucha experiencia.<\/p>\n\n<\/div>\n<\/div>\n<div id=\"faq-question-1683391585179\" class=\"rank-math-list-item\">\n<h3 class=\"rank-math-question \">\u00bfSe utiliza el m\u00e9todo de trasplante capilar sin afeitado?<\/h3>\n<div class=\"rank-math-answer \">\n\n<p>Por lo general, la t\u00e9cnica FUE se utiliza para el trasplante capilar sin afeitado.<\/p>\n\n<\/div>\n<\/div>\n<div id=\"faq-question-1683391788739\" class=\"rank-math-list-item\">\n<h3 class=\"rank-math-question \">\u00bfEl trasplante capilar sin afeitado es m\u00e1s caro que los m\u00e9todos cl\u00e1sicos de trasplante capilar?  <\/h3>\n<div class=\"rank-math-answer \">\n\n<p>En general, la t\u00e9cnica de trasplante capilar sin afeitado puede resultar m\u00e1s cara que las t\u00e9cnicas tradicionales de trasplante capilar debido al tiempo y esfuerzo adicionales necesarios para realizar el procedimiento sin afeitar toda la cabeza.  <\/p>\n\n<\/div>\n<\/div>\n<div id=\"faq-question-1683392049787\" class=\"rank-math-list-item\">\n<h3 class=\"rank-math-question \">\u00bfCu\u00e1ndo es preferible un trasplante capilar sin afeitado?<\/h3>\n<div class=\"rank-math-answer \">\n\n<p>Esta t\u00e9cnica suele emplearse cuando s\u00f3lo hay que tratar una peque\u00f1a porci\u00f3n del cuero cabelludo, como el nacimiento del pelo o la coronilla.<\/p>\n\n<\/div>\n<\/div>\n<\/div>\n<\/div>\n<p><\/p>\n\n<h3 class=\"wp-block-heading\">P\u00f3ngase en contacto con nosotros si tiene alguna pregunta.<\/h3>\n","protected":false},"excerpt":{"rendered":"<p>El trasplante capilar sin afeitado, tambi\u00e9n conocido como trasplante capilar sin afeitado, es muy popular, especialmente entre las mujeres. \u00bfQu\u00e9 [&hellip;]<\/p>\n","protected":false},"author":4,"featured_media":91876,"parent":0,"menu_order":0,"comment_status":"closed","ping_status":"closed","template":"","meta":{"site-sidebar-layout":"default","site-content-layout":"","ast-site-content-layout":"default","site-content-style":"default","site-sidebar-style":"default","ast-global-header-display":"","ast-banner-title-visibility":"","ast-main-header-display":"","ast-hfb-above-header-display":"","ast-hfb-below-header-display":"","ast-hfb-mobile-header-display":"","site-post-title":"","ast-breadcrumbs-content":"","ast-featured-img":"","footer-sml-layout":"","ast-disable-related-posts":"","theme-transparent-header-meta":"","adv-header-id-meta":"","stick-header-meta":"","header-above-stick-meta":"","header-main-stick-meta":"","header-below-stick-meta":"","astra-migrate-meta-layouts":"default","ast-page-background-enabled":"default","ast-page-background-meta":{"desktop":{"background-color":"var(--ast-global-color-4)","background-image":"","background-repeat":"repeat","background-position":"center center","background-size":"auto","background-attachment":"scroll","background-type":"","background-media":"","overlay-type":"","overlay-color":"","overlay-opacity":"","overlay-gradient":""},"tablet":{"background-color":"","background-image":"","background-repeat":"repeat","background-position":"center center","background-size":"auto","background-attachment":"scroll","background-type":"","background-media":"","overlay-type":"","overlay-color":"","overlay-opacity":"","overlay-gradient":""},"mobile":{"background-color":"","background-image":"","background-repeat":"repeat","background-position":"center center","background-size":"auto","background-attachment":"scroll","background-type":"","background-media":"","overlay-type":"","overlay-color":"","overlay-opacity":"","overlay-gradient":""}},"ast-content-background-meta":{"desktop":{"background-color":"var(--ast-global-color-5)","background-image":"","background-repeat":"repeat","background-position":"center center","background-size":"auto","background-attachment":"scroll","background-type":"","background-media":"","overlay-type":"","overlay-color":"","overlay-opacity":"","overlay-gradient":""},"tablet":{"background-color":"var(--ast-global-color-5)","background-image":"","background-repeat":"repeat","background-position":"center center","background-size":"auto","background-attachment":"scroll","background-type":"","background-media":"","overlay-type":"","overlay-color":"","overlay-opacity":"","overlay-gradient":""},"mobile":{"background-color":"var(--ast-global-color-5)","background-image":"","background-repeat":"repeat","background-position":"center center","background-size":"auto","background-attachment":"scroll","background-type":"","background-media":"","overlay-type":"","overlay-color":"","overlay-opacity":"","overlay-gradient":""}},"footnotes":""},"class_list":["post-145123","page","type-page","status-publish","has-post-thumbnail","hentry"],"_links":{"self":[{"href":"https:\/\/medclinics.com\/es\/wp-json\/wp\/v2\/pages\/145123","targetHints":{"allow":["GET"]}}],"collection":[{"href":"https:\/\/medclinics.com\/es\/wp-json\/wp\/v2\/pages"}],"about":[{"href":"https:\/\/medclinics.com\/es\/wp-json\/wp\/v2\/types\/page"}],"author":[{"embeddable":true,"href":"https:\/\/medclinics.com\/es\/wp-json\/wp\/v2\/users\/4"}],"replies":[{"embeddable":true,"href":"https:\/\/medclinics.com\/es\/wp-json\/wp\/v2\/comments?post=145123"}],"version-history":[{"count":0,"href":"https:\/\/medclinics.com\/es\/wp-json\/wp\/v2\/pages\/145123\/revisions"}],"wp:featuredmedia":[{"embeddable":true,"href":"https:\/\/medclinics.com\/es\/wp-json\/wp\/v2\/media\/91876"}],"wp:attachment":[{"href":"https:\/\/medclinics.com\/es\/wp-json\/wp\/v2\/media?parent=145123"}],"curies":[{"name":"wp","href":"https:\/\/api.w.org\/{rel}","templated":true}]}}