{"id":145093,"date":"2023-05-08T17:16:29","date_gmt":"2023-05-08T14:16:29","guid":{"rendered":"https:\/\/medclinics.com\/trasplante-capilar-fue-sapphire\/"},"modified":"2025-01-03T00:02:02","modified_gmt":"2025-01-02T21:02:02","slug":"trasplante-capilar-fue-sapphire","status":"publish","type":"page","link":"https:\/\/medclinics.com\/es\/trasplante-capilar-fue-sapphire\/","title":{"rendered":"Trasplante capilar Sapphire FUE | Mejores cl\u00ednicas, precios y m\u00e1s"},"content":{"rendered":"\n<h2 class=\"wp-block-heading\" id=\"if-youre-looking-for-a-sapphire-fue-hair-transplant-youre-in-right-hands-with-med-clinics\">Si est\u00e1 buscando un trasplante capilar Sapphire FUE , \u00a1est\u00e1 en buenas manos con MedClinics!<\/h2>\n\n<p>Esta es una gu\u00eda completa para todas sus necesidades. Aqu\u00ed podr\u00e1 comparar f\u00e1cilmente los procedimientos de trasplante capilar Sapphire FUE, las cl\u00ednicas, los costes, las ventajas y mucho m\u00e1s. Aprenda lo que quiera.  <\/p>\n\n<div class=\"wp-block-rank-math-toc-block\" id=\"rank-math-toc\"><h2>Tabla de contenidos<\/h2><nav><ul><li><a href=\"#high-tech-fue-hair-transplantation\">Trasplante capilar FUE de alta tecnolog\u00eda<\/a><\/li><li><a href=\"#stage-of-sapphire-fue-hair-transplantation\">Etapa del trasplante capilar Sapphire FUE<\/a><\/li><li><a href=\"#the-advantages-of-the-sapphire-fue-hair-transplantation-method\">Las ventajas del m\u00e9todo de trasplante capilar Sapphire FUE<\/a><\/li><li><a href=\"#why-should-you-prefer-istanbul-turkey-for-your-sapphire-fue-hair-transplantation\">\u00bfPor qu\u00e9 deber\u00eda preferir Estambul, Turqu\u00eda, para su trasplante capilar Sapphire FUE?<\/a><\/li><li><a href=\"#prices-compared-to-other-countries-2024\">Precios comparados con otros pa\u00edses, 2023<\/a><\/li><li><a href=\"#what-you-need-to-know-before-you-decide-for-a-sapphire-fue-hair-transplantation\">\u00bfQu\u00e9 debe saber antes de decidirse por un trasplante capilar Sapphire FUE?<\/a><\/li><li><a href=\"#faq\">PREGUNTAS FRECUENTES<\/a><\/li><\/ul><\/nav><\/div>\n\n<p><\/p>\n\n<figure class=\"wp-block-image size-large\"><img fetchpriority=\"high\" decoding=\"async\" width=\"1440\" height=\"470\" src=\"https:\/\/medclinics.com\/wp-content\/uploads\/2023\/04\/hair-transplant-in-istanbul.jpg\" alt=\"trasplante capilar zafiro FUE en estambul\" class=\"wp-image-53360\" srcset=\"https:\/\/medclinics.com\/wp-content\/uploads\/2023\/04\/hair-transplant-in-istanbul.jpg 1440w, https:\/\/medclinics.com\/wp-content\/uploads\/2023\/04\/hair-transplant-in-istanbul-500x163.jpg 500w, https:\/\/medclinics.com\/wp-content\/uploads\/2023\/04\/hair-transplant-in-istanbul-1024x334.jpg 1024w, https:\/\/medclinics.com\/wp-content\/uploads\/2023\/04\/hair-transplant-in-istanbul-768x251.jpg 768w\" sizes=\"(max-width: 1440px) 100vw, 1440px\" \/><\/figure>\n\n<h2 class=\"wp-block-heading\" id=\"high-tech-fue-hair-transplantation\">Trasplante capilar FUE de alta tecnolog\u00eda<\/h2>\n\n<p>Hay muchos factores que provocan la ca\u00edda del cabello. Pueden ser gen\u00e9ticos o ambientales. Por este motivo, el inter\u00e9s por <a href=\"https:\/\/hairtransplant.gen.tr\/\" target=\"_blank\" rel=\"noopener\">el trasplante cap<\/a>ilar es cada vez mayor. Con el desarrollo de la tecnolog\u00eda, se encuentran muchos m\u00e9todos de trasplante capilar. El m\u00e9todo FUE es la t\u00e9cnica de trasplante capilar m\u00e1s avanzada en la actualidad. Proporciona resultados de aspecto natural. Con el m\u00e9todo Sapphire FUE se consigue un mayor porcentaje de \u00e9xito. Utiliza un dispositivo especial con una punta de zafiro.        <\/p>\n\n<p>El trasplante capilar FUE utiliza cuchillas de acero. Los trasplantes FUE de zafiro utilizan cuchillas de zafiro. Las de zafiro son especialmente \u00fatiles para realizar incisiones en la zona receptora. Esta es la diferencia entre el trasplante capilar FUE y Sapphire FUE. Las cuchillas abren peque\u00f1os microcanales en la zona donde se realizan los injertos. Esto acelera el proceso de cicatrizaci\u00f3n y minimiza la formaci\u00f3n de costras.      <\/p>\n\n<h2 class=\"wp-block-heading\" id=\"stage-of-sapphire-fue-hair-transplantation\">Etapa del trasplante capilar Sapphire FUE<\/h2>\n\n<p>En la t\u00e9cnica Zafiro, los fol\u00edculos pilosos se extraen de la zona donante. Esta zona suele ser la parte posterior de la cabeza. A continuaci\u00f3n se realizan incisiones en forma de V con cuchillas de zafiro. Aqu\u00ed se trasplantan los fol\u00edculos pilosos uno a uno.   <\/p>\n\n<p>La reserva de pelo en la zona donante es lo que m\u00e1s afecta al resultado. Si la p\u00e9rdida de cabello es grave, la Sapphire FUE puede ser muy eficaz. No obstante, debe esperar resultados realistas en funci\u00f3n del pelo de su zona donante.  <\/p>\n\n<h2 class=\"wp-block-heading\" id=\"the-advantages-of-the-sapphire-fue-hair-transplantation-method\">Las ventajas del m\u00e9todo de trasplante capilar Sapphire FUE<\/h2>\n\n<p>Las hojas de zafiro son resistentes y suaves. Por eso, los cortes realizados con la hoja de zafiro son casi perfectos. Los m\u00e9dicos pueden cortar con m\u00e1s frecuencia. Porque las hojas de zafiro tienen puntas en forma de V. Estas aseguran:    <\/p>\n\n<ul class=\"wp-block-list\">\n<li>Da\u00f1os m\u00ednimos en los tejidos<\/li>\n\n\n\n<li>Curaci\u00f3n r\u00e1pida<\/li>\n\n\n\n<li>Resultados m\u00e1s naturales<\/li>\n\n\n\n<li>Beneficioso para las personas con alergias (por ejemplo, alergias a los metales)<\/li>\n\n\n\n<li>La direcci\u00f3n del pelo se puede ajustar f\u00e1cilmente<\/li>\n<\/ul>\n\n<figure class=\"wp-block-image size-full is-resized\"><img decoding=\"async\" width=\"780\" height=\"488\" src=\"https:\/\/medclinics.com\/wp-content\/uploads\/2024\/04\/sapphire-fue-hair-transplant-clinics.jpg\" alt=\"cl&#xED;nicas de trasplante capilar sapphire fue\" class=\"wp-image-163046\" style=\"width:900px;height:auto\" srcset=\"https:\/\/medclinics.com\/wp-content\/uploads\/2024\/04\/sapphire-fue-hair-transplant-clinics.jpg 780w, https:\/\/medclinics.com\/wp-content\/uploads\/2024\/04\/sapphire-fue-hair-transplant-clinics-300x188.jpg 300w, https:\/\/medclinics.com\/wp-content\/uploads\/2024\/04\/sapphire-fue-hair-transplant-clinics-768x480.jpg 768w\" sizes=\"(max-width: 780px) 100vw, 780px\" \/><\/figure>\n\n<h2 class=\"wp-block-heading\" id=\"why-should-you-prefer-istanbul-turkey-for-your-sapphire-fue-hair-transplantation\">\u00bfPor qu\u00e9 deber\u00eda preferir Estambul, Turqu\u00eda, para su trasplante capilar Sapphire FUE?<\/h2>\n\n<p>Si visita Estambul (Turqu\u00eda), probablemente conocer\u00e1 a muchas personas con trasplantes capilares en el avi\u00f3n. La ciudad es popular para el tratamiento de la ca\u00edda del cabello.  Pero, \u00bfpor qu\u00e9?<\/p>\n\n<p>En primer lugar, Sapphire FUE Hair tranplant Turqu\u00eda los precios son m\u00e1s bajos que otros pa\u00edses. Especialmente los occidentales son m\u00e1s caros que Turqu\u00eda. Por eso la gente lo elige.  <\/p>\n\n<p>Las cl\u00ednicas de trasplante capilar de Estambul, Turqu\u00eda, se han hecho un nombre en este sector. Ofrecen equipos de alta calidad, m\u00e9dico experimentado y cualificado, personal m\u00e9dico amable, servicios de transporte y mucho m\u00e1s. <\/p>\n\n<p>Los m\u00e9dicos turcos escuchar\u00e1n atentamente sus deseos. Puede realizar consultas en l\u00ednea f\u00e1cilmente y plantearles sus preguntas. Ellos elaboran un plan de tratamiento adecuado a sus necesidades.   <\/p>\n\n<p>La comunicaci\u00f3n ya no es una barrera. En las cl\u00ednicas de trasplante capilar de Estambul hay personal m\u00e9dico multiling\u00fce. Adem\u00e1s, en Turqu\u00eda es m\u00e1s f\u00e1cil conseguir citas que en otros pa\u00edses.  <\/p>\n\n<p>\u00bfTodav\u00eda no ha concertado una cita para su tratamiento de trasplante capilar Sapphire FUE en Estambul? \u00a1P\u00f3ngase en contacto con nosotros y ent\u00e9rese de todo! <\/p>\n\n<h2 class=\"wp-block-heading\" id=\"prices-compared-to-other-countries-2024\">Precios comparados con otros pa\u00edses, 2023<\/h2>\n\n<figure class=\"wp-block-table is-style-stripes\"><table class=\"has-black-color has-text-color has-background\" style=\"background-color:#e1ecf3\"><thead><tr><th>Trasplante capilar<\/th><th class=\"has-text-align-center\" data-align=\"center\">Coste del trasplante capilar en Turqu\u00eda<\/th><th class=\"has-text-align-center\" data-align=\"center\">Coste del trasplante capilar en Berl\u00edn<\/th><th class=\"has-text-align-center\" data-align=\"center\">Coste del trasplante capilar en el Reino Unido<\/th><th class=\"has-text-align-center\" data-align=\"center\">Coste del trasplante capilar en EE.UU.<\/th><th class=\"has-text-align-center\" data-align=\"center\">Coste del trasplante capilar en Holanda<\/th><\/tr><\/thead><tbody><tr><td>Trasplante capilar<\/td><td class=\"has-text-align-center\" data-align=\"center\">a partir de <br\/>1.700<\/td><td class=\"has-text-align-center\" data-align=\"center\">a partir de<br\/>7.000<\/td><td class=\"has-text-align-center\" data-align=\"center\">a partir de<br\/>10.000<\/td><td class=\"has-text-align-center\" data-align=\"center\">a partir de<br\/>12.500<\/td><td class=\"has-text-align-center\" data-align=\"center\">a partir de<br\/>4000\u20ac.<\/td><\/tr><\/tbody><\/table><\/figure>\n\n<h2 class=\"wp-block-heading\" id=\"what-you-need-to-know-before-you-decide-for-a-sapphire-fue-hair-transplantation\">\u00bfQu\u00e9 debe saber antes de decidirse por un trasplante capilar Sapphire FUE?<\/h2>\n\n<ul class=\"wp-block-list\">\n<li>Se utilizan puntas de zafiro de diferentes tama\u00f1os. De este modo se abren canales con el di\u00e1metro m\u00e1s pr\u00f3ximo a los fol\u00edculos pilosos que se van a injertar. <\/li>\n\n\n\n<li>Si dispone de suficientes fol\u00edculos pilosos en la zona donante y tiene entre 20 y 60 a\u00f1os, puede someterse a este tratamiento contra la ca\u00edda del cabello.<\/li>\n\n\n\n<li>El trasplante capilar Sapphire FUE es un m\u00e9todo habitual para la p\u00e9rdida de cabello severa y generalizada.<\/li>\n\n\n\n<li>Es una soluci\u00f3n permanente para la fisura temporal, el retroceso de cabello, la fisura en la coronilla o la divisi\u00f3n en la coronilla.<\/li>\n\n\n\n<li>Si est\u00e1 buscando una cl\u00ednica de confianza, puede elegir Estambul, Turqu\u00eda, para ello. Hay muchos m\u00e9dicos con experiencia para el trasplante de cabello FUE Sapphire en Estambul.  <\/li>\n\n\n\n<li>Tambi\u00e9n puede leer nuestros blogs sobre <a href=\"https:\/\/medclinics.com\/es\/las-mejores-clinicas-de-trasplante-capilar-en-alemania-cirujanos-y-precios\/\">trasplante capilar en Alemania<\/a>, <a href=\"https:\/\/medclinics.com\/es\/las-mejores-clinicas-de-trasplante-capilar-en-hungria-budapest-cirujanos-y-precios\/\">Hungr\u00eda<\/a>, <a href=\"https:\/\/medclinics.com\/es\/las-mejores-clinicas-de-trasplante-capilar-en-la-republica-checa-cirujanos-y-precios\/\">Rep\u00fablica Checa<\/a>, <a href=\"https:\/\/medclinics.com\/es\/las-mejores-clinicas-de-trasplante-capilar-en-tailandia-cirujanos-y-precios\/\">Tailandia<\/a> y <a href=\"https:\/\/medclinics.com\/es\/las-mejores-clinicas-de-trasplante-capilar-en-holanda-los-5-mejores-paises-precios-y-mas\/\">Pa\u00edses Bajos<\/a>. As\u00ed podr\u00e1 compararlos f\u00e1cilmente. <\/li>\n\n\n\n<li>2 &#8211; 3 meses despu\u00e9s del trasplante capilar FUE Sapphire, el pelo vuelve a salir y comienza a crecer. El nuevo cabello crecer\u00e1 de forma permanente en 5 meses y podr\u00e1 afeitarse al cabo de 1 a\u00f1o. <\/li>\n\n\n\n<li>En comparaci\u00f3n con el m\u00e9todo FUE est\u00e1ndar, el trasplante capilar Sapphire FUE garantiza un crecimiento capilar un 15% m\u00e1s r\u00e1pido y un 30% m\u00e1s de cabello.<\/li>\n\n\n\n<li>Los precios de los trasplantes capilares Sapphire FUE suelen ser inferiores a los de otros pa\u00edses. Los m\u00e9dicos turcos especializados en trasplantes capilares han creado sus propias marcas en este \u00e1mbito. Garantizan est\u00e1ndares de alta calidad.  <\/li>\n<\/ul>\n\n<p>Todo lo que necesita saber sobre <a href=\"https:\/\/medclinics.com\/es\/trasplante-capilar\/\" target=\"_blank\" rel=\"noreferrer noopener\">las cirug\u00edas de trasplante capilar<\/a>, incluido el precio, los cuidados postoperatorios y el proceso de cicatrizaci\u00f3n, o p\u00f3ngase <a href=\"#requestform\">en contacto con nosotros<\/a>.<\/p>\n\n<h2 class=\"wp-block-heading\" id=\"faq\">PREGUNTAS FRECUENTES <\/h2>\n<div id=\"rank-math-faq\" class=\"rank-math-block\">\n<div class=\"rank-math-list \">\n<div id=\"faq-question-1683391548998\" class=\"rank-math-list-item\">\n<h3 class=\"rank-math-question \">\u00bfQu\u00e9 es el m\u00e9todo FUE?<\/h3>\n<div class=\"rank-math-answer \">\n\n<p>La FUE se conoce como extracci\u00f3n de unidades foliculares. El m\u00e9todo preferido para el trasplante capilar. Con esta t\u00e9cnica, los injertos de la zona donante se recogen individualmente. A continuaci\u00f3n, se abren los canales para el futuro cabello. Y los cabellos se trasplantan a la zona receptora uno a uno.   Esta t\u00e9cnica permite tomar la mayor cantidad de cabello donante y minimizar el porcentaje de rechazos al extraer los injertos.  <\/p>\n\n<\/div>\n<\/div>\n<div id=\"faq-question-1683391585179\" class=\"rank-math-list-item\">\n<h3 class=\"rank-math-question \">\u00bfEs doloroso el trasplante capilar con el m\u00e9todo FUE?<\/h3>\n<div class=\"rank-math-answer \">\n\n<p>No. La t\u00e9cnica FUE es indolora. Como el procedimiento se realiza con anestesia local, no sentir\u00e1 ning\u00fan dolor durante la operaci\u00f3n. No obstante, es posible que sienta un ligero dolor los primeros d\u00edas despu\u00e9s de la intervenci\u00f3n, que puede tratarse f\u00e1cilmente con analg\u00e9sicos normales.<\/p>\n\n<\/div>\n<\/div>\n<div id=\"faq-question-1683391788739\" class=\"rank-math-list-item\">\n<h3 class=\"rank-math-question \">\u00bfCu\u00e1ntos injertos se pueden trasplantar?<\/h3>\n<div class=\"rank-math-answer \">\n\n<p>Durante una sesi\u00f3n, normalmente se trasplantan un m\u00e1ximo de 5.000 injertos. Si necesita m\u00e1s, el m\u00e9dico le recomendar\u00e1 una segunda sesi\u00f3n al cabo de 6 meses.<\/p>\n\n<\/div>\n<\/div>\n<div id=\"faq-question-1683392049787\" class=\"rank-math-list-item\">\n<h3 class=\"rank-math-question \">\u00bfCu\u00e1l es la diferencia entre el m\u00e9todo DHI y el m\u00e9todo FUE?<\/h3>\n<div class=\"rank-math-answer \">\n\n<p>Durante el m\u00e9todo FUE, los injertos se recogen de la zona donante, se introducen en un l\u00edquido y se trasplantan en cuanto se recogen todos los injertos.<br \/>Durante el m\u00e9todo DHI, los injertos se trasplantan en cuanto se recogen sin esperar en ning\u00fan l\u00edquido.<\/p>\n\n<\/div>\n<\/div>\n<\/div>\n<\/div>\n<p><\/p>\n\n<h3 class=\"wp-block-heading\" id=\"contact-us-now-in-case-you-have-any-questions\">P\u00f3ngase en contacto con nosotros si tiene alguna pregunta.<\/h3>\n","protected":false},"excerpt":{"rendered":"<p>Si est\u00e1 buscando un trasplante capilar Sapphire FUE , \u00a1est\u00e1 en buenas manos con MedClinics! Esta es una gu\u00eda completa [&hellip;]<\/p>\n","protected":false},"author":4,"featured_media":91855,"parent":0,"menu_order":0,"comment_status":"closed","ping_status":"closed","template":"","meta":{"site-sidebar-layout":"default","site-content-layout":"","ast-site-content-layout":"default","site-content-style":"default","site-sidebar-style":"default","ast-global-header-display":"","ast-banner-title-visibility":"","ast-main-header-display":"","ast-hfb-above-header-display":"","ast-hfb-below-header-display":"","ast-hfb-mobile-header-display":"","site-post-title":"","ast-breadcrumbs-content":"","ast-featured-img":"","footer-sml-layout":"","ast-disable-related-posts":"","theme-transparent-header-meta":"","adv-header-id-meta":"","stick-header-meta":"","header-above-stick-meta":"","header-main-stick-meta":"","header-below-stick-meta":"","astra-migrate-meta-layouts":"default","ast-page-background-enabled":"default","ast-page-background-meta":{"desktop":{"background-color":"var(--ast-global-color-4)","background-image":"","background-repeat":"repeat","background-position":"center center","background-size":"auto","background-attachment":"scroll","background-type":"","background-media":"","overlay-type":"","overlay-color":"","overlay-opacity":"","overlay-gradient":""},"tablet":{"background-color":"","background-image":"","background-repeat":"repeat","background-position":"center center","background-size":"auto","background-attachment":"scroll","background-type":"","background-media":"","overlay-type":"","overlay-color":"","overlay-opacity":"","overlay-gradient":""},"mobile":{"background-color":"","background-image":"","background-repeat":"repeat","background-position":"center center","background-size":"auto","background-attachment":"scroll","background-type":"","background-media":"","overlay-type":"","overlay-color":"","overlay-opacity":"","overlay-gradient":""}},"ast-content-background-meta":{"desktop":{"background-color":"var(--ast-global-color-5)","background-image":"","background-repeat":"repeat","background-position":"center center","background-size":"auto","background-attachment":"scroll","background-type":"","background-media":"","overlay-type":"","overlay-color":"","overlay-opacity":"","overlay-gradient":""},"tablet":{"background-color":"var(--ast-global-color-5)","background-image":"","background-repeat":"repeat","background-position":"center center","background-size":"auto","background-attachment":"scroll","background-type":"","background-media":"","overlay-type":"","overlay-color":"","overlay-opacity":"","overlay-gradient":""},"mobile":{"background-color":"var(--ast-global-color-5)","background-image":"","background-repeat":"repeat","background-position":"center center","background-size":"auto","background-attachment":"scroll","background-type":"","background-media":"","overlay-type":"","overlay-color":"","overlay-opacity":"","overlay-gradient":""}},"footnotes":""},"class_list":["post-145093","page","type-page","status-publish","has-post-thumbnail","hentry"],"_links":{"self":[{"href":"https:\/\/medclinics.com\/es\/wp-json\/wp\/v2\/pages\/145093","targetHints":{"allow":["GET"]}}],"collection":[{"href":"https:\/\/medclinics.com\/es\/wp-json\/wp\/v2\/pages"}],"about":[{"href":"https:\/\/medclinics.com\/es\/wp-json\/wp\/v2\/types\/page"}],"author":[{"embeddable":true,"href":"https:\/\/medclinics.com\/es\/wp-json\/wp\/v2\/users\/4"}],"replies":[{"embeddable":true,"href":"https:\/\/medclinics.com\/es\/wp-json\/wp\/v2\/comments?post=145093"}],"version-history":[{"count":0,"href":"https:\/\/medclinics.com\/es\/wp-json\/wp\/v2\/pages\/145093\/revisions"}],"wp:featuredmedia":[{"embeddable":true,"href":"https:\/\/medclinics.com\/es\/wp-json\/wp\/v2\/media\/91855"}],"wp:attachment":[{"href":"https:\/\/medclinics.com\/es\/wp-json\/wp\/v2\/media?parent=145093"}],"curies":[{"name":"wp","href":"https:\/\/api.w.org\/{rel}","templated":true}]}}