{"id":145037,"date":"2023-05-25T18:52:31","date_gmt":"2023-05-25T18:52:31","guid":{"rendered":"https:\/\/medclinics.com\/chequeo-medico-completo\/"},"modified":"2024-04-01T14:59:10","modified_gmt":"2024-04-01T11:59:10","slug":"chequeo-medico-completo","status":"publish","type":"page","link":"https:\/\/medclinics.com\/es\/chequeo-medico-completo\/","title":{"rendered":"Chequeo m\u00e9dico completo"},"content":{"rendered":"\n<h2 class=\"wp-block-heading\" id=\"medical-check-up\">Chequeo m\u00e9dico<\/h2>\n\n<p>es un programa de revisiones corporales y diagn\u00f3stico precoz de enfermedades, que incluye toda una serie de pruebas y ex\u00e1menes, que le permitir\u00e1n comprobar si todo va bien en su organismo.<\/p>\n\n<div class=\"wp-block-rank-math-toc-block\" id=\"rank-math-toc\"><h2>Tabla de contenidos<\/h2><nav><ul><li><a href=\"#medical-check-up\">Chequeo m\u00e9dico<\/a><\/li><li><a href=\"#so-what-is\">\u00bfQu\u00e9 es<\/a><\/li><li><a href=\"#treatment-plan\">Plan de tratamiento<\/a><\/li><li><a href=\"#types-and-methods\">Tipos y m\u00e9todos<\/a><\/li><li><a href=\"#medical-check-up-costs-by-country\">Costes de los chequeos m\u00e9dicos por pa\u00eds<\/a><\/li><li><a href=\"#faq\">PREGUNTAS FRECUENTES<\/a><\/li><li><a href=\"#history\">Historia<\/a><\/li><\/ul><\/nav><\/div>\n\n<h2 class=\"wp-block-heading\" id=\"so-what-is\">\u00bfQu\u00e9 es<\/h2>\n\n<ul class=\"wp-block-list\">\n<li>El chequeo m\u00e9dico es un programa de revisiones corporales y diagn\u00f3stico precoz de enfermedades, que incluye una serie completa de pruebas y ex\u00e1menes, que le permitir\u00e1n comprobar si todo va bien en su organismo en 1-2 d\u00edas (dependiendo de la complejidad).  <\/li>\n\n\n\n<li>La Organizaci\u00f3n Mundial de la Salud recomienda que se realicen revisiones m\u00e9dicas cada 2-3 a\u00f1os antes de los 40 y cada a\u00f1o despu\u00e9s de los 40.<\/li>\n\n\n\n<li>El programa del chequeo m\u00e9dico se elige individualmente para cada paciente, en funci\u00f3n de sus dolencias, quejas y edad.<\/li>\n\n\n\n<li>El chequeo m\u00e9dico le permite prevenir muchas enfermedades, y tambi\u00e9n le da la oportunidad de iniciar el tratamiento necesario en las primeras fases de la enfermedad. <\/li>\n<\/ul>\n\n<h2 class=\"wp-block-heading\" id=\"treatment-plan\">Plan de tratamiento<\/h2>\n<div id=\"rank-math-faq\" class=\"rank-math-block\">\n<div class=\"rank-math-list \">\n<div id=\"faq-question-1686304666791\" class=\"rank-math-list-item\">\n<h3 class=\"rank-math-question \">1. D\u00eda<\/h3>\n<div class=\"rank-math-answer \">\n\n<p>Consulta con su onc\u00f3logo tratante<br \/>Acuda a la cl\u00ednica con el est\u00f3mago vac\u00edo<br \/>Determinaci\u00f3n de los 4 marcadores tumorales que deben definirse<br \/>Rendimiento de la PET CT<br \/>Le acompa\u00f1ar\u00e1 un asistente de habla inglesa<\/p>\n\n<\/div>\n<\/div>\n<div id=\"faq-question-1686304680037\" class=\"rank-math-list-item\">\n<h3 class=\"rank-math-question \">2. D\u00eda<\/h3>\n<div class=\"rank-math-answer \">\n\n<p>Sus resultados ya est\u00e1n disponibles<br \/>Segunda consulta con su onc\u00f3logo tratante<br \/>Consulta detallada y, si es necesario, recomendaci\u00f3n de tratamiento adicional<br \/>Recibir\u00e1 todos los resultados por escrito y en ingl\u00e9s<\/p>\n\n<\/div>\n<\/div>\n<\/div>\n<\/div>\n<figure class=\"wp-block-image size-full\"><img fetchpriority=\"high\" decoding=\"async\" width=\"960\" height=\"550\" src=\"https:\/\/medclinics.com\/wp-content\/uploads\/2023\/05\/medical-check-up-in-istanbul-1.jpg\" alt=\"chequeo m&#xE9;dico en estambul\" class=\"wp-image-86681\" srcset=\"https:\/\/medclinics.com\/wp-content\/uploads\/2023\/05\/medical-check-up-in-istanbul-1.jpg 960w, https:\/\/medclinics.com\/wp-content\/uploads\/2023\/05\/medical-check-up-in-istanbul-1-500x286.jpg 500w, https:\/\/medclinics.com\/wp-content\/uploads\/2023\/05\/medical-check-up-in-istanbul-1-768x440.jpg 768w, https:\/\/medclinics.com\/wp-content\/uploads\/2023\/05\/medical-check-up-in-istanbul-1-24x14.jpg 24w, https:\/\/medclinics.com\/wp-content\/uploads\/2023\/05\/medical-check-up-in-istanbul-1-36x21.jpg 36w, https:\/\/medclinics.com\/wp-content\/uploads\/2023\/05\/medical-check-up-in-istanbul-1-48x28.jpg 48w\" sizes=\"(max-width: 960px) 100vw, 960px\" \/><\/figure>\n\n<h2 class=\"wp-block-heading\" id=\"types-and-methods\">Tipos y m\u00e9todos<\/h2>\n\n<h3 class=\"wp-block-heading\" id=\"medical-check-up-types\">Tipos de reconocimiento m\u00e9dico:<\/h3>\n\n<p>Los <strong>programas de revisi\u00f3n m\u00e9dica preventiva <\/strong>se adaptan a la edad y el sexo del cliente, su estado de salud actual, su historial m\u00e9dico, sus factores de riesgo y sus objetivos de diagn\u00f3stico, entre otros. Bas\u00e1ndose en los resultados de un debate preliminar, el m\u00e9dico decide qu\u00e9 pruebas prescribir a cada paciente. Los programas generales de chequeo preventivo tienen en cuenta el sexo y la edad. Por ejemplo, hay revisiones para mujeres de 25-40, 40-50 y m\u00e1s de 50 a\u00f1os. Existen programas similares para hombres en los respectivos grupos de edad.<\/p>\n\n<p>Adem\u00e1s del diagn\u00f3stico general, varias cl\u00ednicas ofrecen <strong>chequeos m\u00e9dicos especializados<\/strong> para la detecci\u00f3n de enfermedades espec\u00edficas y el examen de \u00f3rganos y sistemas concretos. Algunos programas se adaptan a fines espec\u00edficos, como la planificaci\u00f3n del embarazo. Los programas de chequeo especializados pueden ser los siguientes:<\/p>\n\n<ul class=\"wp-block-list\">\n<li>Card\u00edaco<\/li>\n\n\n\n<li>Genitourinario<\/li>\n\n\n\n<li>Oncol\u00f3gico<\/li>\n\n\n\n<li>Neurol\u00f3gico<\/li>\n\n\n\n<li>Dermatol\u00f3gico<\/li>\n\n\n\n<li>Endocrinolog\u00eda<\/li>\n\n\n\n<li>Ginecolog\u00eda<\/li>\n\n\n\n<li>Ortopedia<\/li>\n<\/ul>\n\n<h3 class=\"wp-block-heading\" id=\"what-is-included-in-the-standard-medical-check-up-program\">\u00bfQu\u00e9 incluye el programa de reconocimiento m\u00e9dico est\u00e1ndar?<\/h3>\n\n<ul class=\"wp-block-list\">\n<li>Una cita con el m\u00e9dico de cabecera,<\/li>\n\n\n\n<li>An\u00e1lisis de sangre y orina,<\/li>\n\n\n\n<li>Una ecograf\u00eda de los \u00f3rganos internos,<\/li>\n\n\n\n<li>Consultas con especialistas (ginec\u00f3logo, mam\u00f3logo, gastroenter\u00f3logo, neur\u00f3logo, etc.),<\/li>\n\n\n\n<li>ECG y ecocardiograf\u00eda.<\/li>\n<\/ul>\n\n<h3 class=\"wp-block-heading\" id=\"medical-check-up-for\">Chequeo m\u00e9dico para:<\/h3>\n\n<ul class=\"wp-block-list\">\n<li>Se recomienda que todos los hombres y mujeres de entre 25 y 30 a\u00f1os se sometan a un chequeo corporal completo cada dos o tres a\u00f1os.<\/li>\n\n\n\n<li>Las personas con enfermedades cr\u00f3nicas o con predisposici\u00f3n a ciertas enfermedades deben someterse a ex\u00e1menes todos los a\u00f1os.<\/li>\n\n\n\n<li><a href=\"https:\/\/medclinics.com\/es\/chequeo-completo-para-hombres-mayores-de-40-anos\/\" target=\"_blank\" rel=\"noreferrer noopener\">A partir de los 40 a\u00f1os<\/a>, cuando aumenta el riesgo de enfermedades, es aconsejable someterse a una revisi\u00f3n anual.<\/li>\n\n\n\n<li>Personas con dolencias indeterminadas.<\/li>\n\n\n\n<li>Personas con herencia desfavorable. Si alg\u00fan pariente cercano ha padecido c\u00e1ncer u otras enfermedades, las revisiones peri\u00f3dicas pueden ayudar a detectar posibles enfermedades en una fase temprana.<\/li>\n<\/ul>\n\n<p>Un equipo de m\u00e9dicos altamente cualificados, cada uno especialista en su campo, est\u00e1 a disposici\u00f3n de los pacientes en todo momento y presta un servicio del m\u00e1s alto nivel. Su tratamiento ser\u00e1 llevado a cabo por uno de estos expertos y supervisado de principio a fin. \u00a1Aqu\u00ed est\u00e1s en las mejores manos!<\/p>\n\n<p>Recibir\u00e1 todos los resultados por escrito y en ingl\u00e9s.<br\/>En caso de que sea necesario o se recomiende un tratamiento adicional, nuestros expertos estar\u00e1n a su disposici\u00f3n para asesorarle y ayudarle, y elaborar\u00e1n con usted el mejor plan de tratamiento posible, que podr\u00e1 seguir en su pa\u00eds de origen.<\/p>\n\n<figure class=\"wp-block-image size-full\"><img decoding=\"async\" width=\"960\" height=\"550\" src=\"https:\/\/medclinics.com\/wp-content\/uploads\/2023\/05\/medical-check-up-istanbul-turkey-1.jpg\" alt=\"Chequeo en Estambul en Turqu&#xED;a\" class=\"wp-image-89108\" srcset=\"https:\/\/medclinics.com\/wp-content\/uploads\/2023\/05\/medical-check-up-istanbul-turkey-1.jpg 960w, https:\/\/medclinics.com\/wp-content\/uploads\/2023\/05\/medical-check-up-istanbul-turkey-1-500x286.jpg 500w, https:\/\/medclinics.com\/wp-content\/uploads\/2023\/05\/medical-check-up-istanbul-turkey-1-768x440.jpg 768w, https:\/\/medclinics.com\/wp-content\/uploads\/2023\/05\/medical-check-up-istanbul-turkey-1-24x14.jpg 24w, https:\/\/medclinics.com\/wp-content\/uploads\/2023\/05\/medical-check-up-istanbul-turkey-1-36x21.jpg 36w, https:\/\/medclinics.com\/wp-content\/uploads\/2023\/05\/medical-check-up-istanbul-turkey-1-48x28.jpg 48w\" sizes=\"(max-width: 960px) 100vw, 960px\" \/><\/figure>\n\n<h2 class=\"wp-block-heading\" id=\"medical-check-up-costs-by-country\">Costes de los chequeos m\u00e9dicos por pa\u00eds<\/h2>\n\n<p>El coste de un chequeo m\u00e9dico depende del paquete que elija y de la cl\u00ednica u hospital que prefiera.<br\/>Los precios que figuran a continuaci\u00f3n pretenden darle una idea aproximada y no son un presupuesto definitivo. Su asesor de MedClincs estar\u00e1 encantado de darle m\u00e1s detalles.<\/p>\n\n<figure class=\"wp-block-table\"><table><thead><tr><th>Pa\u00eds<\/th><th>Precio (paquete b\u00e1sico)<\/th><th>Clasificaci\u00f3n<\/th><\/tr><\/thead><tbody><tr><td>Turqu\u00eda<\/td><td>~ 450\u20ac<\/td><td>\u2605\u2605\u2605\u2605\u2605<\/td><\/tr><tr><td>Tailandia<\/td><td>~ 750\u20ac<\/td><td>\u2605\u2605\u2605<\/td><\/tr><tr><td>M\u00e9xico<\/td><td>~ 1000\u20ac<\/td><td>\u2605\u2605\u2605<\/td><\/tr><tr><td>Espa\u00f1a<\/td><td>~ 1800\u20ac<\/td><td>\u2605\u2605\u2605<\/td><\/tr><tr><td>Alemania<\/td><td>~ 2200\u20ac<\/td><td>\u2605\u2605\u2605<\/td><\/tr><tr><td>Reino Unido<\/td><td>~ 3100\u20ac<\/td><td>\u2605\u2605\u2605<\/td><\/tr><\/tbody><\/table><\/figure>\n\n<h2 class=\"wp-block-heading\" id=\"faq\">PREGUNTAS FRECUENTES<\/h2>\n<div id=\"rank-math-faq\" class=\"rank-math-block\">\n<div class=\"rank-math-list \">\n<div id=\"faq-question-1682793841034\" class=\"rank-math-list-item\">\n<h3 class=\"rank-math-question \">\u00bfPor qu\u00e9 es m\u00e1s ventajoso un chequeo m\u00e9dico que hacerse las mismas pruebas uno mismo?<\/h3>\n<div class=\"rank-math-answer \">\n\n<p>El programa de chequeo es un chequeo corporal completo que incluye pruebas y ex\u00e1menes instrumentales, incluidos en la lista obligatoria de la Organizaci\u00f3n Mundial de la Salud (OMS). Los paquetes se forman en funci\u00f3n de sus objetivos, teniendo en cuenta su edad, herencia, problemas de salud. Con este programa, no tendr\u00e1 que buscar usted mismo un reconocimiento, a qu\u00e9 m\u00e9dico acudir y d\u00f3nde hacerlo. Adem\u00e1s, es m\u00e1s barato que someterse a todos los ex\u00e1menes y pruebas de su propio m\u00e9dico, y lleva muy poco tiempo (1-3 d\u00edas).<\/p>\n\n<\/div>\n<\/div>\n<div id=\"faq-question-1682793850782\" class=\"rank-math-list-item\">\n<h3 class=\"rank-math-question \">\u00bfQui\u00e9n necesita un chequeo?<\/h3>\n<div class=\"rank-math-answer \">\n\n<p>Toda persona preocupada por su salud debe someterse a un chequeo todos los a\u00f1os, porque muchas enfermedades no se manifiestan en una fase temprana y s\u00f3lo pueden detectarse mediante diagn\u00f3stico. Tambi\u00e9n es importante realizar un chequeo corporal a las personas de riesgo, por ejemplo, personas con tumores benignos, personas con factores hereditarios, personas con malos h\u00e1bitos, personas que trabajan en industrias nocivas y personas mayores de cuarenta a\u00f1os.<\/p>\n\n<\/div>\n<\/div>\n<div id=\"faq-question-1682793869814\" class=\"rank-math-list-item\">\n<h3 class=\"rank-math-question \">\u00bfA qu\u00e9 cl\u00ednicas remite a los pacientes?<\/h3>\n<div class=\"rank-math-answer \">\n\n<p>Remitimos a los pacientes a cl\u00ednicas certificadas con departamentos y coordinadores internacionales que hablan distintos idiomas, como ingl\u00e9s, alem\u00e1n, espa\u00f1ol, ruso, \u00e1rabe, portugu\u00e9s, turco, etc.<\/p>\n\n<\/div>\n<\/div>\n<div id=\"faq-question-1682793890409\" class=\"rank-math-list-item\">\n<h3 class=\"rank-math-question \">\u00bfPuedo obtener los resultados de las pruebas y ex\u00e1menes en mi lengua materna?<\/h3>\n<div class=\"rank-math-answer \">\n\n<p>Recibir\u00e1 todos los resultados y ex\u00e1menes por escrito y en ingl\u00e9s.<\/p>\n\n<\/div>\n<\/div>\n<div id=\"faq-question-1682793908042\" class=\"rank-math-list-item\">\n<h3 class=\"rank-math-question \">\u00bfY si tengo quejas espec\u00edficas?<\/h3>\n<div class=\"rank-math-answer \">\n\n<p>Cuando se ponga en contacto con nosotros, enumere todas sus quejas y muestre los resultados de sus ex\u00e1menes, si los tiene. Encontraremos una cl\u00ednica especializada en su problema.<\/p>\n\n<\/div>\n<\/div>\n<div id=\"faq-question-1682793923540\" class=\"rank-math-list-item\">\n<h3 class=\"rank-math-question \">\u00bfC\u00f3mo me examinar\u00e1n?<\/h3>\n<div class=\"rank-math-answer \">\n\n<p>En funci\u00f3n de sus deseos, le ofrecemos varios paquetes: B\u00e1sico, Premium, Platino o ex\u00e1menes espec\u00edficos de \u00f3rganos. Tambi\u00e9n es posible elaborar un plan de examen personalizado, adaptado espec\u00edficamente a usted. Por lo general, todos los ex\u00e1menes se realizan en un d\u00eda, pero los ex\u00e1menes m\u00e1s detallados pueden durar de 2 a 3 d\u00edas.<\/p>\n\n<\/div>\n<\/div>\n<div id=\"faq-question-1682793940377\" class=\"rank-math-list-item\">\n<h3 class=\"rank-math-question \">\u00bfEs doloroso?<\/h3>\n<div class=\"rank-math-answer \">\n\n<p>La mayor\u00eda de las pruebas son indoloras. La colonoscopia y la fibrogastroscopia son inc\u00f3modas, por lo que se realizan bajo sedaci\u00f3n: un breve sue\u00f1o inducido por f\u00e1rmacos. Durante la sedaci\u00f3n, el paciente no siente nada.<\/p>\n\n<\/div>\n<\/div>\n<div id=\"faq-question-1682793958640\" class=\"rank-math-list-item\">\n<h3 class=\"rank-math-question \">Digamos que me descubren una enfermedad. \u00bfY entonces?<\/h3>\n<div class=\"rank-math-answer \">\n\n<p>Si el diagn\u00f3stico revela que son necesarias m\u00e1s pruebas, es posible que deba permanecer en Turqu\u00eda unos d\u00edas. M\u00e1s adelante depender\u00e1 de las circunstancias. Puede obtener un informe final y la consulta de un especialista, volver a casa y recibir tratamiento all\u00ed, o quedarse en Turqu\u00eda.<\/p>\n\n<\/div>\n<\/div>\n<div id=\"faq-question-1682793976303\" class=\"rank-math-list-item\">\n<h3 class=\"rank-math-question \">\u00bfC\u00f3mo voy a entender al m\u00e9dico si no hablo su idioma?<\/h3>\n<div class=\"rank-math-answer \">\n\n<p>Estar\u00e1 acompa\u00f1ado en todo momento por un coordinador o int\u00e9rprete. Est\u00e1 presente en las consultas con todos los m\u00e9dicos, por lo que no tendr\u00e1 problemas para entender el idioma.<\/p>\n\n<\/div>\n<\/div>\n<\/div>\n<\/div>\n<h2 class=\"wp-block-heading\" id=\"history\">Historia<\/h2>\n\n<h3 class=\"wp-block-heading\" id=\"check-up-diagnostics-was-first-used-in-the-us-in-the-late-1970-s\">El diagn\u00f3stico por chequeo se utiliz\u00f3 por primera vez en EE.UU. a finales de la d\u00e9cada de 1970<\/h3>\n\n<p>para ofrecer ex\u00e1menes preventivos a tres mil directivos de nivel medio y alto de la industria con edades comprendidas entre los 35 y los 55 a\u00f1os.<\/p>\n\n<p><a href=\"https:\/\/de.wikipedia.org\/wiki\/X-Ray\" target=\"_blank\" rel=\"noreferrer noopener\">El plan de exploraci\u00f3n<\/a> era bastante sencillo, pero bastante revolucionario para la \u00e9poca: an\u00e1lisis de sangre, radiograf\u00edas de todo el cuerpo y ECG en reposo y en carga. El estudio revel\u00f3 que la mayor\u00eda de los hombres y mujeres sanos, a primera vista, presentaban alg\u00fan tipo de anomal\u00eda, que requer\u00eda tanto medidas preventivas como tratamiento. Cabe se\u00f1alar que, una vez finalizado el experimento, los m\u00e9dicos siguieron examinando a sus pacientes con regularidad (cada dos a\u00f1os), ajustando al mismo tiempo las indicaciones de tratamiento y prevenci\u00f3n.<\/p>\n\n<p>Los resultados de su trabajo se publicaron en 2000. Result\u00f3 que, como resultado del chequeo realizado en el grupo estudiado, fue posible reducir la morbilidad decenas de veces y la mortalidad casi a la mitad en comparaci\u00f3n con los valores medios de las ramas.<\/p>\n","protected":false},"excerpt":{"rendered":"<p>Chequeo m\u00e9dico es un programa de revisiones corporales y diagn\u00f3stico precoz de enfermedades, que incluye toda una serie de pruebas [&hellip;]<\/p>\n","protected":false},"author":4,"featured_media":33390,"parent":0,"menu_order":0,"comment_status":"closed","ping_status":"closed","template":"","meta":{"site-sidebar-layout":"default","site-content-layout":"","ast-site-content-layout":"default","site-content-style":"default","site-sidebar-style":"default","ast-global-header-display":"","ast-banner-title-visibility":"","ast-main-header-display":"","ast-hfb-above-header-display":"","ast-hfb-below-header-display":"","ast-hfb-mobile-header-display":"","site-post-title":"","ast-breadcrumbs-content":"","ast-featured-img":"","footer-sml-layout":"","ast-disable-related-posts":"","theme-transparent-header-meta":"","adv-header-id-meta":"","stick-header-meta":"","header-above-stick-meta":"","header-main-stick-meta":"","header-below-stick-meta":"","astra-migrate-meta-layouts":"default","ast-page-background-enabled":"default","ast-page-background-meta":{"desktop":{"background-color":"var(--ast-global-color-4)","background-image":"","background-repeat":"repeat","background-position":"center center","background-size":"auto","background-attachment":"scroll","background-type":"","background-media":"","overlay-type":"","overlay-color":"","overlay-opacity":"","overlay-gradient":""},"tablet":{"background-color":"","background-image":"","background-repeat":"repeat","background-position":"center center","background-size":"auto","background-attachment":"scroll","background-type":"","background-media":"","overlay-type":"","overlay-color":"","overlay-opacity":"","overlay-gradient":""},"mobile":{"background-color":"","background-image":"","background-repeat":"repeat","background-position":"center center","background-size":"auto","background-attachment":"scroll","background-type":"","background-media":"","overlay-type":"","overlay-color":"","overlay-opacity":"","overlay-gradient":""}},"ast-content-background-meta":{"desktop":{"background-color":"var(--ast-global-color-5)","background-image":"","background-repeat":"repeat","background-position":"center center","background-size":"auto","background-attachment":"scroll","background-type":"","background-media":"","overlay-type":"","overlay-color":"","overlay-opacity":"","overlay-gradient":""},"tablet":{"background-color":"var(--ast-global-color-5)","background-image":"","background-repeat":"repeat","background-position":"center center","background-size":"auto","background-attachment":"scroll","background-type":"","background-media":"","overlay-type":"","overlay-color":"","overlay-opacity":"","overlay-gradient":""},"mobile":{"background-color":"var(--ast-global-color-5)","background-image":"","background-repeat":"repeat","background-position":"center center","background-size":"auto","background-attachment":"scroll","background-type":"","background-media":"","overlay-type":"","overlay-color":"","overlay-opacity":"","overlay-gradient":""}},"footnotes":""},"class_list":["post-145037","page","type-page","status-publish","has-post-thumbnail","hentry"],"_links":{"self":[{"href":"https:\/\/medclinics.com\/es\/wp-json\/wp\/v2\/pages\/145037","targetHints":{"allow":["GET"]}}],"collection":[{"href":"https:\/\/medclinics.com\/es\/wp-json\/wp\/v2\/pages"}],"about":[{"href":"https:\/\/medclinics.com\/es\/wp-json\/wp\/v2\/types\/page"}],"author":[{"embeddable":true,"href":"https:\/\/medclinics.com\/es\/wp-json\/wp\/v2\/users\/4"}],"replies":[{"embeddable":true,"href":"https:\/\/medclinics.com\/es\/wp-json\/wp\/v2\/comments?post=145037"}],"version-history":[{"count":0,"href":"https:\/\/medclinics.com\/es\/wp-json\/wp\/v2\/pages\/145037\/revisions"}],"wp:featuredmedia":[{"embeddable":true,"href":"https:\/\/medclinics.com\/es\/wp-json\/wp\/v2\/media\/33390"}],"wp:attachment":[{"href":"https:\/\/medclinics.com\/es\/wp-json\/wp\/v2\/media?parent=145037"}],"curies":[{"name":"wp","href":"https:\/\/api.w.org\/{rel}","templated":true}]}}