{"id":145025,"date":"2023-04-29T18:25:04","date_gmt":"2023-04-29T15:25:04","guid":{"rendered":"https:\/\/medclinics.com\/prueba-pcr-rapida-segura-y-fiable\/"},"modified":"2025-01-02T18:33:10","modified_gmt":"2025-01-02T15:33:10","slug":"prueba-pcr-rapida-segura-y-fiable","status":"publish","type":"page","link":"https:\/\/medclinics.com\/es\/prueba-pcr-rapida-segura-y-fiable\/","title":{"rendered":"Prueba PCR: r\u00e1pida, segura y fiable"},"content":{"rendered":"\n<h2 class=\"wp-block-heading\" id=\"pcr-test\">Prueba PCR<\/h2>\n\n<p>Reserve su prueba PCR de Covid-19 y obtenga el resultado el mismo d\u00eda.<\/p>\n\n<figure class=\"wp-block-image size-full\"><img fetchpriority=\"high\" decoding=\"async\" width=\"960\" height=\"540\" src=\"https:\/\/medclinics.com\/wp-content\/uploads\/2023\/07\/pcr-test-in-turkey.jpg\" alt=\"Prueba PCR en Turqu&#xED;a\" class=\"wp-image-97529\" srcset=\"https:\/\/medclinics.com\/wp-content\/uploads\/2023\/07\/pcr-test-in-turkey.jpg 960w, https:\/\/medclinics.com\/wp-content\/uploads\/2023\/07\/pcr-test-in-turkey-500x281.jpg 500w, https:\/\/medclinics.com\/wp-content\/uploads\/2023\/07\/pcr-test-in-turkey-768x432.jpg 768w, https:\/\/medclinics.com\/wp-content\/uploads\/2023\/07\/pcr-test-in-turkey-24x14.jpg 24w, https:\/\/medclinics.com\/wp-content\/uploads\/2023\/07\/pcr-test-in-turkey-36x20.jpg 36w, https:\/\/medclinics.com\/wp-content\/uploads\/2023\/07\/pcr-test-in-turkey-48x27.jpg 48w\" sizes=\"(max-width: 960px) 100vw, 960px\" \/><\/figure>\n\n<div class=\"wp-block-rank-math-toc-block\" id=\"rank-math-toc\"><h2>Tabla de contenidos<\/h2><nav><ul><li><a href=\"#pcr-test\">Prueba PCR<\/a><\/li><li><a href=\"#treatment-plan\">Plan de tratamiento<\/a><\/li><li><a href=\"#so-what-is\">\u00bfQu\u00e9 es<\/a><\/li><li><a href=\"#types-and-methods\">Tipos y m\u00e9todos<\/a><\/li><li><a href=\"#faq\">PREGUNTAS FRECUENTES<\/a><\/li><\/ul><\/nav><\/div>\n\n<h2 class=\"wp-block-heading\" id=\"treatment-plan\">Plan de tratamiento<\/h2>\n\n<h3 class=\"wp-block-heading\">PCR-Test \u00a1Paso a paso!<\/h3>\n\n<h4 class=\"wp-block-heading\">Reserve en l\u00ednea y reciba su confirmaci\u00f3n instant\u00e1nea.<br\/>\u00a1Muestre su confirmaci\u00f3n en la recepci\u00f3n del laboratorio!<\/h4>\n\n<h2 class=\"wp-block-heading\" id=\"so-what-is\">\u00bfQu\u00e9 es<\/h2>\n\n<p><strong>Prueba PCR en los detalles del laboratorio:<\/strong><\/p>\n\n<ul class=\"wp-block-list\">\n<li>Seleccione el n\u00famero de personas que se someter\u00e1n a la <a href=\"https:\/\/medclinics.com\/check-up\/\">prueba<\/a>, elija la fecha y haga clic en Reservar ahora.<\/li>\n\n\n\n<li>Ind\u00edquenos su direcci\u00f3n durante el proceso de compra para que podamos indicarle el laboratorio m\u00e1s cercano.<\/li>\n\n\n\n<li>Si va a someterse a la prueba m\u00e1s de una persona, indique tambi\u00e9n los nombres de los dem\u00e1s invitados<\/li>\n\n\n\n<li>Muestre su correo de confirmaci\u00f3n al personal del laboratorio, realice su <a href=\"https:\/\/istanbul-tourist-information.com\/en\/medical-treatment\/\" target=\"_blank\" rel=\"noreferrer noopener\">PCR-Test<\/a> y elija si boca o nariz.<\/li>\n\n\n\n<li>Obtenga su resultado el mismo d\u00eda despu\u00e9s de 3-4 horas, compruebe su resultado en l\u00ednea<\/li>\n\n\n\n<li>Guarda el resultado en tu smartphone y mu\u00e9stralo en el aeropuerto<\/li>\n<\/ul>\n\n<p><strong>Los horarios de apertura de los laboratorios pueden cambiar, por lo que le rogamos que se informe antes de venir.<\/strong><\/p>\n\n<p><strong>Si ya ha recibido un resultado positivo, no podr\u00e1 volver a someterse a la prueba hasta pasados 10 d\u00edas.<\/strong>  Comprender\u00e1 que si el personal del laboratorio descubre que ha dado positivo en los \u00faltimos 10 d\u00edas, no se tendr\u00e1 en cuenta el reembolso por nuestra parte.<\/p>\n\n<p>Tenga en cuenta que nuestra plataforma no se hace responsable de los problemas que puedan surgir durante el proceso de prueba.<\/p>\n\n<figure class=\"wp-block-image size-full\"><img decoding=\"async\" width=\"960\" height=\"540\" src=\"https:\/\/medclinics.com\/wp-content\/uploads\/2023\/07\/pcr-test-in-istanbul-turkey.jpg\" alt=\"Prueba PCR en un laboratorio de Turqu&#xED;a\" class=\"wp-image-97536\" srcset=\"https:\/\/medclinics.com\/wp-content\/uploads\/2023\/07\/pcr-test-in-istanbul-turkey.jpg 960w, https:\/\/medclinics.com\/wp-content\/uploads\/2023\/07\/pcr-test-in-istanbul-turkey-500x281.jpg 500w, https:\/\/medclinics.com\/wp-content\/uploads\/2023\/07\/pcr-test-in-istanbul-turkey-768x432.jpg 768w, https:\/\/medclinics.com\/wp-content\/uploads\/2023\/07\/pcr-test-in-istanbul-turkey-24x14.jpg 24w, https:\/\/medclinics.com\/wp-content\/uploads\/2023\/07\/pcr-test-in-istanbul-turkey-36x20.jpg 36w, https:\/\/medclinics.com\/wp-content\/uploads\/2023\/07\/pcr-test-in-istanbul-turkey-48x27.jpg 48w\" sizes=\"(max-width: 960px) 100vw, 960px\" \/><\/figure>\n\n<h2 class=\"wp-block-heading\" id=\"types-and-methods\">Tipos y m\u00e9todos<\/h2>\n\n<h3 class=\"wp-block-heading\">\u00bfQu\u00e9 se analiza en una prueba PCR?<\/h3>\n\n<p>Las pruebas de reacci\u00f3n en cadena de la polimerasa, como tambi\u00e9n se denomina a la prueba PCR, no son b\u00e1sicamente m\u00e1s que pruebas de \u00e1cidos nucleicos.<\/p>\n\n<p>Se toma una muestra de la nariz o la boca. En el laboratorio, esta muestra puede utilizarse para detectar si contiene el material gen\u00e9tico del virus del SRAS-CoV-2. La COVID-19 est\u00e1 causada por este virus.<\/p>\n\n<p>Una sencilla prueba puede detectar el virus en una fase muy temprana, a menudo antes de que el paciente presente s\u00edntomas.<\/p>\n\n<figure class=\"wp-block-image size-full is-resized\"><img decoding=\"async\" width=\"960\" height=\"540\" src=\"https:\/\/medclinics.com\/wp-content\/uploads\/2023\/02\/pcr-test-at-laboratory-in-marmaris-1.png\" alt=\"Prueba PCR en un laboratorio de Turqu&#xED;a\" class=\"wp-image-17171\" style=\"width:960px;height:540px\" srcset=\"https:\/\/medclinics.com\/wp-content\/uploads\/2023\/02\/pcr-test-at-laboratory-in-marmaris-1.png 960w, https:\/\/medclinics.com\/wp-content\/uploads\/2023\/02\/pcr-test-at-laboratory-in-marmaris-1-300x169.png 300w, https:\/\/medclinics.com\/wp-content\/uploads\/2023\/02\/pcr-test-at-laboratory-in-marmaris-1-768x432.png 768w, https:\/\/medclinics.com\/wp-content\/uploads\/2023\/02\/pcr-test-at-laboratory-in-marmaris-1-600x338.png 600w\" sizes=\"(max-width: 960px) 100vw, 960px\" \/><\/figure>\n\n<h2 class=\"wp-block-heading\" id=\"faq\">PREGUNTAS FRECUENTES<\/h2>\n<div id=\"rank-math-faq\" class=\"rank-math-block\">\n<div class=\"rank-math-list \">\n<div id=\"faq-question-1682792545763\" class=\"rank-math-list-item\">\n<h3 class=\"rank-math-question \">\u00bfPuedo someterme a la prueba tambi\u00e9n los fines de semana?<\/h3>\n<div class=\"rank-math-answer \">\n\n<p>S\u00ed, tambi\u00e9n puede hacerse la prueba el fin de semana en determinados laboratorios.<\/p>\n\n<\/div>\n<\/div>\n<div id=\"faq-question-1682792561203\" class=\"rank-math-list-item\">\n<h3 class=\"rank-math-question \">\u00bfPuedo hacerme la prueba en un laboratorio cercano a mi hotel?<\/h3>\n<div class=\"rank-math-answer \">\n\n<p>Ind\u00edquenos su direcci\u00f3n durante el proceso de compra para que podamos indicarle el laboratorio m\u00e1s cercano.<\/p>\n\n<\/div>\n<\/div>\n<div id=\"faq-question-1682792581196\" class=\"rank-math-list-item\">\n<h3 class=\"rank-math-question \">\u00bfEn qu\u00e9 lengua est\u00e1 el resultado?<\/h3>\n<div class=\"rank-math-answer \">\n\n<p>Recibir\u00e1 su resultado en ingl\u00e9s.<\/p>\n\n<\/div>\n<\/div>\n<div id=\"faq-question-1682792601618\" class=\"rank-math-list-item\">\n<h3 class=\"rank-math-question \">\u00bfTengo que volver al laboratorio para obtener el resultado?<\/h3>\n<div class=\"rank-math-answer \">\n\n<p>No, puede descargar el resultado en su Smartphone como PDF.<\/p>\n\n<\/div>\n<\/div>\n<div id=\"faq-question-1682792617770\" class=\"rank-math-list-item\">\n<h3 class=\"rank-math-question \">\u00bfSe acepta el resultado de esta prueba en el aeropuerto?<\/h3>\n<div class=\"rank-math-answer \">\n\n<p>S\u00ed, el resultado de la prueba es v\u00e1lido en el aeropuerto y en 190 pa\u00edses, excepto Qatar y Jordania.<\/p>\n\n<\/div>\n<\/div>\n<div id=\"faq-question-1682792638230\" class=\"rank-math-list-item\">\n<h3 class=\"rank-math-question \"><strong>\u00bfEn cu\u00e1nto tiempo puedo obtener el resultado de la prueba?<\/strong><\/h3>\n<div class=\"rank-math-answer \">\n\n<p>Puede ver e imprimir el resultado de la prueba el mismo d\u00eda.<\/p>\n\n<\/div>\n<\/div>\n<div id=\"faq-question-1682792655872\" class=\"rank-math-list-item\">\n<h3 class=\"rank-math-question \"><strong>\u00bfQu\u00e9 ocurre si ya he obtenido un resultado positivo, puedo volver a hacerme la prueba?<\/strong><\/h3>\n<div class=\"rank-math-answer \">\n\n<p>Si ya ha dado positivo en una prueba anterior, no podr\u00e1 hacerse una segunda prueba en los pr\u00f3ximos 10 d\u00edas.<br \/>No podemos devolverle el dinero si el personal del laboratorio descubre que ha dado positivo en una prueba anterior.<br \/>Por favor, no haga una reserva si ha dado positivo en una prueba anterior.<\/p>\n\n<\/div>\n<\/div>\n<div id=\"faq-question-1682792680591\" class=\"rank-math-list-item\">\n<h3 class=\"rank-math-question \">\u00bfC\u00f3mo puedo reservar una prueba PCR Covid?<\/h3>\n<div class=\"rank-math-answer \">\n\n<p>Nuestro personal estar\u00e1 encantado de ayudarle con la reserva de su prueba PCR.<\/p>\n\n<\/div>\n<\/div>\n<\/div>\n<\/div>\n<p>\u00a0<\/p>\n","protected":false},"excerpt":{"rendered":"<p>Prueba PCR Reserve su prueba PCR de Covid-19 y obtenga el resultado el mismo d\u00eda. Plan de tratamiento PCR-Test \u00a1Paso [&hellip;]<\/p>\n","protected":false},"author":4,"featured_media":45027,"parent":0,"menu_order":0,"comment_status":"closed","ping_status":"closed","template":"","meta":{"site-sidebar-layout":"default","site-content-layout":"","ast-site-content-layout":"default","site-content-style":"default","site-sidebar-style":"default","ast-global-header-display":"","ast-banner-title-visibility":"","ast-main-header-display":"","ast-hfb-above-header-display":"","ast-hfb-below-header-display":"","ast-hfb-mobile-header-display":"","site-post-title":"","ast-breadcrumbs-content":"","ast-featured-img":"","footer-sml-layout":"","ast-disable-related-posts":"","theme-transparent-header-meta":"","adv-header-id-meta":"","stick-header-meta":"","header-above-stick-meta":"","header-main-stick-meta":"","header-below-stick-meta":"","astra-migrate-meta-layouts":"default","ast-page-background-enabled":"default","ast-page-background-meta":{"desktop":{"background-color":"var(--ast-global-color-4)","background-image":"","background-repeat":"repeat","background-position":"center center","background-size":"auto","background-attachment":"scroll","background-type":"","background-media":"","overlay-type":"","overlay-color":"","overlay-opacity":"","overlay-gradient":""},"tablet":{"background-color":"","background-image":"","background-repeat":"repeat","background-position":"center center","background-size":"auto","background-attachment":"scroll","background-type":"","background-media":"","overlay-type":"","overlay-color":"","overlay-opacity":"","overlay-gradient":""},"mobile":{"background-color":"","background-image":"","background-repeat":"repeat","background-position":"center center","background-size":"auto","background-attachment":"scroll","background-type":"","background-media":"","overlay-type":"","overlay-color":"","overlay-opacity":"","overlay-gradient":""}},"ast-content-background-meta":{"desktop":{"background-color":"var(--ast-global-color-5)","background-image":"","background-repeat":"repeat","background-position":"center center","background-size":"auto","background-attachment":"scroll","background-type":"","background-media":"","overlay-type":"","overlay-color":"","overlay-opacity":"","overlay-gradient":""},"tablet":{"background-color":"var(--ast-global-color-5)","background-image":"","background-repeat":"repeat","background-position":"center center","background-size":"auto","background-attachment":"scroll","background-type":"","background-media":"","overlay-type":"","overlay-color":"","overlay-opacity":"","overlay-gradient":""},"mobile":{"background-color":"var(--ast-global-color-5)","background-image":"","background-repeat":"repeat","background-position":"center center","background-size":"auto","background-attachment":"scroll","background-type":"","background-media":"","overlay-type":"","overlay-color":"","overlay-opacity":"","overlay-gradient":""}},"footnotes":""},"class_list":["post-145025","page","type-page","status-publish","has-post-thumbnail","hentry"],"_links":{"self":[{"href":"https:\/\/medclinics.com\/es\/wp-json\/wp\/v2\/pages\/145025","targetHints":{"allow":["GET"]}}],"collection":[{"href":"https:\/\/medclinics.com\/es\/wp-json\/wp\/v2\/pages"}],"about":[{"href":"https:\/\/medclinics.com\/es\/wp-json\/wp\/v2\/types\/page"}],"author":[{"embeddable":true,"href":"https:\/\/medclinics.com\/es\/wp-json\/wp\/v2\/users\/4"}],"replies":[{"embeddable":true,"href":"https:\/\/medclinics.com\/es\/wp-json\/wp\/v2\/comments?post=145025"}],"version-history":[{"count":0,"href":"https:\/\/medclinics.com\/es\/wp-json\/wp\/v2\/pages\/145025\/revisions"}],"wp:featuredmedia":[{"embeddable":true,"href":"https:\/\/medclinics.com\/es\/wp-json\/wp\/v2\/media\/45027"}],"wp:attachment":[{"href":"https:\/\/medclinics.com\/es\/wp-json\/wp\/v2\/media?parent=145025"}],"curies":[{"name":"wp","href":"https:\/\/api.w.org\/{rel}","templated":true}]}}