{"id":144883,"date":"2023-05-21T08:31:34","date_gmt":"2023-05-21T05:31:34","guid":{"rendered":"https:\/\/medclinics.com\/elevacion-de-mamas\/"},"modified":"2024-12-30T19:23:31","modified_gmt":"2024-12-30T16:23:31","slug":"elevacion-de-mamas","status":"publish","type":"page","link":"https:\/\/medclinics.com\/es\/elevacion-de-mamas\/","title":{"rendered":"Elevaci\u00f3n de mamas"},"content":{"rendered":"\n<h2 class=\"wp-block-heading\">Con la elevaci\u00f3n de mamas, disfrute por primera vez de un pecho bonito y turgente.  <\/h2>\n\n<p>La elevaci\u00f3n de mamas (mastopexia) proporciona a las mamas ca\u00eddas una forma m\u00e1s firme, m\u00e1s turgente y m\u00e1s est\u00e9tica. Puede someterse a esta operaci\u00f3n por alg\u00fan motivo. Por ejemplo, despu\u00e9s del embarazo y la lactancia, la elevaci\u00f3n de mamas devuelve una mejor forma al pecho. Tras la p\u00e9rdida de peso, ayuda a mejorar el contorno de los senos. Adem\u00e1s, puede ser una opci\u00f3n correcta si buscas pecho alegre.<\/p>\n\n<p>En cuanto a los tipos de lifting mamario, el Crescent Lift es para una flacidez m\u00ednima y se realiza con una peque\u00f1a incisi\u00f3n. Peri-Areolar o Donut Lift es para la flacidez leve y tambi\u00e9n puede ayudar a reducir el tama\u00f1o de la areola. La cicatriz sigue el borde de la areola.  <\/p>\n\n<p>En un lifting vertical o Lollipop, el cirujano elimina el exceso de piel y remodela todo el pecho. Las cicatrices (2 cicatrices) se disimulan f\u00e1cilmente. As\u00ed que es un m\u00e9todo com\u00fan. T invertida o lifting Anchor Si tiene los pechos muy ca\u00eddos, \u00e9sta puede ser su mejor opci\u00f3n. Implica 3 incisiones.<\/p>\n\n<p>Por otro lado, la elevaci\u00f3n mamaria con vampiro es un procedimiento no quir\u00fargico. Utiliza inyecciones de plasma rico en plaquetas (PRP). Esta t\u00e9cnica tiene menos riesgos. Pero, no es adecuado para una mujer con flacidez mamaria grave.  <\/p>\n\n<p>La elevaci\u00f3n de mamas se realiza a menudo con el <a href=\"https:\/\/www.breastaugmentation.gen.tr\/\" target=\"_blank\" rel=\"noreferrer noopener nofollow\">aumento de mamas<\/a>. Debes consultar a tu m\u00e9dico y elegir juntos el m\u00e9todo adecuado.  <\/p>\n\n<h3 class=\"wp-block-heading\">Todo lo que necesita saber sobre las <a href=\"https:\/\/medclinics.com\/breast-aesthetic-surgery\/\" target=\"_blank\" rel=\"noreferrer noopener\">cirug\u00edas est\u00e9ticas mamarias<\/a>, incluido el precio, los cuidados postoperatorios y el proceso de cicatrizaci\u00f3n, o p\u00f3ngase <a href=\"#requestform\">en contacto con nosotros<\/a>.<\/h3>\n\n<figure class=\"wp-block-image size-large\"><img fetchpriority=\"high\" decoding=\"async\" width=\"1440\" height=\"470\" src=\"https:\/\/medclinics.com\/wp-content\/uploads\/2023\/03\/breast-lift-istanbul.jpg\" alt=\"levantamiento de senos en estambul en turquia\" class=\"wp-image-53004\" srcset=\"https:\/\/medclinics.com\/wp-content\/uploads\/2023\/03\/breast-lift-istanbul.jpg 1440w, https:\/\/medclinics.com\/wp-content\/uploads\/2023\/03\/breast-lift-istanbul-500x163.jpg 500w, https:\/\/medclinics.com\/wp-content\/uploads\/2023\/03\/breast-lift-istanbul-1024x334.jpg 1024w, https:\/\/medclinics.com\/wp-content\/uploads\/2023\/03\/breast-lift-istanbul-768x251.jpg 768w\" sizes=\"(max-width: 1440px) 100vw, 1440px\" \/><\/figure>\n\n<h2 class=\"wp-block-heading\">FAQ<\/h2>\n<div id=\"rank-math-faq\" class=\"rank-math-block\">\n<div class=\"rank-math-list \">\n<div id=\"faq-question-1682602684334\" class=\"rank-math-list-item\">\n<h3 class=\"rank-math-question \">\u00bfLa elevaci\u00f3n de mamas deja cicatrices?<\/h3>\n<div class=\"rank-math-answer \">\n\n<p>La elevaci\u00f3n de mamas es una intervenci\u00f3n quir\u00fargica. Quedar\u00e1n cicatrices, pero desaparecer\u00e1n con el tiempo y apenas ser\u00e1n visibles. El m\u00e9dico intentar\u00e1 que la incisi\u00f3n sea lo m\u00e1s invisible posible.<\/p>\n\n<\/div>\n<\/div>\n<div id=\"faq-question-1682602700934\" class=\"rank-math-list-item\">\n<h3 class=\"rank-math-question \">\u00bfCu\u00e1nto se puede elevar el pecho?<\/h3>\n<div class=\"rank-math-answer \">\n\n<p>Durante el examen preliminar, el m\u00e9dico que le atienda le explicar\u00e1 exactamente cu\u00e1nto se puede elevar su pecho. Diversi fattori individuali, come l&#8217;et\u00e0 e l&#8217;elasticit\u00e0 della pelle, giocano un ruolo decisivo.<br \/>A volte \u00e8 necessario spostare anche il capezzolo in una parte pi\u00f9 alta del seno.<\/p>\n\n<\/div>\n<\/div>\n<div id=\"faq-question-1682602721732\" class=\"rank-math-list-item\">\n<h3 class=\"rank-math-question \">\u00bfTienen \u00e9xito las elevaciones mamarias?<\/h3>\n<div class=\"rank-math-answer \">\n\n<p>La elevaci\u00f3n de mamas s\u00f3lo debe ser realizada por un cirujano experimentado para que la intervenci\u00f3n logre los resultados deseados. Es posible conseguir un aspecto m\u00e1s est\u00e9tico y juvenil del pecho.<\/p>\n\n<\/div>\n<\/div>\n<div id=\"faq-question-1682602747270\" class=\"rank-math-list-item\">\n<h3 class=\"rank-math-question \">\u00bfCu\u00e1les son las t\u00e9cnicas quir\u00fargicas para la reducci\u00f3n mamaria?<\/h3>\n<div class=\"rank-math-answer \">\n\n<p>Existen varias t\u00e9cnicas que el cirujano puede utilizar para una elevaci\u00f3n mamaria. Entre ellas se incluyen la t\u00e9cnica del ancla o de la T invertida, la t\u00e9cnica vertical o de la piruleta y la t\u00e9cnica de la media luna. Su m\u00e9dico le explicar\u00e1 exactamente qu\u00e9 t\u00e9cnica es la mejor para usted y por qu\u00e9.<\/p>\n\n<\/div>\n<\/div>\n<\/div>\n<\/div>\n<h2 class=\"wp-block-heading\">P\u00f3ngase en contacto con nosotros si tiene alguna pregunta.<\/h2>\n","protected":false},"excerpt":{"rendered":"<p>Con la elevaci\u00f3n de mamas, disfrute por primera vez de un pecho bonito y turgente. La elevaci\u00f3n de mamas (mastopexia) [&hellip;]<\/p>\n","protected":false},"author":4,"featured_media":98744,"parent":0,"menu_order":0,"comment_status":"closed","ping_status":"closed","template":"","meta":{"site-sidebar-layout":"default","site-content-layout":"","ast-site-content-layout":"default","site-content-style":"default","site-sidebar-style":"default","ast-global-header-display":"","ast-banner-title-visibility":"","ast-main-header-display":"","ast-hfb-above-header-display":"","ast-hfb-below-header-display":"","ast-hfb-mobile-header-display":"","site-post-title":"","ast-breadcrumbs-content":"","ast-featured-img":"","footer-sml-layout":"","ast-disable-related-posts":"","theme-transparent-header-meta":"","adv-header-id-meta":"","stick-header-meta":"","header-above-stick-meta":"","header-main-stick-meta":"","header-below-stick-meta":"","astra-migrate-meta-layouts":"default","ast-page-background-enabled":"default","ast-page-background-meta":{"desktop":{"background-color":"var(--ast-global-color-4)","background-image":"","background-repeat":"repeat","background-position":"center center","background-size":"auto","background-attachment":"scroll","background-type":"","background-media":"","overlay-type":"","overlay-color":"","overlay-opacity":"","overlay-gradient":""},"tablet":{"background-color":"","background-image":"","background-repeat":"repeat","background-position":"center center","background-size":"auto","background-attachment":"scroll","background-type":"","background-media":"","overlay-type":"","overlay-color":"","overlay-opacity":"","overlay-gradient":""},"mobile":{"background-color":"","background-image":"","background-repeat":"repeat","background-position":"center center","background-size":"auto","background-attachment":"scroll","background-type":"","background-media":"","overlay-type":"","overlay-color":"","overlay-opacity":"","overlay-gradient":""}},"ast-content-background-meta":{"desktop":{"background-color":"var(--ast-global-color-5)","background-image":"","background-repeat":"repeat","background-position":"center center","background-size":"auto","background-attachment":"scroll","background-type":"","background-media":"","overlay-type":"","overlay-color":"","overlay-opacity":"","overlay-gradient":""},"tablet":{"background-color":"var(--ast-global-color-5)","background-image":"","background-repeat":"repeat","background-position":"center center","background-size":"auto","background-attachment":"scroll","background-type":"","background-media":"","overlay-type":"","overlay-color":"","overlay-opacity":"","overlay-gradient":""},"mobile":{"background-color":"var(--ast-global-color-5)","background-image":"","background-repeat":"repeat","background-position":"center center","background-size":"auto","background-attachment":"scroll","background-type":"","background-media":"","overlay-type":"","overlay-color":"","overlay-opacity":"","overlay-gradient":""}},"footnotes":""},"class_list":["post-144883","page","type-page","status-publish","has-post-thumbnail","hentry"],"_links":{"self":[{"href":"https:\/\/medclinics.com\/es\/wp-json\/wp\/v2\/pages\/144883","targetHints":{"allow":["GET"]}}],"collection":[{"href":"https:\/\/medclinics.com\/es\/wp-json\/wp\/v2\/pages"}],"about":[{"href":"https:\/\/medclinics.com\/es\/wp-json\/wp\/v2\/types\/page"}],"author":[{"embeddable":true,"href":"https:\/\/medclinics.com\/es\/wp-json\/wp\/v2\/users\/4"}],"replies":[{"embeddable":true,"href":"https:\/\/medclinics.com\/es\/wp-json\/wp\/v2\/comments?post=144883"}],"version-history":[{"count":0,"href":"https:\/\/medclinics.com\/es\/wp-json\/wp\/v2\/pages\/144883\/revisions"}],"wp:featuredmedia":[{"embeddable":true,"href":"https:\/\/medclinics.com\/es\/wp-json\/wp\/v2\/media\/98744"}],"wp:attachment":[{"href":"https:\/\/medclinics.com\/es\/wp-json\/wp\/v2\/media?parent=144883"}],"curies":[{"name":"wp","href":"https:\/\/api.w.org\/{rel}","templated":true}]}}