{"id":144861,"date":"2023-05-22T13:50:50","date_gmt":"2023-05-22T10:50:50","guid":{"rendered":"https:\/\/medclinics.com\/aumento-de-mamas-con-transferencia-de-grasa\/"},"modified":"2025-01-02T14:50:01","modified_gmt":"2025-01-02T11:50:01","slug":"aumento-de-mamas-con-transferencia-de-grasa","status":"publish","type":"page","link":"https:\/\/medclinics.com\/es\/aumento-de-mamas-con-transferencia-de-grasa\/","title":{"rendered":"Aumento mamario con transferencia de grasa"},"content":{"rendered":"\n<h2 class=\"wp-block-heading\">El aumento mamario con transferencia de grasa puede ser la soluci\u00f3n perfecta si desea realzar sus pechos y conseguir un aspecto m\u00e1s natural.<\/h2>\n\n<p>El procedimiento utiliza la liposucci\u00f3n para eliminar grasa de zonas espec\u00edficas del cuerpo (como el abdomen, los muslos o las nalgas). A continuaci\u00f3n, la grasa extra\u00edda se limpia y se transfiere a los senos para aumentar su volumen.<\/p>\n\n<p>El aumento mamario con transferencia de grasa es una forma natural de mejorar la forma y el tama\u00f1o de los senos. Los cirujanos extraen grasa del vientre, las caderas, la espalda, las piernas o los brazos. Por lo tanto, estas zonas de su cuerpo se encogen. El m\u00e9dico inyecta c\u00e9lulas grasas en los senos y los hace m\u00e1s grandes. Los pechos tienen mucho tejido graso. As\u00ed que a\u00f1adir m\u00e1s grasa da un aspecto m\u00e1s natural.<\/p>\n\n<p>Este m\u00e9todo tiene algunas limitaciones. Es posible que necesite m\u00e1s de una sesi\u00f3n para ver un aumento significativo. Adem\u00e1s, algunas grasas pueden ser reabsorbidas por el organismo. Esto puede cambiar los resultados. Para saber m\u00e1s sobre el aumento de mamas con transferencia de grasa, costes, opiniones y mucho m\u00e1s, deber\u00eda leer nuestro <a href=\"https:\/\/www.breastaugmentation.gen.tr\/\" target=\"_blank\" rel=\"noreferrer noopener nofollow\">blog sobre aumento de mamas<\/a> para obtener informaci\u00f3n \u00fatil. <\/p>\n\n<h3 class=\"wp-block-heading\">Todo lo que necesita saber sobre la <a href=\"https:\/\/medclinics.com\/breast-aesthetic-surgery\/\" target=\"_blank\" rel=\"noreferrer noopener\">cirug\u00eda mamaria<\/a>, incluido el precio, los cuidados postoperatorios y el proceso de cicatrizaci\u00f3n, o p\u00f3ngase <a href=\"#requestform\">en contacto con nosotros<\/a>.<\/h3>\n\n<figure class=\"wp-block-image size-full\"><img fetchpriority=\"high\" decoding=\"async\" width=\"960\" height=\"550\" src=\"https:\/\/medclinics.com\/wp-content\/uploads\/2023\/03\/breast-augmentation-in-istanbul-near-me.jpg\" alt=\"aumento mamario en estambul-cerca-de-me\" class=\"wp-image-21590\" srcset=\"https:\/\/medclinics.com\/wp-content\/uploads\/2023\/03\/breast-augmentation-in-istanbul-near-me.jpg 960w, https:\/\/medclinics.com\/wp-content\/uploads\/2023\/03\/breast-augmentation-in-istanbul-near-me-300x172.jpg 300w, https:\/\/medclinics.com\/wp-content\/uploads\/2023\/03\/breast-augmentation-in-istanbul-near-me-280x160.jpg 280w, https:\/\/medclinics.com\/wp-content\/uploads\/2023\/03\/breast-augmentation-in-istanbul-near-me-768x440.jpg 768w, https:\/\/medclinics.com\/wp-content\/uploads\/2023\/03\/breast-augmentation-in-istanbul-near-me-600x344.jpg 600w\" sizes=\"(max-width: 960px) 100vw, 960px\" \/><\/figure>\n\n<h2 class=\"wp-block-heading\">PREGUNTAS FRECUENTES  <\/h2>\n<div id=\"rank-math-faq\" class=\"rank-math-block\">\n<div class=\"rank-math-list \">\n<div id=\"faq-question-1682603361561\" class=\"rank-math-list-item\">\n<h3 class=\"rank-math-question \">\u00bfNecesito varias sesiones de lipofilling?<\/h3>\n<div class=\"rank-math-answer \">\n\n<p>Por lo general, de 1 a 3 sesiones de transferencia de grasa son suficientes para aumentar el tama\u00f1o de los senos deseados.<\/p>\n\n<\/div>\n<\/div>\n<div id=\"faq-question-1682665852961\" class=\"rank-math-list-item\">\n<h3 class=\"rank-math-question \">\u00bfEs permanente el aumento mamario con transferencia de grasa?<\/h3>\n<div class=\"rank-math-answer \">\n\n<p>El aumento mamario con grasa aut\u00f3loga es duradero, sin embargo puede que no dure para siempre. Con el tiempo, el organismo puede absorber algunas c\u00e9lulas grasas. Algunas c\u00e9lulas adiposas no sobreviven al trasplante o no crecen adecuadamente.<\/p>\n\n<\/div>\n<\/div>\n<div id=\"faq-question-1682666623404\" class=\"rank-math-list-item\">\n<h3 class=\"rank-math-question \">\u00bfSe sienten naturales los senos transferidos con grasa?<\/h3>\n<div class=\"rank-math-answer \">\n\n<p>S\u00ed, los pechos aumentados con transferencia de grasa se sienten de forma natural, ya que la grasa transferida se funde con el cuerpo.<\/p>\n\n<\/div>\n<\/div>\n<div id=\"faq-question-1682666956133\" class=\"rank-math-list-item\">\n<h3 class=\"rank-math-question \">\u00bfPuedo dar el pecho despu\u00e9s de un aumento de pecho con transferencia de grasa?<\/h3>\n<div class=\"rank-math-answer \">\n\n<p>La lactancia materna es posible incluso despu\u00e9s de un aumento mamario con grasa aut\u00f3loga. Los conductos l\u00e1cteos no suelen verse afectados. por la transferencia de grasa.<\/p>\n\n<\/div>\n<\/div>\n<\/div>\n<\/div>\n<p><\/p>\n\n<h3 class=\"wp-block-heading\">P\u00f3ngase en contacto con nosotros si tiene alguna pregunta.<\/h3>\n","protected":false},"excerpt":{"rendered":"<p>El aumento mamario con transferencia de grasa puede ser la soluci\u00f3n perfecta si desea realzar sus pechos y conseguir un [&hellip;]<\/p>\n","protected":false},"author":4,"featured_media":53227,"parent":0,"menu_order":0,"comment_status":"closed","ping_status":"closed","template":"","meta":{"site-sidebar-layout":"default","site-content-layout":"","ast-site-content-layout":"default","site-content-style":"default","site-sidebar-style":"default","ast-global-header-display":"","ast-banner-title-visibility":"","ast-main-header-display":"","ast-hfb-above-header-display":"","ast-hfb-below-header-display":"","ast-hfb-mobile-header-display":"","site-post-title":"","ast-breadcrumbs-content":"","ast-featured-img":"","footer-sml-layout":"","ast-disable-related-posts":"","theme-transparent-header-meta":"","adv-header-id-meta":"","stick-header-meta":"","header-above-stick-meta":"","header-main-stick-meta":"","header-below-stick-meta":"","astra-migrate-meta-layouts":"default","ast-page-background-enabled":"default","ast-page-background-meta":{"desktop":{"background-color":"var(--ast-global-color-4)","background-image":"","background-repeat":"repeat","background-position":"center center","background-size":"auto","background-attachment":"scroll","background-type":"","background-media":"","overlay-type":"","overlay-color":"","overlay-opacity":"","overlay-gradient":""},"tablet":{"background-color":"","background-image":"","background-repeat":"repeat","background-position":"center center","background-size":"auto","background-attachment":"scroll","background-type":"","background-media":"","overlay-type":"","overlay-color":"","overlay-opacity":"","overlay-gradient":""},"mobile":{"background-color":"","background-image":"","background-repeat":"repeat","background-position":"center center","background-size":"auto","background-attachment":"scroll","background-type":"","background-media":"","overlay-type":"","overlay-color":"","overlay-opacity":"","overlay-gradient":""}},"ast-content-background-meta":{"desktop":{"background-color":"var(--ast-global-color-5)","background-image":"","background-repeat":"repeat","background-position":"center center","background-size":"auto","background-attachment":"scroll","background-type":"","background-media":"","overlay-type":"","overlay-color":"","overlay-opacity":"","overlay-gradient":""},"tablet":{"background-color":"var(--ast-global-color-5)","background-image":"","background-repeat":"repeat","background-position":"center center","background-size":"auto","background-attachment":"scroll","background-type":"","background-media":"","overlay-type":"","overlay-color":"","overlay-opacity":"","overlay-gradient":""},"mobile":{"background-color":"var(--ast-global-color-5)","background-image":"","background-repeat":"repeat","background-position":"center center","background-size":"auto","background-attachment":"scroll","background-type":"","background-media":"","overlay-type":"","overlay-color":"","overlay-opacity":"","overlay-gradient":""}},"footnotes":""},"class_list":["post-144861","page","type-page","status-publish","has-post-thumbnail","hentry"],"_links":{"self":[{"href":"https:\/\/medclinics.com\/es\/wp-json\/wp\/v2\/pages\/144861","targetHints":{"allow":["GET"]}}],"collection":[{"href":"https:\/\/medclinics.com\/es\/wp-json\/wp\/v2\/pages"}],"about":[{"href":"https:\/\/medclinics.com\/es\/wp-json\/wp\/v2\/types\/page"}],"author":[{"embeddable":true,"href":"https:\/\/medclinics.com\/es\/wp-json\/wp\/v2\/users\/4"}],"replies":[{"embeddable":true,"href":"https:\/\/medclinics.com\/es\/wp-json\/wp\/v2\/comments?post=144861"}],"version-history":[{"count":0,"href":"https:\/\/medclinics.com\/es\/wp-json\/wp\/v2\/pages\/144861\/revisions"}],"wp:featuredmedia":[{"embeddable":true,"href":"https:\/\/medclinics.com\/es\/wp-json\/wp\/v2\/media\/53227"}],"wp:attachment":[{"href":"https:\/\/medclinics.com\/es\/wp-json\/wp\/v2\/media?parent=144861"}],"curies":[{"name":"wp","href":"https:\/\/api.w.org\/{rel}","templated":true}]}}