{"id":144849,"date":"2023-05-20T13:41:48","date_gmt":"2023-05-20T10:41:48","guid":{"rendered":"https:\/\/medclinics.com\/reduccion-mamaria\/"},"modified":"2024-12-30T19:22:47","modified_gmt":"2024-12-30T16:22:47","slug":"reduccion-mamaria","status":"publish","type":"page","link":"https:\/\/medclinics.com\/es\/reduccion-mamaria\/","title":{"rendered":"Reducci\u00f3n mamaria"},"content":{"rendered":"\n<h2 class=\"wp-block-heading\">La reducci\u00f3n mamaria tiene por objeto reducir el tama\u00f1o y corregir la forma del pecho. <\/h2>\n\n<p>En esta cirug\u00eda se realizan incisiones para eliminar el exceso de tejido mamario y piel. Esta operaci\u00f3n tambi\u00e9n puede reducir la piel oscura alrededor del pez\u00f3n (areola). Tener pechos grandes causa algunos problemas. Pueden ser dolor cr\u00f3nico de cuello, espalda y hombros, enrojecimiento cr\u00f3nico o irritaci\u00f3n de la piel bajo los senos.<\/p>\n\n<p>Adem\u00e1s, es posible que te cueste ponerte sujetadores y vestidos. La reducci\u00f3n mamaria para hombres tambi\u00e9n est\u00e1 disponible si tiene ginecomastia, etc. Puede optar por esta cirug\u00eda cuando tenga problemas con alguno de ellos. Para la intervenci\u00f3n, el cirujano suele realizar una incisi\u00f3n dentro y alrededor del pez\u00f3n, debajo de cada mama. A continuaci\u00f3n, elimina el exceso de tejido mamario, grasa y piel. Esto remodela el pecho.  <\/p>\n\n<p>Existen varias t\u00e9cnicas para esta <a href=\"https:\/\/istanbul-tourist-information.com\/en\/category\/plastic-and-aesthetic-surgery\/\" target=\"_blank\" rel=\"noreferrer noopener\">cirug\u00eda<\/a> est\u00e9tica. La reducci\u00f3n tradicional, la reducci\u00f3n s\u00f3lo con liposucci\u00f3n y la reducci\u00f3n mamaria con incisi\u00f3n vertical (reducci\u00f3n Lollipop) son las m\u00e1s populares. En la <strong>reducci\u00f3n tradicional<\/strong>, se realiza eliminando el exceso de tejido mamario, grasa y piel. Es posible remodelar el tejido restante para conseguir una est\u00e9tica \u00f3ptima.  <\/p>\n\n<p>La <strong>reducci\u00f3n s\u00f3lo mediante liposucci\u00f3n<\/strong> es un m\u00e9todo menos invasivo. S\u00f3lo absorbe el tejido adiposo. Adem\u00e1s, no requiere grandes cantidades de tejido ni contornos. La reducci\u00f3n mamaria con incisi\u00f3n vertical (reducci\u00f3n en piruleta) es una t\u00e9cnica con menos cicatrices para una reducci\u00f3n moderada. Consiste en una incisi\u00f3n vertical desde la areola hasta el pliegue mamario.<\/p>\n\n<p>Tambi\u00e9n puede combinar la reducci\u00f3n mamaria con la cirug\u00eda de elevaci\u00f3n mamaria. Como MedClinics, estamos aqu\u00ed para encontrar las mejores cl\u00ednicas y cirujanos pl\u00e1sticos para su cirug\u00eda mamaria.<\/p>\n\n<h3 class=\"wp-block-heading\">Todo lo que necesita saber sobre las <a href=\"https:\/\/medclinics.com\/breast-aesthetic-surgery\/\" target=\"_blank\" rel=\"noreferrer noopener\">cirug\u00edas est\u00e9ticas mamarias<\/a>, incluido el precio, los cuidados postoperatorios y el proceso de cicatrizaci\u00f3n, o p\u00f3ngase <a href=\"#requestform\" target=\"_blank\" rel=\"noreferrer noopener\">en contacto con nosotros<\/a>.<\/h3>\n\n<figure class=\"wp-block-image size-large\"><img fetchpriority=\"high\" decoding=\"async\" width=\"1440\" height=\"470\" src=\"https:\/\/medclinics.com\/wp-content\/uploads\/2023\/02\/breast-eduction-istanbul.jpg\" alt=\"Reducci&#xF3;n de mamas en Estambul en Turqu&#xED;a\" class=\"wp-image-53074\" srcset=\"https:\/\/medclinics.com\/wp-content\/uploads\/2023\/02\/breast-eduction-istanbul.jpg 1440w, https:\/\/medclinics.com\/wp-content\/uploads\/2023\/02\/breast-eduction-istanbul-500x163.jpg 500w, https:\/\/medclinics.com\/wp-content\/uploads\/2023\/02\/breast-eduction-istanbul-1024x334.jpg 1024w, https:\/\/medclinics.com\/wp-content\/uploads\/2023\/02\/breast-eduction-istanbul-768x251.jpg 768w\" sizes=\"(max-width: 1440px) 100vw, 1440px\" \/><\/figure>\n\n<h2 class=\"wp-block-heading\">FAQ<\/h2>\n<div id=\"rank-math-faq\" class=\"rank-math-block\">\n<div class=\"rank-math-list \">\n<div id=\"faq-question-1682602684334\" class=\"rank-math-list-item\">\n<h3 class=\"rank-math-question \">\u00bfQui\u00e9n puede someterse a una reducci\u00f3n mamaria?<\/h3>\n<div class=\"rank-math-answer \">\n\n<p>Cualquier mujer que sufra por el tama\u00f1o de sus senos es apta para una reducci\u00f3n mamaria. Unos pechos demasiado grandes pueden causar malestar psicol\u00f3gico y f\u00edsico. A menudo, las mujeres sufren dolores de espalda y cuello o problemas posturales.<\/p>\n\n<\/div>\n<\/div>\n<div id=\"faq-question-1682602700934\" class=\"rank-math-list-item\">\n<h3 class=\"rank-math-question \">\u00bfEn cu\u00e1nto puede reducirse mi pecho?<\/h3>\n<div class=\"rank-math-answer \">\n\n<p>El alcance de la reducci\u00f3n mamaria lo determinar\u00e1 su m\u00e9dico junto con usted. Dependiendo del tipo de cuerpo y del peso inicial, se pueden eliminar entre 200 y 1500 gramos por lado.<\/p>\n\n<\/div>\n<\/div>\n<div id=\"faq-question-1682602721732\" class=\"rank-math-list-item\">\n<h3 class=\"rank-math-question \">\u00bfPueden los hombres someterse a una reducci\u00f3n mamaria?<\/h3>\n<div class=\"rank-math-answer \">\n\n<p>S\u00ed, los hombres tambi\u00e9n pueden someterse a una operaci\u00f3n de reducci\u00f3n mamaria. El t\u00e9rmino m\u00e9dico para esto es ginecomastia. Aparece justo despu\u00e9s del nacimiento, durante la pubertad o a una edad m\u00e1s avanzada. No es una afecci\u00f3n peligrosa, pero a muchos hombres les molesta el pecho demasiado grande y sufren psicol\u00f3gicamente por ello.<\/p>\n\n<\/div>\n<\/div>\n<div id=\"faq-question-1682602747270\" class=\"rank-math-list-item\">\n<h3 class=\"rank-math-question \">\u00bfCu\u00e1les son las t\u00e9cnicas quir\u00fargicas para la reducci\u00f3n mamaria?<\/h3>\n<div class=\"rank-math-answer \">\n\n<p>Se diferencia entre la t\u00e9cnica vertical, en la que la incisi\u00f3n rodea la areola y, adem\u00e1s, desciende verticalmente desde el pez\u00f3n hasta el pliegue mamario. Esta t\u00e9cnica tambi\u00e9n se denomina incisi\u00f3n en piruleta o en ojo de cerradura. Con la T invertida, la incisi\u00f3n discurre por el pliegue de la mama y se extiende verticalmente hacia arriba hasta la areola. Estas t\u00e9cnicas se utilizan sobre todo para las reducciones mamarias.<\/p>\n\n<\/div>\n<\/div>\n<\/div>\n<\/div>\n<h2 class=\"wp-block-heading\">P\u00f3ngase en contacto con nosotros si tiene alguna pregunta.<\/h2>\n","protected":false},"excerpt":{"rendered":"<p>La reducci\u00f3n mamaria tiene por objeto reducir el tama\u00f1o y corregir la forma del pecho. En esta cirug\u00eda se realizan [&hellip;]<\/p>\n","protected":false},"author":4,"featured_media":98752,"parent":0,"menu_order":0,"comment_status":"closed","ping_status":"closed","template":"","meta":{"site-sidebar-layout":"default","site-content-layout":"","ast-site-content-layout":"default","site-content-style":"default","site-sidebar-style":"default","ast-global-header-display":"","ast-banner-title-visibility":"","ast-main-header-display":"","ast-hfb-above-header-display":"","ast-hfb-below-header-display":"","ast-hfb-mobile-header-display":"","site-post-title":"","ast-breadcrumbs-content":"","ast-featured-img":"","footer-sml-layout":"","ast-disable-related-posts":"","theme-transparent-header-meta":"","adv-header-id-meta":"","stick-header-meta":"","header-above-stick-meta":"","header-main-stick-meta":"","header-below-stick-meta":"","astra-migrate-meta-layouts":"default","ast-page-background-enabled":"default","ast-page-background-meta":{"desktop":{"background-color":"var(--ast-global-color-4)","background-image":"","background-repeat":"repeat","background-position":"center center","background-size":"auto","background-attachment":"scroll","background-type":"","background-media":"","overlay-type":"","overlay-color":"","overlay-opacity":"","overlay-gradient":""},"tablet":{"background-color":"","background-image":"","background-repeat":"repeat","background-position":"center center","background-size":"auto","background-attachment":"scroll","background-type":"","background-media":"","overlay-type":"","overlay-color":"","overlay-opacity":"","overlay-gradient":""},"mobile":{"background-color":"","background-image":"","background-repeat":"repeat","background-position":"center center","background-size":"auto","background-attachment":"scroll","background-type":"","background-media":"","overlay-type":"","overlay-color":"","overlay-opacity":"","overlay-gradient":""}},"ast-content-background-meta":{"desktop":{"background-color":"var(--ast-global-color-5)","background-image":"","background-repeat":"repeat","background-position":"center center","background-size":"auto","background-attachment":"scroll","background-type":"","background-media":"","overlay-type":"","overlay-color":"","overlay-opacity":"","overlay-gradient":""},"tablet":{"background-color":"var(--ast-global-color-5)","background-image":"","background-repeat":"repeat","background-position":"center center","background-size":"auto","background-attachment":"scroll","background-type":"","background-media":"","overlay-type":"","overlay-color":"","overlay-opacity":"","overlay-gradient":""},"mobile":{"background-color":"var(--ast-global-color-5)","background-image":"","background-repeat":"repeat","background-position":"center center","background-size":"auto","background-attachment":"scroll","background-type":"","background-media":"","overlay-type":"","overlay-color":"","overlay-opacity":"","overlay-gradient":""}},"footnotes":""},"class_list":["post-144849","page","type-page","status-publish","has-post-thumbnail","hentry"],"_links":{"self":[{"href":"https:\/\/medclinics.com\/es\/wp-json\/wp\/v2\/pages\/144849","targetHints":{"allow":["GET"]}}],"collection":[{"href":"https:\/\/medclinics.com\/es\/wp-json\/wp\/v2\/pages"}],"about":[{"href":"https:\/\/medclinics.com\/es\/wp-json\/wp\/v2\/types\/page"}],"author":[{"embeddable":true,"href":"https:\/\/medclinics.com\/es\/wp-json\/wp\/v2\/users\/4"}],"replies":[{"embeddable":true,"href":"https:\/\/medclinics.com\/es\/wp-json\/wp\/v2\/comments?post=144849"}],"version-history":[{"count":0,"href":"https:\/\/medclinics.com\/es\/wp-json\/wp\/v2\/pages\/144849\/revisions"}],"wp:featuredmedia":[{"embeddable":true,"href":"https:\/\/medclinics.com\/es\/wp-json\/wp\/v2\/media\/98752"}],"wp:attachment":[{"href":"https:\/\/medclinics.com\/es\/wp-json\/wp\/v2\/media?parent=144849"}],"curies":[{"name":"wp","href":"https:\/\/api.w.org\/{rel}","templated":true}]}}