{"id":144839,"date":"2023-06-09T13:57:00","date_gmt":"2023-06-09T10:57:00","guid":{"rendered":"https:\/\/medclinics.com\/cirugia-estetica-mamaria\/"},"modified":"2024-12-30T19:24:47","modified_gmt":"2024-12-30T16:24:47","slug":"cirugia-estetica-mamaria","status":"publish","type":"page","link":"https:\/\/medclinics.com\/es\/cirugia-estetica-mamaria\/","title":{"rendered":"Cirug\u00eda mamaria"},"content":{"rendered":"\n<h2 class=\"wp-block-heading\" id=\"breast-surgery-or-mammoplasty\">Cirug\u00eda mamaria o mamoplastia<\/h2>\n\n<p><strong>est\u00e1 dise\u00f1ado para cambiar la forma y el tama\u00f1o de los senos. Permite recuperar la confianza en uno mismo y eliminar muchos complejos que interfieren en la vida normal.<\/strong><\/p>\n\n<div class=\"wp-block-rank-math-toc-block\" id=\"rank-math-toc\"><h2>Tabla de contenidos<\/h2><nav><ul><li><a href=\"#breast-surgery-or-mammoplasty\">Cirug\u00eda mamaria o mamoplastia<\/a><\/li><li><a href=\"#so-what-is\">\u00bfQu\u00e9 es<\/a><\/li><li><a href=\"#treatment-plan\">Plan de tratamiento<\/a><\/li><li><a href=\"#aftercare-healing-process\">Cuidados postoperatorios y proceso de curaci\u00f3n<\/a><\/li><li><a href=\"#top-breast-surgery-costs-by-country\">Costes de la cirug\u00eda mamaria por pa\u00edses<\/a><\/li><li><a href=\"#types-of-breast-aesthetic-surgery\">Tipos de cirug\u00eda est\u00e9tica mamaria<\/a><\/li><li><a href=\"#faq\">PREGUNTAS FRECUENTES<\/a><\/li><li><a href=\"#history\">Historia<\/a><\/li><li><a href=\"#cities-and-countries-for-breast-surgery\">Ciudades y pa\u00edses para la cirug\u00eda mamaria<\/a><\/li><\/ul><\/nav><\/div>\n\n<h2 class=\"wp-block-heading\" id=\"so-what-is\">\u00bfQu\u00e9 es<\/h2>\n\n<ul class=\"wp-block-list\">\n<li>La cirug\u00eda mamaria o mamoplastia es un conjunto de intervenciones quir\u00fargicas destinadas a modificar la forma y el tama\u00f1o de las gl\u00e1ndulas mamarias, corrigiendo la areola y los pezones.<\/li>\n\n\n\n<li>Permite recuperar la confianza en uno mismo y deshacerse de una serie de complejos que interfieren en la vida normal.<\/li>\n<\/ul>\n\n<figure class=\"wp-block-image size-full\"><img fetchpriority=\"high\" decoding=\"async\" width=\"960\" height=\"540\" src=\"https:\/\/medclinics.com\/wp-content\/uploads\/2023\/07\/breast-aesthetic-surgery-in-turkey.jpg\" alt=\"Cirugia Estetica Mamaria en Istanbul en Turquia\" class=\"wp-image-96694\" srcset=\"https:\/\/medclinics.com\/wp-content\/uploads\/2023\/07\/breast-aesthetic-surgery-in-turkey.jpg 960w, https:\/\/medclinics.com\/wp-content\/uploads\/2023\/07\/breast-aesthetic-surgery-in-turkey-500x281.jpg 500w, https:\/\/medclinics.com\/wp-content\/uploads\/2023\/07\/breast-aesthetic-surgery-in-turkey-768x432.jpg 768w, https:\/\/medclinics.com\/wp-content\/uploads\/2023\/07\/breast-aesthetic-surgery-in-turkey-24x14.jpg 24w, https:\/\/medclinics.com\/wp-content\/uploads\/2023\/07\/breast-aesthetic-surgery-in-turkey-36x20.jpg 36w, https:\/\/medclinics.com\/wp-content\/uploads\/2023\/07\/breast-aesthetic-surgery-in-turkey-48x27.jpg 48w\" sizes=\"(max-width: 960px) 100vw, 960px\" \/><\/figure>\n\n<h2 class=\"wp-block-heading\" id=\"treatment-plan\">Plan de tratamiento<\/h2>\n<div id=\"rank-math-faq\" class=\"rank-math-block\">\n<div class=\"rank-math-list \">\n<div id=\"faq-question-1686920579822\" class=\"rank-math-list-item\">\n<h3 class=\"rank-math-question \">1. D\u00eda<\/h3>\n<div class=\"rank-math-answer \">\n\n<p>Incontro con il vostro medico di fiducia<br \/>Esame dettagliato del vostro seno<br \/>Decisione finale sul metodo di intervento, sulla forma e sul volume delle protesi <\/p>\n\n<\/div>\n<\/div>\n<div id=\"faq-question-1686920626460\" class=\"rank-math-list-item\">\n<h3 class=\"rank-math-question \">2. D\u00eda<\/h3>\n<div class=\"rank-math-answer \">\n\n<p>Venire in clinica a stomaco vuoto e fare il controllo del sangue<br \/>Secondo consulto con il medico curante dopo che i risultati dell&#8217;esame del sangue sono disponibili.<br \/>Preparaci\u00f3n e inicio de la intervenci\u00f3n: se realiza bajo anestesia general, por lo que no sentir\u00e1 ning\u00fan dolor.<br \/>Los aumentos mamarios suelen durar entre 2 y 3 horas.<br \/>En caso de que se realice una elevaci\u00f3n de mamas o una correcci\u00f3n de los pezones junto con un aumento de mamas, la duraci\u00f3n de la intervenci\u00f3n se prolongar\u00e1 entre 1 y 2 horas.<br \/>Tras despertarse, se le trasladar\u00e1 a su habitaci\u00f3n privada en el hospital.<br \/>Debido a la anestesia general, pasar\u00e1 una noche en el hospital bajo vigilancia m\u00e9dica.<br \/>Tenga en cuenta que usted necesita usar un sujetador de apoyo especial para alrededor de 1 mes, que recibir\u00e1 de nuestra cl\u00ednica de forma gratuita.<\/p>\n\n<\/div>\n<\/div>\n<div id=\"faq-question-1686920640309\" class=\"rank-math-list-item\">\n<h3 class=\"rank-math-question \">3. D\u00eda<\/h3>\n<div class=\"rank-math-answer \">\n\n<p>Consultazione con il medico curante<br \/>Controllo dell&#8217;area chirurgica<br \/>Rimozione dei drenaggi<br \/>Informazioni su ci\u00f2 a cui dovrete prestare attenzione nei giorni successivi<br \/>Successivamente lascerete l&#8217;ospedale, andrete in albergo e vi rilasserete<br \/>Per prevenire eventuali dolori e ridurre il gonfiore dell&#8217;area chirurgica, vi consigliamo vivamente di utilizzare diligentemente i farmaci che riceverete dalla nostra clinica.<\/p>\n\n<\/div>\n<\/div>\n<div id=\"faq-question-1686920659005\" class=\"rank-math-list-item\">\n<h3 class=\"rank-math-question \">4. D\u00eda<\/h3>\n<div class=\"rank-math-answer \">\n\n<p>Si te sientes bien, ahora puedes explorar la ciudad o ir de compras. Si lo prefiere, puede descansar en el hotel.<\/p>\n\n<\/div>\n<\/div>\n<div id=\"faq-question-1686920742708\" class=\"rank-math-list-item\">\n<h3 class=\"rank-math-question \">5. D\u00eda<\/h3>\n<div class=\"rank-math-answer \">\n\n<p>Controllo finale da parte del medico curante nel nostro ospedale<br \/>Esame dettagliato dell&#8217;area chirurgica<br \/>Pulizia della ferita e cambio dei bendaggi<br \/>Dopodich\u00e9 potete tornare a casa rilassati<\/p>\n\n<\/div>\n<\/div>\n<\/div>\n<\/div>\n<h3 class=\"wp-block-heading\" id=\"mammoplasty-for\">Mamoplastia para:<\/h3>\n\n<ul class=\"wp-block-list\">\n<li>Mujeres con buena salud.<\/li>\n\n\n\n<li>Mujeres que desean cambiar el tama\u00f1o y\/o la forma de su pecho.<\/li>\n\n\n\n<li>Mujeres que desean una reconstrucci\u00f3n mamaria tras una intervenci\u00f3n quir\u00fargica o un accidente.<\/li>\n<\/ul>\n\n<h3 class=\"wp-block-heading\" id=\"mammoplasty-duration\">Mamoplastia Duraci\u00f3n:<\/h3>\n\n<ul class=\"wp-block-list\">\n<li>La cirug\u00eda mamaria puede durar de 1 a 8 horas, dependiendo del tipo de operaci\u00f3n y de su dificultad.<\/li>\n<\/ul>\n\n<h3 class=\"wp-block-heading\" id=\"mammoplasty-recovery-timeline\">Cronolog\u00eda de la recuperaci\u00f3n de la mamoplastia:<\/h3>\n\n<ul class=\"wp-block-list\">\n<li>La <a href=\"https:\/\/istanbul-tourist-information.com\/en\/medical-treatment\/\" target=\"_blank\" rel=\"noopener\">recuperaci\u00f3n<\/a> de la intervenci\u00f3n suele durar entre una y dos semanas.<\/li>\n\n\n\n<li>Las actividades f\u00edsicas pueden reanudarse al cabo de un mes.<\/li>\n\n\n\n<li>Por lo general, se tarda un m\u00ednimo de tres meses en notar todos los resultados del tratamiento.<\/li>\n\n\n\n<li>La inflamaci\u00f3n y las cicatrices resultantes de la cirug\u00eda mamaria pueden tardar hasta 12 meses en desaparecer por completo.<\/li>\n<\/ul>\n\n<h3 class=\"wp-block-heading\" id=\"possible-risks-for-mammoplasty\">Posibles riesgos de la mamoplastia:<\/h3>\n\n<ul class=\"wp-block-list\">\n<li>Hematoma<\/li>\n\n\n\n<li>Embolia grasa<\/li>\n\n\n\n<li>Necrosis de las c\u00e9lulas adiposas<\/li>\n\n\n\n<li>P\u00e9rdida de sensibilidad<\/li>\n\n\n\n<li>Dificultad o incapacidad para amamantar<\/li>\n\n\n\n<li>P\u00e9rdida o disminuci\u00f3n de la sensibilidad del pez\u00f3n<\/li>\n\n\n\n<li>Entumecimiento<\/li>\n<\/ul>\n\n<h2 class=\"wp-block-heading\" id=\"aftercare-healing-process\">Cuidados postoperatorios y proceso de curaci\u00f3n<\/h2>\n<div id=\"rank-math-faq\" class=\"rank-math-block\">\n<div class=\"rank-math-list \">\n<div id=\"faq-question-1686920840200\" class=\"rank-math-list-item\">\n<h3 class=\"rank-math-question \">Cuidado posterior<\/h3>\n<div class=\"rank-math-answer \">\n\n<p>Naturalmente, ci prenderemo cura di voi anche dopo il trattamento!<br \/>I nostri consulenti medici si prenderanno cura di voi durante 1 anno dopo l&#8217;intervento.<br \/>Se avete bisogno di assistenza, se avete domande, potete contattare il nostro staff<br \/>Vi chiederemo di inviare delle foto per vedere i progressi a 2 settimane, 2 mesi, 6 mesi e 1 anno dall&#8217;intervento.<\/p>\n\n<\/div>\n<\/div>\n<div id=\"faq-question-1686920853244\" class=\"rank-math-list-item\">\n<h3 class=\"rank-math-question \">Proceso de curaci\u00f3n<\/h3>\n<div class=\"rank-math-answer \">\n\n<p>Il processo di guarigione nel suo complesso dura tra i 6 e i 12 mesi.<br \/>Nelle prime due settimane dopo l&#8217;intervento di chirurgia estetica del seno, ci si deve aspettare un leggero aumento della temperatura. Il torace si indolenzisce, si rassoda e comincia ad ammorbidirsi in circa 3 mesi.<br \/>Le prime settimane dopo l&#8217;intervento \u00e8 necessario assumere i farmaci prescritti dal medico.  Son antiinflamatorios, antibi\u00f3ticos. Vengono prescritti per alleviare il dolore, attenuare l&#8217;infiammazione e prevenire lo sviluppo di infezioni.<br \/>Il recupero dopo un intervento di chirurgia estetica del seno \u00e8 sempre associato allo sviluppo di gonfiore e lividi. Esto es bastante normal. La inflamaci\u00f3n y los hematomas desaparecer\u00e1n con el tiempo.<\/p>\n<p>En el primer mes tras la cirug\u00eda est\u00e9tica mamaria, la sensibilidad del pez\u00f3n puede verse alterada y la del propio pecho tambi\u00e9n. Torner\u00e0 alla normalit\u00e0 gradualmente.<br \/>Durante l&#8217;intero periodo di guarigione, \u00e8 necessario prendersi cura dei punti di sutura. Come farlo, con quale regolarit\u00e0, lo deve dire il medico.<br \/>Per accelerare il processo di guarigione, fin dalle prime settimane viene prescritto un massaggio speciale. <\/p>\n\n<\/div>\n<\/div>\n<\/div>\n<\/div>\n<figure class=\"wp-block-image size-full\"><img decoding=\"async\" width=\"960\" height=\"540\" src=\"https:\/\/medclinics.com\/wp-content\/uploads\/2023\/07\/breast-aesthetic-surgery-in-turkey-2.jpg\" alt=\"Cirug&#xED;a est&#xE9;tica mamaria en Turqu&#xED;a 2\" class=\"wp-image-96701\" srcset=\"https:\/\/medclinics.com\/wp-content\/uploads\/2023\/07\/breast-aesthetic-surgery-in-turkey-2.jpg 960w, https:\/\/medclinics.com\/wp-content\/uploads\/2023\/07\/breast-aesthetic-surgery-in-turkey-2-500x281.jpg 500w, https:\/\/medclinics.com\/wp-content\/uploads\/2023\/07\/breast-aesthetic-surgery-in-turkey-2-768x432.jpg 768w, https:\/\/medclinics.com\/wp-content\/uploads\/2023\/07\/breast-aesthetic-surgery-in-turkey-2-24x14.jpg 24w, https:\/\/medclinics.com\/wp-content\/uploads\/2023\/07\/breast-aesthetic-surgery-in-turkey-2-36x20.jpg 36w, https:\/\/medclinics.com\/wp-content\/uploads\/2023\/07\/breast-aesthetic-surgery-in-turkey-2-48x27.jpg 48w\" sizes=\"(max-width: 960px) 100vw, 960px\" \/><\/figure>\n\n<h2 class=\"wp-block-heading\" id=\"top-breast-surgery-costs-by-country\">Costes de la cirug\u00eda mamaria por pa\u00edses<\/h2>\n\n<p>I costi della chirurgia estetica del seno dipendono dall&#8217;esperienza del chirurgo, dalla tecnica utilizzata, dalla clinica o dall&#8217;ospedale e dalle condizioni di salute individuali.<br\/>I prezzi elencati di seguito si riferiscono all&#8217;aumento del seno e possono variare. Puede ponerse en contacto con nosotros para obtener informaci\u00f3n detallada sobre ellos.<\/p>\n\n<figure class=\"wp-block-table\"><table><thead><tr><th>Pa\u00eds <\/th><th>Precio  <\/th><th>Clasificaci\u00f3n<\/th><\/tr><\/thead><tbody><tr><td>T\u00fcrkiye (Turqu\u00eda)<\/td><td>~ 3500\u20ac<\/td><td>\u2605\u2605\u2605\u2605\u2605<\/td><\/tr><tr><td>Alemania<\/td><td>~ 5000\u20ac<\/td><td>\u2605\u2605\u2605\u2605<\/td><\/tr><tr><td>Polonia<\/td><td>~ 6200\u20ac<\/td><td>\u2605\u2605\u2605<\/td><\/tr><tr><td>India<\/td><td>~ 7000\u20ac<\/td><td>\u2605\u2605\u2605<\/td><\/tr><\/tbody><\/table><\/figure>\n\n<h2 class=\"wp-block-heading\" id=\"types-of-breast-aesthetic-surgery\">Tipos de cirug\u00eda est\u00e9tica mamaria<\/h2>\n<div class=\"jet-listing-grid--blocks   jet-sm-gb-wrapper jet-sm-gb-8ee14fe5-2e42-4d3b-9612-13db20e24f92\"data-element-id=\"8ee14fe5-2e42-4d3b-9612-13db20e24f92\"data-listing-type=\"blocks\"data-is-block=\"jet-engine\/listing-grid\"><div class=\"jet-listing-notice\">Please select listing to show.<\/div><\/div>\n<h2 class=\"wp-block-heading\" id=\"faq\">PREGUNTAS FRECUENTES<\/h2>\n<div id=\"rank-math-faq\" class=\"rank-math-block\">\n<div class=\"rank-math-list \">\n<div id=\"faq-question-1682598236692\" class=\"rank-math-list-item\">\n<h3 class=\"rank-math-question \">\u00bfQu\u00e9 es la mamoplastia &#8211; cirug\u00eda est\u00e9tica mamaria?<\/h3>\n<div class=\"rank-math-answer \">\n\n<p>La cirug\u00eda pl\u00e1stica mamaria es una operaci\u00f3n destinada a corregir la forma, la posici\u00f3n y el volumen de las gl\u00e1ndulas mamarias. La intervenci\u00f3n quir\u00fargica se realiza tanto por razones m\u00e9dicas como a petici\u00f3n del paciente con fines est\u00e9ticos. Dependiendo de las preferencias de la mujer, la mamoplastia permite aumentar o disminuir el tama\u00f1o del pecho, eliminar la asimetr\u00eda, la ptosis asociada a la edad, las consecuencias de traumatismos o la cirug\u00eda.<\/p>\n\n<\/div>\n<\/div>\n<div id=\"faq-question-1682599778411\" class=\"rank-math-list-item\">\n<h3 class=\"rank-math-question \">\u00bfPor qu\u00e9 la cirug\u00eda est\u00e9tica mamaria es m\u00e1s barata en Turqu\u00eda?<\/h3>\n<div class=\"rank-math-answer \">\n\n<p>En Turqu\u00eda, los salarios y el coste de la vida son m\u00e1s bajos que en Europa; adem\u00e1s, el gobierno apoya al sector sanitario. Por lo tanto, una operaci\u00f3n de pecho en Turqu\u00eda puede hacerse sin comprometer la calidad y el nivel, con costes m\u00e1s bajos a precios mucho m\u00e1s baratos.<\/p>\n\n<\/div>\n<\/div>\n<div id=\"faq-question-1682599810915\" class=\"rank-math-list-item\">\n<h3 class=\"rank-math-question \">\u00bfEs seguro someterse a cirug\u00eda est\u00e9tica mamaria en Turqu\u00eda?<\/h3>\n<div class=\"rank-math-answer \">\n\n<p>Con m\u00e1s de 2 millones de turistas m\u00e9dicos al a\u00f1o, Turqu\u00eda es uno de los tres l\u00edderes mundiales en turismo sanitario. M\u00e9dicos experimentados, junto con un equipo profesional, atienden a los pacientes de forma experta y competente. Con aproximadamente 86 millones de habitantes, Turqu\u00eda ocupa el 17\u00ba lugar del mundo en cuanto a poblaci\u00f3n. Los m\u00e9dicos tienen mucha experiencia pr\u00e1ctica en comparaci\u00f3n con otros pa\u00edses, lo que los convierte en profesionales competentes. Es seguro operarse los senos en Turqu\u00eda.<\/p>\n\n<\/div>\n<\/div>\n<div id=\"faq-question-1682599837003\" class=\"rank-math-list-item\">\n<h3 class=\"rank-math-question \">\u00bfCu\u00e1les son las ventajas de la cirug\u00eda est\u00e9tica mamaria en Turqu\u00eda?<\/h3>\n<div class=\"rank-math-answer \">\n\n<p>Ahorrar\u00e1 dinero y costes, se beneficiar\u00e1 de la calidad internacional y evitar\u00e1 largos tiempos de espera. En Turqu\u00eda, la cita para la operaci\u00f3n de mamas se obtiene con poca antelaci\u00f3n, mientras que en Alemania hay que esperar semanas. El corto tiempo de vuelo desde Europa es otra ventaja.<\/p>\n\n<\/div>\n<\/div>\n<div id=\"faq-question-1682599872711\" class=\"rank-math-list-item\">\n<h3 class=\"rank-math-question \">\u00bfEs dolorosa la cirug\u00eda est\u00e9tica mamaria?<\/h3>\n<div class=\"rank-math-answer \">\n\n<p>Dado que el procedimiento se realiza bajo anestesia general, el paciente no experimenta ning\u00fan dolor durante la operaci\u00f3n. En los primeros d\u00edas despu\u00e9s de la operaci\u00f3n puede aparecer un ligero dolor, pero puede tratarse bien con analg\u00e9sicos convencionales.<\/p>\n\n<\/div>\n<\/div>\n<div id=\"faq-question-1682599930139\" class=\"rank-math-list-item\">\n<h3 class=\"rank-math-question \">\u00bfCu\u00e1ndo se retiran los hilos despu\u00e9s de la cirug\u00eda mamaria?<\/h3>\n<div class=\"rank-math-answer \">\n\n<p>Dado que normalmente se utilizan hilos autodisolventes, no es necesario retirarlos tras la operaci\u00f3n.<\/p>\n\n<\/div>\n<\/div>\n<div id=\"faq-question-1682599987623\" class=\"rank-math-list-item\">\n<h3 class=\"rank-math-question \">\u00bfCu\u00e1l es la mejor edad para operarse los senos?<\/h3>\n<div class=\"rank-math-answer \">\n\n<p>Aunque la cirug\u00eda mamaria puede realizarse en cualquier paciente mayor de 18 a\u00f1os, los m\u00e9dicos coinciden en que no es aconsejable operarse hasta los 20 a\u00f1os, cuando el desarrollo f\u00edsico es completo.<\/p>\n\n<\/div>\n<\/div>\n<div id=\"faq-question-1682600021150\" class=\"rank-math-list-item\">\n<h3 class=\"rank-math-question \">\u00bfCu\u00e1les son las indicaciones de la cirug\u00eda mamaria?<\/h3>\n<div class=\"rank-math-answer \">\n\n<p>Insatisfacci\u00f3n subjetivo-est\u00e9tica. Tama\u00f1o demasiado peque\u00f1o, asimetr\u00eda, desproporci\u00f3n en comparaci\u00f3n con el resto de la figura. Ptosis (prolapso) del tejido glandular debido a la disminuci\u00f3n de la producci\u00f3n de col\u00e1geno y elastina. La p\u00e9rdida de la elasticidad previa del busto como consecuencia de cambios seniles o tras un periodo de embarazo se repone con la ayuda del tensado quir\u00fargico y la implantaci\u00f3n. Reconstrucci\u00f3n tras la extirpaci\u00f3n parcial o total de las gl\u00e1ndulas mamarias debido a un tumor. El tama\u00f1o es demasiado grande. Muchas mujeres experimentan molestias f\u00edsicas por el exceso de formaci\u00f3n de tejido glandular y adiposo. La ginecomastia masculina tambi\u00e9n es una indicaci\u00f3n.<\/p>\n\n<\/div>\n<\/div>\n<div id=\"faq-question-1682600050418\" class=\"rank-math-list-item\">\n<h3 class=\"rank-math-question \">\u00bfCu\u00e1les son las contraindicaciones de la cirug\u00eda mamaria?<\/h3>\n<div class=\"rank-math-answer \">\n\n<p>Infecciones agudas o enfermedades cr\u00f3nicas exacerbadas, oncolog\u00eda, enfermedades cardiovasculares y hematol\u00f3gicas, diabetes en fase de descompensaci\u00f3n, menos de seis meses despu\u00e9s del final de la lactancia, trastornos mentales. Adem\u00e1s, cualquier mamoplastia est\u00e1 contraindicada en menores de 18 a\u00f1os.<\/p>\n\n<\/div>\n<\/div>\n<div id=\"faq-question-1682600076408\" class=\"rank-math-list-item\">\n<h3 class=\"rank-math-question \">\u00bfPodr\u00e9 dar el pecho despu\u00e9s de una operaci\u00f3n de pecho?<\/h3>\n<div class=\"rank-math-answer \">\n\n<p><a href=\"\/\/istanbul-tourist-information.com\/en\/medical-treatment\/u0022\">Contrariamente<\/a> a la creencia popular, la capacidad de lactancia despu\u00e9s de la cirug\u00eda pl\u00e1stica mamaria se mantiene. La \u00fanica excepci\u00f3n es la mamoplastia de reducci\u00f3n (reducci\u00f3n mamaria), en la que la resecci\u00f3n del tejido glandular sobrante es inevitable.<\/p>\n\n<\/div>\n<\/div>\n<\/div>\n<\/div>\n<h2 class=\"wp-block-heading\" id=\"history\">Historia<\/h2>\n\n<h3 class=\"wp-block-heading\" id=\"the-first-mentions-of-breast-surgeries-date-back-to-ancient-times\">Las cirug\u00edas mamarias est\u00e1n documentadas desde hace siglos, aunque principalmente en hombres.<\/h3>\n\n<p>Los primeros intentos de aumento mamario se realizaron en el siglo XIX, pero con resultados desafortunados debido al uso de inyecciones de parafina. Hasta 1962 no se crearon, probaron y produjeron en serie implantes de silicona, lo que supuso un importante hito en la mamoplastia de aumento. A lo largo del tiempo se han utilizado diversos materiales como implantes mamarios, desde metal hasta pl\u00e1stico y marfil, mientras que las normas de la mamoplastia de reducci\u00f3n se establecieron a principios del siglo XX y desde entonces se han desarrollado y mejorado activamente.<\/p>\n\n<h2 class=\"wp-block-heading\" id=\"cities-and-countries-for-breast-surgery\">Ciudades y pa\u00edses para la cirug\u00eda mamaria<\/h2>\n\n<p><em>pr\u00f3ximamente &#8230;.  <\/em><\/p>\n","protected":false},"excerpt":{"rendered":"<p>Cirug\u00eda mamaria o mamoplastia est\u00e1 dise\u00f1ado para cambiar la forma y el tama\u00f1o de los senos. Permite recuperar la confianza [&hellip;]<\/p>\n","protected":false},"author":4,"featured_media":96522,"parent":0,"menu_order":0,"comment_status":"closed","ping_status":"closed","template":"","meta":{"site-sidebar-layout":"default","site-content-layout":"","ast-site-content-layout":"default","site-content-style":"default","site-sidebar-style":"default","ast-global-header-display":"","ast-banner-title-visibility":"","ast-main-header-display":"","ast-hfb-above-header-display":"","ast-hfb-below-header-display":"","ast-hfb-mobile-header-display":"","site-post-title":"","ast-breadcrumbs-content":"","ast-featured-img":"","footer-sml-layout":"","ast-disable-related-posts":"","theme-transparent-header-meta":"","adv-header-id-meta":"","stick-header-meta":"","header-above-stick-meta":"","header-main-stick-meta":"","header-below-stick-meta":"","astra-migrate-meta-layouts":"default","ast-page-background-enabled":"default","ast-page-background-meta":{"desktop":{"background-color":"var(--ast-global-color-4)","background-image":"","background-repeat":"repeat","background-position":"center center","background-size":"auto","background-attachment":"scroll","background-type":"","background-media":"","overlay-type":"","overlay-color":"","overlay-opacity":"","overlay-gradient":""},"tablet":{"background-color":"","background-image":"","background-repeat":"repeat","background-position":"center center","background-size":"auto","background-attachment":"scroll","background-type":"","background-media":"","overlay-type":"","overlay-color":"","overlay-opacity":"","overlay-gradient":""},"mobile":{"background-color":"","background-image":"","background-repeat":"repeat","background-position":"center center","background-size":"auto","background-attachment":"scroll","background-type":"","background-media":"","overlay-type":"","overlay-color":"","overlay-opacity":"","overlay-gradient":""}},"ast-content-background-meta":{"desktop":{"background-color":"var(--ast-global-color-5)","background-image":"","background-repeat":"repeat","background-position":"center center","background-size":"auto","background-attachment":"scroll","background-type":"","background-media":"","overlay-type":"","overlay-color":"","overlay-opacity":"","overlay-gradient":""},"tablet":{"background-color":"var(--ast-global-color-5)","background-image":"","background-repeat":"repeat","background-position":"center center","background-size":"auto","background-attachment":"scroll","background-type":"","background-media":"","overlay-type":"","overlay-color":"","overlay-opacity":"","overlay-gradient":""},"mobile":{"background-color":"var(--ast-global-color-5)","background-image":"","background-repeat":"repeat","background-position":"center center","background-size":"auto","background-attachment":"scroll","background-type":"","background-media":"","overlay-type":"","overlay-color":"","overlay-opacity":"","overlay-gradient":""}},"footnotes":""},"class_list":["post-144839","page","type-page","status-publish","has-post-thumbnail","hentry"],"_links":{"self":[{"href":"https:\/\/medclinics.com\/es\/wp-json\/wp\/v2\/pages\/144839","targetHints":{"allow":["GET"]}}],"collection":[{"href":"https:\/\/medclinics.com\/es\/wp-json\/wp\/v2\/pages"}],"about":[{"href":"https:\/\/medclinics.com\/es\/wp-json\/wp\/v2\/types\/page"}],"author":[{"embeddable":true,"href":"https:\/\/medclinics.com\/es\/wp-json\/wp\/v2\/users\/4"}],"replies":[{"embeddable":true,"href":"https:\/\/medclinics.com\/es\/wp-json\/wp\/v2\/comments?post=144839"}],"version-history":[{"count":0,"href":"https:\/\/medclinics.com\/es\/wp-json\/wp\/v2\/pages\/144839\/revisions"}],"wp:featuredmedia":[{"embeddable":true,"href":"https:\/\/medclinics.com\/es\/wp-json\/wp\/v2\/media\/96522"}],"wp:attachment":[{"href":"https:\/\/medclinics.com\/es\/wp-json\/wp\/v2\/media?parent=144839"}],"curies":[{"name":"wp","href":"https:\/\/api.w.org\/{rel}","templated":true}]}}