{"id":144831,"date":"2023-05-23T13:56:39","date_gmt":"2023-05-23T10:56:39","guid":{"rendered":"https:\/\/medclinics.com\/aumento-de-mamas-con-implantes\/"},"modified":"2024-12-30T19:22:47","modified_gmt":"2024-12-30T16:22:47","slug":"aumento-de-mamas-con-implantes","status":"publish","type":"page","link":"https:\/\/medclinics.com\/es\/aumento-de-mamas-con-implantes\/","title":{"rendered":"Aumento de mamas con implantes"},"content":{"rendered":"\n<h2 class=\"wp-block-heading\">El m\u00e9dico seleccionar\u00e1 el tama\u00f1o y la forma adecuados para su aumento mamario con implantes.<\/h2>\n\n<p>La cirug\u00eda de <a href=\"http:\/\/breastaugmentation.gen.tr\" data-type=\"link\" data-id=\"breastaugmentation.gen.tr\" rel=\"nofollow noopener\" target=\"_blank\">aumento mamario<\/a> aumenta el tama\u00f1o, la forma o la plenitud de los senos.<\/p>\n\n<p>En el aumento de pecho se pueden utilizar distintos tipos de implantes. Depende del tama\u00f1o de la incisi\u00f3n, del aspecto natural de los resultados y de la sustancia contenida. Pueden ser implantes de gel de silicona, implantes de ositos de goma, implantes salinos e implantes estructurados.  <\/p>\n\n<p>Tambi\u00e9n hay tres formas de colocar implantes. Para el aumento mamario se utiliza la colocaci\u00f3n por debajo de los m\u00fasculos, por encima de los m\u00fasculos o en dos planos. La colocaci\u00f3n bajo el m\u00fasculo puede proporcionar resultados m\u00e1s naturales y menos riesgo de apariencia de implante. En el caso de la sustituci\u00f3n de m\u00e1s de un m\u00fasculo, la recuperaci\u00f3n es m\u00e1s r\u00e1pida, pero puede ser m\u00e1s visible. Por \u00faltimo, la t\u00e9cnica del doble plano ofrece ventajas para ambos.<\/p>\n\n<p>La mejor opci\u00f3n para su operaci\u00f3n de senos es un diagn\u00f3stico y un an\u00e1lisis exhaustivos de los aspectos fisiol\u00f3gicos del organismo. Para obtener informaci\u00f3n m\u00e1s detallada sobre los riesgos u otros factores, debe consultarlo con su m\u00e9dico y luego determinar.  <\/p>\n\n<h3 class=\"wp-block-heading\">Todo lo que necesita saber sobre las <a href=\"https:\/\/medclinics.com\/breast-aesthetic-surgery\/\" target=\"_blank\" rel=\"noreferrer noopener\">cirug\u00edas est\u00e9ticas mamarias<\/a>, incluido el precio, los cuidados postoperatorios y el proceso de cicatrizaci\u00f3n, o p\u00f3ngase <a href=\"#requestform\">en contacto con nosotros<\/a>.<\/h3>\n\n<figure class=\"wp-block-image size-large\"><img fetchpriority=\"high\" decoding=\"async\" width=\"1440\" height=\"470\" src=\"https:\/\/medclinics.com\/wp-content\/uploads\/2023\/03\/breast-augmentation-in-istanbul-7.jpg\" alt=\"aumento de pecho en Estambul en turquia\" class=\"wp-image-52953\" srcset=\"https:\/\/medclinics.com\/wp-content\/uploads\/2023\/03\/breast-augmentation-in-istanbul-7.jpg 1440w, https:\/\/medclinics.com\/wp-content\/uploads\/2023\/03\/breast-augmentation-in-istanbul-7-500x163.jpg 500w, https:\/\/medclinics.com\/wp-content\/uploads\/2023\/03\/breast-augmentation-in-istanbul-7-1024x334.jpg 1024w, https:\/\/medclinics.com\/wp-content\/uploads\/2023\/03\/breast-augmentation-in-istanbul-7-768x251.jpg 768w\" sizes=\"(max-width: 1440px) 100vw, 1440px\" \/><\/figure>\n\n<h2 class=\"wp-block-heading\">Aumento de mamas con implantes<\/h2>\n\n<figure class=\"wp-block-embed is-type-video is-provider-youtube wp-block-embed-youtube wp-embed-aspect-16-9 wp-has-aspect-ratio\"><div class=\"wp-block-embed__wrapper\">\n<iframe title=\"How breast enlargement surgery is carried out\" width=\"500\" height=\"281\" src=\"https:\/\/www.youtube.com\/embed\/z666AqMG2Ao?feature=oembed\" frameborder=\"0\" allow=\"accelerometer; autoplay; clipboard-write; encrypted-media; gyroscope; picture-in-picture; web-share\" referrerpolicy=\"strict-origin-when-cross-origin\" allowfullscreen><\/iframe>\n<\/div><figcaption class=\"wp-element-caption\">Aumento de Mamas con Implantes | Cirug\u00eda de Aumento de Mamas<\/figcaption><\/figure>\n\n<h3 class=\"wp-block-heading\">PREGUNTAS FRECUENTES<\/h3>\n<div id=\"rank-math-faq\" class=\"rank-math-block\">\n<div class=\"rank-math-list \">\n<div id=\"faq-question-1682600986649\" class=\"rank-math-list-item\">\n<h3 class=\"rank-math-question \">\u00bfCu\u00e1nto se puede aumentar el pecho con implantes?<\/h3>\n<div class=\"rank-math-answer \">\n\n<p>El tama\u00f1o del implante lo determinar\u00e1 su m\u00e9dico junto con usted. Existen implantes con un volumen de 80 a 750 ml. Como regla general, unos 200 ml corresponden a una talla de sujetador. Los aumentos mamarios con un volumen de 250 a 350 ml tienen el efecto m\u00e1s natural.<\/p>\n\n<\/div>\n<\/div>\n<div id=\"faq-question-1682601014853\" class=\"rank-math-list-item\">\n<h3 class=\"rank-math-question \">\u00bfDe qu\u00e9 est\u00e1n rellenos los implantes?<\/h3>\n<div class=\"rank-math-answer \">\n\n<p>Normalmente, se utilizan implantes mamarios con gel de silicona. Los implantes de nueva generaci\u00f3n est\u00e1n rellenos de un gel de silicona cohesivo. Es m\u00e1s viscoso que el gel de silicona del pasado, lo que tiene la ventaja de que los implantes son dimensionalmente estables y no hay fugas de silicona ni siquiera en caso de peque\u00f1as grietas. Adem\u00e1s, existen implantes con suero salino, que se rellenan con suero salino s\u00f3lo despu\u00e9s de haber sido anclados en su posici\u00f3n en la mama. Por lo tanto, la operaci\u00f3n puede realizarse con incisiones relativamente peque\u00f1as. Sin embargo, estos implantes no resultan naturales cuando se llevan y pierden tama\u00f1o con el tiempo, lo que tambi\u00e9n modifica la forma del pecho.<\/p>\n\n<\/div>\n<\/div>\n<div id=\"faq-question-1682601039488\" class=\"rank-math-list-item\">\n<h3 class=\"rank-math-question \">\u00bfCu\u00e1les son las t\u00e9cnicas quir\u00fargicas para el aumento con implantes?<\/h3>\n<div class=\"rank-math-answer \">\n\n<p>Se distingue entre la t\u00e9cnica inframamaria, en la que la incisi\u00f3n se realiza en el pliegue mamario y el implante puede colocarse c\u00f3modamente bajo el m\u00fasculo mamario. La t\u00e9cnica axilar, sin embargo, tiene la ventaja de que la mama queda completamente libre de cicatrices, ya que la incisi\u00f3n se realiza en la axila. En esta t\u00e9cnica muy exigente, el implante se coloca sobre el m\u00fasculo mamario.<\/p>\n\n<\/div>\n<\/div>\n<div id=\"faq-question-1682601070178\" class=\"rank-math-list-item\">\n<h3 class=\"rank-math-question \">\u00bfQu\u00e9 son los implantes anat\u00f3micos?<\/h3>\n<div class=\"rank-math-answer \">\n\n<p>Los implantes tienen diferentes formas. Se distingue entre implantes redondos y en forma de l\u00e1grima. Las de l\u00e1grima parecen m\u00e1s naturales, ya que se asemejan m\u00e1s a la forma del busto. Por ello, estos implantes tambi\u00e9n se denominan implantes anat\u00f3micos. Los implantes redondos, sin embargo, se utilizan sobre todo cuando se quiere resaltar el escote.<\/p>\n\n<\/div>\n<\/div>\n<div id=\"faq-question-1682601091231\" class=\"rank-math-list-item\">\n<h3 class=\"rank-math-question \">\u00bfQu\u00e9 son los implantes lisos?<\/h3>\n<div class=\"rank-math-answer \">\n\n<p>Los implantes se diferencian por la estructura de su superficie. Si los implantes con una superficie lisa tambi\u00e9n se sienten m\u00e1s naturales, este tipo tiene m\u00e1s probabilidades de desarrollar fibrosis capsular. Por lo tanto, hoy en d\u00eda se prefieren los implantes con una superficie rugosa.<\/p>\n\n<\/div>\n<\/div>\n<div id=\"faq-question-1682601112343\" class=\"rank-math-list-item\">\n<h3 class=\"rank-math-question \">\u00bfQu\u00e9 es la fibrosis capsular?<\/h3>\n<div class=\"rank-math-answer \">\n\n<p>La fibrosis capsular es una complicaci\u00f3n del aumento mamario tan rara como temida. El cuerpo forma una fina capa de tejido cicatricial alrededor del implante. Se trata de una reacci\u00f3n inmunitaria normal, ya que el implante es reconocido como un cuerpo extra\u00f1o y el organismo intenta rechazarlo. En raras ocasiones, el sistema inmunitario reacciona de forma exagerada y la capa cicatricial se vuelve demasiado gruesa. Esto se denomina fibrosis capsular. En tal caso, el m\u00e9dico que le atienda discutir\u00e1 con usted el tratamiento a seguir.<\/p>\n\n<\/div>\n<\/div>\n<div id=\"faq-question-1682601130982\" class=\"rank-math-list-item\">\n<h3 class=\"rank-math-question \">\u00bfCu\u00e1nto duran los implantes mamarios?<\/h3>\n<div class=\"rank-math-answer \">\n\n<p>Los fabricantes ofrecen una garant\u00eda de 10 a\u00f1os. Sin embargo, por t\u00e9rmino medio, los implantes mamarios de nueva generaci\u00f3n suelen durar hasta 20 a\u00f1os. Su m\u00e9dico de cabecera decidir\u00e1 si es necesario sustituir un implante mamario y cu\u00e1ndo. En principio, los implantes pueden permanecer en el cuerpo mientras no est\u00e9n da\u00f1ados y usted no tenga ninguna queja.<\/p>\n\n<\/div>\n<\/div>\n<div id=\"faq-question-1682601167548\" class=\"rank-math-list-item\">\n<h3 class=\"rank-math-question \">\u00bfPuede un implante modificar la calidad de la leche?<\/h3>\n<div class=\"rank-math-answer \">\n\n<p>Pr\u00f3tesis modernas tienen un relleno seguro, pero incluso no ser\u00e1 capaz de filtrarse, gracias a la c\u00e1scara de barrera en 1-3 capas.<\/p>\n\n<\/div>\n<\/div>\n<\/div>\n<\/div>\n<p>\u00a0<\/p>\n\n<h3 class=\"wp-block-heading\">P\u00f3ngase en contacto con nosotros si tiene alguna pregunta.<\/h3>\n","protected":false},"excerpt":{"rendered":"<p>El m\u00e9dico seleccionar\u00e1 el tama\u00f1o y la forma adecuados para su aumento mamario con implantes. La cirug\u00eda de aumento mamario [&hellip;]<\/p>\n","protected":false},"author":4,"featured_media":52953,"parent":0,"menu_order":0,"comment_status":"closed","ping_status":"closed","template":"","meta":{"site-sidebar-layout":"default","site-content-layout":"","ast-site-content-layout":"default","site-content-style":"default","site-sidebar-style":"default","ast-global-header-display":"","ast-banner-title-visibility":"","ast-main-header-display":"","ast-hfb-above-header-display":"","ast-hfb-below-header-display":"","ast-hfb-mobile-header-display":"","site-post-title":"","ast-breadcrumbs-content":"","ast-featured-img":"","footer-sml-layout":"","ast-disable-related-posts":"","theme-transparent-header-meta":"","adv-header-id-meta":"","stick-header-meta":"","header-above-stick-meta":"","header-main-stick-meta":"","header-below-stick-meta":"","astra-migrate-meta-layouts":"default","ast-page-background-enabled":"default","ast-page-background-meta":{"desktop":{"background-color":"var(--ast-global-color-4)","background-image":"","background-repeat":"repeat","background-position":"center center","background-size":"auto","background-attachment":"scroll","background-type":"","background-media":"","overlay-type":"","overlay-color":"","overlay-opacity":"","overlay-gradient":""},"tablet":{"background-color":"","background-image":"","background-repeat":"repeat","background-position":"center center","background-size":"auto","background-attachment":"scroll","background-type":"","background-media":"","overlay-type":"","overlay-color":"","overlay-opacity":"","overlay-gradient":""},"mobile":{"background-color":"","background-image":"","background-repeat":"repeat","background-position":"center center","background-size":"auto","background-attachment":"scroll","background-type":"","background-media":"","overlay-type":"","overlay-color":"","overlay-opacity":"","overlay-gradient":""}},"ast-content-background-meta":{"desktop":{"background-color":"var(--ast-global-color-5)","background-image":"","background-repeat":"repeat","background-position":"center center","background-size":"auto","background-attachment":"scroll","background-type":"","background-media":"","overlay-type":"","overlay-color":"","overlay-opacity":"","overlay-gradient":""},"tablet":{"background-color":"var(--ast-global-color-5)","background-image":"","background-repeat":"repeat","background-position":"center center","background-size":"auto","background-attachment":"scroll","background-type":"","background-media":"","overlay-type":"","overlay-color":"","overlay-opacity":"","overlay-gradient":""},"mobile":{"background-color":"var(--ast-global-color-5)","background-image":"","background-repeat":"repeat","background-position":"center center","background-size":"auto","background-attachment":"scroll","background-type":"","background-media":"","overlay-type":"","overlay-color":"","overlay-opacity":"","overlay-gradient":""}},"footnotes":""},"class_list":["post-144831","page","type-page","status-publish","has-post-thumbnail","hentry"],"_links":{"self":[{"href":"https:\/\/medclinics.com\/es\/wp-json\/wp\/v2\/pages\/144831","targetHints":{"allow":["GET"]}}],"collection":[{"href":"https:\/\/medclinics.com\/es\/wp-json\/wp\/v2\/pages"}],"about":[{"href":"https:\/\/medclinics.com\/es\/wp-json\/wp\/v2\/types\/page"}],"author":[{"embeddable":true,"href":"https:\/\/medclinics.com\/es\/wp-json\/wp\/v2\/users\/4"}],"replies":[{"embeddable":true,"href":"https:\/\/medclinics.com\/es\/wp-json\/wp\/v2\/comments?post=144831"}],"version-history":[{"count":0,"href":"https:\/\/medclinics.com\/es\/wp-json\/wp\/v2\/pages\/144831\/revisions"}],"wp:featuredmedia":[{"embeddable":true,"href":"https:\/\/medclinics.com\/es\/wp-json\/wp\/v2\/media\/52953"}],"wp:attachment":[{"href":"https:\/\/medclinics.com\/es\/wp-json\/wp\/v2\/media?parent=144831"}],"curies":[{"name":"wp","href":"https:\/\/api.w.org\/{rel}","templated":true}]}}