{"id":144805,"date":"2023-05-24T14:35:25","date_gmt":"2023-05-24T11:35:25","guid":{"rendered":"https:\/\/medclinics.com\/fiv-fecundacion-in-vitro\/"},"modified":"2025-01-02T16:32:45","modified_gmt":"2025-01-02T13:32:45","slug":"fiv-fecundacion-in-vitro","status":"publish","type":"page","link":"https:\/\/medclinics.com\/es\/fiv-fecundacion-in-vitro\/","title":{"rendered":"FIV &#8211; Fecundaci\u00f3n in vitro"},"content":{"rendered":"\n<h2 class=\"wp-block-heading\">\u00bfLlevas mucho tiempo deseando tener un beb\u00e9, pero por alguna raz\u00f3n el embarazo no sale bien? \u00bfEst\u00e1 pensando en la FIV?<\/h2>\n\n<figure class=\"wp-block-image size-full\"><img fetchpriority=\"high\" decoding=\"async\" width=\"960\" height=\"540\" src=\"https:\/\/medclinics.com\/wp-content\/uploads\/2023\/07\/ivf-in-vitro-fertilisation-in-turkey.jpg\" alt=\"FIV Fecundaci&#xF3;n in vitro Estambul Turqu&#xED;a\" class=\"wp-image-96649\" srcset=\"https:\/\/medclinics.com\/wp-content\/uploads\/2023\/07\/ivf-in-vitro-fertilisation-in-turkey.jpg 960w, https:\/\/medclinics.com\/wp-content\/uploads\/2023\/07\/ivf-in-vitro-fertilisation-in-turkey-500x281.jpg 500w, https:\/\/medclinics.com\/wp-content\/uploads\/2023\/07\/ivf-in-vitro-fertilisation-in-turkey-768x432.jpg 768w, https:\/\/medclinics.com\/wp-content\/uploads\/2023\/07\/ivf-in-vitro-fertilisation-in-turkey-24x14.jpg 24w, https:\/\/medclinics.com\/wp-content\/uploads\/2023\/07\/ivf-in-vitro-fertilisation-in-turkey-36x20.jpg 36w, https:\/\/medclinics.com\/wp-content\/uploads\/2023\/07\/ivf-in-vitro-fertilisation-in-turkey-48x27.jpg 48w\" sizes=\"(max-width: 960px) 100vw, 960px\" \/><\/figure>\n\n<h2 class=\"wp-block-heading\">Introducci\u00f3n a la inseminaci\u00f3n artificial<\/h2>\n\n<p><a href=\"https:\/\/medclinics.com\/es\/inseminacion-artificial-fiv-en-estambul-turquia-las-mejores-clinicas-precios-cirujanos-y-tasas-de-exito\/\" target=\"_blank\" rel=\"noreferrer noopener\">La inseminaci\u00f3n artificial<\/a> es un m\u00e9todo de tratamiento complicado y requiere tiempo. MedClinics le ayuda en cada paso. Todo comienza con el an\u00e1lisis. Aqu\u00ed lo ver\u00e1 todo: sobre las t\u00e1cticas, las tasas de \u00e9xito y los m\u00e9todos de inseminaci\u00f3n artificial. Se diferencia entre <a href=\"https:\/\/medclinics.com\/es\/fiv-fecundacion-in-vitro\/\" target=\"_blank\" rel=\"noreferrer noopener\">FIV<\/a>, <a href=\"https:\/\/medclinics.com\/es\/inseminacion-artificial-fiv-en-estambul-turquia-las-mejores-clinicas-precios-cirujanos-y-tasas-de-exito\/\" target=\"_blank\" rel=\"noreferrer noopener\">inseminaci\u00f3n<\/a> y otros. Como un avance crucial en el tratamiento reproductivo, la inseminaci\u00f3n sint\u00e9tica da esperanza a las personas y parejas que se enfrentan a situaciones exigentes de fertilidad. Este art\u00edculo proporciona una exploraci\u00f3n detallada de las t\u00e9cnicas involucradas, los elementos que afectan a los costos de logro, y las diversas t\u00e9cnicas que se tienen, junto con la FIV y la inseminaci\u00f3n intrauterina (IIU).      <\/p>\n\n<p>La inseminaci\u00f3n artificial est\u00e1 dise\u00f1ada para ayudar en teor\u00eda mientras que la fecundaci\u00f3n con hierbas es dif\u00edcil o no es posible debido a situaciones de salud subyacentes. El m\u00e9todo ha avanzado mucho a lo largo de los a\u00f1os, ofreciendo mayores tasas de \u00e9xito y procesos m\u00e1s personalizados para satisfacer los deseos individuales. Veamos qu\u00e9 hace de este m\u00e9todo una alternativa prometedora para los padres.  <\/p>\n\n<h2 class=\"wp-block-heading\">Diagn\u00f3stico: El punto de partida<\/h2>\n\n<p>Antes de iniciar la t\u00e9cnica, es importante realizar un an\u00e1lisis adecuado. El diagn\u00f3stico implica la evaluaci\u00f3n de ambos compa\u00f1eros para decidir la causa subyacente de la infertilidad. Las pruebas diagn\u00f3sticas habituales consisten en an\u00e1lisis del grado hormonal, evaluaci\u00f3n del semen y ecograf\u00edas para evaluar los \u00f3rganos reproductores. Este primer paso es importante, ya que ayuda manualmente al grupo cient\u00edfico a seleccionar el m\u00e9todo de remedio m\u00e1s adecuado.   <\/p>\n\n<p>MedClinics ofrece servicios integrales de diagn\u00f3stico para garantizar que se toma el camino correcto desde el principio. Mediante la evaluaci\u00f3n de situaciones de car\u00e1cter, ayudan a adaptar un plan de remedio dise\u00f1ado para los resultados finales viables agradables. <\/p>\n\n<h2 class=\"wp-block-heading\">MedClinics: Apoyo durante todo el proceso<\/h2>\n\n<p>MedClinics se dedica a ayudar a los pacientes durante su viaje hacia la fertilidad. El m\u00e9todo personalizado garantiza que cada paso se controle con cuidado y comprensi\u00f3n. Desde el an\u00e1lisis inicial hasta el seguimiento posterior al m\u00e9todo, MedClinics prioriza el bienestar del paciente, presentando orientaci\u00f3n, gu\u00eda emocional y conocimientos cient\u00edficos. Este nivel de atenci\u00f3n es vital en un tratamiento tan delicado y considerable como la inseminaci\u00f3n artificial.   <\/p>\n\n<h2 class=\"wp-block-heading\">Procedimientos de inseminaci\u00f3n artificial<\/h2>\n\n<p>Existen varios enfoques de inseminaci\u00f3n artificial, y cada t\u00e9cnica tiene su m\u00e9todo espec\u00edfico para llevar a cabo la teor\u00eda. Las t\u00e9cnicas m\u00e1s utilizadas son la fecundaci\u00f3n in vitro (FIV) y la inseminaci\u00f3n intrauterina (IIU). El procedimiento suele incluir la preparaci\u00f3n de los espermatozoides y su introducci\u00f3n inmediata en el \u00fatero o la fecundaci\u00f3n de un \u00f3vulo en el exterior del marco antes de la implantaci\u00f3n.  <\/p>\n\n<h3 class=\"wp-block-heading\">Diferentes m\u00e9todos de inseminaci\u00f3n artificial<\/h3>\n\n<ol class=\"wp-block-list\">\n<li><strong><a href=\"https:\/\/medclinics.com\/es\/inseminacion-artificial-fiv-en-estambul-turquia-las-mejores-clinicas-precios-cirujanos-y-tasas-de-exito\/\" data-type=\"post\" data-id=\"146937\">FIV (Fecundaci\u00f3n in vitro)<\/a>:<\/strong> Los \u00f3vulos se extraen de los ovarios y se fecundan en un laboratorio antes de implantarlos en el \u00fatero.<\/li>\n\n\n\n<li><strong><a href=\"https:\/\/medclinics.com\/es\/inseminacion\/\" data-type=\"page\" data-id=\"146375\">IIU (Inseminaci\u00f3n intrauterina)<\/a>:<\/strong> Los espermatozoides se introducen directamente en el \u00fatero para facilitar la fecundaci\u00f3n.<\/li>\n\n\n\n<li><strong><a href=\"https:\/\/pubmed.ncbi.nlm.nih.gov\/8059813\/\" target=\"_blank\" data-type=\"link\" data-id=\"https:\/\/pubmed.ncbi.nlm.nih.gov\/8059813\/\" rel=\"noreferrer noopener\">ZIFT (transferencia intratub\u00e1rica de cigotos)<\/a>:<\/strong> los \u00f3vulos fecundados (cigotos) se colocan en las trompas de Falopio.<\/li>\n<\/ol>\n\n<p>Cada m\u00e9todo tiene sus propias ventajas, y la elecci\u00f3n del m\u00e1s adecuado depende del estado de la persona, su edad y su historial m\u00e9dico.<\/p>\n\n<h2 class=\"wp-block-heading\">\u00cdndices de \u00e9xito de la inseminaci\u00f3n artificial<\/h2>\n\n<p>Las tasas de \u00e9xito var\u00edan en funci\u00f3n de varios elementos, como la edad, el estado de salud medio y el m\u00e9todo concreto utilizado. Por ejemplo, los pacientes m\u00e1s j\u00f3venes suelen tener mayores tasas de \u00e9xito con la FIV, mientras que distintas estrategias, como la IIU, pueden resultar adecuadas para personas con determinadas situaciones de fertilidad.  <\/p>\n\n<h2 class=\"wp-block-heading\">FIV: Explicaci\u00f3n de la fecundaci\u00f3n in vitro<\/h2>\n\n<p>La FIV es uno de los m\u00e9todos de inseminaci\u00f3n sint\u00e9tica m\u00e1s famosos y utilizados. El sistema consiste en estimular los ovarios para que proporcionen m\u00e1s de un \u00f3vulo, recuperarlos, fecundarlos en un laboratorio e implantar los embriones en el \u00fatero. La FIV suele recomendarse a personas con obstrucci\u00f3n de las trompas de Falopio, infertilidad masculina excesiva o problemas de fertilidad inexplicables. El sistema requiere un seguimiento cuidadoso y conocimientos cient\u00edficos para maximizar las posibilidades de \u00e9xito.    <\/p>\n\n<h2 class=\"wp-block-heading\">Ciudades y pa\u00edses para la FIV y la fecundaci\u00f3n artificial<\/h2>\n<div class=\"jet-listing-grid--blocks   jet-sm-gb-wrapper jet-sm-gb-f82a0a43-a005-49d6-b977-9db479f4a59d\"data-element-id=\"f82a0a43-a005-49d6-b977-9db479f4a59d\"data-listing-type=\"blocks\"data-is-block=\"jet-engine\/listing-grid\"><div class=\"jet-listing-grid jet-listing\"><div class=\"jet-listing-grid__items grid-col-desk-1 grid-col-tablet-1 grid-col-mobile-1 jet-listing-grid--154774 jet-equal-columns__wrapper\" data-queried-id=\"144805|WP_Post\" data-nav=\"{&quot;enabled&quot;:false,&quot;type&quot;:null,&quot;more_el&quot;:null,&quot;query&quot;:[],&quot;widget_settings&quot;:{&quot;lisitng_id&quot;:154774,&quot;posts_num&quot;:20,&quot;columns&quot;:1,&quot;columns_tablet&quot;:1,&quot;columns_mobile&quot;:1,&quot;column_min_width&quot;:240,&quot;column_min_width_tablet&quot;:240,&quot;column_min_width_mobile&quot;:240,&quot;inline_columns_css&quot;:true,&quot;is_archive_template&quot;:&quot;&quot;,&quot;post_status&quot;:[&quot;publish&quot;],&quot;use_random_posts_num&quot;:&quot;&quot;,&quot;max_posts_num&quot;:6,&quot;not_found_message&quot;:&quot;No data was found&quot;,&quot;is_masonry&quot;:false,&quot;equal_columns_height&quot;:true,&quot;use_load_more&quot;:&quot;&quot;,&quot;load_more_id&quot;:&quot;&quot;,&quot;load_more_type&quot;:&quot;click&quot;,&quot;load_more_offset&quot;:null,&quot;use_custom_post_types&quot;:&quot;&quot;,&quot;custom_post_types&quot;:[],&quot;hide_widget_if&quot;:&quot;&quot;,&quot;carousel_enabled&quot;:&quot;&quot;,&quot;slides_to_scroll&quot;:1,&quot;arrows&quot;:true,&quot;arrow_icon&quot;:&quot;fa fa-angle-left&quot;,&quot;dots&quot;:&quot;&quot;,&quot;autoplay&quot;:true,&quot;pause_on_hover&quot;:true,&quot;autoplay_speed&quot;:5000,&quot;infinite&quot;:true,&quot;center_mode&quot;:&quot;&quot;,&quot;effect&quot;:&quot;slide&quot;,&quot;speed&quot;:500,&quot;inject_alternative_items&quot;:&quot;&quot;,&quot;injection_items&quot;:[],&quot;scroll_slider_enabled&quot;:&quot;&quot;,&quot;scroll_slider_on&quot;:[&quot;desktop&quot;,&quot;tablet&quot;,&quot;mobile&quot;],&quot;custom_query&quot;:false,&quot;custom_query_id&quot;:&quot;214&quot;,&quot;_element_id&quot;:&quot;&quot;,&quot;collapse_first_last_gap&quot;:false,&quot;list_tag_selection&quot;:&quot;&quot;,&quot;list_items_wrapper_tag&quot;:&quot;div&quot;,&quot;list_item_tag&quot;:&quot;div&quot;,&quot;empty_items_wrapper_tag&quot;:&quot;div&quot;}}\" data-page=\"1\" data-pages=\"1\" data-listing-source=\"posts\" data-listing-id=\"154774\" data-query-id=\"\"><style>.elementor-154778 .elementor-element.elementor-element-658edc4{--display:flex;--min-height:200px;--flex-direction:row;--container-widget-width:calc( ( 1 - var( --container-widget-flex-grow ) ) * 100% );--container-widget-height:100%;--container-widget-flex-grow:1;--container-widget-align-self:stretch;--flex-wrap-mobile:wrap;--align-items:stretch;--gap:10px 10px;--row-gap:10px;--column-gap:10px;--border-radius:10px 10px 10px 10px;box-shadow:0px 4px 6px 0px rgba(177, 182, 190, 0.25);}.elementor-154778 .elementor-element.elementor-element-658edc4:not(.elementor-motion-effects-element-type-background), .elementor-154778 .elementor-element.elementor-element-658edc4 > .elementor-motion-effects-container > .elementor-motion-effects-layer{background-color:#E1ECF3;}.elementor-154778 .elementor-element.elementor-element-dbaaf29{--display:flex;--justify-content:center;--gap:0px 0px;--row-gap:0px;--column-gap:0px;--border-radius:10px 0px 0px 10px;--margin-top:-10px;--margin-bottom:-10px;--margin-left:-10px;--margin-right:0px;--padding-top:0px;--padding-bottom:0px;--padding-left:10px;--padding-right:10px;}.elementor-154778 .elementor-element.elementor-element-dbaaf29:not(.elementor-motion-effects-element-type-background), .elementor-154778 .elementor-element.elementor-element-dbaaf29 > .elementor-motion-effects-container > .elementor-motion-effects-layer{background-color:#FFFFFF;background-position:center center;background-repeat:no-repeat;background-size:cover;}.elementor-154778 .elementor-element.elementor-element-dbaaf29.e-con{--order:-99999 \/* order start hack *\/;--flex-grow:0;--flex-shrink:0;}.elementor-154778 .elementor-element.elementor-element-fa35788{--display:flex;--gap:0px 0px;--row-gap:0px;--column-gap:0px;}.elementor-154778 .elementor-element.elementor-element-425556c .jet-listing-dynamic-link__link{align-self:flex-start;font-size:18px;font-weight:600;line-height:20px;color:#303437;flex-direction:row;}.elementor-154778 .elementor-element.elementor-element-425556c .jet-listing-dynamic-link__link:hover{color:#225B75;}.elementor-154778 .elementor-element.elementor-element-425556c .jet-listing-dynamic-link__icon{order:-1;}.elementor-widget-jet-button .jet-button__plane-normal{background-color:var( --e-global-color-primary );}.elementor-widget-jet-button .jet-button__plane-hover{background-color:var( --e-global-color-secondary );}.elementor-widget-jet-button  .jet-button__state-normal .jet-button__label{font-family:var( --e-global-typography-primary-font-family ), Sans-serif;font-weight:var( --e-global-typography-primary-font-weight );}.elementor-widget-jet-button  .jet-button__state-hover .jet-button__label{font-family:var( --e-global-typography-primary-font-family ), Sans-serif;font-weight:var( --e-global-typography-primary-font-weight );}.elementor-154778 .elementor-element.elementor-element-c1f6025 .jet-button__container{justify-content:center;}.elementor-154778 .elementor-element.elementor-element-c1f6025 .jet-button__instance{background-color:#63AACE;border-radius:10px 10px 10px 10px;}.elementor-154778 .elementor-element.elementor-element-c1f6025 .jet-button__instance:hover{background-color:var( --e-global-color-primary );}.elementor-154778 .elementor-element.elementor-element-c1f6025 .jet-button__plane-normal{background-color:#225B75;}.elementor-154778 .elementor-element.elementor-element-c1f6025 .jet-button__plane-hover{background-color:var( --e-global-color-primary );}.elementor-154778 .elementor-element.elementor-element-c1f6025 .jet-button__state-normal .jet-button__label{text-align:left;}.elementor-154778 .elementor-element.elementor-element-c1f6025 .jet-button__state-hover .jet-button__label{text-align:left;}.elementor-154778 .elementor-element.elementor-element-c1f6025  .jet-button__state-normal .jet-button__label{font-size:14px;}.elementor-154778 .elementor-element.elementor-element-c1f6025  .jet-button__state-hover .jet-button__label{font-size:14px;}.elementor-154778 .elementor-element.elementor-element-c1f6025 > .elementor-widget-container{margin:20px 0px 0px 0px;}.elementor-154778 .elementor-element.elementor-element-c1f6025.elementor-element{--align-self:flex-start;}@media(min-width:768px){.elementor-154778 .elementor-element.elementor-element-dbaaf29{--width:40%;}.elementor-154778 .elementor-element.elementor-element-fa35788{--width:60%;}}@media(max-width:767px){.elementor-154778 .elementor-element.elementor-element-658edc4{--padding-top:-5px;--padding-bottom:-5px;--padding-left:-5px;--padding-right:-5px;}.elementor-154778 .elementor-element.elementor-element-dbaaf29{--min-height:210px;--border-radius:10px 10px 0px 0px;--margin-top:0px;--margin-bottom:0px;--margin-left:0px;--margin-right:0px;--padding-top:0px;--padding-bottom:0px;--padding-left:0px;--padding-right:0px;}.elementor-154778 .elementor-element.elementor-element-c1f6025 .jet-button__instance{width:1000px;margin:10px 0px 0px 0px;border-radius:10px 10px 10px 10px;}.elementor-154778 .elementor-element.elementor-element-c1f6025 .jet-button__state-normal{justify-content:center;}.elementor-154778 .elementor-element.elementor-element-c1f6025 .jet-button__state-hover{justify-content:center;}.elementor-154778 .elementor-element.elementor-element-c1f6025 .jet-button__instance--icon-top .jet-button__state-normal{align-items:center;justify-content:center;}.elementor-154778 .elementor-element.elementor-element-c1f6025 .jet-button__instance--icon-top .jet-button__state-hover{align-items:center;justify-content:center;}.elementor-154778 .elementor-element.elementor-element-c1f6025 .jet-button__instance--icon-bottom .jet-button__state-normal{align-items:center;justify-content:center;}.elementor-154778 .elementor-element.elementor-element-c1f6025 .jet-button__instance--icon-bottom .jet-button__state-hover{align-items:center;justify-content:center;}.elementor-154778 .elementor-element.elementor-element-c1f6025 > .elementor-widget-container{margin:0px 0px 0px 0px;}.elementor-154778 .elementor-element.elementor-element-c1f6025.elementor-element{--align-self:stretch;}}<\/style><div class=\"jet-listing-grid__item jet-listing-dynamic-post-147476 jet-equal-columns\" data-post-id=\"147476\"  ><style type=\"text\/css\">.jet-listing-dynamic-post-147476 .elementor-element.elementor-element-dbaaf29:not(.elementor-motion-effects-element-type-background), .jet-listing-dynamic-post-147476 .elementor-element.elementor-element-dbaaf29 > .elementor-motion-effects-container > .elementor-motion-effects-layer{background-image:url(\"https:\/\/medclinics.com\/wp-content\/uploads\/2024\/03\/istanbul-city.jpg\");}<\/style>\t\t<div data-elementor-type=\"jet-listing-items\" data-elementor-id=\"154778\" class=\"elementor elementor-154778 elementor-154744\" data-elementor-post-type=\"jet-engine\">\n\t\t\t\t<div class=\"elementor-element elementor-element-658edc4 e-con-full e-flex e-con e-parent\" data-id=\"658edc4\" data-element_type=\"container\" data-e-type=\"container\" data-settings=\"{&quot;background_background&quot;:&quot;classic&quot;,&quot;jet_parallax_layout_list&quot;:[]}\">\n\t\t<div class=\"elementor-element elementor-element-dbaaf29 e-con-full e-flex e-con e-child\" data-id=\"dbaaf29\" data-element_type=\"container\" data-e-type=\"container\" data-settings=\"{&quot;background_background&quot;:&quot;classic&quot;,&quot;jet_parallax_layout_list&quot;:[]}\">\n\t\t\t\t<\/div>\n\t\t<div class=\"elementor-element elementor-element-fa35788 e-con-full e-flex e-con e-child\" data-id=\"fa35788\" data-element_type=\"container\" data-e-type=\"container\" data-settings=\"{&quot;jet_parallax_layout_list&quot;:[]}\">\n\t\t\t\t<div class=\"elementor-element elementor-element-425556c elementor-widget elementor-widget-jet-listing-dynamic-link\" data-id=\"425556c\" data-element_type=\"widget\" data-e-type=\"widget\" data-widget_type=\"jet-listing-dynamic-link.default\">\n\t\t\t\t<div class=\"elementor-widget-container\">\n\t\t\t\t\t<a href=\"https:\/\/medclinics.com\/es\/inseminacion-artificial-fiv-en-estambul-turquia-las-mejores-clinicas-precios-cirujanos-y-tasas-de-exito\/\" class=\"jet-listing-dynamic-link__link\">Inseminaci\u00f3n Artificial &#8211; FIV en Estambul, Turqu\u00eda | Las mejores cl\u00ednicas, precios, cirujanos y tasas de \u00e9xito<\/a>\t\t\t\t<\/div>\n\t\t\t\t<\/div>\n\t\t\t\t<div class=\"elementor-element elementor-element-c1f6025 elementor-widget elementor-widget-jet-button\" data-id=\"c1f6025\" data-element_type=\"widget\" data-e-type=\"widget\" data-widget_type=\"jet-button.default\">\n\t\t\t\t<div class=\"elementor-widget-container\">\n\t\t\t\t\t<div class=\"elementor-jet-button jet-elements\"><div class=\"jet-button__container\">\n\t<a class=\"jet-button__instance jet-button__instance--icon-left hover-effect-0\" href=\"https:\/\/medclinics.com\/es\/inseminacion-artificial-fiv-en-estambul-turquia-las-mejores-clinicas-precios-cirujanos-y-tasas-de-exito\/\">\n\t\t<div class=\"jet-button__plane jet-button__plane-normal\"><\/div>\n\t\t<div class=\"jet-button__plane jet-button__plane-hover\"><\/div>\n\t\t<div class=\"jet-button__state jet-button__state-normal\">\n\t\t\t<span class=\"jet-button__label\">Ver el post<\/span>\t\t<\/div>\n\t\t<div class=\"jet-button__state jet-button__state-hover\">\n\t\t\t<span class=\"jet-button__label\">Ver el post<\/span>\t\t<\/div>\n\t<\/a>\n<\/div>\n<\/div>\t\t\t\t<\/div>\n\t\t\t\t<\/div>\n\t\t\t\t<\/div>\n\t\t\t\t<\/div>\n\t\t\t\t<\/div>\n\t\t<\/div><\/div><\/div><\/div>\n<h2 class=\"wp-block-heading\">P\u00f3ngase en contacto con nosotros, nuestro asesor de pacientes le guiar\u00e1 y asesorar\u00e1 a lo largo del proceso.<\/h2>\n\n<p>Juntos encontraremos la mejor soluci\u00f3n y el mejor <a href=\"https:\/\/medclinics.com\/es\/tratamientos\/\" target=\"_blank\" rel=\"noreferrer noopener\">tratamiento<\/a> para usted. Le explicaremos todos los detalles y le ayudaremos a encontrar la cl\u00ednica m\u00e1s adecuada para sus necesidades espec\u00edficas.<\/p>\n\n<p>P\u00f3ngase en contacto con nosotros para hablar del tratamiento de fecundaci\u00f3n in vitro que prefiera.<\/p>\n\n<div class=\"wp-block-buttons is-layout-flex wp-block-buttons-is-layout-flex\">\n<div class=\"wp-block-button has-custom-width wp-block-button__width-100 is-style-fill\"><a class=\"wp-block-button__link has-background wp-element-button\" href=\"#requestform\" style=\"border-radius:8px;background-color:#225b75\">Consulta gratuita<\/a><\/div>\n<\/div>\n\n<p><\/p>\n","protected":false},"excerpt":{"rendered":"<p>\u00bfLlevas mucho tiempo deseando tener un beb\u00e9, pero por alguna raz\u00f3n el embarazo no sale bien? \u00bfEst\u00e1 pensando en la [&hellip;]<\/p>\n","protected":false},"author":4,"featured_media":54943,"parent":0,"menu_order":0,"comment_status":"closed","ping_status":"closed","template":"","meta":{"site-sidebar-layout":"default","site-content-layout":"","ast-site-content-layout":"default","site-content-style":"default","site-sidebar-style":"default","ast-global-header-display":"","ast-banner-title-visibility":"","ast-main-header-display":"","ast-hfb-above-header-display":"","ast-hfb-below-header-display":"","ast-hfb-mobile-header-display":"","site-post-title":"","ast-breadcrumbs-content":"","ast-featured-img":"","footer-sml-layout":"","ast-disable-related-posts":"","theme-transparent-header-meta":"","adv-header-id-meta":"","stick-header-meta":"","header-above-stick-meta":"","header-main-stick-meta":"","header-below-stick-meta":"","astra-migrate-meta-layouts":"default","ast-page-background-enabled":"default","ast-page-background-meta":{"desktop":{"background-color":"var(--ast-global-color-4)","background-image":"","background-repeat":"repeat","background-position":"center center","background-size":"auto","background-attachment":"scroll","background-type":"","background-media":"","overlay-type":"","overlay-color":"","overlay-opacity":"","overlay-gradient":""},"tablet":{"background-color":"","background-image":"","background-repeat":"repeat","background-position":"center center","background-size":"auto","background-attachment":"scroll","background-type":"","background-media":"","overlay-type":"","overlay-color":"","overlay-opacity":"","overlay-gradient":""},"mobile":{"background-color":"","background-image":"","background-repeat":"repeat","background-position":"center center","background-size":"auto","background-attachment":"scroll","background-type":"","background-media":"","overlay-type":"","overlay-color":"","overlay-opacity":"","overlay-gradient":""}},"ast-content-background-meta":{"desktop":{"background-color":"var(--ast-global-color-5)","background-image":"","background-repeat":"repeat","background-position":"center center","background-size":"auto","background-attachment":"scroll","background-type":"","background-media":"","overlay-type":"","overlay-color":"","overlay-opacity":"","overlay-gradient":""},"tablet":{"background-color":"var(--ast-global-color-5)","background-image":"","background-repeat":"repeat","background-position":"center center","background-size":"auto","background-attachment":"scroll","background-type":"","background-media":"","overlay-type":"","overlay-color":"","overlay-opacity":"","overlay-gradient":""},"mobile":{"background-color":"var(--ast-global-color-5)","background-image":"","background-repeat":"repeat","background-position":"center center","background-size":"auto","background-attachment":"scroll","background-type":"","background-media":"","overlay-type":"","overlay-color":"","overlay-opacity":"","overlay-gradient":""}},"footnotes":""},"class_list":["post-144805","page","type-page","status-publish","has-post-thumbnail","hentry"],"_links":{"self":[{"href":"https:\/\/medclinics.com\/es\/wp-json\/wp\/v2\/pages\/144805","targetHints":{"allow":["GET"]}}],"collection":[{"href":"https:\/\/medclinics.com\/es\/wp-json\/wp\/v2\/pages"}],"about":[{"href":"https:\/\/medclinics.com\/es\/wp-json\/wp\/v2\/types\/page"}],"author":[{"embeddable":true,"href":"https:\/\/medclinics.com\/es\/wp-json\/wp\/v2\/users\/4"}],"replies":[{"embeddable":true,"href":"https:\/\/medclinics.com\/es\/wp-json\/wp\/v2\/comments?post=144805"}],"version-history":[{"count":0,"href":"https:\/\/medclinics.com\/es\/wp-json\/wp\/v2\/pages\/144805\/revisions"}],"wp:featuredmedia":[{"embeddable":true,"href":"https:\/\/medclinics.com\/es\/wp-json\/wp\/v2\/media\/54943"}],"wp:attachment":[{"href":"https:\/\/medclinics.com\/es\/wp-json\/wp\/v2\/media?parent=144805"}],"curies":[{"name":"wp","href":"https:\/\/api.w.org\/{rel}","templated":true}]}}