{"id":144799,"date":"2023-04-18T15:31:17","date_gmt":"2023-04-18T12:31:17","guid":{"rendered":"https:\/\/medclinics.com\/tratamiento-de-renovacion-cutanea\/"},"modified":"2025-01-29T13:15:27","modified_gmt":"2025-01-29T10:15:27","slug":"tratamiento-de-renovacion-cutanea","status":"publish","type":"page","link":"https:\/\/medclinics.com\/es\/tratamiento-de-renovacion-cutanea\/","title":{"rendered":"Tratamiento de renovaci\u00f3n cut\u00e1nea"},"content":{"rendered":"\n<h2 class=\"wp-block-heading\">Descubra los secretos de una piel perfecta mediante modernas t\u00e9cnicas de renovaci\u00f3n cut\u00e1nea.<\/h2>\n\n<figure class=\"wp-block-image size-full\"><img fetchpriority=\"high\" decoding=\"async\" width=\"1000\" height=\"700\" src=\"https:\/\/medclinics.com\/wp-content\/uploads\/2023\/04\/skin-care-2.jpg\" alt=\"Renovaci&#xF3;n cut&#xE1;nea en Estambul (Turqu&#xED;a)\" class=\"wp-image-47821\" srcset=\"https:\/\/medclinics.com\/wp-content\/uploads\/2023\/04\/skin-care-2.jpg 1000w, https:\/\/medclinics.com\/wp-content\/uploads\/2023\/04\/skin-care-2-500x350.jpg 500w, https:\/\/medclinics.com\/wp-content\/uploads\/2023\/04\/skin-care-2-768x538.jpg 768w\" sizes=\"(max-width: 1000px) 100vw, 1000px\" \/><\/figure>\n\n<p>La renovaci\u00f3n de la piel siempre ha sido un tema clave en el campo del cuidado de la piel. A medida que avanza la tecnolog\u00eda, se desarrollan nuevas t\u00e9cnicas para revitalizar la piel y aumentar su aspecto juvenil.<\/p>\n\n<p>Hoy en d\u00eda se utilizan diversas t\u00e9cnicas para renovar la piel. <a href=\"https:\/\/medclinics.com\/es\/peeling-quimico\/\" data-type=\"page\" data-id=\"93269\">Los peelings qu\u00edmicos<\/a>, por ejemplo, utilizan productos qu\u00edmicos para eliminar la capa externa de la piel. Esto revela la piel m\u00e1s suave que hay debajo.<\/p>\n\n<p>Se dice que la microdermoabrasi\u00f3n estimula la producci\u00f3n de <a href=\"https:\/\/pubmed.ncbi.nlm.nih.gov\/?term=collagen\" target=\"_blank\" rel=\"noreferrer noopener\">col\u00e1geno<\/a>. Al mismo tiempo, se eliminan las c\u00e9lulas muertas. El resultado puede ser una reducci\u00f3n de las l\u00edneas de expresi\u00f3n, las arrugas o los da\u00f1os causados por el sol.<\/p>\n\n<figure class=\"wp-block-image size-large\"><img decoding=\"async\" width=\"1024\" height=\"683\" src=\"https:\/\/medclinics.com\/wp-content\/uploads\/2025\/01\/Adsiz-tasarim-4-1024x683.jpg\" alt=\"Tratamiento de renovaci&#xF3;n de la piel en estambul 2025\" class=\"wp-image-173521\" srcset=\"https:\/\/medclinics.com\/wp-content\/uploads\/2025\/01\/Adsiz-tasarim-4-1024x683.jpg 1024w, https:\/\/medclinics.com\/wp-content\/uploads\/2025\/01\/Adsiz-tasarim-4-300x200.jpg 300w, https:\/\/medclinics.com\/wp-content\/uploads\/2025\/01\/Adsiz-tasarim-4-768x512.jpg 768w, https:\/\/medclinics.com\/wp-content\/uploads\/2025\/01\/Adsiz-tasarim-4.jpg 1200w\" sizes=\"(max-width: 1024px) 100vw, 1024px\" \/><\/figure>\n\n<p>Las cicatrices de acn\u00e9 o el tono desigual de la piel se tratan con rejuvenecimiento l\u00e1ser. Tambi\u00e9n elimina las capas da\u00f1adas de la piel y favorece el crecimiento de c\u00e9lulas nuevas.<\/p>\n\n<p>Microneedling, como <a href=\"https:\/\/medclinics.com\/es\/morfeo8\/\" target=\"_blank\" data-type=\"page\" data-id=\"89799\" rel=\"noreferrer noopener\">Morpheus8<\/a>, utiliza agujas diminutas para hacer peque\u00f1as punciones en la piel y estimular la elastina y el col\u00e1geno. As\u00ed se reducen las cicatrices y retroceden las l\u00edneas finas y las arrugas.<\/p>\n\n<p>Los tratamientos de radiofrecuencia calientan y tensan las capas m\u00e1s profundas de la piel para conseguir un aspecto m\u00e1s joven.<\/p>\n\n<h2 class=\"wp-block-heading\">P\u00f3ngase en contacto con nosotros, nuestro asesor de pacientes le guiar\u00e1 y asesorar\u00e1 a lo largo del proceso.<\/h2>\n\n<p>Junto con MedClinics encontrar\u00e1 el tratamiento adecuado para usted. Le explicaremos todos los detalles y le ayudaremos a encontrar la cl\u00ednica m\u00e1s adecuada para sus necesidades espec\u00edficas.<\/p>\n","protected":false},"excerpt":{"rendered":"<p>Descubra los secretos de una piel perfecta mediante modernas t\u00e9cnicas de renovaci\u00f3n cut\u00e1nea. La renovaci\u00f3n de la piel siempre ha [&hellip;]<\/p>\n","protected":false},"author":4,"featured_media":53446,"parent":0,"menu_order":0,"comment_status":"closed","ping_status":"closed","template":"","meta":{"site-sidebar-layout":"default","site-content-layout":"","ast-site-content-layout":"default","site-content-style":"default","site-sidebar-style":"default","ast-global-header-display":"","ast-banner-title-visibility":"","ast-main-header-display":"","ast-hfb-above-header-display":"","ast-hfb-below-header-display":"","ast-hfb-mobile-header-display":"","site-post-title":"","ast-breadcrumbs-content":"","ast-featured-img":"","footer-sml-layout":"","ast-disable-related-posts":"","theme-transparent-header-meta":"","adv-header-id-meta":"","stick-header-meta":"","header-above-stick-meta":"","header-main-stick-meta":"","header-below-stick-meta":"","astra-migrate-meta-layouts":"default","ast-page-background-enabled":"default","ast-page-background-meta":{"desktop":{"background-color":"var(--ast-global-color-4)","background-image":"","background-repeat":"repeat","background-position":"center center","background-size":"auto","background-attachment":"scroll","background-type":"","background-media":"","overlay-type":"","overlay-color":"","overlay-opacity":"","overlay-gradient":""},"tablet":{"background-color":"","background-image":"","background-repeat":"repeat","background-position":"center center","background-size":"auto","background-attachment":"scroll","background-type":"","background-media":"","overlay-type":"","overlay-color":"","overlay-opacity":"","overlay-gradient":""},"mobile":{"background-color":"","background-image":"","background-repeat":"repeat","background-position":"center center","background-size":"auto","background-attachment":"scroll","background-type":"","background-media":"","overlay-type":"","overlay-color":"","overlay-opacity":"","overlay-gradient":""}},"ast-content-background-meta":{"desktop":{"background-color":"var(--ast-global-color-5)","background-image":"","background-repeat":"repeat","background-position":"center center","background-size":"auto","background-attachment":"scroll","background-type":"","background-media":"","overlay-type":"","overlay-color":"","overlay-opacity":"","overlay-gradient":""},"tablet":{"background-color":"var(--ast-global-color-5)","background-image":"","background-repeat":"repeat","background-position":"center center","background-size":"auto","background-attachment":"scroll","background-type":"","background-media":"","overlay-type":"","overlay-color":"","overlay-opacity":"","overlay-gradient":""},"mobile":{"background-color":"var(--ast-global-color-5)","background-image":"","background-repeat":"repeat","background-position":"center center","background-size":"auto","background-attachment":"scroll","background-type":"","background-media":"","overlay-type":"","overlay-color":"","overlay-opacity":"","overlay-gradient":""}},"footnotes":""},"class_list":["post-144799","page","type-page","status-publish","has-post-thumbnail","hentry"],"_links":{"self":[{"href":"https:\/\/medclinics.com\/es\/wp-json\/wp\/v2\/pages\/144799","targetHints":{"allow":["GET"]}}],"collection":[{"href":"https:\/\/medclinics.com\/es\/wp-json\/wp\/v2\/pages"}],"about":[{"href":"https:\/\/medclinics.com\/es\/wp-json\/wp\/v2\/types\/page"}],"author":[{"embeddable":true,"href":"https:\/\/medclinics.com\/es\/wp-json\/wp\/v2\/users\/4"}],"replies":[{"embeddable":true,"href":"https:\/\/medclinics.com\/es\/wp-json\/wp\/v2\/comments?post=144799"}],"version-history":[{"count":0,"href":"https:\/\/medclinics.com\/es\/wp-json\/wp\/v2\/pages\/144799\/revisions"}],"wp:featuredmedia":[{"embeddable":true,"href":"https:\/\/medclinics.com\/es\/wp-json\/wp\/v2\/media\/53446"}],"wp:attachment":[{"href":"https:\/\/medclinics.com\/es\/wp-json\/wp\/v2\/media?parent=144799"}],"curies":[{"name":"wp","href":"https:\/\/api.w.org\/{rel}","templated":true}]}}