{"id":144795,"date":"2023-04-18T15:25:38","date_gmt":"2023-04-18T15:25:38","guid":{"rendered":"https:\/\/medclinics.com\/tratamientos-de-mesoterapia\/"},"modified":"2024-04-01T15:46:43","modified_gmt":"2024-04-01T12:46:43","slug":"tratamientos-de-mesoterapia","status":"publish","type":"page","link":"https:\/\/medclinics.com\/es\/tratamientos-de-mesoterapia\/","title":{"rendered":"Tratamientos de mesoterapia"},"content":{"rendered":"\n<h2 class=\"wp-block-heading\"><strong>Descubra el poder de la mesoterapia, un procedimiento innovador para rejuvenecer la piel que ofrece resultados sorprendentes.<\/strong><\/h2>\n\n<figure class=\"wp-block-image size-full\"><img fetchpriority=\"high\" decoding=\"async\" width=\"1000\" height=\"667\" src=\"https:\/\/medclinics.com\/wp-content\/uploads\/2023\/04\/Mesotherapy-2.jpg\" alt=\"Mesoterapia en Estambul en Turqu&#xED;a\" class=\"wp-image-48725\" srcset=\"https:\/\/medclinics.com\/wp-content\/uploads\/2023\/04\/Mesotherapy-2.jpg 1000w, https:\/\/medclinics.com\/wp-content\/uploads\/2023\/04\/Mesotherapy-2-500x334.jpg 500w, https:\/\/medclinics.com\/wp-content\/uploads\/2023\/04\/Mesotherapy-2-768x512.jpg 768w\" sizes=\"(max-width: 1000px) 100vw, 1000px\" \/><\/figure>\n\n<p>La mesoterapia es un procedimiento cosm\u00e9tico innovador que puede proporcionar un sinf\u00edn de ventajas a quienes buscan la soluci\u00f3n m\u00e1s eficaz y menos invasiva. El procedimiento consiste en inyectar una mezcla especialmente elaborada de vitaminas, minerales, hormonas, enzimas y otros ingredientes directamente en determinadas zonas de la piel, como el cuerpo o la cara.<\/p>\n\n<p>Creada por el m\u00e9dico franc\u00e9s Dr. Michel Pistor en la d\u00e9cada de 1950, la mesoterapia se ha ganado el reconocimiento internacional por sus notables resultados. La mesoterapia se administra en cantidades muy peque\u00f1as y dirigidas con precisi\u00f3n para lograr la mayor eficacia.<\/p>\n\n<p>Los ingredientes que se utilizan pueden variar en funci\u00f3n de lo que se desee conseguir, pero lo m\u00e1s habitual es que incluyan \u00e1cidos hialur\u00f3nicos, vitaminas (como la vitamina C), amino\u00e1cidos antioxidantes, as\u00ed como extractos de plantas que han demostrado ser seguros a lo largo del tiempo.<\/p>\n\n<p>Uno de los principales beneficios que ofrece la mesoterapia es el <a href=\"https:\/\/medclinics.com\/es\/mesoterapia-facial\/\" target=\"_blank\" data-type=\"page\" data-id=\"89050\" rel=\"noreferrer noopener\">rejuvenecimiento del aspecto de la piel<\/a> mediante la estimulaci\u00f3n de la producci\u00f3n de col\u00e1geno, lo que mejora la textura, la firmeza y la elasticidad y le confiere un aspecto m\u00e1s joven que antes. Adem\u00e1s, ayuda a hidratar y nutrir, aportando nutrientes esenciales directamente donde m\u00e1s se necesitan, lo que redunda en una mejora general de la salud.<\/p>\n\n<p>Otra gran ventaja se deriva del tratamiento de <a href=\"https:\/\/medclinics.com\/es\/mesoterapia-capilar\/\" data-type=\"page\" data-id=\"89278\" target=\"_blank\" rel=\"noreferrer noopener\">restauraci\u00f3n capilar<\/a> mediante este m\u00e9todo no quir\u00fargico. Favorece el crecimiento al tiempo que mejora la densidad, \u00a1haciendo que el cuero cabelludo tambi\u00e9n est\u00e9 m\u00e1s sano!<\/p>\n\n<p>Por \u00faltimo, la mesoterapia tambi\u00e9n permite <a href=\"https:\/\/medclinics.com\/es\/mesoterapia-celulitis\/\" data-type=\"page\" data-id=\"88912\" target=\"_blank\" rel=\"noreferrer noopener\">reducir la grasa <\/a>localizada cuando se inyecta correctamente. El resultado ser\u00e1 una figura m\u00e1s esbelta sin pasar por el quir\u00f3fano.<\/p>\n\n<p>En conclusi\u00f3n, la mesoterapia ofrece muchas ventajas, como la revitalizaci\u00f3n de la piel, el crecimiento del vello y la reducci\u00f3n de los dep\u00f3sitos de grasa no deseados, todo ello de forma segura. Este asombroso procedimiento podr\u00eda cambiar para siempre nuestra forma de ver los tratamientos de belleza, as\u00ed que \u00bfpor qu\u00e9 no probarlo hoy mismo?<\/p>\n\n<h2 class=\"wp-block-heading\">P\u00f3ngase en contacto con nosotros, nuestro asesor de pacientes le guiar\u00e1 y asesorar\u00e1 a lo largo del proceso.<\/h2>\n\n<p>Junto con MedClinics encontrar\u00e1 el tratamiento adecuado para usted. Le explicaremos todos los detalles y le ayudaremos a encontrar la cl\u00ednica m\u00e1s adecuada para sus necesidades espec\u00edficas.<\/p>\n","protected":false},"excerpt":{"rendered":"<p>Descubra el poder de la mesoterapia, un procedimiento innovador para rejuvenecer la piel que ofrece resultados sorprendentes. La mesoterapia es [&hellip;]<\/p>\n","protected":false},"author":4,"featured_media":93041,"parent":0,"menu_order":0,"comment_status":"closed","ping_status":"closed","template":"","meta":{"site-sidebar-layout":"default","site-content-layout":"","ast-site-content-layout":"default","site-content-style":"default","site-sidebar-style":"default","ast-global-header-display":"","ast-banner-title-visibility":"","ast-main-header-display":"","ast-hfb-above-header-display":"","ast-hfb-below-header-display":"","ast-hfb-mobile-header-display":"","site-post-title":"","ast-breadcrumbs-content":"","ast-featured-img":"","footer-sml-layout":"","ast-disable-related-posts":"","theme-transparent-header-meta":"","adv-header-id-meta":"","stick-header-meta":"","header-above-stick-meta":"","header-main-stick-meta":"","header-below-stick-meta":"","astra-migrate-meta-layouts":"default","ast-page-background-enabled":"default","ast-page-background-meta":{"desktop":{"background-color":"var(--ast-global-color-4)","background-image":"","background-repeat":"repeat","background-position":"center center","background-size":"auto","background-attachment":"scroll","background-type":"","background-media":"","overlay-type":"","overlay-color":"","overlay-opacity":"","overlay-gradient":""},"tablet":{"background-color":"","background-image":"","background-repeat":"repeat","background-position":"center center","background-size":"auto","background-attachment":"scroll","background-type":"","background-media":"","overlay-type":"","overlay-color":"","overlay-opacity":"","overlay-gradient":""},"mobile":{"background-color":"","background-image":"","background-repeat":"repeat","background-position":"center center","background-size":"auto","background-attachment":"scroll","background-type":"","background-media":"","overlay-type":"","overlay-color":"","overlay-opacity":"","overlay-gradient":""}},"ast-content-background-meta":{"desktop":{"background-color":"var(--ast-global-color-5)","background-image":"","background-repeat":"repeat","background-position":"center center","background-size":"auto","background-attachment":"scroll","background-type":"","background-media":"","overlay-type":"","overlay-color":"","overlay-opacity":"","overlay-gradient":""},"tablet":{"background-color":"var(--ast-global-color-5)","background-image":"","background-repeat":"repeat","background-position":"center center","background-size":"auto","background-attachment":"scroll","background-type":"","background-media":"","overlay-type":"","overlay-color":"","overlay-opacity":"","overlay-gradient":""},"mobile":{"background-color":"var(--ast-global-color-5)","background-image":"","background-repeat":"repeat","background-position":"center center","background-size":"auto","background-attachment":"scroll","background-type":"","background-media":"","overlay-type":"","overlay-color":"","overlay-opacity":"","overlay-gradient":""}},"footnotes":""},"class_list":["post-144795","page","type-page","status-publish","has-post-thumbnail","hentry"],"_links":{"self":[{"href":"https:\/\/medclinics.com\/es\/wp-json\/wp\/v2\/pages\/144795","targetHints":{"allow":["GET"]}}],"collection":[{"href":"https:\/\/medclinics.com\/es\/wp-json\/wp\/v2\/pages"}],"about":[{"href":"https:\/\/medclinics.com\/es\/wp-json\/wp\/v2\/types\/page"}],"author":[{"embeddable":true,"href":"https:\/\/medclinics.com\/es\/wp-json\/wp\/v2\/users\/4"}],"replies":[{"embeddable":true,"href":"https:\/\/medclinics.com\/es\/wp-json\/wp\/v2\/comments?post=144795"}],"version-history":[{"count":0,"href":"https:\/\/medclinics.com\/es\/wp-json\/wp\/v2\/pages\/144795\/revisions"}],"wp:featuredmedia":[{"embeddable":true,"href":"https:\/\/medclinics.com\/es\/wp-json\/wp\/v2\/media\/93041"}],"wp:attachment":[{"href":"https:\/\/medclinics.com\/es\/wp-json\/wp\/v2\/media?parent=144795"}],"curies":[{"name":"wp","href":"https:\/\/api.w.org\/{rel}","templated":true}]}}