{"id":144787,"date":"2023-04-18T14:56:31","date_gmt":"2023-04-18T14:56:31","guid":{"rendered":"https:\/\/medclinics.com\/rellenos-dermicos\/"},"modified":"2024-04-06T11:47:40","modified_gmt":"2024-04-06T08:47:40","slug":"rellenos-dermicos","status":"publish","type":"page","link":"https:\/\/medclinics.com\/es\/rellenos-dermicos\/","title":{"rendered":"Rellenos d\u00e9rmicos"},"content":{"rendered":"\n<h2 class=\"wp-block-heading\">\u00bfBusca restaurar el volumen y reducir las arrugas? Piense en los rellenos d\u00e9rmicos, la soluci\u00f3n para conseguir un aspecto joven y rejuvenecido. <\/h2>\n\n<p><strong>Esta es nuestra gu\u00eda completa sobre rellenos d\u00e9rmicos inyectables.<\/strong><\/p>\n\n<p>Estos extraordinarios tratamientos inyectables pueden rellenar zonas huecas, suavizar l\u00edneas y realzar su belleza natural. Desp\u00eddase de la piel fl\u00e1cida y d\u00e9 la bienvenida a una piel m\u00e1s fresca y radiante. Descubra el poder transformador de los rellenos y abrace una versi\u00f3n m\u00e1s vibrante de s\u00ed mismo.<\/p>\n\n<p><a href=\"https:\/\/en.wikipedia.org\/wiki\/Injectable_filler\" target=\"_blank\" rel=\"noreferrer noopener\">Los rellenos<\/a> son conocidos desde hace tiempo en la medicina est\u00e9tica y han demostrado ser una alternativa a la cirug\u00eda pl\u00e1stica.<br\/>Los rellenos de \u00e1cido hialur\u00f3nico suelen resolver dos problemas a la vez: corrigen las imperfecciones sin intervenci\u00f3n quir\u00fargica y estimulan la producci\u00f3n del propio \u00e1cido hialur\u00f3nico del paciente. Los rellenos d\u00e9rmicos a base de \u00e1cido hialur\u00f3nico var\u00edan en densidad y duran entre 6 meses y 1 a\u00f1o.<\/p>\n\n<p>MedClinics le acompa\u00f1ar\u00e1 en el viaje del cambio. Benef\u00edciese de un servicio sin complicaciones y de una amplia red.<\/p>\n\n<p>Lea todo sobre <a href=\"https:\/\/medclinics.com\/es\/rellenos-labiales\/\" target=\"_blank\" data-type=\"page\" data-id=\"89657\" rel=\"noreferrer noopener\">los rellenos labiales<\/a> que nunca har\u00e1n desaparecer la sonrisa de sus labios, los rellenos de ojeras que le ayudar\u00e1n a conseguir una mirada radiante y los rellenos nasolabiales que har\u00e1n desaparecer las mejillas ca\u00eddas. Incluso su nariz puede adquirir una nueva forma con los rellenos.<\/p>\n\n<p><strong>D\u00e9jese tratar por dermat\u00f3logos certificados en Estambul en cl\u00ednicas y salones de belleza de renombre. P\u00f3ngase <a href=\"#request\" target=\"_blank\" rel=\"noreferrer noopener\">en contacto con<\/a> nosotros<\/strong><\/p>\n\n<h2 class=\"wp-block-heading\">P\u00f3ngase en contacto con nosotros, nuestro asesor de pacientes le guiar\u00e1 y asesorar\u00e1 a lo largo del proceso.<\/h2>\n\n<p>Junto con MedClinics encontrar\u00e1 el tratamiento adecuado para usted. Le explicaremos todos los detalles y le ayudaremos a encontrar la cl\u00ednica m\u00e1s adecuada para sus necesidades espec\u00edficas.<\/p>\n","protected":false},"excerpt":{"rendered":"<p>\u00bfBusca restaurar el volumen y reducir las arrugas? Piense en los rellenos d\u00e9rmicos, la soluci\u00f3n para conseguir un aspecto joven [&hellip;]<\/p>\n","protected":false},"author":4,"featured_media":161291,"parent":0,"menu_order":0,"comment_status":"closed","ping_status":"closed","template":"","meta":{"site-sidebar-layout":"default","site-content-layout":"","ast-site-content-layout":"default","site-content-style":"default","site-sidebar-style":"default","ast-global-header-display":"","ast-banner-title-visibility":"","ast-main-header-display":"","ast-hfb-above-header-display":"","ast-hfb-below-header-display":"","ast-hfb-mobile-header-display":"","site-post-title":"","ast-breadcrumbs-content":"","ast-featured-img":"","footer-sml-layout":"","ast-disable-related-posts":"","theme-transparent-header-meta":"","adv-header-id-meta":"","stick-header-meta":"","header-above-stick-meta":"","header-main-stick-meta":"","header-below-stick-meta":"","astra-migrate-meta-layouts":"default","ast-page-background-enabled":"default","ast-page-background-meta":{"desktop":{"background-color":"var(--ast-global-color-4)","background-image":"","background-repeat":"repeat","background-position":"center center","background-size":"auto","background-attachment":"scroll","background-type":"","background-media":"","overlay-type":"","overlay-color":"","overlay-opacity":"","overlay-gradient":""},"tablet":{"background-color":"","background-image":"","background-repeat":"repeat","background-position":"center center","background-size":"auto","background-attachment":"scroll","background-type":"","background-media":"","overlay-type":"","overlay-color":"","overlay-opacity":"","overlay-gradient":""},"mobile":{"background-color":"","background-image":"","background-repeat":"repeat","background-position":"center center","background-size":"auto","background-attachment":"scroll","background-type":"","background-media":"","overlay-type":"","overlay-color":"","overlay-opacity":"","overlay-gradient":""}},"ast-content-background-meta":{"desktop":{"background-color":"var(--ast-global-color-5)","background-image":"","background-repeat":"repeat","background-position":"center center","background-size":"auto","background-attachment":"scroll","background-type":"","background-media":"","overlay-type":"","overlay-color":"","overlay-opacity":"","overlay-gradient":""},"tablet":{"background-color":"var(--ast-global-color-5)","background-image":"","background-repeat":"repeat","background-position":"center center","background-size":"auto","background-attachment":"scroll","background-type":"","background-media":"","overlay-type":"","overlay-color":"","overlay-opacity":"","overlay-gradient":""},"mobile":{"background-color":"var(--ast-global-color-5)","background-image":"","background-repeat":"repeat","background-position":"center center","background-size":"auto","background-attachment":"scroll","background-type":"","background-media":"","overlay-type":"","overlay-color":"","overlay-opacity":"","overlay-gradient":""}},"footnotes":""},"class_list":["post-144787","page","type-page","status-publish","has-post-thumbnail","hentry"],"_links":{"self":[{"href":"https:\/\/medclinics.com\/es\/wp-json\/wp\/v2\/pages\/144787","targetHints":{"allow":["GET"]}}],"collection":[{"href":"https:\/\/medclinics.com\/es\/wp-json\/wp\/v2\/pages"}],"about":[{"href":"https:\/\/medclinics.com\/es\/wp-json\/wp\/v2\/types\/page"}],"author":[{"embeddable":true,"href":"https:\/\/medclinics.com\/es\/wp-json\/wp\/v2\/users\/4"}],"replies":[{"embeddable":true,"href":"https:\/\/medclinics.com\/es\/wp-json\/wp\/v2\/comments?post=144787"}],"version-history":[{"count":0,"href":"https:\/\/medclinics.com\/es\/wp-json\/wp\/v2\/pages\/144787\/revisions"}],"wp:featuredmedia":[{"embeddable":true,"href":"https:\/\/medclinics.com\/es\/wp-json\/wp\/v2\/media\/161291"}],"wp:attachment":[{"href":"https:\/\/medclinics.com\/es\/wp-json\/wp\/v2\/media?parent=144787"}],"curies":[{"name":"wp","href":"https:\/\/api.w.org\/{rel}","templated":true}]}}