{"id":144783,"date":"2023-04-18T15:00:04","date_gmt":"2023-04-18T15:00:04","guid":{"rendered":"https:\/\/medclinics.com\/relajante-muscular-y-tratamiento-de-las-arrugas\/"},"modified":"2024-04-01T15:50:44","modified_gmt":"2024-04-01T12:50:44","slug":"relajante-muscular-y-tratamiento-de-las-arrugas","status":"publish","type":"page","link":"https:\/\/medclinics.com\/es\/relajante-muscular-y-tratamiento-de-las-arrugas\/","title":{"rendered":"Relajante muscular y tratamiento de las arrugas"},"content":{"rendered":"\n<h2 class=\"wp-block-heading\">La edad no deber\u00eda ser un secreto oculto, pero tu rostro es el reflejo de la juventud de tu alma.<\/h2>\n\n<h3 class=\"wp-block-heading\"><strong><strong>Apl\u00edquese el Tratamiento Antiarrugas Parecer\u00e1 que tiene un a\u00f1o menos en muy poco tiempo, \u00a1a un precio asequible y con un coste m\u00ednimo!<\/strong><\/strong><\/h3>\n\n<figure class=\"wp-block-image size-full\"><img fetchpriority=\"high\" decoding=\"async\" width=\"1000\" height=\"595\" src=\"https:\/\/medclinics.com\/wp-content\/uploads\/2023\/04\/muscle-relaxant-in-istanbul-in-turkey.webp\" alt=\"relajante muscular y tratamiento de arrugas en estambul en turqu&#xED;a\" class=\"wp-image-52965\" srcset=\"https:\/\/medclinics.com\/wp-content\/uploads\/2023\/04\/muscle-relaxant-in-istanbul-in-turkey.webp 1000w, https:\/\/medclinics.com\/wp-content\/uploads\/2023\/04\/muscle-relaxant-in-istanbul-in-turkey-500x298.webp 500w, https:\/\/medclinics.com\/wp-content\/uploads\/2023\/04\/muscle-relaxant-in-istanbul-in-turkey-768x457.webp 768w\" sizes=\"(max-width: 1000px) 100vw, 1000px\" \/><\/figure>\n\n<p>En los \u00faltimos a\u00f1os, el n\u00famero de tratamientos est\u00e9ticos ha aumentado considerablemente, y la tendencia va en aumento. \u00bfA qui\u00e9n no le gustar\u00eda parecer 10 a\u00f1os m\u00e1s joven, y sin cirug\u00eda?<\/p>\n\n<p>As\u00ed, el famoso <a href=\"https:\/\/en.wikipedia.org\/wiki\/Botulinum_toxin\" target=\"_blank\" rel=\"noreferrer noopener\">Relajante Muscular<\/a>, la toxina nerviosa m\u00e1s potente conocida, se ha convertido desde hace tiempo en indispensable en la industria cosm\u00e9tica. Inhibe la transmisi\u00f3n de la excitaci\u00f3n de los nervios al m\u00fasculo y hace desaparecer las arrugas mediante una peque\u00f1a inyecci\u00f3n en el lugar adecuado. Se utiliza, entre otras cosas, para <a href=\"https:\/\/medclinics.com\/es\/tratamiento-de-arrugas-con-relajante-muscular\/\" target=\"_blank\" data-type=\"page\" data-id=\"87987\" rel=\"noreferrer noopener\">el tratamiento de las arrugas<\/a> con el fin de eliminar las arrugas del entrecejo, las patas de gallo, la barbilla de fresa y las arrugas de la frente.<\/p>\n\n<p>Sin embargo, no s\u00f3lo se utiliza con fines cosm\u00e9ticos, sino tambi\u00e9n para combatir las migra\u00f1as, el rechinar de dientes o la sudoraci\u00f3n extrema de pies y manos.<\/p>\n\n<p>El relajante muscular es un agente nervioso que s\u00f3lo puede ser utilizado por m\u00e9dicos experimentados. En dosis elevadas y en las manos equivocadas, puede ser muy peligroso.<\/p>\n\n<p>Con MedClinics encontrar\u00e1 los mejores y m\u00e1s famosos m\u00e9dicos, cl\u00ednicas y salones de belleza especialistas en su campo desde hace a\u00f1os. Benef\u00edciese de nuestra experiencia y d\u00e9jese asesorar. Llame ahora y haga realidad su sue\u00f1o de eterna juventud.<\/p>\n\n<h2 class=\"wp-block-heading\">P\u00f3ngase en contacto con nosotros, nuestro asesor de pacientes le guiar\u00e1 y asesorar\u00e1 a lo largo del proceso.<\/h2>\n\n<p>Junto con MedClinics encontrar\u00e1 el tratamiento adecuado para usted. Le explicaremos todos los detalles y le ayudaremos a encontrar la cl\u00ednica m\u00e1s adecuada para sus necesidades espec\u00edficas.<br\/><\/p>\n","protected":false},"excerpt":{"rendered":"<p>La edad no deber\u00eda ser un secreto oculto, pero tu rostro es el reflejo de la juventud de tu alma. [&hellip;]<\/p>\n","protected":false},"author":4,"featured_media":98766,"parent":0,"menu_order":0,"comment_status":"closed","ping_status":"closed","template":"","meta":{"site-sidebar-layout":"default","site-content-layout":"","ast-site-content-layout":"default","site-content-style":"default","site-sidebar-style":"default","ast-global-header-display":"","ast-banner-title-visibility":"","ast-main-header-display":"","ast-hfb-above-header-display":"","ast-hfb-below-header-display":"","ast-hfb-mobile-header-display":"","site-post-title":"","ast-breadcrumbs-content":"","ast-featured-img":"","footer-sml-layout":"","ast-disable-related-posts":"","theme-transparent-header-meta":"","adv-header-id-meta":"","stick-header-meta":"","header-above-stick-meta":"","header-main-stick-meta":"","header-below-stick-meta":"","astra-migrate-meta-layouts":"default","ast-page-background-enabled":"default","ast-page-background-meta":{"desktop":{"background-color":"var(--ast-global-color-4)","background-image":"","background-repeat":"repeat","background-position":"center center","background-size":"auto","background-attachment":"scroll","background-type":"","background-media":"","overlay-type":"","overlay-color":"","overlay-opacity":"","overlay-gradient":""},"tablet":{"background-color":"","background-image":"","background-repeat":"repeat","background-position":"center center","background-size":"auto","background-attachment":"scroll","background-type":"","background-media":"","overlay-type":"","overlay-color":"","overlay-opacity":"","overlay-gradient":""},"mobile":{"background-color":"","background-image":"","background-repeat":"repeat","background-position":"center center","background-size":"auto","background-attachment":"scroll","background-type":"","background-media":"","overlay-type":"","overlay-color":"","overlay-opacity":"","overlay-gradient":""}},"ast-content-background-meta":{"desktop":{"background-color":"var(--ast-global-color-5)","background-image":"","background-repeat":"repeat","background-position":"center center","background-size":"auto","background-attachment":"scroll","background-type":"","background-media":"","overlay-type":"","overlay-color":"","overlay-opacity":"","overlay-gradient":""},"tablet":{"background-color":"var(--ast-global-color-5)","background-image":"","background-repeat":"repeat","background-position":"center center","background-size":"auto","background-attachment":"scroll","background-type":"","background-media":"","overlay-type":"","overlay-color":"","overlay-opacity":"","overlay-gradient":""},"mobile":{"background-color":"var(--ast-global-color-5)","background-image":"","background-repeat":"repeat","background-position":"center center","background-size":"auto","background-attachment":"scroll","background-type":"","background-media":"","overlay-type":"","overlay-color":"","overlay-opacity":"","overlay-gradient":""}},"footnotes":""},"class_list":["post-144783","page","type-page","status-publish","has-post-thumbnail","hentry"],"_links":{"self":[{"href":"https:\/\/medclinics.com\/es\/wp-json\/wp\/v2\/pages\/144783","targetHints":{"allow":["GET"]}}],"collection":[{"href":"https:\/\/medclinics.com\/es\/wp-json\/wp\/v2\/pages"}],"about":[{"href":"https:\/\/medclinics.com\/es\/wp-json\/wp\/v2\/types\/page"}],"author":[{"embeddable":true,"href":"https:\/\/medclinics.com\/es\/wp-json\/wp\/v2\/users\/4"}],"replies":[{"embeddable":true,"href":"https:\/\/medclinics.com\/es\/wp-json\/wp\/v2\/comments?post=144783"}],"version-history":[{"count":0,"href":"https:\/\/medclinics.com\/es\/wp-json\/wp\/v2\/pages\/144783\/revisions"}],"wp:featuredmedia":[{"embeddable":true,"href":"https:\/\/medclinics.com\/es\/wp-json\/wp\/v2\/media\/98766"}],"wp:attachment":[{"href":"https:\/\/medclinics.com\/es\/wp-json\/wp\/v2\/media?parent=144783"}],"curies":[{"name":"wp","href":"https:\/\/api.w.org\/{rel}","templated":true}]}}