{"id":144779,"date":"2023-04-25T17:44:00","date_gmt":"2023-04-25T14:44:00","guid":{"rendered":"https:\/\/medclinics.com\/tratamientos-ortopedicos\/"},"modified":"2025-01-02T18:32:53","modified_gmt":"2025-01-02T15:32:53","slug":"tratamientos-ortopedicos","status":"publish","type":"page","link":"https:\/\/medclinics.com\/es\/tratamientos-ortopedicos\/","title":{"rendered":"Tratamientos ortop\u00e9dicos"},"content":{"rendered":"\n<h2 class=\"wp-block-heading\">Los tratamientos ortop\u00e9dicos son cada vez m\u00e1s avanzados y a menudo permiten superar la inmovilidad.<\/h2>\n\n<div class=\"wp-block-columns is-layout-flex wp-container-core-columns-is-layout-28f84493 wp-block-columns-is-layout-flex\">\n<div class=\"wp-block-column is-layout-flow wp-block-column-is-layout-flow\">\n<figure class=\"wp-block-image size-full\"><img fetchpriority=\"high\" decoding=\"async\" width=\"960\" height=\"540\" src=\"https:\/\/medclinics.com\/wp-content\/uploads\/2023\/07\/orthopedics-in-turkey.jpg\" alt=\"Tratamientos ortop&#xE9;dicos en Turqu&#xED;a\" class=\"wp-image-96633\" srcset=\"https:\/\/medclinics.com\/wp-content\/uploads\/2023\/07\/orthopedics-in-turkey.jpg 960w, https:\/\/medclinics.com\/wp-content\/uploads\/2023\/07\/orthopedics-in-turkey-500x281.jpg 500w, https:\/\/medclinics.com\/wp-content\/uploads\/2023\/07\/orthopedics-in-turkey-768x432.jpg 768w, https:\/\/medclinics.com\/wp-content\/uploads\/2023\/07\/orthopedics-in-turkey-24x14.jpg 24w, https:\/\/medclinics.com\/wp-content\/uploads\/2023\/07\/orthopedics-in-turkey-36x20.jpg 36w, https:\/\/medclinics.com\/wp-content\/uploads\/2023\/07\/orthopedics-in-turkey-48x27.jpg 48w\" sizes=\"(max-width: 960px) 100vw, 960px\" \/><\/figure>\n<\/div>\n\n\n\n<div class=\"wp-block-column is-layout-flow wp-block-column-is-layout-flow\">\n<p><\/p>\n\n\n\n<p class=\"has-text-align-left\">Dolor en las articulaciones, inmovilidad, o definitivamente la decepci\u00f3n de no ser capaz de disfrutar de sus actividades diarias &#8211; si esto suena familiar, usted no est\u00e1 solo. Ya se trate de una rodilla que no funciona correctamente, dolor de cadera o problemas de espalda, el remedio ortop\u00e9dico adecuado puede marcar la diferencia en todo el mundo. Cada vez m\u00e1s personas buscan soluciones en <strong>Turqu\u00eda<\/strong>. Con m\u00e9dicos profesionales, centros de primer nivel y costes reducidos, Turqu\u00eda se ha convertido en uno de los principales destinos para tratamientos ortop\u00e9dicos y <strong>turismo m\u00e9dico<\/strong>.&lt;   <\/p>\n<\/div>\n<\/div>\n\n<h3 class=\"wp-block-heading\">Gu\u00eda completa de tratamientos ortop\u00e9dicos<\/h3>\n\n<p><\/p>\n\n<p>El dolor en las articulaciones y la movilidad limitada no deber\u00edan limitar su vida. Quiz\u00e1 necesite <strong>una operaci\u00f3n de rodilla<\/strong>, una <strong><a href=\"https:\/\/pubmed.ncbi.nlm.nih.gov\/?term=hip+replacement\" target=\"_blank\" rel=\"noreferrer noopener\">pr\u00f3tesis de cadera<\/a><\/strong> o incluso un tratamiento no quir\u00fargico como <strong>la terapia con c\u00e9lulas madre.<\/strong> Turqu\u00eda ofrece muchas alternativas. No tienes que esperar a\u00f1os a una soluci\u00f3n ni hacer grandes desembolsos.  <\/p>\n\n<p>En <strong>MedClinics<\/strong>, ponemos en contacto a las personas con los especialistas en ortopedia m\u00e1s satisfactorios de Turqu\u00eda. Nuestros m\u00e9dicos son altamente experimentados. Ofrecen tanto cirug\u00edas tradicionales como terapias m\u00e1s modernas, como <strong><a href=\"https:\/\/medclinics.com\/es\/celulas-madre\/\" target=\"_blank\" rel=\"noreferrer noopener\">la terapia con c\u00e9lulas madre<\/a>.<\/strong>Es una terapia complementaria que te ayuda en muchas cosas, por ejemplo para la recuperaci\u00f3n despu\u00e9s de una cirug\u00eda.  <\/p>\n\n<h3 class=\"wp-block-heading\">Tratamientos ortop\u00e9dicos comunes en Turqu\u00eda<\/h3>\n\n<p><br\/>Turqu\u00eda es conocida por sus excelentes centros cl\u00ednicos y sus exitosas intervenciones quir\u00fargicas ortop\u00e9dicas. Estos son algunos de los tratamientos m\u00e1s famosos por los que la gente viaja a Turqu\u00eda: <\/p>\n\n<p><strong><a href=\"https:\/\/medclinics.com\/es\/protesis-de-rodilla\/\" target=\"_blank\" rel=\"noreferrer noopener\">Cirug\u00eda de pr\u00f3tesis de rodilla:<\/a><\/strong> El dolor de rodilla puede ser muy limitante. Ya sea causado por la artritis o por da\u00f1os. Si ya no puede practicar deportes sencillos como caminar, la soluci\u00f3n puede ser una pr\u00f3tesis de rodilla. La articulaci\u00f3n rota se sustituye por una pr\u00f3tesis. Esto permite una mejor movilidad y menos dolor. Algunas personas a\u00f1aden adicionalmente a su tratamiento la terapia con c\u00e9lulas madre antes o despu\u00e9s de la cirug\u00eda para ayudar.     <\/p>\n\n<p><strong><a href=\"https:\/\/medclinics.com\/es\/protesis-de-cadera\/\" target=\"_blank\" rel=\"noreferrer noopener\">Cirug\u00eda de pr\u00f3tesis de cadera<\/a>:<\/strong>El dolor cr\u00f3nico de cadera puede limitarle seriamente. Sobre todo si se debe a la artritis. Durante la intervenci\u00f3n cambian la articulaci\u00f3n da\u00f1ada por una artificial. Esto ayuda a restablecer la funci\u00f3n y aliviar el dolor. La terapia con c\u00e9lulas madre tambi\u00e9n es una opci\u00f3n adicional para acelerar la recuperaci\u00f3n.    <\/p>\n\n<p><strong><a href=\"https:\/\/medclinics.com\/es\/sustitucion-de-la-articulacion-del-hombro\/\" target=\"_blank\" rel=\"noreferrer noopener\">Cirug\u00eda de hombro:<\/a><\/strong> Las lesiones en el hombro suelen causar mucho dolor y restringen el movimiento. Tanto si se trata de una operaci\u00f3n de hombro como de la reparaci\u00f3n de un tend\u00f3n desgarrado, el tratamiento quir\u00fargico puede poner remedio. <\/p>\n\n<p><strong><a href=\"https:\/\/medclinics.com\/es\/cirugia-de-columna\/\" target=\"_blank\" rel=\"noreferrer noopener\">Cirug\u00eda de la escoliosis: <\/a><\/strong>Si padece escoliosis o alguna otra enfermedad de la columna vertebral, puede que sea necesario un tratamiento quir\u00fargico. La cirug\u00eda puede ayudar a enderezar la columna vertebral y aliviar el dolor.  <\/p>\n\n<p><strong>Alargamiento de extremidades:<\/strong> En caso de que por razones cient\u00edficas o cosm\u00e9ticas las cirug\u00edas de alargamiento de extremidades puedan ayudar. <\/p>\n\n<p><strong><a href=\"https:\/\/medclinics.com\/es\/celulas-madre\/\" target=\"_blank\" rel=\"noreferrer noopener\">Terapia con c\u00e9lulas madre<\/a> para la regeneraci\u00f3n articular:<\/strong>Este tema es uno de los m\u00e1s populares en los tratamientos ortop\u00e9dicos. Es posible regenerar el cart\u00edlago y los tejidos de las articulaciones da\u00f1adas. No hay garant\u00edas y cada persona es diferente. Pero tener la opci\u00f3n de que puede apoyar es una buena cosa.   <\/p>\n\n<h3 class=\"wp-block-heading\"><strong>\u00bfPor qu\u00e9 elegir Turqu\u00eda para sus cuidados ortop\u00e9dicos?<\/strong><\/h3>\n\n<p><br\/>Turqu\u00eda se est\u00e1 convirtiendo en uno de los principales destinos para tratamientos ortop\u00e9dicos porque ofrece un fant\u00e1stico equilibrio entre asistencia sanitaria de primera clase y costes asequibles. Tanto si est\u00e1 pensando en someterse a una intervenci\u00f3n quir\u00fargica de rodilla, una pr\u00f3tesis de cadera o una terapia con c\u00e9lulas madre, Turqu\u00eda le ofrece una combinaci\u00f3n de asistencia de primera clase y respuestas rentables. <\/p>\n\n<h3 class=\"wp-block-heading\"><strong>C\u00f3mo pueden ayudarle las MedClinics<\/strong><\/h3>\n\n<p><\/p>\n\n<p>Decidir cu\u00e1l es el mejor tratamiento para su afecci\u00f3n ortop\u00e9dica puede resultar abrumador. En MedClinics estamos aqu\u00ed para ayudarle en todo momento. Le proporcionaremos todos los detalles sobre las alternativas disponibles. Oir\u00e1 hablar de las cirug\u00edas convencionales, como la sustituci\u00f3n de rodilla, pero tambi\u00e9n de remedios m\u00e1s modernos y complementarios, como la terapia con c\u00e9lulas madre. Nuestro objetivo es que est\u00e9s bien informado.    <\/p>\n\n<p>Si est\u00e1 preparado para descubrir sus alternativas, p\u00f3ngase en contacto con nosotros. Le ayudaremos con los principales expertos en ortopedia de Turqu\u00eda y le ayudaremos a encontrar el tratamiento adecuado para usted. <\/p>\n\n<h2 class=\"wp-block-heading\">Tipos de tratamiento ortop\u00e9dico<\/h2>\n<div class=\"jet-listing-grid--blocks   jet-sm-gb-wrapper jet-sm-gb-3c90ddee-abbd-4e1d-9bc7-33c2832e55ea\"data-element-id=\"3c90ddee-abbd-4e1d-9bc7-33c2832e55ea\"data-listing-type=\"blocks\"data-is-block=\"jet-engine\/listing-grid\"><div class=\"jet-listing-grid jet-listing\"><div class=\"jet-listing-grid__items grid-col-desk-1 grid-col-tablet-1 grid-col-mobile-1 jet-listing-grid--154774 jet-equal-columns__wrapper\" data-queried-id=\"144779|WP_Post\" data-nav=\"{&quot;enabled&quot;:false,&quot;type&quot;:null,&quot;more_el&quot;:null,&quot;query&quot;:[],&quot;widget_settings&quot;:{&quot;lisitng_id&quot;:154774,&quot;posts_num&quot;:1,&quot;columns&quot;:1,&quot;columns_tablet&quot;:1,&quot;columns_mobile&quot;:1,&quot;column_min_width&quot;:240,&quot;column_min_width_tablet&quot;:240,&quot;column_min_width_mobile&quot;:240,&quot;inline_columns_css&quot;:true,&quot;is_archive_template&quot;:&quot;&quot;,&quot;post_status&quot;:[&quot;publish&quot;],&quot;use_random_posts_num&quot;:&quot;&quot;,&quot;max_posts_num&quot;:6,&quot;not_found_message&quot;:&quot;No data was found&quot;,&quot;is_masonry&quot;:false,&quot;equal_columns_height&quot;:true,&quot;use_load_more&quot;:&quot;&quot;,&quot;load_more_id&quot;:&quot;&quot;,&quot;load_more_type&quot;:&quot;click&quot;,&quot;load_more_offset&quot;:null,&quot;use_custom_post_types&quot;:&quot;&quot;,&quot;custom_post_types&quot;:[],&quot;hide_widget_if&quot;:&quot;&quot;,&quot;carousel_enabled&quot;:&quot;&quot;,&quot;slides_to_scroll&quot;:1,&quot;arrows&quot;:true,&quot;arrow_icon&quot;:&quot;fa fa-angle-left&quot;,&quot;dots&quot;:&quot;&quot;,&quot;autoplay&quot;:true,&quot;pause_on_hover&quot;:true,&quot;autoplay_speed&quot;:5000,&quot;infinite&quot;:true,&quot;center_mode&quot;:&quot;&quot;,&quot;effect&quot;:&quot;slide&quot;,&quot;speed&quot;:500,&quot;inject_alternative_items&quot;:&quot;&quot;,&quot;injection_items&quot;:[],&quot;scroll_slider_enabled&quot;:&quot;&quot;,&quot;scroll_slider_on&quot;:[&quot;desktop&quot;,&quot;tablet&quot;,&quot;mobile&quot;],&quot;custom_query&quot;:false,&quot;custom_query_id&quot;:&quot;216&quot;,&quot;_element_id&quot;:&quot;&quot;,&quot;collapse_first_last_gap&quot;:false,&quot;list_tag_selection&quot;:&quot;&quot;,&quot;list_items_wrapper_tag&quot;:&quot;div&quot;,&quot;list_item_tag&quot;:&quot;div&quot;,&quot;empty_items_wrapper_tag&quot;:&quot;div&quot;}}\" data-page=\"1\" data-pages=\"1\" data-listing-source=\"posts\" data-listing-id=\"154774\" data-query-id=\"\"><style>.elementor-154778 .elementor-element.elementor-element-658edc4{--display:flex;--min-height:200px;--flex-direction:row;--container-widget-width:calc( ( 1 - var( --container-widget-flex-grow ) ) * 100% );--container-widget-height:100%;--container-widget-flex-grow:1;--container-widget-align-self:stretch;--flex-wrap-mobile:wrap;--align-items:stretch;--gap:10px 10px;--row-gap:10px;--column-gap:10px;--border-radius:10px 10px 10px 10px;box-shadow:0px 4px 6px 0px rgba(177, 182, 190, 0.25);}.elementor-154778 .elementor-element.elementor-element-658edc4:not(.elementor-motion-effects-element-type-background), .elementor-154778 .elementor-element.elementor-element-658edc4 > .elementor-motion-effects-container > .elementor-motion-effects-layer{background-color:#E1ECF3;}.elementor-154778 .elementor-element.elementor-element-dbaaf29{--display:flex;--justify-content:center;--gap:0px 0px;--row-gap:0px;--column-gap:0px;--border-radius:10px 0px 0px 10px;--margin-top:-10px;--margin-bottom:-10px;--margin-left:-10px;--margin-right:0px;--padding-top:0px;--padding-bottom:0px;--padding-left:10px;--padding-right:10px;}.elementor-154778 .elementor-element.elementor-element-dbaaf29:not(.elementor-motion-effects-element-type-background), .elementor-154778 .elementor-element.elementor-element-dbaaf29 > .elementor-motion-effects-container > .elementor-motion-effects-layer{background-color:#FFFFFF;background-position:center center;background-repeat:no-repeat;background-size:cover;}.elementor-154778 .elementor-element.elementor-element-dbaaf29.e-con{--order:-99999 \/* order start hack *\/;--flex-grow:0;--flex-shrink:0;}.elementor-154778 .elementor-element.elementor-element-fa35788{--display:flex;--gap:0px 0px;--row-gap:0px;--column-gap:0px;}.elementor-154778 .elementor-element.elementor-element-425556c .jet-listing-dynamic-link__link{align-self:flex-start;font-size:18px;font-weight:600;line-height:20px;color:#303437;flex-direction:row;}.elementor-154778 .elementor-element.elementor-element-425556c .jet-listing-dynamic-link__link:hover{color:#225B75;}.elementor-154778 .elementor-element.elementor-element-425556c .jet-listing-dynamic-link__icon{order:-1;}.elementor-widget-jet-button .jet-button__plane-normal{background-color:var( --e-global-color-primary );}.elementor-widget-jet-button .jet-button__plane-hover{background-color:var( --e-global-color-secondary );}.elementor-widget-jet-button  .jet-button__state-normal .jet-button__label{font-family:var( --e-global-typography-primary-font-family ), Sans-serif;font-weight:var( --e-global-typography-primary-font-weight );}.elementor-widget-jet-button  .jet-button__state-hover .jet-button__label{font-family:var( --e-global-typography-primary-font-family ), Sans-serif;font-weight:var( --e-global-typography-primary-font-weight );}.elementor-154778 .elementor-element.elementor-element-c1f6025 .jet-button__container{justify-content:center;}.elementor-154778 .elementor-element.elementor-element-c1f6025 .jet-button__instance{background-color:#63AACE;border-radius:10px 10px 10px 10px;}.elementor-154778 .elementor-element.elementor-element-c1f6025 .jet-button__instance:hover{background-color:var( --e-global-color-primary );}.elementor-154778 .elementor-element.elementor-element-c1f6025 .jet-button__plane-normal{background-color:#225B75;}.elementor-154778 .elementor-element.elementor-element-c1f6025 .jet-button__plane-hover{background-color:var( --e-global-color-primary );}.elementor-154778 .elementor-element.elementor-element-c1f6025 .jet-button__state-normal .jet-button__label{text-align:left;}.elementor-154778 .elementor-element.elementor-element-c1f6025 .jet-button__state-hover .jet-button__label{text-align:left;}.elementor-154778 .elementor-element.elementor-element-c1f6025  .jet-button__state-normal .jet-button__label{font-size:14px;}.elementor-154778 .elementor-element.elementor-element-c1f6025  .jet-button__state-hover .jet-button__label{font-size:14px;}.elementor-154778 .elementor-element.elementor-element-c1f6025 > .elementor-widget-container{margin:20px 0px 0px 0px;}.elementor-154778 .elementor-element.elementor-element-c1f6025.elementor-element{--align-self:flex-start;}@media(min-width:768px){.elementor-154778 .elementor-element.elementor-element-dbaaf29{--width:40%;}.elementor-154778 .elementor-element.elementor-element-fa35788{--width:60%;}}@media(max-width:767px){.elementor-154778 .elementor-element.elementor-element-658edc4{--padding-top:-5px;--padding-bottom:-5px;--padding-left:-5px;--padding-right:-5px;}.elementor-154778 .elementor-element.elementor-element-dbaaf29{--min-height:210px;--border-radius:10px 10px 0px 0px;--margin-top:0px;--margin-bottom:0px;--margin-left:0px;--margin-right:0px;--padding-top:0px;--padding-bottom:0px;--padding-left:0px;--padding-right:0px;}.elementor-154778 .elementor-element.elementor-element-c1f6025 .jet-button__instance{width:1000px;margin:10px 0px 0px 0px;border-radius:10px 10px 10px 10px;}.elementor-154778 .elementor-element.elementor-element-c1f6025 .jet-button__state-normal{justify-content:center;}.elementor-154778 .elementor-element.elementor-element-c1f6025 .jet-button__state-hover{justify-content:center;}.elementor-154778 .elementor-element.elementor-element-c1f6025 .jet-button__instance--icon-top .jet-button__state-normal{align-items:center;justify-content:center;}.elementor-154778 .elementor-element.elementor-element-c1f6025 .jet-button__instance--icon-top .jet-button__state-hover{align-items:center;justify-content:center;}.elementor-154778 .elementor-element.elementor-element-c1f6025 .jet-button__instance--icon-bottom .jet-button__state-normal{align-items:center;justify-content:center;}.elementor-154778 .elementor-element.elementor-element-c1f6025 .jet-button__instance--icon-bottom .jet-button__state-hover{align-items:center;justify-content:center;}.elementor-154778 .elementor-element.elementor-element-c1f6025 > .elementor-widget-container{margin:0px 0px 0px 0px;}.elementor-154778 .elementor-element.elementor-element-c1f6025.elementor-element{--align-self:stretch;}}<\/style><div class=\"jet-listing-grid__item jet-listing-dynamic-post-147474 jet-equal-columns\" data-post-id=\"147474\"  ><style type=\"text\/css\">.jet-listing-dynamic-post-147474 .elementor-element.elementor-element-dbaaf29:not(.elementor-motion-effects-element-type-background), .jet-listing-dynamic-post-147474 .elementor-element.elementor-element-dbaaf29 > .elementor-motion-effects-container > .elementor-motion-effects-layer{background-image:url(\"https:\/\/medclinics.com\/wp-content\/uploads\/2024\/02\/Orthopedic-Treatments.jpg\");}<\/style>\t\t<div data-elementor-type=\"jet-listing-items\" data-elementor-id=\"154778\" class=\"elementor elementor-154778 elementor-154744\" data-elementor-post-type=\"jet-engine\">\n\t\t\t\t<div class=\"elementor-element elementor-element-658edc4 e-con-full e-flex e-con e-parent\" data-id=\"658edc4\" data-element_type=\"container\" data-e-type=\"container\" data-settings=\"{&quot;background_background&quot;:&quot;classic&quot;,&quot;jet_parallax_layout_list&quot;:[]}\">\n\t\t<div class=\"elementor-element elementor-element-dbaaf29 e-con-full e-flex e-con e-child\" data-id=\"dbaaf29\" data-element_type=\"container\" data-e-type=\"container\" data-settings=\"{&quot;background_background&quot;:&quot;classic&quot;,&quot;jet_parallax_layout_list&quot;:[]}\">\n\t\t\t\t<\/div>\n\t\t<div class=\"elementor-element elementor-element-fa35788 e-con-full e-flex e-con e-child\" data-id=\"fa35788\" data-element_type=\"container\" data-e-type=\"container\" data-settings=\"{&quot;jet_parallax_layout_list&quot;:[]}\">\n\t\t\t\t<div class=\"elementor-element elementor-element-425556c elementor-widget elementor-widget-jet-listing-dynamic-link\" data-id=\"425556c\" data-element_type=\"widget\" data-e-type=\"widget\" data-widget_type=\"jet-listing-dynamic-link.default\">\n\t\t\t\t<div class=\"elementor-widget-container\">\n\t\t\t\t\t<a href=\"https:\/\/medclinics.com\/es\/tratamientos-ortopedicos-en-estambul-turquia-mejores-clinicas-precios-y-cirujanos\/\" class=\"jet-listing-dynamic-link__link\">Tratamientos Ortop\u00e9dicos en Estambul, Turqu\u00eda | Mejores Cl\u00ednicas, Precios &amp; Cirujanos<\/a>\t\t\t\t<\/div>\n\t\t\t\t<\/div>\n\t\t\t\t<div class=\"elementor-element elementor-element-c1f6025 elementor-widget elementor-widget-jet-button\" data-id=\"c1f6025\" data-element_type=\"widget\" data-e-type=\"widget\" data-widget_type=\"jet-button.default\">\n\t\t\t\t<div class=\"elementor-widget-container\">\n\t\t\t\t\t<div class=\"elementor-jet-button jet-elements\"><div class=\"jet-button__container\">\n\t<a class=\"jet-button__instance jet-button__instance--icon-left hover-effect-0\" href=\"https:\/\/medclinics.com\/es\/tratamientos-ortopedicos-en-estambul-turquia-mejores-clinicas-precios-y-cirujanos\/\">\n\t\t<div class=\"jet-button__plane jet-button__plane-normal\"><\/div>\n\t\t<div class=\"jet-button__plane jet-button__plane-hover\"><\/div>\n\t\t<div class=\"jet-button__state jet-button__state-normal\">\n\t\t\t<span class=\"jet-button__label\">Ver el post<\/span>\t\t<\/div>\n\t\t<div class=\"jet-button__state jet-button__state-hover\">\n\t\t\t<span class=\"jet-button__label\">Ver el post<\/span>\t\t<\/div>\n\t<\/a>\n<\/div>\n<\/div>\t\t\t\t<\/div>\n\t\t\t\t<\/div>\n\t\t\t\t<\/div>\n\t\t\t\t<\/div>\n\t\t\t\t<\/div>\n\t\t<\/div><\/div><\/div><\/div>\n<h2 class=\"wp-block-heading\">P\u00f3ngase en contacto con nosotros, nuestro asesor de pacientes le guiar\u00e1 y asesorar\u00e1 a lo largo del proceso.<\/h2>\n\n<p>Junto con MedClinics encontrar\u00e1 el mejor tratamiento o intervenci\u00f3n quir\u00fargica para usted. Le explicaremos todos los detalles y le ayudaremos a encontrar la cl\u00ednica m\u00e1s adecuada para sus necesidades espec\u00edficas.<\/p>\n\n<p>P\u00f3ngase en contacto con nosotros para hablar de su <a href=\"https:\/\/medclinics.com\/es\/tratamientos-ortopedicos\/orthopedic-treatments-2\/\" target=\"_blank\" rel=\"noreferrer noopener\">tratamiento ortop\u00e9dico o cirug\u00eda<\/a> preferidos.<\/p>\n\n<div class=\"wp-block-buttons is-layout-flex wp-block-buttons-is-layout-flex\">\n<div class=\"wp-block-button has-custom-width wp-block-button__width-100 is-style-fill\"><a class=\"wp-block-button__link has-background wp-element-button\" href=\"#requestform\" style=\"border-radius:8px;background-color:#225b75\">Consulta gratuita<\/a><\/div>\n<\/div>\n","protected":false},"excerpt":{"rendered":"<p>Los tratamientos ortop\u00e9dicos son cada vez m\u00e1s avanzados y a menudo permiten superar la inmovilidad. Dolor en las articulaciones, inmovilidad, [&hellip;]<\/p>\n","protected":false},"author":4,"featured_media":91709,"parent":0,"menu_order":0,"comment_status":"closed","ping_status":"closed","template":"","meta":{"site-sidebar-layout":"default","site-content-layout":"","ast-site-content-layout":"default","site-content-style":"default","site-sidebar-style":"default","ast-global-header-display":"","ast-banner-title-visibility":"","ast-main-header-display":"","ast-hfb-above-header-display":"","ast-hfb-below-header-display":"","ast-hfb-mobile-header-display":"","site-post-title":"","ast-breadcrumbs-content":"","ast-featured-img":"","footer-sml-layout":"","ast-disable-related-posts":"","theme-transparent-header-meta":"","adv-header-id-meta":"","stick-header-meta":"","header-above-stick-meta":"","header-main-stick-meta":"","header-below-stick-meta":"","astra-migrate-meta-layouts":"default","ast-page-background-enabled":"default","ast-page-background-meta":{"desktop":{"background-color":"var(--ast-global-color-4)","background-image":"","background-repeat":"repeat","background-position":"center center","background-size":"auto","background-attachment":"scroll","background-type":"","background-media":"","overlay-type":"","overlay-color":"","overlay-opacity":"","overlay-gradient":""},"tablet":{"background-color":"","background-image":"","background-repeat":"repeat","background-position":"center center","background-size":"auto","background-attachment":"scroll","background-type":"","background-media":"","overlay-type":"","overlay-color":"","overlay-opacity":"","overlay-gradient":""},"mobile":{"background-color":"","background-image":"","background-repeat":"repeat","background-position":"center center","background-size":"auto","background-attachment":"scroll","background-type":"","background-media":"","overlay-type":"","overlay-color":"","overlay-opacity":"","overlay-gradient":""}},"ast-content-background-meta":{"desktop":{"background-color":"var(--ast-global-color-5)","background-image":"","background-repeat":"repeat","background-position":"center center","background-size":"auto","background-attachment":"scroll","background-type":"","background-media":"","overlay-type":"","overlay-color":"","overlay-opacity":"","overlay-gradient":""},"tablet":{"background-color":"var(--ast-global-color-5)","background-image":"","background-repeat":"repeat","background-position":"center center","background-size":"auto","background-attachment":"scroll","background-type":"","background-media":"","overlay-type":"","overlay-color":"","overlay-opacity":"","overlay-gradient":""},"mobile":{"background-color":"var(--ast-global-color-5)","background-image":"","background-repeat":"repeat","background-position":"center center","background-size":"auto","background-attachment":"scroll","background-type":"","background-media":"","overlay-type":"","overlay-color":"","overlay-opacity":"","overlay-gradient":""}},"footnotes":""},"class_list":["post-144779","page","type-page","status-publish","has-post-thumbnail","hentry"],"_links":{"self":[{"href":"https:\/\/medclinics.com\/es\/wp-json\/wp\/v2\/pages\/144779","targetHints":{"allow":["GET"]}}],"collection":[{"href":"https:\/\/medclinics.com\/es\/wp-json\/wp\/v2\/pages"}],"about":[{"href":"https:\/\/medclinics.com\/es\/wp-json\/wp\/v2\/types\/page"}],"author":[{"embeddable":true,"href":"https:\/\/medclinics.com\/es\/wp-json\/wp\/v2\/users\/4"}],"replies":[{"embeddable":true,"href":"https:\/\/medclinics.com\/es\/wp-json\/wp\/v2\/comments?post=144779"}],"version-history":[{"count":0,"href":"https:\/\/medclinics.com\/es\/wp-json\/wp\/v2\/pages\/144779\/revisions"}],"wp:featuredmedia":[{"embeddable":true,"href":"https:\/\/medclinics.com\/es\/wp-json\/wp\/v2\/media\/91709"}],"wp:attachment":[{"href":"https:\/\/medclinics.com\/es\/wp-json\/wp\/v2\/media?parent=144779"}],"curies":[{"name":"wp","href":"https:\/\/api.w.org\/{rel}","templated":true}]}}