{"id":144775,"date":"2023-04-18T15:37:07","date_gmt":"2023-04-18T12:37:07","guid":{"rendered":"https:\/\/medclinics.com\/operaciones-no-quirurgicas\/"},"modified":"2025-01-29T13:15:43","modified_gmt":"2025-01-29T10:15:43","slug":"operaciones-no-quirurgicas","status":"publish","type":"page","link":"https:\/\/medclinics.com\/es\/operaciones-no-quirurgicas\/","title":{"rendered":"Operaciones no quir\u00fargicas"},"content":{"rendered":"\n<h2 class=\"wp-block-heading\">\u00a1Libere su potencial de belleza con el poder de las operaciones sin cirug\u00eda!<\/h2>\n\n<figure class=\"wp-block-image size-large\"><img fetchpriority=\"high\" decoding=\"async\" width=\"1440\" height=\"470\" src=\"https:\/\/medclinics.com\/wp-content\/uploads\/2023\/02\/fake-eye-lashes-istanbul.jpg\" alt=\"operaciones no quir&#xFA;rgicas en Estambul en Turqu&#xED;a\" class=\"wp-image-53818\" srcset=\"https:\/\/medclinics.com\/wp-content\/uploads\/2023\/02\/fake-eye-lashes-istanbul.jpg 1440w, https:\/\/medclinics.com\/wp-content\/uploads\/2023\/02\/fake-eye-lashes-istanbul-500x163.jpg 500w, https:\/\/medclinics.com\/wp-content\/uploads\/2023\/02\/fake-eye-lashes-istanbul-1024x334.jpg 1024w, https:\/\/medclinics.com\/wp-content\/uploads\/2023\/02\/fake-eye-lashes-istanbul-768x251.jpg 768w\" sizes=\"(max-width: 1440px) 100vw, 1440px\" \/><\/figure>\n\n<div style=\"height:13px\" aria-hidden=\"true\" class=\"wp-block-spacer\"><\/div>\n\n<p>Las operaciones no quir\u00fargicas, como las u\u00f1as postizas, las <a href=\"https:\/\/medclinics.com\/es\/pestanas-postizas\/\">pesta\u00f1as postizas<\/a>, las extensiones de pelo, <a href=\"https:\/\/pubmed.ncbi.nlm.nih.gov\/?term=microblading\" target=\"_blank\" rel=\"noreferrer noopener\">el microblading<\/a> y el <a href=\"https:\/\/medclinics.com\/es\/microsombra\/\">microshading<\/a>, ofrecen m\u00e9todos no invasivos para mejorar el aspecto. <a href=\"https:\/\/medclinics.com\/es\/protesis-ungueales\/\">Las u\u00f1as prot<\/a> \u00e9sicas son extensiones sint\u00e9ticas que se aplican sobre las u\u00f1as naturales.<\/p>\n\n<p>Las pesta\u00f1as <a href=\"https:\/\/medclinics.com\/es\/pestanas-postizas\/\" data-type=\"page\" data-id=\"90217\">postizas<\/a> pueden proporcionar unas pesta\u00f1as tanto m\u00e1s largas como m\u00e1s voluminosas. Las extensiones dan la longitud del pelo natural y aumentan su volumen.  El microblading y el sombreado realzan las cejas mediante t\u00e9cnicas semipermanentes.<\/p>\n\n<figure class=\"wp-block-image size-large\"><img decoding=\"async\" width=\"1024\" height=\"683\" src=\"https:\/\/medclinics.com\/wp-content\/uploads\/2025\/01\/Adsiz-tasarim-7-1024x683.jpg\" alt=\"Operaciones no quir&#xFA;rgicas en estambul 2025\" class=\"wp-image-173546\" srcset=\"https:\/\/medclinics.com\/wp-content\/uploads\/2025\/01\/Adsiz-tasarim-7-1024x683.jpg 1024w, https:\/\/medclinics.com\/wp-content\/uploads\/2025\/01\/Adsiz-tasarim-7-300x200.jpg 300w, https:\/\/medclinics.com\/wp-content\/uploads\/2025\/01\/Adsiz-tasarim-7-768x512.jpg 768w, https:\/\/medclinics.com\/wp-content\/uploads\/2025\/01\/Adsiz-tasarim-7.jpg 1200w\" sizes=\"(max-width: 1024px) 100vw, 1024px\" \/><figcaption class=\"wp-element-caption\">Operaciones no quir\u00fargicas en estambul 2025<\/figcaption><\/figure>\n\n<h3 class=\"wp-block-heading\">P\u00f3ngase en contacto con nosotros. Su asesor personal le guiar\u00e1 y ayudar\u00e1 durante todo el procedimiento.<\/h3>\n\n<p>Junto con MedClinics puede encontrar el tratamiento m\u00e1s eficaz y la operaci\u00f3n sin cirug\u00eda que mejor se adapte a sus necesidades. Repasaremos todos los detalles y le ayudaremos a encontrar el sal\u00f3n de belleza que mejor se adapte a sus necesidades espec\u00edficas.<\/p>\n","protected":false},"excerpt":{"rendered":"<p>\u00a1Libere su potencial de belleza con el poder de las operaciones sin cirug\u00eda! Las operaciones no quir\u00fargicas, como las u\u00f1as [&hellip;]<\/p>\n","protected":false},"author":4,"featured_media":20417,"parent":0,"menu_order":0,"comment_status":"closed","ping_status":"closed","template":"","meta":{"site-sidebar-layout":"default","site-content-layout":"","ast-site-content-layout":"default","site-content-style":"default","site-sidebar-style":"default","ast-global-header-display":"","ast-banner-title-visibility":"","ast-main-header-display":"","ast-hfb-above-header-display":"","ast-hfb-below-header-display":"","ast-hfb-mobile-header-display":"","site-post-title":"","ast-breadcrumbs-content":"","ast-featured-img":"","footer-sml-layout":"","ast-disable-related-posts":"","theme-transparent-header-meta":"","adv-header-id-meta":"","stick-header-meta":"","header-above-stick-meta":"","header-main-stick-meta":"","header-below-stick-meta":"","astra-migrate-meta-layouts":"default","ast-page-background-enabled":"default","ast-page-background-meta":{"desktop":{"background-color":"var(--ast-global-color-4)","background-image":"","background-repeat":"repeat","background-position":"center center","background-size":"auto","background-attachment":"scroll","background-type":"","background-media":"","overlay-type":"","overlay-color":"","overlay-opacity":"","overlay-gradient":""},"tablet":{"background-color":"","background-image":"","background-repeat":"repeat","background-position":"center center","background-size":"auto","background-attachment":"scroll","background-type":"","background-media":"","overlay-type":"","overlay-color":"","overlay-opacity":"","overlay-gradient":""},"mobile":{"background-color":"","background-image":"","background-repeat":"repeat","background-position":"center center","background-size":"auto","background-attachment":"scroll","background-type":"","background-media":"","overlay-type":"","overlay-color":"","overlay-opacity":"","overlay-gradient":""}},"ast-content-background-meta":{"desktop":{"background-color":"var(--ast-global-color-5)","background-image":"","background-repeat":"repeat","background-position":"center center","background-size":"auto","background-attachment":"scroll","background-type":"","background-media":"","overlay-type":"","overlay-color":"","overlay-opacity":"","overlay-gradient":""},"tablet":{"background-color":"var(--ast-global-color-5)","background-image":"","background-repeat":"repeat","background-position":"center center","background-size":"auto","background-attachment":"scroll","background-type":"","background-media":"","overlay-type":"","overlay-color":"","overlay-opacity":"","overlay-gradient":""},"mobile":{"background-color":"var(--ast-global-color-5)","background-image":"","background-repeat":"repeat","background-position":"center center","background-size":"auto","background-attachment":"scroll","background-type":"","background-media":"","overlay-type":"","overlay-color":"","overlay-opacity":"","overlay-gradient":""}},"footnotes":""},"class_list":["post-144775","page","type-page","status-publish","has-post-thumbnail","hentry"],"_links":{"self":[{"href":"https:\/\/medclinics.com\/es\/wp-json\/wp\/v2\/pages\/144775","targetHints":{"allow":["GET"]}}],"collection":[{"href":"https:\/\/medclinics.com\/es\/wp-json\/wp\/v2\/pages"}],"about":[{"href":"https:\/\/medclinics.com\/es\/wp-json\/wp\/v2\/types\/page"}],"author":[{"embeddable":true,"href":"https:\/\/medclinics.com\/es\/wp-json\/wp\/v2\/users\/4"}],"replies":[{"embeddable":true,"href":"https:\/\/medclinics.com\/es\/wp-json\/wp\/v2\/comments?post=144775"}],"version-history":[{"count":0,"href":"https:\/\/medclinics.com\/es\/wp-json\/wp\/v2\/pages\/144775\/revisions"}],"wp:featuredmedia":[{"embeddable":true,"href":"https:\/\/medclinics.com\/es\/wp-json\/wp\/v2\/media\/20417"}],"wp:attachment":[{"href":"https:\/\/medclinics.com\/es\/wp-json\/wp\/v2\/media?parent=144775"}],"curies":[{"name":"wp","href":"https:\/\/api.w.org\/{rel}","templated":true}]}}