{"id":144763,"date":"2023-04-18T09:00:49","date_gmt":"2023-04-18T09:00:49","guid":{"rendered":"https:\/\/medclinics.com\/tratamientos-oculares\/"},"modified":"2024-03-15T22:42:45","modified_gmt":"2024-03-15T22:42:45","slug":"tratamientos-oculares","status":"publish","type":"page","link":"https:\/\/medclinics.com\/es\/tratamientos-oculares\/","title":{"rendered":"Tratamientos oculares"},"content":{"rendered":"\n<p>\u00bfNecesita una visi\u00f3n clara? Entonces est\u00e1 usted en el lugar adecuado. Oftalm\u00f3logos altamente cualificados y cl\u00ednicas especializadas que tratan todas las enfermedades oculares, todo bajo el mismo techo.<\/p>\n\n<h2 class=\"wp-block-heading\">Lea aqu\u00ed todo sobre los tratamientos oftalmol\u00f3gicos y compare los hospitales y cl\u00ednicas m\u00e1s populares.<\/h2>\n\n<figure class=\"wp-block-image size-full is-resized\"><img fetchpriority=\"high\" decoding=\"async\" src=\"https:\/\/medclinics.com\/wp-content\/uploads\/2023\/05\/eye-treatment-in-istanbul.jpg\" alt=\"tratamientos oculares\" class=\"wp-image-86369\" width=\"838\" height=\"480\" srcset=\"https:\/\/medclinics.com\/wp-content\/uploads\/2023\/05\/eye-treatment-in-istanbul.jpg 960w, https:\/\/medclinics.com\/wp-content\/uploads\/2023\/05\/eye-treatment-in-istanbul-500x286.jpg 500w, https:\/\/medclinics.com\/wp-content\/uploads\/2023\/05\/eye-treatment-in-istanbul-768x440.jpg 768w, https:\/\/medclinics.com\/wp-content\/uploads\/2023\/05\/eye-treatment-in-istanbul-24x14.jpg 24w, https:\/\/medclinics.com\/wp-content\/uploads\/2023\/05\/eye-treatment-in-istanbul-36x21.jpg 36w, https:\/\/medclinics.com\/wp-content\/uploads\/2023\/05\/eye-treatment-in-istanbul-48x28.jpg 48w\" sizes=\"(max-width: 838px) 100vw, 838px\" \/><\/figure>\n\n<p>Descubra todo lo que debe saber sobre el tratamiento oftalmol\u00f3gico y d\u00e9jese guiar por el laberinto de opciones para descubrir su ajuste perfecto. Obtenga informaci\u00f3n sobre costes, profesionales m\u00e9dicos e instalaciones con nuestro completo resumen.  <\/p>\n\n<p>\u00a1Encontremos su pareja perfecta!<\/p>\n\n<p><strong>MedClinics ofrece tratamientos oftalmol\u00f3gicos de calidad a precios asequibles. P\u00f3ngase en contacto con nosotros para una consulta detallada.<\/strong><\/p>\n\n<p>Los tratamientos oftalmol\u00f3gicos pueden variar mucho en funci\u00f3n de la afecci\u00f3n tratada. Al principio de cada tratamiento se realiza un examen oftalmol\u00f3gico. Aqu\u00ed se determina si padece <a href=\"https:\/\/medclinics.com\/es\/hipermetropia-hipermetropia\/\" target=\"_blank\" rel=\"noreferrer noopener\">hipermetrop\u00eda<\/a> &#8211; hiperop\u00eda o <a href=\"https:\/\/medclinics.com\/es\/miopia-vision-corta\/\" target=\"_blank\" rel=\"noreferrer noopener\">miop\u00eda<\/a>, si su presi\u00f3n ocular es demasiado alta y puede causar <a href=\"https:\/\/medclinics.com\/es\/glaucoma\/\" target=\"_blank\" rel=\"noreferrer noopener\">glaucoma<\/a>, si bizquea o si necesita gafas o <a href=\"https:\/\/medclinics.com\/es\/lentes-de-contacto\/\" target=\"_blank\" rel=\"noreferrer noopener\">lentillas<\/a> nuevas.<\/p>\n\n<p>Uno de los tratamientos m\u00e1s comunes y populares es <a href=\"https:\/\/medclinics.com\/es\/laser-ocular\/\" target=\"_blank\" data-type=\"page\" data-id=\"77630\" rel=\"noreferrer noopener\">la cirug\u00eda l\u00e1ser<\/a>, que a menudo puede eliminar por completo la p\u00e9rdida de visi\u00f3n, seguida de las lentes multifocales y la <a href=\"https:\/\/medclinics.com\/es\/cataratas\/\" target=\"_blank\" rel=\"noreferrer noopener\">cirug\u00eda de cataratas, <\/a>en la que se extrae el cristalino opaco del ojo y se sustituye por una lente artificial. Esta cirug\u00eda suele realizarse en adultos mayores que han desarrollado cataratas que pueden causar visi\u00f3n borrosa.<\/p>\n\n<p>La enfermedad corneal suele requerir un trasplante, y la enfermedad necr\u00f3tica suele implicar <a href=\"https:\/\/en.wikipedia.org\/wiki\/Vitrectomy\" target=\"_blank\" rel=\"noreferrer noopener\">una vitrectom\u00eda<\/a>. Un <a href=\"https:\/\/medclinics.com\/es\/tumor-ocular\/\">tumor ocular <\/a>debe diagnosticarse y tratarse siempre de forma individualizada.<\/p>\n\n<p>La <a href=\"https:\/\/medclinics.com\/es\/salud-ocular-pediatrica\/\" target=\"_blank\" rel=\"noreferrer noopener\">salud ocular de los ni\u00f1os<\/a> nunca debe descuidarse, las revisiones peri\u00f3dicas por el oftalm\u00f3logo pueden proteger contra da\u00f1os a largo plazo. El tratamiento del <a href=\"https:\/\/medclinics.com\/es\/cirugia-del-estrabismo\/\" target=\"_blank\" rel=\"noreferrer noopener\">estrabismo <\/a>o del llamado ojo vago ya en la infancia es muy prometedor.<\/p>\n\n<p>El tratamiento de la ptosis mediante un procedimiento est\u00e9tico como el lifting de p\u00e1rpados, tambi\u00e9n llamado <a href=\"https:\/\/medclinics.com\/plastic-surgery-category\/eyelid-aesthetics\/\" target=\"_blank\" data-type=\"plastic-surgery-category\" data-id=\"232\" rel=\"noreferrer noopener\">blefaroplastia<\/a>, promete una mirada radiante y un aspecto m\u00e1s juvenil.<\/p>\n\n<p><strong>MedClinics ofrece tratamientos oftalmol\u00f3gicos de calidad a precios asequibles.<\/strong> <strong>\u00a1<a href=\"#requestform\" data-type=\"internal\" data-id=\"#requestform\">P\u00f3ngase en contacto con<\/a> nosotros ahora y encuentre el tratamiento m\u00e1s adecuado para usted!<\/strong><\/p>\n\n<h3 class=\"wp-block-heading\">Tipos de tratamiento ocular:<\/h3>\n<div class=\"jet-listing-grid--blocks   jet-sm-gb-wrapper jet-sm-gb-f7028a3e-aa7a-4577-ab69-9c029caa4170\"data-element-id=\"f7028a3e-aa7a-4577-ab69-9c029caa4170\"data-listing-type=\"blocks\"data-is-block=\"jet-engine\/listing-grid\"><div class=\"jet-listing-notice\">Please select listing to show.<\/div><\/div>\n<h2 class=\"wp-block-heading\">P\u00f3ngase en contacto con nosotros, nuestro asesor de pacientes le guiar\u00e1 y asesorar\u00e1 a lo largo del proceso.<\/h2>\n\n<p>Junto con MedClinics encontrar\u00e1 la mejor soluci\u00f3n y tratamiento de cirug\u00eda pl\u00e1stica y est\u00e9tica para usted. Le explicaremos todos los detalles y le ayudaremos a encontrar la cl\u00ednica m\u00e1s adecuada para sus necesidades espec\u00edficas.<\/p>\n\n<div data-tf-widget=\"XzmHwqZq\" data-tf-opacity=\"100\" data-tf-button-color=\"#0445AF\" data-tf-button-text=\"Launch me\" data-tf-medium=\"embed-wordpress\" style=\"width:100%;height:500px\"><\/div><script src=\"\/\/embed.typeform.com\/next\/embed.js\"><\/script>\n","protected":false},"excerpt":{"rendered":"<p>\u00bfNecesita una visi\u00f3n clara? Entonces est\u00e1 usted en el lugar adecuado. Oftalm\u00f3logos altamente cualificados y cl\u00ednicas especializadas que tratan todas [&hellip;]<\/p>\n","protected":false},"author":4,"featured_media":86376,"parent":0,"menu_order":0,"comment_status":"closed","ping_status":"closed","template":"","meta":{"site-sidebar-layout":"default","site-content-layout":"","ast-site-content-layout":"default","site-content-style":"default","site-sidebar-style":"default","ast-global-header-display":"","ast-banner-title-visibility":"","ast-main-header-display":"","ast-hfb-above-header-display":"","ast-hfb-below-header-display":"","ast-hfb-mobile-header-display":"","site-post-title":"","ast-breadcrumbs-content":"","ast-featured-img":"","footer-sml-layout":"","ast-disable-related-posts":"","theme-transparent-header-meta":"","adv-header-id-meta":"","stick-header-meta":"","header-above-stick-meta":"","header-main-stick-meta":"","header-below-stick-meta":"","astra-migrate-meta-layouts":"default","ast-page-background-enabled":"default","ast-page-background-meta":{"desktop":{"background-color":"var(--ast-global-color-4)","background-image":"","background-repeat":"repeat","background-position":"center center","background-size":"auto","background-attachment":"scroll","background-type":"","background-media":"","overlay-type":"","overlay-color":"","overlay-opacity":"","overlay-gradient":""},"tablet":{"background-color":"","background-image":"","background-repeat":"repeat","background-position":"center center","background-size":"auto","background-attachment":"scroll","background-type":"","background-media":"","overlay-type":"","overlay-color":"","overlay-opacity":"","overlay-gradient":""},"mobile":{"background-color":"","background-image":"","background-repeat":"repeat","background-position":"center center","background-size":"auto","background-attachment":"scroll","background-type":"","background-media":"","overlay-type":"","overlay-color":"","overlay-opacity":"","overlay-gradient":""}},"ast-content-background-meta":{"desktop":{"background-color":"var(--ast-global-color-5)","background-image":"","background-repeat":"repeat","background-position":"center center","background-size":"auto","background-attachment":"scroll","background-type":"","background-media":"","overlay-type":"","overlay-color":"","overlay-opacity":"","overlay-gradient":""},"tablet":{"background-color":"var(--ast-global-color-5)","background-image":"","background-repeat":"repeat","background-position":"center center","background-size":"auto","background-attachment":"scroll","background-type":"","background-media":"","overlay-type":"","overlay-color":"","overlay-opacity":"","overlay-gradient":""},"mobile":{"background-color":"var(--ast-global-color-5)","background-image":"","background-repeat":"repeat","background-position":"center center","background-size":"auto","background-attachment":"scroll","background-type":"","background-media":"","overlay-type":"","overlay-color":"","overlay-opacity":"","overlay-gradient":""}},"footnotes":""},"class_list":["post-144763","page","type-page","status-publish","has-post-thumbnail","hentry"],"_links":{"self":[{"href":"https:\/\/medclinics.com\/es\/wp-json\/wp\/v2\/pages\/144763","targetHints":{"allow":["GET"]}}],"collection":[{"href":"https:\/\/medclinics.com\/es\/wp-json\/wp\/v2\/pages"}],"about":[{"href":"https:\/\/medclinics.com\/es\/wp-json\/wp\/v2\/types\/page"}],"author":[{"embeddable":true,"href":"https:\/\/medclinics.com\/es\/wp-json\/wp\/v2\/users\/4"}],"replies":[{"embeddable":true,"href":"https:\/\/medclinics.com\/es\/wp-json\/wp\/v2\/comments?post=144763"}],"version-history":[{"count":0,"href":"https:\/\/medclinics.com\/es\/wp-json\/wp\/v2\/pages\/144763\/revisions"}],"wp:featuredmedia":[{"embeddable":true,"href":"https:\/\/medclinics.com\/es\/wp-json\/wp\/v2\/media\/86376"}],"wp:attachment":[{"href":"https:\/\/medclinics.com\/es\/wp-json\/wp\/v2\/media?parent=144763"}],"curies":[{"name":"wp","href":"https:\/\/api.w.org\/{rel}","templated":true}]}}