{"id":144757,"date":"2023-04-18T14:17:26","date_gmt":"2023-04-18T14:17:26","guid":{"rendered":"https:\/\/medclinics.com\/revisiones-medicas\/"},"modified":"2024-04-01T15:38:49","modified_gmt":"2024-04-01T12:38:49","slug":"revisiones-medicas","status":"publish","type":"page","link":"https:\/\/medclinics.com\/es\/revisiones-medicas\/","title":{"rendered":"Revisiones m\u00e9dicas"},"content":{"rendered":"\n<h2 class=\"wp-block-heading\">La moda de los chequeos m\u00e9dicos es cada vez m\u00e1s popular y se ha convertido en uno de los procedimientos m\u00e1s solicitados en todo el mundo.<\/h2>\n\n<figure class=\"wp-block-image size-full\"><img fetchpriority=\"high\" decoding=\"async\" width=\"960\" height=\"550\" src=\"https:\/\/medclinics.com\/wp-content\/uploads\/2023\/05\/medical-check-up-in-istanbul-1.jpg\" alt=\"revisi&#xF3;n m&#xE9;dica en estambul\" class=\"wp-image-86681\" srcset=\"https:\/\/medclinics.com\/wp-content\/uploads\/2023\/05\/medical-check-up-in-istanbul-1.jpg 960w, https:\/\/medclinics.com\/wp-content\/uploads\/2023\/05\/medical-check-up-in-istanbul-1-500x286.jpg 500w, https:\/\/medclinics.com\/wp-content\/uploads\/2023\/05\/medical-check-up-in-istanbul-1-768x440.jpg 768w, https:\/\/medclinics.com\/wp-content\/uploads\/2023\/05\/medical-check-up-in-istanbul-1-24x14.jpg 24w, https:\/\/medclinics.com\/wp-content\/uploads\/2023\/05\/medical-check-up-in-istanbul-1-36x21.jpg 36w, https:\/\/medclinics.com\/wp-content\/uploads\/2023\/05\/medical-check-up-in-istanbul-1-48x28.jpg 48w\" sizes=\"(max-width: 960px) 100vw, 960px\" \/><\/figure>\n\n<h3 class=\"wp-block-heading\">Descubra las cl\u00ednicas y hospitales mejor valorados que ofrecen servicios excepcionales para su chequeo m\u00e9dico completo.<\/h3>\n\n<p><strong>La prevenci\u00f3n salva vidas<\/strong><\/p>\n\n<p>Mientras que en el pasado la atenci\u00f3n sanitaria preventiva se dejaba en gran medida en manos del m\u00e9dico de familia, los avances m\u00e9dicos han permitido desarrollar opciones de cribado exhaustivas.<\/p>\n\n<p>Adem\u00e1s de comprobar valores sangu\u00edneos est\u00e1ndar como el az\u00facar, los valores hep\u00e1ticos y el colesterol, se ofrecen paquetes adaptados individualmente. Se distingue entre ex\u00e1menes preventivos para hombres y mujeres, se coordina seg\u00fan la edad e incluso hay ex\u00e1menes preventivos para ni\u00f1os.<\/p>\n\n<p>Hoy en d\u00eda son habituales las pruebas especiales de detecci\u00f3n del c\u00e1ncer, como la mamograf\u00eda o la <a href=\"https:\/\/en.wikipedia.org\/wiki\/Pap_test\" target=\"_blank\" rel=\"noreferrer noopener\">citolog\u00eda<\/a> vaginal para las mujeres, el examen de pr\u00f3stata para los hombres y la colonoscopia u otra prueba de cribado para detectar el c\u00e1ncer de colon.<\/p>\n\n<p>Adem\u00e1s, el m\u00e9dico puede recomendar otras pruebas en funci\u00f3n de los factores de riesgo individuales del paciente y de su historial m\u00e9dico.<\/p>\n\n<p><strong>Con<\/strong> <strong>MedClinics, \u00a1puede encontrar los paquetes de chequeos que mejor se adapten a sus necesidades a un precio asequible!<\/strong> <strong>\u00a1<a href=\"https:\/\/medclinics.com\/eye\/#requestform\">P\u00f3ngase en contacto con<\/a> nosotros ahora y encuentre los chequeos m\u00e1s adecuados para usted!<\/strong><\/p>\n\n<h2 class=\"wp-block-heading\">Tipos de reconocimientos m\u00e9dicos:<\/h2>\n<div class=\"jet-listing-grid--blocks   jet-sm-gb-wrapper jet-sm-gb-0cf7b254-192e-43d9-a62c-da60482c3509\"data-element-id=\"0cf7b254-192e-43d9-a62c-da60482c3509\"data-listing-type=\"blocks\"data-is-block=\"jet-engine\/listing-grid\"><div class=\"jet-listing-notice\">Please select listing to show.<\/div><\/div>\n<h2 class=\"wp-block-heading\">P\u00f3ngase en contacto con nosotros, nuestro asesor de pacientes le guiar\u00e1 y asesorar\u00e1 a lo largo del proceso.<\/h2>\n\n<p>Junto con MedClinics encontrar\u00e1 la mejor soluci\u00f3n y tratamiento de cirug\u00eda pl\u00e1stica y est\u00e9tica para usted.\nLe explicaremos todos los detalles y le ayudaremos a encontrar la cl\u00ednica m\u00e1s adecuada para sus necesidades espec\u00edficas. <\/p>\n\n<p> <\/p>\n","protected":false},"excerpt":{"rendered":"<p>La moda de los chequeos m\u00e9dicos es cada vez m\u00e1s popular y se ha convertido en uno de los procedimientos [&hellip;]<\/p>\n","protected":false},"author":4,"featured_media":86681,"parent":0,"menu_order":0,"comment_status":"closed","ping_status":"closed","template":"","meta":{"site-sidebar-layout":"default","site-content-layout":"","ast-site-content-layout":"default","site-content-style":"default","site-sidebar-style":"default","ast-global-header-display":"","ast-banner-title-visibility":"","ast-main-header-display":"","ast-hfb-above-header-display":"","ast-hfb-below-header-display":"","ast-hfb-mobile-header-display":"","site-post-title":"","ast-breadcrumbs-content":"","ast-featured-img":"","footer-sml-layout":"","ast-disable-related-posts":"","theme-transparent-header-meta":"","adv-header-id-meta":"","stick-header-meta":"","header-above-stick-meta":"","header-main-stick-meta":"","header-below-stick-meta":"","astra-migrate-meta-layouts":"default","ast-page-background-enabled":"default","ast-page-background-meta":{"desktop":{"background-color":"var(--ast-global-color-4)","background-image":"","background-repeat":"repeat","background-position":"center center","background-size":"auto","background-attachment":"scroll","background-type":"","background-media":"","overlay-type":"","overlay-color":"","overlay-opacity":"","overlay-gradient":""},"tablet":{"background-color":"","background-image":"","background-repeat":"repeat","background-position":"center center","background-size":"auto","background-attachment":"scroll","background-type":"","background-media":"","overlay-type":"","overlay-color":"","overlay-opacity":"","overlay-gradient":""},"mobile":{"background-color":"","background-image":"","background-repeat":"repeat","background-position":"center center","background-size":"auto","background-attachment":"scroll","background-type":"","background-media":"","overlay-type":"","overlay-color":"","overlay-opacity":"","overlay-gradient":""}},"ast-content-background-meta":{"desktop":{"background-color":"var(--ast-global-color-5)","background-image":"","background-repeat":"repeat","background-position":"center center","background-size":"auto","background-attachment":"scroll","background-type":"","background-media":"","overlay-type":"","overlay-color":"","overlay-opacity":"","overlay-gradient":""},"tablet":{"background-color":"var(--ast-global-color-5)","background-image":"","background-repeat":"repeat","background-position":"center center","background-size":"auto","background-attachment":"scroll","background-type":"","background-media":"","overlay-type":"","overlay-color":"","overlay-opacity":"","overlay-gradient":""},"mobile":{"background-color":"var(--ast-global-color-5)","background-image":"","background-repeat":"repeat","background-position":"center center","background-size":"auto","background-attachment":"scroll","background-type":"","background-media":"","overlay-type":"","overlay-color":"","overlay-opacity":"","overlay-gradient":""}},"footnotes":""},"class_list":["post-144757","page","type-page","status-publish","has-post-thumbnail","hentry"],"_links":{"self":[{"href":"https:\/\/medclinics.com\/es\/wp-json\/wp\/v2\/pages\/144757","targetHints":{"allow":["GET"]}}],"collection":[{"href":"https:\/\/medclinics.com\/es\/wp-json\/wp\/v2\/pages"}],"about":[{"href":"https:\/\/medclinics.com\/es\/wp-json\/wp\/v2\/types\/page"}],"author":[{"embeddable":true,"href":"https:\/\/medclinics.com\/es\/wp-json\/wp\/v2\/users\/4"}],"replies":[{"embeddable":true,"href":"https:\/\/medclinics.com\/es\/wp-json\/wp\/v2\/comments?post=144757"}],"version-history":[{"count":0,"href":"https:\/\/medclinics.com\/es\/wp-json\/wp\/v2\/pages\/144757\/revisions"}],"wp:featuredmedia":[{"embeddable":true,"href":"https:\/\/medclinics.com\/es\/wp-json\/wp\/v2\/media\/86681"}],"wp:attachment":[{"href":"https:\/\/medclinics.com\/es\/wp-json\/wp\/v2\/media?parent=144757"}],"curies":[{"name":"wp","href":"https:\/\/api.w.org\/{rel}","templated":true}]}}