{"id":148899,"date":"2025-02-07T14:38:00","date_gmt":"2025-02-07T11:38:00","guid":{"rendered":"https:\/\/medclinics.com\/stammzelltherapie-bei-herzkrankheiten-eine-vielversprechende-neue-losung\/"},"modified":"2025-01-03T01:33:50","modified_gmt":"2025-01-02T22:33:50","slug":"stammzelltherapie-bei-herzkrankheiten-eine-vielversprechende-neue-losung","status":"publish","type":"page","link":"https:\/\/medclinics.com\/de\/stammzelltherapie-bei-herzkrankheiten-eine-vielversprechende-neue-losung\/","title":{"rendered":"Stammzelltherapie bei Herzkrankheiten: Eine vielversprechende neue L\u00f6sung"},"content":{"rendered":"\n<h2 class=\"wp-block-heading\">Wenn Sie auf der Suche nach dem grenzenlosen Potenzial der Stammzelltherapie bei Herzerkrankungen sind, sind Sie hier genau richtig!<\/h2>\n\n<p><br\/>Herzerkrankungen sind eine Gruppe von Erkrankungen, die das Herz betreffen. Sie ist die h\u00e4ufigste Todesursache sowohl bei M\u00e4nnern als auch bei Frauen in den Vereinigten Staaten. Herzkrankheiten k\u00f6nnen zu Brustschmerzen, Herzinfarkt und anderen ernsten Gesundheitsproblemen f\u00fchren.<\/p>\n\n<p><strong>Was sind die Symptome von Herzproblemen?<\/strong><\/p>\n\n<ul class=\"wp-block-list\">\n<li>Schmerzen in der Brust, Engegef\u00fchl in der Brust, Druckgef\u00fchl in der Brust und Unbehagen in der Brust<\/li>\n\n\n\n<li>Kurzatmigkeit<\/li>\n\n\n\n<li>Schmerzen im Nacken, Kiefer, Hals, oberen Bauchbereich oder R\u00fccken<\/li>\n\n\n\n<li>Schmerzen, Taubheit, Schw\u00e4che oder K\u00e4ltegef\u00fchl in den Beinen oder Armen  <\/li>\n<\/ul>\n\n<p><strong>Wer hat ein h\u00f6heres Risiko, an einer Herzerkrankung zu erkranken?<\/strong><\/p>\n\n<ul class=\"wp-block-list\">\n<li><strong>Alter<\/strong>: Je \u00e4lter Sie werden, desto h\u00f6her ist Ihr Risiko.<\/li>\n\n\n\n<li><strong>Geschlecht:<\/strong> M\u00e4nner haben im Allgemeinen ein h\u00f6heres Risiko als Frauen.<\/li>\n\n\n\n<li><strong>Familiengeschichte:<\/strong> Wenn in Ihrer Familie eine Herzerkrankung vorkommt, ist Ihr Risiko deutlich h\u00f6her.<\/li>\n\n\n\n<li><strong>Medizinische Bedingungen:<\/strong> Bestimmte Erkrankungen wie Bluthochdruck, hoher Cholesterinspiegel, Diabetes, Fettleibigkeit und Schlafapnoe erh\u00f6hen das Risiko erheblich.<\/li>\n\n\n\n<li><strong>Lebensstil-Faktoren:<\/strong> Rauchen, \u00fcberm\u00e4\u00dfiger Alkoholkonsum, ungesunde Ern\u00e4hrung, Bewegungsmangel und chronischer Stress tragen alle zu einem erh\u00f6hten Risiko f\u00fcr Herzerkrankungen bei.<\/li>\n<\/ul>\n\n<p>Denken Sie daran: Auch wenn Sie ein Risiko haben, bedeutet das nicht, dass Sie auf jeden Fall eine Herzerkrankung bekommen.<\/p>\n\n<p><strong>Was Sie tun k\u00f6nnen, um Ihr Risiko zu verringern:<\/strong><\/p>\n\n<ul class=\"wp-block-list\">\n<li><strong>Ern\u00e4hren Sie sich gesund:<\/strong> Reichlich Obst, Gem\u00fcse und Vollkornprodukte.<\/li>\n\n\n\n<li><strong>Bewegen Sie sich regelm\u00e4\u00dfig:<\/strong> Bewegen Sie sich an den meisten Tagen mindestens 30 Minuten pro Tag.<\/li>\n\n\n\n<li><strong>Halten Sie ein gesundes Gewicht:<\/strong> Wenn Sie \u00fcbergewichtig oder fettleibig sind, kann schon eine kleine Gewichtsabnahme helfen.<\/li>\n\n\n\n<li><strong>Rauchen Sie nicht:<\/strong> Mit dem Rauchen aufzuh\u00f6ren, ist eines der besten Dinge, die Sie f\u00fcr Ihr Herz tun k\u00f6nnen.<\/li>\n\n\n\n<li><strong>Kontrollieren Sie Ihren Blutdruck und Ihren Cholesterinspiegel:<\/strong> Wenn Sie hohe Werte haben, arbeiten Sie mit Ihrem Arzt zusammen, um diese zu kontrollieren.<\/li>\n\n\n\n<li><strong>Bew\u00e4ltigen Sie Stress:<\/strong> Er kann den Blutdruck erh\u00f6hen und Ihr Risiko steigern.<\/li>\n\n\n\n<li><strong>Lassen Sie sich regelm\u00e4\u00dfig untersuchen:<\/strong> Ihr Arzt kann Ihre Risikofaktoren \u00fcberwachen und daf\u00fcr sorgen, dass Sie die notwendige Behandlung erhalten.<\/li>\n<\/ul>\n\n<p><strong>Die h\u00e4ufigste Form der Herzerkrankung ist die koronare Herzkrankheit (KHK). CAD entsteht, wenn die Arterien, die das Herz mit Blut versorgen, verengt oder blockiert werden. Dies kann zu Brustschmerzen, Herzinfarkt und anderen ernsten Gesundheitsproblemen f\u00fchren.<\/strong><\/p>\n\n<p><strong>Andere Arten von Herzkrankheiten sind:<\/strong><\/p>\n\n<ul class=\"wp-block-list\">\n<li><strong>Herzinsuffizienz:<\/strong> Dies ist der Fall, wenn das Herz nicht mehr genug Blut pumpen kann, um den Bedarf des K\u00f6rpers zu decken.<\/li>\n\n\n\n<li><strong>Herzrhythmusst\u00f6rungen:<\/strong> Das sind unregelm\u00e4\u00dfige Herzschl\u00e4ge, die gef\u00e4hrlich sein k\u00f6nnen.<\/li>\n\n\n\n<li><strong>Klappenprobleme:<\/strong> Dies geschieht, wenn die Herzklappen nicht richtig funktionieren.<\/li>\n\n\n\n<li><strong>Angeborene Herzfehler:<\/strong> Das sind Herzfehler, mit denen Menschen geboren werden.<\/li>\n<\/ul>\n\n<p><strong>Herzkrankheiten sind die h\u00e4ufigste Todesursache in den Vereinigten Staaten, an der jedes Jahr fast 650.000 Menschen sterben.<\/strong>  Es gibt keine Heilung f\u00fcr diese Krankheit, aber es gibt Behandlungen, die helfen k\u00f6nnen, die Krankheit zu kontrollieren und Komplikationen zu verhindern.<\/p>\n\n<p><strong>Stammzellen sind undifferenzierte Zellen, die das Potenzial haben, sich zu jeder Art von Zelle im K\u00f6rper zu entwickeln.<\/strong>  Wissenschaftler untersuchen das Potenzial von Stammzellen zur Behandlung einer Reihe von Krankheiten, darunter auch Herzkrankheiten.<\/p>\n\n<p>Die <a href=\"https:\/\/www.stemcelltherapy.gen.tr\" target=\"_blank\" rel=\"noopener\">Stammzelltherapie<\/a> bei Herzkrankheiten kann auf verschiedene Weise eingesetzt werden:<\/p>\n\n<p><strong>Eine M\u00f6glichkeit, wie Stammzellen bei der Behandlung von Herzkrankheiten helfen k\u00f6nnen, besteht darin, gesch\u00e4digte Herzzellen zu ersetzen.<\/strong>  Die Stammzellen k\u00f6nnen in das Herz injiziert werden und sich dann in neue Herzzellen differenzieren. Diese neuen Herzzellen k\u00f6nnen dazu beitragen, die Pumpleistung des Herzens zu verbessern.<\/p>\n\n<p><strong>Eine weitere M\u00f6glichkeit, wie Stammzellen bei der Behandlung von Herzkrankheiten helfen k\u00f6nnen, ist die Verringerung von Entz\u00fcndungen.<\/strong>  Entz\u00fcndungen k\u00f6nnen das Herzgewebe sch\u00e4digen und dem Herzen das Pumpen von Blut erschweren. Stammzellen k\u00f6nnen dazu beitragen, Entz\u00fcndungen zu verringern, indem sie Proteine freisetzen, die das Immunsystem unterdr\u00fccken.<\/p>\n\n<p><strong>Studien haben gezeigt, dass Stammzellen gesch\u00e4digtes Herzgewebe reparieren und die Herzfunktion verbessern k\u00f6nnen.<\/strong><\/p>\n\n<p>Eine Herzerkrankung kann eine schwierige Herausforderung sein, aber Sie m\u00fcssen sie nicht allein bew\u00e4ltigen. Wir verstehen Ihren Kampf und sind f\u00fcr Sie da, um Ihnen bei jedem Schritt zu helfen.<\/p>\n\n<p>Denken Sie daran, dass Sie nicht nur ein Patient sind, sondern auch ein Partner bei Ihrer eigenen Genesung.<\/p>\n\n<h3 class=\"wp-block-heading\">Alles, was Sie \u00fcber die <a href=\"https:\/\/medclinics.com\/de\/stem-cell-therapy-2\/\" target=\"_blank\" rel=\"noreferrer noopener\">Stammzelltherapie<\/a> wissen m\u00fcssen, finden Sie hier, <a href=\"#requestform\">kontaktieren Sie uns<\/a> jetzt!<\/h3>\n\n<figure class=\"wp-block-image size-full\"><img fetchpriority=\"high\" decoding=\"async\" width=\"1450\" height=\"967\" src=\"https:\/\/medclinics.com\/wp-content\/uploads\/2023\/12\/stem-cell-therapy-for-heart-issues.jpg\" alt=\"Stammzelltherapie bei Herzproblemen\" class=\"wp-image-122616\" srcset=\"https:\/\/medclinics.com\/wp-content\/uploads\/2023\/12\/stem-cell-therapy-for-heart-issues.jpg 1450w, https:\/\/medclinics.com\/wp-content\/uploads\/2023\/12\/stem-cell-therapy-for-heart-issues-500x333.jpg 500w, https:\/\/medclinics.com\/wp-content\/uploads\/2023\/12\/stem-cell-therapy-for-heart-issues-1024x683.jpg 1024w, https:\/\/medclinics.com\/wp-content\/uploads\/2023\/12\/stem-cell-therapy-for-heart-issues-768x512.jpg 768w, https:\/\/medclinics.com\/wp-content\/uploads\/2023\/12\/stem-cell-therapy-for-heart-issues-24x16.jpg 24w, https:\/\/medclinics.com\/wp-content\/uploads\/2023\/12\/stem-cell-therapy-for-heart-issues-36x24.jpg 36w, https:\/\/medclinics.com\/wp-content\/uploads\/2023\/12\/stem-cell-therapy-for-heart-issues-48x32.jpg 48w\" sizes=\"(max-width: 1450px) 100vw, 1450px\" \/><\/figure>\n\n<h2 class=\"wp-block-heading\">FAQ<\/h2>\n<div id=\"rank-math-faq\" class=\"rank-math-block\">\n<div class=\"rank-math-list \">\n<div id=\"faq-question-1703860656383\" class=\"rank-math-list-item\">\n<h3 class=\"rank-math-question \">Was sind die ersten Anzeichen f\u00fcr Herzprobleme?<\/h3>\n<div class=\"rank-math-answer \">\n\n<p>Fr\u00fchwarnzeichen f\u00fcr Herzprobleme k\u00f6nnen Schmerzen, Engegef\u00fchl oder Unwohlsein in der Brust, Kurzatmigkeit, Schmerzen, die in den Nacken, Kiefer oder R\u00fccken ausstrahlen, sowie Taubheit oder Schw\u00e4che in den Gliedma\u00dfen sein. Denken Sie jedoch daran, dass Herzkrankheiten manchmal ohne offensichtliche Symptome fortschreiten k\u00f6nnen.<\/p>\n\n<\/div>\n<\/div>\n<div id=\"faq-question-1703860668943\" class=\"rank-math-list-item\">\n<h3 class=\"rank-math-question \">Wer hat das h\u00f6chste Risiko f\u00fcr eine Herzerkrankung?<\/h3>\n<div class=\"rank-math-answer \">\n\n<p>Jeder kann eine Herzkrankheit entwickeln, aber bestimmte Faktoren erh\u00f6hen das Risiko. Dazu geh\u00f6ren das Alter (mit zunehmendem Alter steigt das Risiko), das Geschlecht (M\u00e4nner haben im Allgemeinen ein h\u00f6heres Risiko als Frauen), die Familienanamnese, bestehende Erkrankungen wie Bluthochdruck und Cholesterin, Diabetes, Fettleibigkeit, Schlafapnoe und ungesunde Lebensgewohnheiten wie Rauchen, \u00fcberm\u00e4\u00dfiger Alkoholkonsum, falsche Ern\u00e4hrung, Bewegungsmangel und chronischer Stress.<\/p>\n\n<\/div>\n<\/div>\n<div id=\"faq-question-1703860689627\" class=\"rank-math-list-item\">\n<h3 class=\"rank-math-question \">Wie wird die Stammzelltherapie bei Herzerkrankungen eingesetzt?<\/h3>\n<div class=\"rank-math-answer \">\n\n<p>Stammzellen k\u00f6nnen in das Herz injiziert werden, um m\u00f6glicherweise gesch\u00e4digte Zellen zu ersetzen, das Wachstum neuer Zellen zu stimulieren und Entz\u00fcndungen zu verringern<\/p>\n\n<\/div>\n<\/div>\n<\/div>\n<\/div>\n<h3 class=\"wp-block-heading\">Kontaktieren Sie uns jetzt, falls Sie Fragen haben!<\/h3>\n","protected":false},"excerpt":{"rendered":"<p>Wenn Sie auf der Suche nach dem grenzenlosen Potenzial der Stammzelltherapie bei Herzerkrankungen sind, sind Sie hier genau richtig! Herzerkrankungen [&hellip;]<\/p>\n","protected":false},"author":4,"featured_media":122606,"parent":0,"menu_order":0,"comment_status":"closed","ping_status":"closed","template":"","meta":{"site-sidebar-layout":"default","site-content-layout":"","ast-site-content-layout":"default","site-content-style":"default","site-sidebar-style":"default","ast-global-header-display":"","ast-banner-title-visibility":"","ast-main-header-display":"","ast-hfb-above-header-display":"","ast-hfb-below-header-display":"","ast-hfb-mobile-header-display":"","site-post-title":"","ast-breadcrumbs-content":"","ast-featured-img":"","footer-sml-layout":"","ast-disable-related-posts":"","theme-transparent-header-meta":"","adv-header-id-meta":"","stick-header-meta":"","header-above-stick-meta":"","header-main-stick-meta":"","header-below-stick-meta":"","astra-migrate-meta-layouts":"default","ast-page-background-enabled":"default","ast-page-background-meta":{"desktop":{"background-color":"var(--ast-global-color-4)","background-image":"","background-repeat":"repeat","background-position":"center center","background-size":"auto","background-attachment":"scroll","background-type":"","background-media":"","overlay-type":"","overlay-color":"","overlay-opacity":"","overlay-gradient":""},"tablet":{"background-color":"","background-image":"","background-repeat":"repeat","background-position":"center center","background-size":"auto","background-attachment":"scroll","background-type":"","background-media":"","overlay-type":"","overlay-color":"","overlay-opacity":"","overlay-gradient":""},"mobile":{"background-color":"","background-image":"","background-repeat":"repeat","background-position":"center center","background-size":"auto","background-attachment":"scroll","background-type":"","background-media":"","overlay-type":"","overlay-color":"","overlay-opacity":"","overlay-gradient":""}},"ast-content-background-meta":{"desktop":{"background-color":"var(--ast-global-color-5)","background-image":"","background-repeat":"repeat","background-position":"center center","background-size":"auto","background-attachment":"scroll","background-type":"","background-media":"","overlay-type":"","overlay-color":"","overlay-opacity":"","overlay-gradient":""},"tablet":{"background-color":"var(--ast-global-color-5)","background-image":"","background-repeat":"repeat","background-position":"center center","background-size":"auto","background-attachment":"scroll","background-type":"","background-media":"","overlay-type":"","overlay-color":"","overlay-opacity":"","overlay-gradient":""},"mobile":{"background-color":"var(--ast-global-color-5)","background-image":"","background-repeat":"repeat","background-position":"center center","background-size":"auto","background-attachment":"scroll","background-type":"","background-media":"","overlay-type":"","overlay-color":"","overlay-opacity":"","overlay-gradient":""}},"footnotes":""},"class_list":["post-148899","page","type-page","status-publish","has-post-thumbnail","hentry"],"_links":{"self":[{"href":"https:\/\/medclinics.com\/de\/wp-json\/wp\/v2\/pages\/148899","targetHints":{"allow":["GET"]}}],"collection":[{"href":"https:\/\/medclinics.com\/de\/wp-json\/wp\/v2\/pages"}],"about":[{"href":"https:\/\/medclinics.com\/de\/wp-json\/wp\/v2\/types\/page"}],"author":[{"embeddable":true,"href":"https:\/\/medclinics.com\/de\/wp-json\/wp\/v2\/users\/4"}],"replies":[{"embeddable":true,"href":"https:\/\/medclinics.com\/de\/wp-json\/wp\/v2\/comments?post=148899"}],"version-history":[{"count":0,"href":"https:\/\/medclinics.com\/de\/wp-json\/wp\/v2\/pages\/148899\/revisions"}],"wp:featuredmedia":[{"embeddable":true,"href":"https:\/\/medclinics.com\/de\/wp-json\/wp\/v2\/media\/122606"}],"wp:attachment":[{"href":"https:\/\/medclinics.com\/de\/wp-json\/wp\/v2\/media?parent=148899"}],"curies":[{"name":"wp","href":"https:\/\/api.w.org\/{rel}","templated":true}]}}