{"id":148891,"date":"2023-05-16T09:01:00","date_gmt":"2023-05-16T06:01:00","guid":{"rendered":"https:\/\/medclinics.com\/stammzelltherapie-bei-ruckenmarksverletzungen-eine-revolutionare-behandlung\/"},"modified":"2025-01-03T01:46:45","modified_gmt":"2025-01-02T22:46:45","slug":"stammzelltherapie-bei-ruckenmarksverletzungen-eine-revolutionare-behandlung","status":"publish","type":"page","link":"https:\/\/medclinics.com\/de\/stammzelltherapie-bei-ruckenmarksverletzungen-eine-revolutionare-behandlung\/","title":{"rendered":"Stammzelltherapie bei R\u00fcckenmarksverletzungen &#8211; eine revolution\u00e4re Behandlung"},"content":{"rendered":"\n<h2 class=\"wp-block-heading\">Wenn Sie auf der Suche nach dem unendlichen Potenzial der Stammzelltherapie bei R\u00fcckenmarksverletzungen sind, sind Sie hier genau richtig!<\/h2>\n\n<p><br\/>Eine <strong>R\u00fcckenmarksverletzung (SCI)<\/strong> ist eine Verletzung, die das R\u00fcckenmark sch\u00e4digt. Das R\u00fcckenmark ist ein B\u00fcndel von Nerven, das das Gehirn mit dem Rest des K\u00f6rpers verbindet. Eine Verletzung des R\u00fcckenmarks kann eine Vielzahl von Problemen verursachen, darunter L\u00e4hmungen, Gef\u00fchlsst\u00f6rungen und Schwierigkeiten bei der Kontrolle von Blase und Darm.<\/p>\n\n<p><strong>Ursachen von R\u00fcckenmarksverletzungen<\/strong><\/p>\n\n<p>Die h\u00e4ufigsten Ursachen sind:<\/p>\n\n<ul class=\"wp-block-list\">\n<li>Unf\u00e4lle mit Kraftfahrzeugen (sie machen mehr als 37 % aller SCI aus)<\/li>\n\n\n\n<li>St\u00fcrze (sie machen etwa 31 % aller SCI aus).<\/li>\n\n\n\n<li>Gewaltbedingte Verletzungen (sie machen etwa 15 % aller SCI aus).<\/li>\n\n\n\n<li>Sportbedingte Verletzungen (etwa 8 % der SCI. Tauchen ist die h\u00e4ufigste sportbedingte R\u00fcckenmarksverletzung).<\/li>\n<\/ul>\n\n<p>Andere h\u00e4ufige Ursachen f\u00fcr Verletzungen des R\u00fcckenmarks sind:<\/p>\n\n<ul class=\"wp-block-list\">\n<li>Tumore<\/li>\n\n\n\n<li>Infektionen<\/li>\n\n\n\n<li>Angeborene Defekte<\/li>\n\n\n\n<li>Medizinische Verfahren<\/li>\n<\/ul>\n\n<p><strong>Symptome einer Verletzung des R\u00fcckenmarks<\/strong><\/p>\n\n<p>Die Symptome von SCI variieren je nach Ort und Schwere der Verletzung. Im Allgemeinen kann SCI die folgenden Probleme verursachen:<\/p>\n\n<ul class=\"wp-block-list\">\n<li><strong>L\u00e4hmung:<\/strong> Eine L\u00e4hmung ist der Verlust der Bewegungsf\u00e4higkeit eines oder mehrerer K\u00f6rperteile.<\/li>\n\n\n\n<li><strong>Verlust der Empfindung:<\/strong> Gef\u00fchlsverlust ist die Unf\u00e4higkeit, Dinge wie Ber\u00fchrung, Schmerz oder Temperatur zu sp\u00fcren.<\/li>\n\n\n\n<li><strong>Probleme mit der Kontrolle von Blase und Darm:<\/strong> Bei Problemen mit der Kontrolle von Blase und Darm kann es schwierig sein, zu urinieren oder Stuhlgang zu haben.<\/li>\n<\/ul>\n\n<p><strong>Wer hat ein h\u00f6heres Risiko f\u00fcr eine <strong>R\u00fcckenmarksverletzung<\/strong>?<\/strong><\/p>\n\n<ul class=\"wp-block-list\">\n<li><strong>Alter:<\/strong> Das Risiko einer SCI steigt mit dem Alter, insbesondere nach dem 50.<\/li>\n\n\n\n<li><strong>Geschlecht:<\/strong> M\u00e4nner sind h\u00e4ufiger von SCI betroffen als Frauen.<\/li>\n\n\n\n<li><strong>Gewicht:<\/strong> \u00dcbergewicht oder Fettleibigkeit erh\u00f6hen das Risiko einer Sch\u00e4del-Hirn-Verletzung, insbesondere bei St\u00fcrzen.<\/li>\n<\/ul>\n\n<p><strong>\n  <a href=\"https:\/\/www.stemcelltherapy.gen.tr\" target=\"_blank\" rel=\"noreferrer noopener\">Die Stammzelltherapie<\/a>\n<\/strong> ist eine vielversprechende neue Behandlung f\u00fcr SCI. Stammzellen sind unreife Zellen, die sich zu verschiedenen Zelltypen, einschlie\u00dflich Neuronen, entwickeln k\u00f6nnen. Stammzellen k\u00f6nnten helfen, gesch\u00e4digte Nerven zu reparieren<strong>\n  <strong>.<\/strong>\n<\/strong> Die <strong>Forscher untersuchen noch, wie die Stammzelltherapie bei <strong>R\u00fcckenmarksverletzungen<\/strong> eingesetzt werden<\/strong> kann.<\/p>\n\n<p>Wir kennen die verheerenden Auswirkungen von R\u00fcckenmarksverletzungen und stehen Ihnen bei jedem Schritt zur Seite. Von der Diagnose bis zur Genesung werden Sie diesen Weg nicht allein gehen. Wenn Sie eine Stammzelltherapie als m\u00f6gliche Behandlungsoption f\u00fcr SCI in Erw\u00e4gung ziehen, sind wir hier, um Sie zu unterst\u00fctzen.<\/p>\n\n<p>Nehmen Sie jetzt Kontakt mit uns auf, und wir werden Sie auf dem Weg zu einer besseren Gesundheit begleiten.<\/p>\n\n<h3 class=\"wp-block-heading\">Alles, was Sie \u00fcber die <a href=\"https:\/\/medclinics.com\/de\/stem-cell-therapy-2\/\" target=\"_blank\" rel=\"noreferrer noopener\">Stammzelltherapie<\/a> wissen m\u00fcssen, finden Sie hier, <a href=\"#requestform\">kontaktieren Sie uns<\/a> jetzt!<\/h3>\n\n<figure class=\"wp-block-image size-full\"><img fetchpriority=\"high\" decoding=\"async\" width=\"1450\" height=\"967\" class=\"wp-image-122175\" src=\"https:\/\/medclinics.com\/wp-content\/uploads\/2023\/12\/stem-cell-therapy-for-sci.jpg\" alt=\"Stammzellentherapie f&#xFC;r Sci\" srcset=\"https:\/\/medclinics.com\/wp-content\/uploads\/2023\/12\/stem-cell-therapy-for-sci.jpg 1450w, https:\/\/medclinics.com\/wp-content\/uploads\/2023\/12\/stem-cell-therapy-for-sci-500x333.jpg 500w, https:\/\/medclinics.com\/wp-content\/uploads\/2023\/12\/stem-cell-therapy-for-sci-1024x683.jpg 1024w, https:\/\/medclinics.com\/wp-content\/uploads\/2023\/12\/stem-cell-therapy-for-sci-768x512.jpg 768w, https:\/\/medclinics.com\/wp-content\/uploads\/2023\/12\/stem-cell-therapy-for-sci-24x16.jpg 24w, https:\/\/medclinics.com\/wp-content\/uploads\/2023\/12\/stem-cell-therapy-for-sci-36x24.jpg 36w, https:\/\/medclinics.com\/wp-content\/uploads\/2023\/12\/stem-cell-therapy-for-sci-48x32.jpg 48w\" sizes=\"(max-width: 1450px) 100vw, 1450px\" \/><\/figure>\n\n<h2 class=\"wp-block-heading\">FAQ<\/h2>\n<div id=\"rank-math-faq\" class=\"rank-math-block\">\n<div class=\"rank-math-list \">\n<div id=\"faq-question-1703846708178\" class=\"rank-math-list-item\">\n<h3 class=\"rank-math-question \"><strong>Was sind die Symptome einer <strong>\n  <strong>Verletzung des R\u00fcckenmarks<\/strong>\n<\/strong>?<\/strong><\/h3>\n<div class=\"rank-math-answer \">\n\n<p>Die Symptome einer R\u00fcckenmarksverletzung (SCI) k\u00f6nnen je nach Ort und Schwere der Verletzung sehr unterschiedlich sein. Zu den h\u00e4ufigsten Symptomen geh\u00f6ren jedoch: L\u00e4hmungen, Gef\u00fchlsst\u00f6rungen, Probleme bei der Kontrolle von Blase und Darm.<\/p>\n\n<\/div>\n<\/div>\n<div id=\"faq-question-1703846839041\" class=\"rank-math-list-item\">\n<h3 class=\"rank-math-question \"><strong>Was verursacht <strong>\n  <strong>Verletzung des R\u00fcckenmarks<\/strong>\n<\/strong>?<\/strong><\/h3>\n<div class=\"rank-math-answer \">\n\n<p>Die h\u00e4ufigste Ursache f\u00fcr eine Sch\u00e4del-Hirn-Verletzung ist ein Trauma, z. B. ein Autounfall, ein Sturz oder eine Sportverletzung, Tumore, Infektionen, angeborene Defekte, medizinische Eingriffe<\/p>\n\n<\/div>\n<\/div>\n<\/div>\n<\/div>\n<h3 class=\"wp-block-heading\">Kontaktieren Sie uns jetzt, falls Sie Fragen haben!<\/h3>\n","protected":false},"excerpt":{"rendered":"<p>Wenn Sie auf der Suche nach dem unendlichen Potenzial der Stammzelltherapie bei R\u00fcckenmarksverletzungen sind, sind Sie hier genau richtig! Eine [&hellip;]<\/p>\n","protected":false},"author":4,"featured_media":122182,"parent":0,"menu_order":0,"comment_status":"closed","ping_status":"closed","template":"","meta":{"site-sidebar-layout":"default","site-content-layout":"","ast-site-content-layout":"default","site-content-style":"default","site-sidebar-style":"default","ast-global-header-display":"","ast-banner-title-visibility":"","ast-main-header-display":"","ast-hfb-above-header-display":"","ast-hfb-below-header-display":"","ast-hfb-mobile-header-display":"","site-post-title":"","ast-breadcrumbs-content":"","ast-featured-img":"","footer-sml-layout":"","ast-disable-related-posts":"","theme-transparent-header-meta":"","adv-header-id-meta":"","stick-header-meta":"","header-above-stick-meta":"","header-main-stick-meta":"","header-below-stick-meta":"","astra-migrate-meta-layouts":"default","ast-page-background-enabled":"default","ast-page-background-meta":{"desktop":{"background-color":"var(--ast-global-color-4)","background-image":"","background-repeat":"repeat","background-position":"center center","background-size":"auto","background-attachment":"scroll","background-type":"","background-media":"","overlay-type":"","overlay-color":"","overlay-opacity":"","overlay-gradient":""},"tablet":{"background-color":"","background-image":"","background-repeat":"repeat","background-position":"center center","background-size":"auto","background-attachment":"scroll","background-type":"","background-media":"","overlay-type":"","overlay-color":"","overlay-opacity":"","overlay-gradient":""},"mobile":{"background-color":"","background-image":"","background-repeat":"repeat","background-position":"center center","background-size":"auto","background-attachment":"scroll","background-type":"","background-media":"","overlay-type":"","overlay-color":"","overlay-opacity":"","overlay-gradient":""}},"ast-content-background-meta":{"desktop":{"background-color":"var(--ast-global-color-5)","background-image":"","background-repeat":"repeat","background-position":"center center","background-size":"auto","background-attachment":"scroll","background-type":"","background-media":"","overlay-type":"","overlay-color":"","overlay-opacity":"","overlay-gradient":""},"tablet":{"background-color":"var(--ast-global-color-5)","background-image":"","background-repeat":"repeat","background-position":"center center","background-size":"auto","background-attachment":"scroll","background-type":"","background-media":"","overlay-type":"","overlay-color":"","overlay-opacity":"","overlay-gradient":""},"mobile":{"background-color":"var(--ast-global-color-5)","background-image":"","background-repeat":"repeat","background-position":"center center","background-size":"auto","background-attachment":"scroll","background-type":"","background-media":"","overlay-type":"","overlay-color":"","overlay-opacity":"","overlay-gradient":""}},"footnotes":""},"class_list":["post-148891","page","type-page","status-publish","has-post-thumbnail","hentry"],"_links":{"self":[{"href":"https:\/\/medclinics.com\/de\/wp-json\/wp\/v2\/pages\/148891","targetHints":{"allow":["GET"]}}],"collection":[{"href":"https:\/\/medclinics.com\/de\/wp-json\/wp\/v2\/pages"}],"about":[{"href":"https:\/\/medclinics.com\/de\/wp-json\/wp\/v2\/types\/page"}],"author":[{"embeddable":true,"href":"https:\/\/medclinics.com\/de\/wp-json\/wp\/v2\/users\/4"}],"replies":[{"embeddable":true,"href":"https:\/\/medclinics.com\/de\/wp-json\/wp\/v2\/comments?post=148891"}],"version-history":[{"count":0,"href":"https:\/\/medclinics.com\/de\/wp-json\/wp\/v2\/pages\/148891\/revisions"}],"wp:featuredmedia":[{"embeddable":true,"href":"https:\/\/medclinics.com\/de\/wp-json\/wp\/v2\/media\/122182"}],"wp:attachment":[{"href":"https:\/\/medclinics.com\/de\/wp-json\/wp\/v2\/media?parent=148891"}],"curies":[{"name":"wp","href":"https:\/\/api.w.org\/{rel}","templated":true}]}}