{"id":148871,"date":"2025-02-07T09:01:00","date_gmt":"2025-02-07T06:01:00","guid":{"rendered":"https:\/\/medclinics.com\/stammzelltherapie-fur-die-alzheimer-krankheit-eine-hoffnungsvolle-neue-richtung\/"},"modified":"2025-03-07T16:40:47","modified_gmt":"2025-03-07T13:40:47","slug":"stammzelltherapie-fur-die-alzheimer-krankheit-eine-hoffnungsvolle-neue-richtung","status":"publish","type":"page","link":"https:\/\/medclinics.com\/de\/stammzelltherapie-fur-die-alzheimer-krankheit-eine-hoffnungsvolle-neue-richtung\/","title":{"rendered":"Stammzellentherapie gegen Alzheimer"},"content":{"rendered":"\n<h2 class=\"wp-block-heading\">Wenn Sie auf der Suche nach dem unendlichen Potenzial der Stammzelltherapie f\u00fcr die Alzheimer-Krankheit sind, sind Sie hier genau richtig!<\/h2>\n\n<p><strong>Die Alzheimer-Krankheit ist eine Form der Demenz, die das Ged\u00e4chtnis, das Denken und das Verhalten beeintr\u00e4chtigt.<\/strong>  Sie ist die h\u00e4ufigste Ursache f\u00fcr Demenz und macht 60-80 % der F\u00e4lle aus. Es handelt sich um eine fortschreitende Krankheit, die mit einem leichten Ged\u00e4chtnisverlust beginnt und m\u00f6glicherweise zum Verlust der F\u00e4higkeit f\u00fchrt, ein Gespr\u00e4ch zu f\u00fchren und auf die Umwelt zu reagieren.<\/p>\n\n<p><strong>Risikofaktoren f\u00fcr die Alzheimer-Krankheit:<\/strong><\/p>\n\n<ul class=\"wp-block-list\">\n<li><strong>Alter: <\/strong>Das Alter ist der bekannteste Risikofaktor f\u00fcr die Alzheimer-Krankheit. Das Risiko, an der Alzheimer-Krankheit zu erkranken, steigt mit zunehmendem Alter.<\/li>\n\n\n\n<li><strong>Familiengeschichte:<\/strong> Menschen, in deren Familie die Alzheimer-Krankheit vorkommt, haben ein h\u00f6heres Risiko, selbst daran zu erkranken.<\/li>\n\n\n\n<li><strong>Genetik: <\/strong>Forscher glauben, dass die Genetik bei der Entstehung der Alzheimer-Krankheit eine Rolle spielen kann. Gene sind jedoch nicht gleich Schicksal. Ein gesunder Lebensstil kann dazu beitragen, das Risiko, an Alzheimer zu erkranken, zu verringern.<\/li>\n<\/ul>\n\n<p>Sie k\u00f6nnen sich vor der Alzheimer-Krankheit sch\u00fctzen, indem Sie etwas tun:<\/p>\n\n<ul class=\"wp-block-list\">\n<li><strong>Gesunde Lebensweise:<\/strong> Nicht rauchen, wenig Alkohol trinken, ausgewogen essen, aktiv bleiben (k\u00f6rperlich, geistig, sozial).<\/li>\n\n\n\n<li><strong>Schutz des Kopfes:<\/strong> Minimieren Sie lebenslang Kopfverletzungen, insbesondere schwere.<\/li>\n\n\n\n<li><strong>Bew\u00e4ltigung von Gesundheitszust\u00e4nden:<\/strong> Kontrolle von Diabetes, Schlaganfall, Herzproblemen, Blutdruck, Cholesterin, Fettleibigkeit, H\u00f6rverlust und Depression.<\/li>\n<\/ul>\n\n<p>Denken Sie daran, dass diese Faktoren zwar nicht garantiert werden k\u00f6nnen, um Alzheimer zu verhindern, dass aber ihr Umgang mit ihnen Ihr Risiko potenziell senken kann.<\/p>\n\n<p><strong>Symptome der Alzheimer-Krankheit:<\/strong><\/p>\n\n<p><strong>Fr\u00fchsymptome:<\/strong><\/p>\n\n<ul class=\"wp-block-list\">\n<li><strong>Schwierigkeiten, sich an k\u00fcrzlich gelernte Informationen zu erinnern:<\/strong> Wenn Sie vergessen, wo Sie Schl\u00fcssel, Termine oder Namen von Bekannten abgelegt haben, kann dies ein fr\u00fches Anzeichen sein.<\/li>\n\n\n\n<li><strong>Leichte Verwirrung und Vergesslichkeit:<\/strong> Schwierigkeiten, Gespr\u00e4chen zu folgen, vertraute Aufgaben zu erledigen oder die richtigen Worte zu finden.<\/li>\n\n\n\n<li><strong>Ver\u00e4nderungen in Stimmung und Verhalten:<\/strong> Sie werden leicht reizbar, \u00e4ngstlich oder zur\u00fcckgezogen und zeigen Pers\u00f6nlichkeitsver\u00e4nderungen.<\/li>\n\n\n\n<li><strong>Schwierigkeiten beim Planen und L\u00f6sen von Problemen:<\/strong> Schwierigkeiten bei der Verwaltung von Finanzen, beim Treffen von Entscheidungen oder beim Organisieren von Pl\u00e4nen.<\/li>\n<\/ul>\n\n<p><strong>Sp\u00e4tere Symptome:<\/strong><\/p>\n\n<ul class=\"wp-block-list\">\n<li><strong>St\u00e4rkerer Ged\u00e4chtnisverlust:<\/strong> Vergessen von wichtigen Ereignissen, Personen und vergangenen Erfahrungen.<\/li>\n\n\n\n<li><strong>Desorientierung und Verwirrung:<\/strong> Sie verlieren den \u00dcberblick \u00fcber Zeit, Ort und sogar ihre eigene Identit\u00e4t.<\/li>\n\n\n\n<li><strong>Sprachliche Schwierigkeiten:<\/strong> Schwierigkeiten, Worte zu finden, koh\u00e4rent zu sprechen oder gesprochene Sprache zu verstehen.<\/li>\n\n\n\n<li><strong>Ver\u00e4nderungen der k\u00f6rperlichen F\u00e4higkeiten:<\/strong> Probleme mit dem Gleichgewicht, der Koordination und schlie\u00dflich dem Gehen.<\/li>\n\n\n\n<li><strong>Verhaltens\u00e4nderungen:<\/strong> Wahnvorstellungen, Halluzinationen und Schwierigkeiten, Emotionen zu kontrollieren, treten h\u00e4ufiger auf.<\/li>\n<\/ul>\n\n<p>Die <a href=\"https:\/\/www.stemcelltherapy.gen.tr\" target=\"_blank\" rel=\"noopener\">Stammzelltherapie<\/a> f\u00fcr die Alzheimer-Krankheit ist eine vielversprechende neue Behandlung, die von Wissenschaftlern untersucht wird. Stammzellen sind spezielle Zellen, die sich in verschiedene Zelltypen, einschlie\u00dflich Gehirnzellen, verwandeln k\u00f6nnen. Wissenschaftler glauben, dass Stammzellen dazu verwendet werden k\u00f6nnten, gesch\u00e4digte Gehirnzellen zu reparieren und das Fortschreiten der Alzheimer-Krankheit zu verlangsamen oder aufzuhalten.<\/p>\n\n<p>Erste Studien zur Stammzelltherapie der Alzheimer-Krankheit waren vielversprechend. In einigen Studien wurde bei bis zu 75 % der Patienten ein verlangsamtes Fortschreiten oder eine Verbesserung der Symptome festgestellt. Es sind jedoch weitere Forschungsarbeiten erforderlich, um diese Ergebnisse zu best\u00e4tigen und den besten Weg f\u00fcr die Verwendung von Stammzellen zur Behandlung der Alzheimer-Krankheit zu finden.<\/p>\n\n<p>Die Stammzellen k\u00f6nnen aus dem eigenen Fettgewebe oder Knochenmark des Patienten gewonnen werden. Die Anzahl der verwendeten Zellen h\u00e4ngt vom Alter und Gewicht des Patienten ab. Die Behandlungsprotokolle werden f\u00fcr jeden Patienten individuell erstellt und k\u00f6nnen mehrere Sitzungen umfassen.<\/p>\n\n<p><strong>Wir wissen, dass die Alzheimer-Krankheit eine schwierige und herausfordernde Erkrankung sein kann. Wir sind f\u00fcr Sie da, um Sie zu unterst\u00fctzen und Ihnen zu helfen, mehr \u00fcber die Stammzelltherapie als m\u00f6gliche Behandlungsoption zu erfahren.<\/strong><\/p>\n\n<p><strong>Nehmen Sie noch heute Kontakt mit uns auf und lassen Sie sich von uns auf dem Weg zu mehr Gesundheit begleiten.<\/strong><\/p>\n\n<h3 class=\"wp-block-heading\">Alles, was Sie \u00fcber die <a href=\"https:\/\/medclinics.com\/de\/stem-cell-therapy-2\/\" target=\"_blank\" rel=\"noreferrer noopener\">Stammzelltherapie<\/a> wissen m\u00fcssen, finden Sie hier, <a href=\"#requestform\">kontaktieren Sie uns<\/a> jetzt!<\/h3>\n\n<figure class=\"wp-block-image size-full\"><img fetchpriority=\"high\" decoding=\"async\" width=\"1450\" height=\"967\" class=\"wp-image-122111\" src=\"https:\/\/medclinics.com\/wp-content\/uploads\/2023\/12\/stem-cell-therapy-for-alzheimer-1.jpg\" alt=\"Stammzelltherapie f&#xFC;r Alzheimer\" srcset=\"https:\/\/medclinics.com\/wp-content\/uploads\/2023\/12\/stem-cell-therapy-for-alzheimer-1.jpg 1450w, https:\/\/medclinics.com\/wp-content\/uploads\/2023\/12\/stem-cell-therapy-for-alzheimer-1-500x333.jpg 500w, https:\/\/medclinics.com\/wp-content\/uploads\/2023\/12\/stem-cell-therapy-for-alzheimer-1-1024x683.jpg 1024w, https:\/\/medclinics.com\/wp-content\/uploads\/2023\/12\/stem-cell-therapy-for-alzheimer-1-768x512.jpg 768w, https:\/\/medclinics.com\/wp-content\/uploads\/2023\/12\/stem-cell-therapy-for-alzheimer-1-24x16.jpg 24w, https:\/\/medclinics.com\/wp-content\/uploads\/2023\/12\/stem-cell-therapy-for-alzheimer-1-36x24.jpg 36w, https:\/\/medclinics.com\/wp-content\/uploads\/2023\/12\/stem-cell-therapy-for-alzheimer-1-48x32.jpg 48w\" sizes=\"(max-width: 1450px) 100vw, 1450px\" \/><\/figure>\n\n<h2 class=\"wp-block-heading\">FAQ<\/h2>\n<div id=\"rank-math-faq\" class=\"rank-math-block\">\n<div class=\"rank-math-list \">\n<div id=\"faq-question-1703838320172\" class=\"rank-math-list-item\">\n<h3 class=\"rank-math-question \"><strong>Was sind die Symptome der Alzheimer-Krankheit?<\/strong><\/h3>\n<div class=\"rank-math-answer \">\n\n<p>Zu den fr\u00fchen Symptomen geh\u00f6ren Schwierigkeiten, sich an aktuelle Informationen zu erinnern, leichte Verwirrung, Stimmungsschwankungen und Schwierigkeiten bei der Planung und Probleml\u00f6sung. In sp\u00e4teren Stadien kommt es zu schwerem Ged\u00e4chtnisverlust, Desorientierung, Sprachschwierigkeiten und k\u00f6rperlichen Ver\u00e4nderungen.<\/p>\n\n<\/div>\n<\/div>\n<div id=\"faq-question-1703838340012\" class=\"rank-math-list-item\">\n<h3 class=\"rank-math-question \"><strong>Was verursacht Alzheimer?<\/strong><\/h3>\n<div class=\"rank-math-answer \">\n\n<p>Die genaue Ursache ist unbekannt, aber Alter, Familiengeschichte und Gene sind Risikofaktoren. Ein gesunder Lebensstil kann dazu beitragen, das Risiko zu verringern.<\/p>\n\n<\/div>\n<\/div>\n<div id=\"faq-question-1703838365556\" class=\"rank-math-list-item\">\n<h3 class=\"rank-math-question \"><strong>Wie funktioniert die Stammzelltherapie bei Alzheimer?<\/strong><\/h3>\n<div class=\"rank-math-answer \">\n\n<p>Die Stammzellen werden in das Gehirn injiziert und k\u00f6nnen dazu beitragen, gesch\u00e4digte Zellen zu reparieren und eine weitere Degeneration zu verhindern.<\/p>\n\n<\/div>\n<\/div>\n<\/div>\n<\/div>\n<h3 class=\"wp-block-heading\">Kontaktieren Sie uns jetzt, falls Sie Fragen haben!<\/h3>\n","protected":false},"excerpt":{"rendered":"<p>Wenn Sie auf der Suche nach dem unendlichen Potenzial der Stammzelltherapie f\u00fcr die Alzheimer-Krankheit sind, sind Sie hier genau richtig! [&hellip;]<\/p>\n","protected":false},"author":4,"featured_media":122104,"parent":0,"menu_order":0,"comment_status":"closed","ping_status":"closed","template":"","meta":{"site-sidebar-layout":"default","site-content-layout":"","ast-site-content-layout":"default","site-content-style":"default","site-sidebar-style":"default","ast-global-header-display":"","ast-banner-title-visibility":"","ast-main-header-display":"","ast-hfb-above-header-display":"","ast-hfb-below-header-display":"","ast-hfb-mobile-header-display":"","site-post-title":"","ast-breadcrumbs-content":"","ast-featured-img":"","footer-sml-layout":"","ast-disable-related-posts":"","theme-transparent-header-meta":"","adv-header-id-meta":"","stick-header-meta":"","header-above-stick-meta":"","header-main-stick-meta":"","header-below-stick-meta":"","astra-migrate-meta-layouts":"default","ast-page-background-enabled":"default","ast-page-background-meta":{"desktop":{"background-color":"var(--ast-global-color-4)","background-image":"","background-repeat":"repeat","background-position":"center center","background-size":"auto","background-attachment":"scroll","background-type":"","background-media":"","overlay-type":"","overlay-color":"","overlay-opacity":"","overlay-gradient":""},"tablet":{"background-color":"","background-image":"","background-repeat":"repeat","background-position":"center center","background-size":"auto","background-attachment":"scroll","background-type":"","background-media":"","overlay-type":"","overlay-color":"","overlay-opacity":"","overlay-gradient":""},"mobile":{"background-color":"","background-image":"","background-repeat":"repeat","background-position":"center center","background-size":"auto","background-attachment":"scroll","background-type":"","background-media":"","overlay-type":"","overlay-color":"","overlay-opacity":"","overlay-gradient":""}},"ast-content-background-meta":{"desktop":{"background-color":"var(--ast-global-color-5)","background-image":"","background-repeat":"repeat","background-position":"center center","background-size":"auto","background-attachment":"scroll","background-type":"","background-media":"","overlay-type":"","overlay-color":"","overlay-opacity":"","overlay-gradient":""},"tablet":{"background-color":"var(--ast-global-color-5)","background-image":"","background-repeat":"repeat","background-position":"center center","background-size":"auto","background-attachment":"scroll","background-type":"","background-media":"","overlay-type":"","overlay-color":"","overlay-opacity":"","overlay-gradient":""},"mobile":{"background-color":"var(--ast-global-color-5)","background-image":"","background-repeat":"repeat","background-position":"center center","background-size":"auto","background-attachment":"scroll","background-type":"","background-media":"","overlay-type":"","overlay-color":"","overlay-opacity":"","overlay-gradient":""}},"footnotes":""},"class_list":["post-148871","page","type-page","status-publish","has-post-thumbnail","hentry"],"_links":{"self":[{"href":"https:\/\/medclinics.com\/de\/wp-json\/wp\/v2\/pages\/148871","targetHints":{"allow":["GET"]}}],"collection":[{"href":"https:\/\/medclinics.com\/de\/wp-json\/wp\/v2\/pages"}],"about":[{"href":"https:\/\/medclinics.com\/de\/wp-json\/wp\/v2\/types\/page"}],"author":[{"embeddable":true,"href":"https:\/\/medclinics.com\/de\/wp-json\/wp\/v2\/users\/4"}],"replies":[{"embeddable":true,"href":"https:\/\/medclinics.com\/de\/wp-json\/wp\/v2\/comments?post=148871"}],"version-history":[{"count":0,"href":"https:\/\/medclinics.com\/de\/wp-json\/wp\/v2\/pages\/148871\/revisions"}],"wp:featuredmedia":[{"embeddable":true,"href":"https:\/\/medclinics.com\/de\/wp-json\/wp\/v2\/media\/122104"}],"wp:attachment":[{"href":"https:\/\/medclinics.com\/de\/wp-json\/wp\/v2\/media?parent=148871"}],"curies":[{"name":"wp","href":"https:\/\/api.w.org\/{rel}","templated":true}]}}