{"id":148811,"date":"2023-05-13T09:01:00","date_gmt":"2023-05-13T06:01:00","guid":{"rendered":"https:\/\/medclinics.com\/stammzelltherapie-fur-muskeldystrophie-eine-revolutionare-behandlung\/"},"modified":"2025-01-03T01:46:45","modified_gmt":"2025-01-02T22:46:45","slug":"stammzelltherapie-fur-muskeldystrophie-eine-revolutionare-behandlung","status":"publish","type":"page","link":"https:\/\/medclinics.com\/de\/stammzelltherapie-fur-muskeldystrophie-eine-revolutionare-behandlung\/","title":{"rendered":"Stammzelltherapie f\u00fcr Muskeldystrophie: Eine revolution\u00e4re Behandlung"},"content":{"rendered":"\n<p>\u00a0<\/p>\n\n<h2 class=\"wp-block-heading\">Wenn Sie auf der Suche nach dem grenzenlosen Potenzial der Stammzelltherapie bei Muskeldystrophie sind, sind Sie hier genau richtig!<\/h2>\n\n<p><br\/>Muskeldystrophie (MD) ist eine Gruppe von erblichen Muskelkrankheiten, die die Muskeln kontinuierlich schw\u00e4chen und zu einer zunehmenden Behinderung f\u00fchren. Sie verschlimmern sich im Laufe der Zeit und beginnen typischerweise in bestimmten Muskelgruppen und breiten sich aus. Einige Arten k\u00f6nnen sogar lebensbedrohlich sein, da sie das Herz oder die Atemmuskulatur beeintr\u00e4chtigen. Es gibt zwar keine Heilung, aber viele Symptome lassen sich behandeln.<\/p>\n\n<p><strong>Wer hat ein h\u00f6heres Risiko, an Muskeldystrophie zu erkranken?<\/strong><\/p>\n\n<p>Jeder kann an Muskeldystrophie erkranken, aber manche Menschen sind st\u00e4rker gef\u00e4hrdet:<\/p>\n\n<ul class=\"wp-block-list\">\n<li><strong>Familiengeschichte:<\/strong> Wenn Sie in Ihrer Familie an MD erkrankt sind, erh\u00f6ht sich Ihr Risiko, daran zu erkranken.<\/li>\n\n\n\n<li><strong>Genver\u00e4nderungen:<\/strong> Fehlerhafte Gene k\u00f6nnen MD verursachen, die manchmal auch dann auftritt, wenn die Eltern die Krankheit nicht haben.<\/li>\n\n\n\n<li><strong>Vererbung:<\/strong> MD kann auf drei Arten vererbt werden:\n<ul class=\"wp-block-list\">\n<li><strong>Ein fehlerhaftes Gen von einem Elternteil (autosomal dominant)<\/strong><\/li>\n\n\n\n<li><strong>Zwei fehlerhafte Gene von beiden Elternteilen (autosomal rezessiv)<\/strong><\/li>\n\n\n\n<li><strong>Fehlerhaftes Gen, das von der Mutter auf den Sohn \u00fcbertragen wird (X-chromosomal rezessiv)<\/strong><\/li>\n<\/ul>\n<\/li>\n<\/ul>\n\n<p>Denken Sie daran: Auch wenn Sie gef\u00e4hrdet sind, bedeutet das nicht, dass Sie auf jeden Fall an MD erkranken werden.<\/p>\n\n<p><strong>Es gibt viele verschiedene Arten von MD.<\/strong>  Einige der h\u00e4ufigsten Arten sind:<\/p>\n\n<ul class=\"wp-block-list\">\n<li>Die <strong>Duchenne-Muskeldystrophie (DMD)<\/strong> ist die h\u00e4ufigste Form der MD. Es handelt sich um eine schwere Form der Krankheit, die in der Regel Jungen betrifft. Menschen mit DMD verlieren in der Regel im Alter von 12 Jahren die F\u00e4higkeit zu gehen, und sie werden selten \u00e4lter als 30 Jahre.<\/li>\n\n\n\n<li>Die <strong>Becker-Muskeldystrophie (BMD)<\/strong> \u00e4hnelt der DMD, ist aber eine mildere Form der Krankheit. Menschen mit BMD behalten in der Regel die F\u00e4higkeit zu gehen und k\u00f6nnen bis ins Erwachsenenalter leben.<\/li>\n\n\n\n<li>Die <strong>fazioskapulohumeralen Muskeldystrophie (FSHD<\/strong> ) ist eine langsam fortschreitende Form der MD, die die Muskeln des Gesichts, der Schultern und der Oberarme betrifft. Menschen mit FSHD k\u00f6nnen Schwierigkeiten beim Sprechen, Schlucken und bei der Schulterbewegung haben.<\/li>\n\n\n\n<li>Die <strong>Gliederg\u00fcrtel-Muskeldystrophie (LGMD)<\/strong> ist eine Gruppe von Krankheiten, die die Muskeln der Arme und Beine betreffen. LGMD kann leicht oder schwer sein, und das Alter des Ausbruchs variiert je nach Art der LGMD.<\/li>\n<\/ul>\n\n<p><strong>Die Ursache von MD ist eine genetische Mutation.<\/strong>  Diese Mutationen k\u00f6nnen von den Eltern vererbt werden oder spontan auftreten.<\/p>\n\n<p><strong>Es gibt keine Heilung f\u00fcr MD.<\/strong>  Es gibt jedoch Behandlungen, die zur Verbesserung der Symptome und der Lebensqualit\u00e4t beitragen k\u00f6nnen. Zu diesen Behandlungen geh\u00f6ren Physiotherapie, Medikamente und Operationen.<\/p>\n\n<p><strong>Stammzellen<\/strong> sind spezielle Zellen, die sich vermehren und zu verschiedenen Zelltypen in Ihrem K\u00f6rper werden k\u00f6nnen. Sie sind wie winzige Reparaturteams, die m\u00f6glicherweise besch\u00e4digtes Gewebe reparieren k\u00f6nnen.  <strong>Die Forscher untersuchen noch, wie die Stammzelltherapie bei Muskeldystrophie eingesetzt werden kann.<\/strong>  Erste Studien haben gezeigt, dass eine Stammzelltherapie die Muskelfunktion verbessern und das Fortschreiten der Krankheit verlangsamen kann.<\/p>\n\n<p>Bei der Behandlung von Muskeldystrophie kann die Stammzelltherapie eingesetzt werden, um <strong>gesch\u00e4digte Muskelzellen zu ersetzen<\/strong>, <strong>Wachstumsfaktoren zu produzieren<\/strong>, die bei der Reparatur der Muskeln helfen<strong> <\/strong>und <strong>neues Muskelgewebe zu schaffen<\/strong>.<\/p>\n\n<p><strong><a href=\"https:\/\/www.stemcelltherapy.gen.tr\" target=\"_blank\" rel=\"noopener\">Stammzelltherapie<\/a> <strong>f\u00fcr Muskeldystrophie<\/strong><\/strong> <strong>ist eine vielversprechende neue Behandlung.<\/strong> Bei weiterer Forschung k\u00f6nnte diese Behandlung einen neuen Weg zur Verbesserung des Lebens von Menschen mit dieser Krankheit bieten.<\/p>\n\n<p>Wir verstehen die Herausforderungen, die ein Schlaganfall mit sich bringt, und unterst\u00fctzen Sie bei jedem Schritt auf Ihrem Weg der Genesung. Z\u00f6gern Sie nicht, sich mit uns in Verbindung zu setzen, um mehr \u00fcber die Behandlungsm\u00f6glichkeiten, die m\u00f6glichen Ergebnisse und alle anderen Fragen zur Stammzelltherapie bei Muskeldystrophie zu erfahren.<\/p>\n\n<p><strong>Nehmen Sie noch heute Kontakt mit uns auf und lassen Sie sich von uns auf dem Weg zu mehr Gesundheit begleiten.<\/strong><\/p>\n\n<h3 class=\"wp-block-heading\">Alles, was Sie \u00fcber die <a href=\"https:\/\/medclinics.com\/de\/stem-cell-therapy-2\/\" target=\"_blank\" rel=\"noreferrer noopener\">Stammzelltherapie<\/a> wissen m\u00fcssen, finden Sie hier, <a href=\"#requestform\">kontaktieren Sie uns<\/a> jetzt!<\/h3>\n\n<figure class=\"wp-block-image size-full\"><img fetchpriority=\"high\" decoding=\"async\" width=\"1450\" height=\"967\" class=\"wp-image-121813\" src=\"https:\/\/medclinics.com\/wp-content\/uploads\/2023\/12\/stem-cell-therapy-for-muscular-dystrophy.jpg\" alt=\"Stammzelltherapie f&#xFC;r Muskeldystrophie\" srcset=\"https:\/\/medclinics.com\/wp-content\/uploads\/2023\/12\/stem-cell-therapy-for-muscular-dystrophy.jpg 1450w, https:\/\/medclinics.com\/wp-content\/uploads\/2023\/12\/stem-cell-therapy-for-muscular-dystrophy-500x333.jpg 500w, https:\/\/medclinics.com\/wp-content\/uploads\/2023\/12\/stem-cell-therapy-for-muscular-dystrophy-1024x683.jpg 1024w, https:\/\/medclinics.com\/wp-content\/uploads\/2023\/12\/stem-cell-therapy-for-muscular-dystrophy-768x512.jpg 768w, https:\/\/medclinics.com\/wp-content\/uploads\/2023\/12\/stem-cell-therapy-for-muscular-dystrophy-24x16.jpg 24w, https:\/\/medclinics.com\/wp-content\/uploads\/2023\/12\/stem-cell-therapy-for-muscular-dystrophy-36x24.jpg 36w, https:\/\/medclinics.com\/wp-content\/uploads\/2023\/12\/stem-cell-therapy-for-muscular-dystrophy-48x32.jpg 48w\" sizes=\"(max-width: 1450px) 100vw, 1450px\" \/><\/figure>\n\n<h2 class=\"wp-block-heading\">FAQ<\/h2>\n<div id=\"rank-math-faq\" class=\"rank-math-block\">\n<div class=\"rank-math-list \">\n<div id=\"faq-question-1703770617430\" class=\"rank-math-list-item\">\n<h3 class=\"rank-math-question \"><strong>Was ist Muskeldystrophie?<\/strong> <\/h3>\n<div class=\"rank-math-answer \">\n\n<p>Es handelt sich um eine Gruppe von erblichen Muskelkrankheiten, die das Muskelgewebe allm\u00e4hlich schw\u00e4chen und die Bewegung erschweren.<\/p>\n\n<\/div>\n<\/div>\n<div id=\"faq-question-1703770630861\" class=\"rank-math-list-item\">\n<h3 class=\"rank-math-question \"><strong>Wie h\u00e4ufig ist Muskeldystrophie?<\/strong><\/h3>\n<div class=\"rank-math-answer \">\n\n<p>Zwar kann jeder erkranken, doch sind manche Menschen aufgrund ihrer Familiengeschichte oder genetischer Ver\u00e4nderungen st\u00e4rker gef\u00e4hrdet.<\/p>\n\n<\/div>\n<\/div>\n<div id=\"faq-question-1703770660835\" class=\"rank-math-list-item\">\n<h3 class=\"rank-math-question \"><strong>Wer bekommt am ehesten MD?<\/strong><\/h3>\n<div class=\"rank-math-answer \">\n\n<p>Eine Familie mit MD, bestimmte Genver\u00e4nderungen und die Vererbung des fehlerhaften Gens auf bestimmte Weise erh\u00f6hen das Risiko.<\/p>\n\n<\/div>\n<\/div>\n<\/div>\n<\/div>\n<h3 class=\"wp-block-heading\">Kontaktieren Sie uns jetzt, falls Sie Fragen haben!<\/h3>\n","protected":false},"excerpt":{"rendered":"<p>\u00a0 Wenn Sie auf der Suche nach dem grenzenlosen Potenzial der Stammzelltherapie bei Muskeldystrophie sind, sind Sie hier genau richtig! [&hellip;]<\/p>\n","protected":false},"author":4,"featured_media":121829,"parent":0,"menu_order":0,"comment_status":"closed","ping_status":"closed","template":"","meta":{"site-sidebar-layout":"default","site-content-layout":"","ast-site-content-layout":"default","site-content-style":"default","site-sidebar-style":"default","ast-global-header-display":"","ast-banner-title-visibility":"","ast-main-header-display":"","ast-hfb-above-header-display":"","ast-hfb-below-header-display":"","ast-hfb-mobile-header-display":"","site-post-title":"","ast-breadcrumbs-content":"","ast-featured-img":"","footer-sml-layout":"","ast-disable-related-posts":"","theme-transparent-header-meta":"","adv-header-id-meta":"","stick-header-meta":"","header-above-stick-meta":"","header-main-stick-meta":"","header-below-stick-meta":"","astra-migrate-meta-layouts":"default","ast-page-background-enabled":"default","ast-page-background-meta":{"desktop":{"background-color":"var(--ast-global-color-4)","background-image":"","background-repeat":"repeat","background-position":"center center","background-size":"auto","background-attachment":"scroll","background-type":"","background-media":"","overlay-type":"","overlay-color":"","overlay-opacity":"","overlay-gradient":""},"tablet":{"background-color":"","background-image":"","background-repeat":"repeat","background-position":"center center","background-size":"auto","background-attachment":"scroll","background-type":"","background-media":"","overlay-type":"","overlay-color":"","overlay-opacity":"","overlay-gradient":""},"mobile":{"background-color":"","background-image":"","background-repeat":"repeat","background-position":"center center","background-size":"auto","background-attachment":"scroll","background-type":"","background-media":"","overlay-type":"","overlay-color":"","overlay-opacity":"","overlay-gradient":""}},"ast-content-background-meta":{"desktop":{"background-color":"var(--ast-global-color-5)","background-image":"","background-repeat":"repeat","background-position":"center center","background-size":"auto","background-attachment":"scroll","background-type":"","background-media":"","overlay-type":"","overlay-color":"","overlay-opacity":"","overlay-gradient":""},"tablet":{"background-color":"var(--ast-global-color-5)","background-image":"","background-repeat":"repeat","background-position":"center center","background-size":"auto","background-attachment":"scroll","background-type":"","background-media":"","overlay-type":"","overlay-color":"","overlay-opacity":"","overlay-gradient":""},"mobile":{"background-color":"var(--ast-global-color-5)","background-image":"","background-repeat":"repeat","background-position":"center center","background-size":"auto","background-attachment":"scroll","background-type":"","background-media":"","overlay-type":"","overlay-color":"","overlay-opacity":"","overlay-gradient":""}},"footnotes":""},"class_list":["post-148811","page","type-page","status-publish","has-post-thumbnail","hentry"],"_links":{"self":[{"href":"https:\/\/medclinics.com\/de\/wp-json\/wp\/v2\/pages\/148811","targetHints":{"allow":["GET"]}}],"collection":[{"href":"https:\/\/medclinics.com\/de\/wp-json\/wp\/v2\/pages"}],"about":[{"href":"https:\/\/medclinics.com\/de\/wp-json\/wp\/v2\/types\/page"}],"author":[{"embeddable":true,"href":"https:\/\/medclinics.com\/de\/wp-json\/wp\/v2\/users\/4"}],"replies":[{"embeddable":true,"href":"https:\/\/medclinics.com\/de\/wp-json\/wp\/v2\/comments?post=148811"}],"version-history":[{"count":0,"href":"https:\/\/medclinics.com\/de\/wp-json\/wp\/v2\/pages\/148811\/revisions"}],"wp:featuredmedia":[{"embeddable":true,"href":"https:\/\/medclinics.com\/de\/wp-json\/wp\/v2\/media\/121829"}],"wp:attachment":[{"href":"https:\/\/medclinics.com\/de\/wp-json\/wp\/v2\/media?parent=148811"}],"curies":[{"name":"wp","href":"https:\/\/api.w.org\/{rel}","templated":true}]}}