{"id":148799,"date":"2023-05-15T09:01:00","date_gmt":"2023-05-15T06:01:00","guid":{"rendered":"https:\/\/medclinics.com\/stammzelltherapie-bei-schlaganfall-revolutionare-behandlung\/"},"modified":"2025-01-03T01:46:45","modified_gmt":"2025-01-02T22:46:45","slug":"stammzelltherapie-bei-schlaganfall-revolutionare-behandlung","status":"publish","type":"page","link":"https:\/\/medclinics.com\/de\/stammzelltherapie-bei-schlaganfall-revolutionare-behandlung\/","title":{"rendered":"Stammzelltherapie bei Schlaganfall &#8211; Revolution\u00e4re Behandlung"},"content":{"rendered":"\n<h2 class=\"wp-block-heading\">Wenn Sie auf der Suche nach dem grenzenlosen Potenzial der Stammzelltherapie bei Schlaganfall sind, sind Sie hier genau richtig!<\/h2>\n\n<p><br\/>Ein Schlaganfall ist eine Krankheit, die die Arterien, die zum und im Gehirn f\u00fchren, betrifft. Dies kann zu Hirnsch\u00e4den und sogar zum Tod f\u00fchren. Ein Schlaganfall tritt auf, wenn ein Blutgef\u00e4\u00df, das Sauerstoff und N\u00e4hrstoffe zum Gehirn transportiert, verstopft ist, so dass ein Teil des Gehirns nicht mehr mit dem ben\u00f6tigten Blut (und Sauerstoff) versorgt wird und die Gehirnzellen absterben.  <\/p>\n\n<p><strong>Welche Arten von Schlaganfall gibt es?<\/strong><\/p>\n\n<p>Es gibt <strong>zwei Hauptarten<\/strong> von Schlaganf\u00e4llen: <strong>isch\u00e4mische <\/strong>und <strong>h\u00e4morrhagische<\/strong>. Der isch\u00e4mische Schlaganfall ist die h\u00e4ufigste Form. Dies geschieht, wenn ein Blutgerinnsel den Blutfluss zum Gehirn blockiert. H\u00e4morrhagische Schlaganf\u00e4lle sind weniger h\u00e4ufig. Sie entsteht, wenn ein Blutgef\u00e4\u00df im Gehirn platzt.<\/p>\n\n<p><strong>Zu den Symptomen eines Schlaganfalls k\u00f6nnen geh\u00f6ren:<\/strong><\/p>\n\n<ul class=\"wp-block-list\">\n<li>Pl\u00f6tzlicher Verlust des Gleichgewichts.<\/li>\n\n\n\n<li>Pl\u00f6tzlicher Verlust des Sehverm\u00f6gens in einem oder beiden Augen<\/li>\n\n\n\n<li>L\u00e4hmung auf einer Seite<\/li>\n\n\n\n<li>Schwindel<\/li>\n\n\n\n<li>Schluckbeschwerden<\/li>\n\n\n\n<li>Schw\u00e4che oder Unf\u00e4higkeit, beide Arme zu heben<\/li>\n\n\n\n<li>Schwierigkeiten beim Sprechen\/Verstehen<\/li>\n<\/ul>\n\n<p><strong>Wer hat ein Risiko f\u00fcr einen Schlaganfall?<\/strong><\/p>\n\n<p>Jeder kann einen Schlaganfall erleiden, vom Kind bis zum Erwachsenen, aber es gibt einige Menschen, die ein h\u00f6heres Risiko haben als andere.  <\/p>\n\n<p><strong>Hochrisikogruppe:<\/strong><\/p>\n\n<ul class=\"wp-block-list\">\n<li><strong>Alter:<\/strong> Nach dem 55. Lebensjahr steigt das Schlaganfallrisiko deutlich an.<\/li>\n\n\n\n<li><strong>Familiengeschichte:<\/strong> Ein Schlaganfall in der Familie erh\u00f6ht Ihr Risiko erheblich.<\/li>\n\n\n\n<li><strong>Vorheriger Schlaganfall oder TIA:<\/strong> Personen, die bereits einen Schlaganfall oder eine TIA erlitten haben, haben ein viel h\u00f6heres Risiko f\u00fcr einen weiteren.<\/li>\n<\/ul>\n\n<p><strong>Bestimmte medizinische Bedingungen:<\/strong><\/p>\n\n<ul class=\"wp-block-list\">\n<li>Hoher Blutdruck (Hypertonie)<\/li>\n\n\n\n<li>Diabetes<\/li>\n\n\n\n<li>Hoher Cholesterinspiegel<\/li>\n\n\n\n<li>Vorhofflimmern (unregelm\u00e4\u00dfiger Herzschlag)<\/li>\n\n\n\n<li>Schlafapnoe<\/li>\n\n\n\n<li>Karotisstenose (Verengung der Arterien im Halsbereich)<\/li>\n<\/ul>\n\n<p><strong>Andere Risikofaktoren:<\/strong><\/p>\n\n<ul class=\"wp-block-list\">\n<li><strong>Rauchen:<\/strong> Rauchen erh\u00f6ht das Schlaganfallrisiko erheblich.<\/li>\n\n\n\n<li><strong>\u00dcberm\u00e4\u00dfiger Alkoholkonsum:<\/strong> Starker Alkoholkonsum kann das Schlaganfallrisiko erh\u00f6hen.<\/li>\n\n\n\n<li><strong>Fettleibigkeit:<\/strong> \u00dcbergewicht oder Fettleibigkeit erh\u00f6hen das Schlaganfallrisiko.<\/li>\n\n\n\n<li><strong>K\u00f6rperliche Inaktivit\u00e4t:<\/strong> Ein Mangel an regelm\u00e4\u00dfiger Bewegung erh\u00f6ht das Schlaganfallrisiko.<\/li>\n\n\n\n<li><strong>Ungesunde Ern\u00e4hrung:<\/strong> Eine Ern\u00e4hrung mit einem hohen Anteil an ungesunden Fetten, Natrium und Zucker kann das Schlaganfallrisiko erh\u00f6hen.<\/li>\n\n\n\n<li><strong>Bestimmte Ethnien:<\/strong> Afroamerikaner und Hispanoamerikaner haben ein h\u00f6heres Schlaganfallrisiko als Kaukasier.<\/li>\n\n\n\n<li><strong>Geschlecht:<\/strong> M\u00e4nner sind etwas h\u00e4ufiger von Schlaganf\u00e4llen betroffen als Frauen.<\/li>\n\n\n\n<li><strong>Hormone<\/strong>: Die Einnahme von Antibabypillen oder Hormontherapien, die \u00d6strogen enthalten, kann das Risiko erh\u00f6hen.<\/li>\n<\/ul>\n\n<p><strong>Wie h\u00e4ufig ist ein Schlaganfall?<\/strong><\/p>\n\n<p>Weltweit steht der Schlaganfall an zweiter Stelle der h\u00e4ufigsten Todesursachen. In den Vereinigten Staaten ist der Schlaganfall die f\u00fcnfth\u00e4ufigste Todesursache.  <\/p>\n\n<p><strong>Wie wird ein Schlaganfall diagnostiziert?<\/strong><\/p>\n\n<p>Die \u00c4rzte beurteilen die Symptome, f\u00fchren Tests wie CT- oder MRT-Untersuchungen durch und messen wahrscheinlich Ihren Blutdruck und \u00fcberpr\u00fcfen Ihren Diabetes- und Cholesterinspiegel.<\/p>\n\n<p>Die <a href=\"https:\/\/www.stemcelltherapy.gen.tr\" target=\"_blank\" rel=\"noopener\">Stammzelltherapie<\/a> ist ein neuer Ansatz in der Schlaganfallbehandlung. Stammzellen k\u00f6nnen zu jeder Art von Gewebe im K\u00f6rper werden. Und es ist in der Lage, gesch\u00e4digtes Hirngewebe nach einem Schlaganfall zu reparieren.<\/p>\n\n<p>Die f\u00fcr die Schlaganfalltherapie verwendeten Stammzellen werden h\u00e4ufig vom Patienten selbst oder von einem Spender entnommen. Die Stammzellen k\u00f6nnen direkt in das Gehirn injiziert oder \u00fcber eine Vene verabreicht werden.<\/p>\n\n<p>Die Wirksamkeit der Stammzelltherapie bei Schlaganfall wird noch untersucht. Einige Studien haben jedoch ergeben, dass eine Stammzelltherapie die Genesung nach einem Schlaganfall verbessern kann.<\/p>\n\n<p>Wenn Sie einen Schlaganfall erlitten haben oder sich Sorgen \u00fcber Ihr Risiko machen, ist ein Gespr\u00e4ch mit einem Neurologen unerl\u00e4sslich. Sie k\u00f6nnen Sie \u00fcber verschiedene Behandlungsm\u00f6glichkeiten informieren, darunter vielversprechende Ans\u00e4tze wie die Stammzelltherapie, aber auch bew\u00e4hrte und wirksame Therapien.<\/p>\n\n<p>Wir verstehen die Herausforderungen, die ein Schlaganfall mit sich bringt, und unterst\u00fctzen Sie bei jedem Schritt auf Ihrem Weg der Genesung. Z\u00f6gern Sie nicht, sich mit uns in Verbindung zu setzen, um mehr \u00fcber die Behandlungsm\u00f6glichkeiten, die m\u00f6glichen Ergebnisse und alle anderen Fragen zu erfahren.<\/p>\n\n<p><strong>Nehmen Sie noch heute Kontakt mit uns auf und lassen Sie sich von uns auf dem Weg zu mehr Gesundheit begleiten.<\/strong><\/p>\n\n<h3 class=\"wp-block-heading\">Alles, was Sie \u00fcber die <a href=\"https:\/\/medclinics.com\/de\/stem-cell-therapy-2\/\" target=\"_blank\" rel=\"noreferrer noopener\">Stammzelltherapie<\/a> wissen m\u00fcssen, finden Sie hier, <a href=\"#requestform\">kontaktieren Sie uns<\/a> jetzt!<\/h3>\n\n<figure class=\"wp-block-image size-full\"><img fetchpriority=\"high\" decoding=\"async\" width=\"1450\" height=\"967\" src=\"https:\/\/medclinics.com\/wp-content\/uploads\/2023\/12\/stem-cell-therapy-for-stroke.jpg\" alt=\"Stammzelltherapie bei Schlaganfall\" class=\"wp-image-121703\" srcset=\"https:\/\/medclinics.com\/wp-content\/uploads\/2023\/12\/stem-cell-therapy-for-stroke.jpg 1450w, https:\/\/medclinics.com\/wp-content\/uploads\/2023\/12\/stem-cell-therapy-for-stroke-500x333.jpg 500w, https:\/\/medclinics.com\/wp-content\/uploads\/2023\/12\/stem-cell-therapy-for-stroke-1024x683.jpg 1024w, https:\/\/medclinics.com\/wp-content\/uploads\/2023\/12\/stem-cell-therapy-for-stroke-768x512.jpg 768w, https:\/\/medclinics.com\/wp-content\/uploads\/2023\/12\/stem-cell-therapy-for-stroke-24x16.jpg 24w, https:\/\/medclinics.com\/wp-content\/uploads\/2023\/12\/stem-cell-therapy-for-stroke-36x24.jpg 36w, https:\/\/medclinics.com\/wp-content\/uploads\/2023\/12\/stem-cell-therapy-for-stroke-48x32.jpg 48w\" sizes=\"(max-width: 1450px) 100vw, 1450px\" \/><\/figure>\n\n<h2 class=\"wp-block-heading\">FAQ<\/h2>\n<div id=\"rank-math-faq\" class=\"rank-math-block\">\n<div class=\"rank-math-list \">\n<div id=\"faq-question-1703761598775\" class=\"rank-math-list-item\">\n<h3 class=\"rank-math-question \"><strong>Was sind die Symptome eines Schlaganfalls?<\/strong><\/h3>\n<div class=\"rank-math-answer \">\n\n<p>Pl\u00f6tzlicher Verlust des Gleichgewichts, pl\u00f6tzlicher Verlust des Sehverm\u00f6gens auf einem oder beiden Augen, L\u00e4hmung auf einer Seite, Schwindel, Schluckbeschwerden, Schw\u00e4che oder Unf\u00e4higkeit, beide Arme zu heben, Schwierigkeiten beim Sprechen\/Verstehen<\/p>\n\n<\/div>\n<\/div>\n<div id=\"faq-question-1703763322438\" class=\"rank-math-list-item\">\n<h3 class=\"rank-math-question \"><strong>Was sind die Risikofaktoren f\u00fcr einen Schlaganfall?<\/strong> <\/h3>\n<div class=\"rank-math-answer \">\n\n<p>Alter, famili\u00e4re Vorbelastung, Bluthochdruck, Diabetes, hoher Cholesterinspiegel, Rauchen, Fettleibigkeit und Bewegungsmangel sind einige der wichtigsten Faktoren.<\/p>\n\n<\/div>\n<\/div>\n<div id=\"faq-question-1703763335220\" class=\"rank-math-list-item\">\n<h3 class=\"rank-math-question \"><strong>Kann ich einem Schlaganfall vorbeugen?<\/strong><\/h3>\n<div class=\"rank-math-answer \">\n\n<p>Ganz genau! Die Beherrschung der Risikofaktoren durch eine gesunde Lebensweise (gesunde Ern\u00e4hrung, regelm\u00e4\u00dfige Bewegung, Nichtrauchen, Kontrolle des Blutdrucks) ist von entscheidender Bedeutung. Regelm\u00e4\u00dfige Kontrolluntersuchungen sind ebenfalls wichtig.<\/p>\n\n<\/div>\n<\/div>\n<\/div>\n<\/div>\n<h3 class=\"wp-block-heading\">Kontaktieren Sie uns jetzt, falls Sie Fragen haben!<\/h3>\n","protected":false},"excerpt":{"rendered":"<p>Wenn Sie auf der Suche nach dem grenzenlosen Potenzial der Stammzelltherapie bei Schlaganfall sind, sind Sie hier genau richtig! Ein [&hellip;]<\/p>\n","protected":false},"author":4,"featured_media":121722,"parent":0,"menu_order":0,"comment_status":"closed","ping_status":"closed","template":"","meta":{"site-sidebar-layout":"default","site-content-layout":"","ast-site-content-layout":"default","site-content-style":"default","site-sidebar-style":"default","ast-global-header-display":"","ast-banner-title-visibility":"","ast-main-header-display":"","ast-hfb-above-header-display":"","ast-hfb-below-header-display":"","ast-hfb-mobile-header-display":"","site-post-title":"","ast-breadcrumbs-content":"","ast-featured-img":"","footer-sml-layout":"","ast-disable-related-posts":"","theme-transparent-header-meta":"","adv-header-id-meta":"","stick-header-meta":"","header-above-stick-meta":"","header-main-stick-meta":"","header-below-stick-meta":"","astra-migrate-meta-layouts":"default","ast-page-background-enabled":"default","ast-page-background-meta":{"desktop":{"background-color":"var(--ast-global-color-4)","background-image":"","background-repeat":"repeat","background-position":"center center","background-size":"auto","background-attachment":"scroll","background-type":"","background-media":"","overlay-type":"","overlay-color":"","overlay-opacity":"","overlay-gradient":""},"tablet":{"background-color":"","background-image":"","background-repeat":"repeat","background-position":"center center","background-size":"auto","background-attachment":"scroll","background-type":"","background-media":"","overlay-type":"","overlay-color":"","overlay-opacity":"","overlay-gradient":""},"mobile":{"background-color":"","background-image":"","background-repeat":"repeat","background-position":"center center","background-size":"auto","background-attachment":"scroll","background-type":"","background-media":"","overlay-type":"","overlay-color":"","overlay-opacity":"","overlay-gradient":""}},"ast-content-background-meta":{"desktop":{"background-color":"var(--ast-global-color-5)","background-image":"","background-repeat":"repeat","background-position":"center center","background-size":"auto","background-attachment":"scroll","background-type":"","background-media":"","overlay-type":"","overlay-color":"","overlay-opacity":"","overlay-gradient":""},"tablet":{"background-color":"var(--ast-global-color-5)","background-image":"","background-repeat":"repeat","background-position":"center center","background-size":"auto","background-attachment":"scroll","background-type":"","background-media":"","overlay-type":"","overlay-color":"","overlay-opacity":"","overlay-gradient":""},"mobile":{"background-color":"var(--ast-global-color-5)","background-image":"","background-repeat":"repeat","background-position":"center center","background-size":"auto","background-attachment":"scroll","background-type":"","background-media":"","overlay-type":"","overlay-color":"","overlay-opacity":"","overlay-gradient":""}},"footnotes":""},"class_list":["post-148799","page","type-page","status-publish","has-post-thumbnail","hentry"],"_links":{"self":[{"href":"https:\/\/medclinics.com\/de\/wp-json\/wp\/v2\/pages\/148799","targetHints":{"allow":["GET"]}}],"collection":[{"href":"https:\/\/medclinics.com\/de\/wp-json\/wp\/v2\/pages"}],"about":[{"href":"https:\/\/medclinics.com\/de\/wp-json\/wp\/v2\/types\/page"}],"author":[{"embeddable":true,"href":"https:\/\/medclinics.com\/de\/wp-json\/wp\/v2\/users\/4"}],"replies":[{"embeddable":true,"href":"https:\/\/medclinics.com\/de\/wp-json\/wp\/v2\/comments?post=148799"}],"version-history":[{"count":0,"href":"https:\/\/medclinics.com\/de\/wp-json\/wp\/v2\/pages\/148799\/revisions"}],"wp:featuredmedia":[{"embeddable":true,"href":"https:\/\/medclinics.com\/de\/wp-json\/wp\/v2\/media\/121722"}],"wp:attachment":[{"href":"https:\/\/medclinics.com\/de\/wp-json\/wp\/v2\/media?parent=148799"}],"curies":[{"name":"wp","href":"https:\/\/api.w.org\/{rel}","templated":true}]}}