{"id":148759,"date":"2025-02-07T09:01:00","date_gmt":"2025-02-07T06:01:00","guid":{"rendered":"https:\/\/medclinics.com\/stammzelltherapie-bei-diabetes-neue-hoffnung-auf-heilung\/"},"modified":"2025-03-07T16:42:00","modified_gmt":"2025-03-07T13:42:00","slug":"stammzelltherapie-bei-diabetes-neue-hoffnung-auf-heilung","status":"publish","type":"page","link":"https:\/\/medclinics.com\/de\/stammzelltherapie-bei-diabetes-neue-hoffnung-auf-heilung\/","title":{"rendered":"Stammzellenbehandlung f\u00fcr Diabetes in der T\u00fcrkei"},"content":{"rendered":"\n<h2 class=\"wp-block-heading\">Wenn Sie auf der Suche nach den grenzenlosen M\u00f6glichkeiten der Stammzelltherapie bei Diabetes sind, sind Sie hier genau richtig.<\/h2>\n\n<p><br\/>Diabetes ist eine chronische Krankheit, die auftritt, wenn die Bauchspeicheldr\u00fcse nicht gen\u00fcgend Insulin produziert oder der K\u00f6rper das produzierte Insulin nicht effektiv nutzen kann. Insulin ist ein Hormon, das den Blutzuckerspiegel reguliert.<\/p>\n\n<p><strong>Es gibt drei Arten von Diabetes:<\/strong><\/p>\n\n<ul class=\"wp-block-list\">\n<li><strong>Typ 1:<\/strong> Der K\u00f6rper greift sich selbst an und stellt die Insulinproduktion ein. Ben\u00f6tigt t\u00e4glich Insulin (5-10%).<\/li>\n\n\n\n<li><strong>Typ 2:<\/strong> Der K\u00f6rper verwertet das Insulin nicht gut, was zu hohem Blutzucker f\u00fchrt. Wird in der Regel bei Erwachsenen beobachtet (90-95 %). Sie kann durch eine gesunde Lebensweise mit Gewichtsabnahme, gesunder Ern\u00e4hrung und Bewegung verhindert werden.<\/li>\n\n\n\n<li><strong>Schwangerschaftsdiabetes:<\/strong> Entwickelt sich w\u00e4hrend der Schwangerschaft, verschwindet in der Regel nach der Geburt, erh\u00f6ht aber das Risiko eines Typ-2-Diabetes f\u00fcr Mutter und Kind.<\/li>\n<\/ul>\n\n<p>Diabetes ist weltweit ein bedeutendes Gesundheitsproblem mit steigenden Sterblichkeitsraten.<\/p>\n\n<ul class=\"wp-block-list\">\n<li>1,5 Millionen direkt durch Diabetes verursachte Todesf\u00e4lle.<\/li>\n\n\n\n<li>48 % der Diabetes-Todesf\u00e4lle vor dem 70. Lebensjahr.<\/li>\n\n\n\n<li>460.000 Todesf\u00e4lle durch Nierenerkrankungen werden auf Diabetes zur\u00fcckgef\u00fchrt.<\/li>\n\n\n\n<li>20 % der kardiovaskul\u00e4ren Todesf\u00e4lle sind auf erh\u00f6hten Blutzucker zur\u00fcckzuf\u00fchren.<\/li>\n<\/ul>\n\n<p><strong>Die Symptome von Diabetes sind:<\/strong><\/p>\n\n<ul class=\"wp-block-list\">\n<li><strong>M\u00fcdigkeit:<\/strong> Sie f\u00fchlen sich m\u00fcde oder ersch\u00f6pft, auch wenn Sie gut geschlafen haben.<\/li>\n\n\n\n<li><strong>\u00dcberm\u00e4\u00dfiger Durst: <\/strong>Sie f\u00fchlen sich st\u00e4ndig durstig, auch wenn sie viel trinken.<\/li>\n\n\n\n<li>H\u00e4ufiges Wasserlassen: H\u00e4ufigerer Harndrang, vor allem nachts.<\/li>\n\n\n\n<li><strong>Verst\u00e4rkter Hunger<\/strong>: St\u00e4ndiges Hungergef\u00fchl, auch nach einer Mahlzeit.<\/li>\n\n\n\n<li><strong>Verschwommenes Sehen:<\/strong> Sie sehen verschwommen, besonders morgens.<\/li>\n\n\n\n<li><strong>Langsam heilende Wunden<\/strong>: Die Wunden heilen langsamer als gew\u00f6hnlich.<\/li>\n<\/ul>\n\n<p><strong>Wie man Diabetes vorbeugen kann<\/strong>:<\/p>\n\n<ul class=\"wp-block-list\">\n<li><strong>Halten Sie ein gesundes Gewicht.<\/strong>  Wenn Sie \u00fcbergewichtig oder fettleibig sind, kann schon eine kleine Gewichtsabnahme dazu beitragen, Ihr Risiko f\u00fcr Typ-2-Diabetes zu verringern.<\/li>\n\n\n\n<li><strong>Bewegen Sie sich regelm\u00e4\u00dfig.<\/strong>  An den meisten Tagen der Woche sollten Sie mindestens 30 Minuten Sport treiben.<\/li>\n\n\n\n<li><strong>Ern\u00e4hren Sie sich gesund.<\/strong>  W\u00e4hlen Sie viel Obst, Gem\u00fcse und Vollkornprodukte. Beschr\u00e4nken Sie verarbeitete Lebensmittel, zuckerhaltige Getr\u00e4nke und ungesunde Fette.<\/li>\n\n\n\n<li><strong>Rauchen Sie nicht.<\/strong>  Rauchen erh\u00f6ht das Risiko f\u00fcr Typ-2-Diabetes und andere Gesundheitsprobleme.<\/li>\n<\/ul>\n\n<p><strong>Diabetes tritt bei den folgenden Personengruppen h\u00e4ufiger auf:<\/strong><\/p>\n\n<ul class=\"wp-block-list\">\n<li><strong>Familiengeschichte:<\/strong> Wenn es in Ihrer Familie eine Vorgeschichte von Diabetes gibt, ist die Wahrscheinlichkeit gr\u00f6\u00dfer, dass Sie diese Krankheit haben.<\/li>\n\n\n\n<li><strong>Alter:<\/strong> Diabetes tritt h\u00e4ufiger bei \u00e4lteren Erwachsenen auf.<\/li>\n\n\n\n<li><strong>Gewicht:<\/strong> Wenn Sie \u00fcbergewichtig oder fettleibig sind, haben Sie ein h\u00f6heres Risiko, an Diabetes zu erkranken.<\/li>\n\n\n\n<li><strong>Sport treiben:<\/strong> Sportliche Bet\u00e4tigung verringert das Diabetesrisiko.<\/li>\n\n\n\n<li><strong>Ern\u00e4hrung:<\/strong> Wenn Sie viele zuckerhaltige Lebensmittel und Getr\u00e4nke zu sich nehmen, ist die Wahrscheinlichkeit gr\u00f6\u00dfer, dass Sie Diabetes entwickeln.<\/li>\n\n\n\n<li><strong>Ethnische Zugeh\u00f6rigkeit:<\/strong> Angeh\u00f6rige bestimmter ethnischer Gruppen, wie S\u00fcdasiaten, Afrikaner und Hispanoamerikaner, haben ein h\u00f6heres Risiko, an Diabetes zu erkranken.<\/li>\n\n\n\n<li><strong>Die Schwangerschaft:<\/strong> Die Entwicklung eines Schwangerschaftsdiabetes w\u00e4hrend der Schwangerschaft kann das Risiko erh\u00f6hen, sp\u00e4ter im Leben an Diabetes zu erkranken.<\/li>\n<\/ul>\n\n<p>F\u00fcr viele Menschen ist der Umgang mit Diabetes eine t\u00e4gliche Herausforderung. Es gibt keine Heilung, und die derzeitigen Behandlungen k\u00f6nnen teuer und unangenehm sein. Doch es gibt Hoffnung: die <a href=\"https:\/\/www.stemcelltherapy.gen.tr\" target=\"_blank\" rel=\"noopener\">Stammzelltherapie<\/a> bei Diabetes.<\/p>\n\n<p>Stammzellen sind spezielle Zellen, die sich zu verschiedenen Zelltypen entwickeln k\u00f6nnen, darunter auch insulinproduzierende Betazellen. Die Betazellen sind f\u00fcr die Regulierung des Blutzuckerspiegels unerl\u00e4sslich. Mit Hilfe der Stammzelltherapie bei Diabetes k\u00f6nnen also insulinproduzierende Zellen hergestellt werden.<\/p>\n\n<p><strong>Wir sind hier, um Sie auf dieser<\/strong> Reise mit der Stammzelltherapie bei Diabetes zu unterst\u00fctzen.<\/p>\n\n<p>Gemeinsam k\u00f6nnen wir Diabetes bek\u00e4mpfen und die Geschichte dieser Krankheit neu schreiben. Mit der Stammzellentherapie f\u00fcr Diabetes r\u00fcckt eine Zukunft in greifbare N\u00e4he, in der Diabetes ein kontrollierbarer Zustand und keine lebensbedrohliche Krankheit ist.<\/p>\n\n<h3 class=\"wp-block-heading\">Alles, was Sie \u00fcber die <a href=\"https:\/\/medclinics.com\/de\/stem-cell-therapy-2\/\" target=\"_blank\" rel=\"noreferrer noopener\">Stammzelltherapie<\/a> wissen m\u00fcssen, finden Sie hier, <a href=\"#requestform\">kontaktieren Sie uns<\/a> jetzt!<\/h3>\n\n<figure class=\"wp-block-image size-full\"><img fetchpriority=\"high\" decoding=\"async\" width=\"1450\" height=\"967\" src=\"https:\/\/medclinics.com\/wp-content\/uploads\/2023\/12\/stem-cell-therapy-for-diabetes-1.jpg\" alt=\"Stammzelltherapie bei Diabetes\" class=\"wp-image-120698\" srcset=\"https:\/\/medclinics.com\/wp-content\/uploads\/2023\/12\/stem-cell-therapy-for-diabetes-1.jpg 1450w, https:\/\/medclinics.com\/wp-content\/uploads\/2023\/12\/stem-cell-therapy-for-diabetes-1-500x333.jpg 500w, https:\/\/medclinics.com\/wp-content\/uploads\/2023\/12\/stem-cell-therapy-for-diabetes-1-1024x683.jpg 1024w, https:\/\/medclinics.com\/wp-content\/uploads\/2023\/12\/stem-cell-therapy-for-diabetes-1-768x512.jpg 768w, https:\/\/medclinics.com\/wp-content\/uploads\/2023\/12\/stem-cell-therapy-for-diabetes-1-24x16.jpg 24w, https:\/\/medclinics.com\/wp-content\/uploads\/2023\/12\/stem-cell-therapy-for-diabetes-1-36x24.jpg 36w, https:\/\/medclinics.com\/wp-content\/uploads\/2023\/12\/stem-cell-therapy-for-diabetes-1-48x32.jpg 48w\" sizes=\"(max-width: 1450px) 100vw, 1450px\" \/><\/figure>\n\n<h2 class=\"wp-block-heading\">FAQ<\/h2>\n<div id=\"rank-math-faq\" class=\"rank-math-block\">\n<div class=\"rank-math-list \">\n<div id=\"faq-question-1703751857227\" class=\"rank-math-list-item\">\n<h3 class=\"rank-math-question \">Was sind die Symptome von Diabetes?<\/h3>\n<div class=\"rank-math-answer \">\n\n<p>M\u00fcdigkeit, \u00fcberm\u00e4\u00dfiger Durst, h\u00e4ufiges Wasserlassen, erh\u00f6hter Hunger, verschwommenes Sehen, langsam heilende Wunden.<\/p>\n\n<\/div>\n<\/div>\n<div id=\"faq-question-1703752168388\" class=\"rank-math-list-item\">\n<h3 class=\"rank-math-question \">Wie hoch sollte der Blutzuckerspiegel sein?<\/h3>\n<div class=\"rank-math-answer \">\n\n<p>Menschen mit einem N\u00fcchternblutzuckerspiegel von 126 mg\/dL oder mehr und einem Zufallsblutzuckerspiegel von 200 mg\/dL oder mehr k\u00f6nnen an Diabetes leiden. Sie sollten so bald wie m\u00f6glich einen Arzt aufsuchen.<\/p>\n\n<\/div>\n<\/div>\n<\/div>\n<\/div>\n<h3 class=\"wp-block-heading\">Kontaktieren Sie uns jetzt, falls Sie Fragen haben!<\/h3>\n","protected":false},"excerpt":{"rendered":"<p>Wenn Sie auf der Suche nach den grenzenlosen M\u00f6glichkeiten der Stammzelltherapie bei Diabetes sind, sind Sie hier genau richtig. Diabetes [&hellip;]<\/p>\n","protected":false},"author":4,"featured_media":121634,"parent":0,"menu_order":0,"comment_status":"closed","ping_status":"closed","template":"","meta":{"site-sidebar-layout":"default","site-content-layout":"","ast-site-content-layout":"default","site-content-style":"default","site-sidebar-style":"default","ast-global-header-display":"","ast-banner-title-visibility":"","ast-main-header-display":"","ast-hfb-above-header-display":"","ast-hfb-below-header-display":"","ast-hfb-mobile-header-display":"","site-post-title":"","ast-breadcrumbs-content":"","ast-featured-img":"","footer-sml-layout":"","ast-disable-related-posts":"","theme-transparent-header-meta":"","adv-header-id-meta":"","stick-header-meta":"","header-above-stick-meta":"","header-main-stick-meta":"","header-below-stick-meta":"","astra-migrate-meta-layouts":"default","ast-page-background-enabled":"default","ast-page-background-meta":{"desktop":{"background-color":"var(--ast-global-color-4)","background-image":"","background-repeat":"repeat","background-position":"center center","background-size":"auto","background-attachment":"scroll","background-type":"","background-media":"","overlay-type":"","overlay-color":"","overlay-opacity":"","overlay-gradient":""},"tablet":{"background-color":"","background-image":"","background-repeat":"repeat","background-position":"center center","background-size":"auto","background-attachment":"scroll","background-type":"","background-media":"","overlay-type":"","overlay-color":"","overlay-opacity":"","overlay-gradient":""},"mobile":{"background-color":"","background-image":"","background-repeat":"repeat","background-position":"center center","background-size":"auto","background-attachment":"scroll","background-type":"","background-media":"","overlay-type":"","overlay-color":"","overlay-opacity":"","overlay-gradient":""}},"ast-content-background-meta":{"desktop":{"background-color":"var(--ast-global-color-5)","background-image":"","background-repeat":"repeat","background-position":"center center","background-size":"auto","background-attachment":"scroll","background-type":"","background-media":"","overlay-type":"","overlay-color":"","overlay-opacity":"","overlay-gradient":""},"tablet":{"background-color":"var(--ast-global-color-5)","background-image":"","background-repeat":"repeat","background-position":"center center","background-size":"auto","background-attachment":"scroll","background-type":"","background-media":"","overlay-type":"","overlay-color":"","overlay-opacity":"","overlay-gradient":""},"mobile":{"background-color":"var(--ast-global-color-5)","background-image":"","background-repeat":"repeat","background-position":"center center","background-size":"auto","background-attachment":"scroll","background-type":"","background-media":"","overlay-type":"","overlay-color":"","overlay-opacity":"","overlay-gradient":""}},"footnotes":""},"class_list":["post-148759","page","type-page","status-publish","has-post-thumbnail","hentry"],"_links":{"self":[{"href":"https:\/\/medclinics.com\/de\/wp-json\/wp\/v2\/pages\/148759","targetHints":{"allow":["GET"]}}],"collection":[{"href":"https:\/\/medclinics.com\/de\/wp-json\/wp\/v2\/pages"}],"about":[{"href":"https:\/\/medclinics.com\/de\/wp-json\/wp\/v2\/types\/page"}],"author":[{"embeddable":true,"href":"https:\/\/medclinics.com\/de\/wp-json\/wp\/v2\/users\/4"}],"replies":[{"embeddable":true,"href":"https:\/\/medclinics.com\/de\/wp-json\/wp\/v2\/comments?post=148759"}],"version-history":[{"count":0,"href":"https:\/\/medclinics.com\/de\/wp-json\/wp\/v2\/pages\/148759\/revisions"}],"wp:featuredmedia":[{"embeddable":true,"href":"https:\/\/medclinics.com\/de\/wp-json\/wp\/v2\/media\/121634"}],"wp:attachment":[{"href":"https:\/\/medclinics.com\/de\/wp-json\/wp\/v2\/media?parent=148759"}],"curies":[{"name":"wp","href":"https:\/\/api.w.org\/{rel}","templated":true}]}}