{"id":148745,"date":"2025-02-07T10:32:00","date_gmt":"2025-02-07T07:32:00","guid":{"rendered":"https:\/\/medclinics.com\/stammzelltherapie-bei-copd-spektakulare-methode\/"},"modified":"2025-01-03T01:36:41","modified_gmt":"2025-01-02T22:36:41","slug":"stammzelltherapie-bei-copd-spektakulare-methode","status":"publish","type":"page","link":"https:\/\/medclinics.com\/de\/stammzelltherapie-bei-copd-spektakulare-methode\/","title":{"rendered":"Stammzelltherapie bei COPD &#8211; Spektakul\u00e4re Methode"},"content":{"rendered":"\n<h2 class=\"wp-block-heading\">Wenn Sie auf der Suche nach den grenzenlosen M\u00f6glichkeiten der Stammzelltherapie bei COPD sind, sind Sie hier genau richtig.<\/h2>\n\n<p><br\/>Arthritis ist eine h\u00e4ufige und dauerhafte Gelenkerkrankung, von der weltweit Millionen von Menschen betroffen sind. <strong>COPD ist eine Lungenerkrankung, die das Atmen erschwert.<\/strong>  Sie wird durch eine Sch\u00e4digung der Atemwege und Lufts\u00e4cke in der Lunge verursacht.<\/p>\n\n<p><strong>Es gibt zwei Haupttypen von COPD:<\/strong><\/p>\n\n<ul class=\"wp-block-list\">\n<li><strong>Emphysem<\/strong>: Dabei handelt es sich um eine Krankheit, bei der die Lungenbl\u00e4schen ihre Elastizit\u00e4t verlieren. Dies erschwert den Austausch von Sauerstoff und Kohlendioxid in der Lunge und kann zu Kurzatmigkeit f\u00fchren.<\/li>\n\n\n\n<li><strong>Chronische Bronchitis: <\/strong>Die R\u00f6hren, die die Luft ein- und ausstr\u00f6men lassen, entz\u00fcnden sich und werden mit Schleim verstopft.<\/li>\n<\/ul>\n\n<p><strong>Dies erschwert das Atmen, was oft schon im mittleren Alter beginnt und sich mit der Zeit verschlimmert, wenn Sie rauchen.<\/strong>  Gl\u00fccklicherweise kann die Krankheit zwar nicht geheilt werden, aber eine Behandlung kann helfen, die Situation unter Kontrolle zu halten.<\/p>\n\n<p><strong>Wie h\u00e4ufig ist COPD?<\/strong><\/p>\n\n<p>COPD ist eine h\u00e4ufige Erkrankung, von der etwa <strong>15-20 % der Erwachsenen<\/strong> \u00fcber 40 Jahre betroffen sind.<\/p>\n\n<p><strong>Laut der Global Burden of Disease Study ist die COPD f\u00fcr 2,9 Millionen Todesf\u00e4lle pro Jahr verantwortlich.<\/strong>  COPD ist heute die dritth\u00e4ufigste Todesursache weltweit und macht 5,5 % aller Todesf\u00e4lle aus.<\/p>\n\n<p><strong>Welche Faktoren verursachen die Krankheit?<\/strong><\/p>\n\n<ul class=\"wp-block-list\">\n<li><strong>Rauchen<\/strong>: Berichten zufolge ist Rauchen f\u00fcr 80-90 % der Entwicklung von COPD verantwortlich, das Risiko, an COPD zu erkranken, ist 9,7-30 Mal h\u00f6her als bei Nichtrauchern, und Rauchen ist f\u00fcr 85 % der Todesf\u00e4lle durch COPD bei M\u00e4nnern und 69 % bei Frauen verantwortlich.<\/li>\n\n\n\n<li><strong>Passivrauchen:<\/strong> Es ist bekannt, dass die Exposition gegen\u00fcber Zigarettenrauch f\u00fcr mehr als 40 Stunden pro Woche und f\u00fcr mehr als 5 Jahre das Risiko, an COPD zu erkranken, um 50% erh\u00f6ht.<\/li>\n\n\n\n<li><strong>Exposition gegen\u00fcber Staub, Rauch und verschiedenen Gasen bei der Arbeit<\/strong><\/li>\n\n\n\n<li><strong>Luftverschmutzung in Innenr\u00e4umen<\/strong><\/li>\n\n\n\n<li><strong>Luftverschmutzung<\/strong><\/li>\n\n\n\n<li><strong>Geschlecht<\/strong>: Die Krankheit tritt bei M\u00e4nnern h\u00e4ufiger auf als bei Frauen.<\/li>\n<\/ul>\n\n<p><strong>Die Symptome der COPD sind:<\/strong><\/p>\n\n<ul class=\"wp-block-list\">\n<li>Kurzatmigkeit<\/li>\n\n\n\n<li>Husten<\/li>\n\n\n\n<li>Expectorating<\/li>\n<\/ul>\n\n<p>Diese speziellen Zellen haben das Potenzial, gesch\u00e4digte Lungen wieder aufzubauen, und bieten einen vielversprechenden neuen Ansatz zur Bek\u00e4mpfung von COPD. Die Stammzellentherapie bei COPD kann Lungengewebe regenerieren und m\u00f6glicherweise Lungenbl\u00e4schen und Atemwege reparieren, was die Atmung erleichtert und die Lebensqualit\u00e4t verbessert.<\/p>\n\n<p><strong>Sie sind nicht allein mit den Herausforderungen der COPD.<\/strong><\/p>\n\n<p><strong>Wir sind hier, um Sie auf dieser<\/strong> <strong>Reise mit der Stammzelltherapie f\u00fcr COPD zu unterst\u00fctzen.<\/strong><\/p>\n\n<p><strong>\n  <strong>Bek\u00e4mpfen wir gemeinsam COPD<\/strong>\n<\/strong>. Lassen Sie uns das Potenzial der Stammzelltherapie erschlie\u00dfen und die Geschichte der COPD mit der Stammzelltherapie f\u00fcr COPD neu schreiben. Es ist an der Zeit, Ihre Lungenfunktion wiederzuerlangen und eine Zukunft voller tieferer Atemz\u00fcge und neuer M\u00f6glichkeiten anzustreben.<\/p>\n\n<h3 class=\"wp-block-heading\">Alles, was Sie \u00fcber die <a href=\"https:\/\/medclinics.com\/de\/stem-cell-therapy-2\/\" target=\"_blank\" rel=\"noreferrer noopener\">Stammzelltherapie<\/a> wissen m\u00fcssen, finden Sie hier, <a href=\"#requestform\">kontaktieren Sie uns<\/a> jetzt!<\/h3>\n\n<figure class=\"wp-block-image size-full\"><img fetchpriority=\"high\" decoding=\"async\" width=\"1450\" height=\"967\" src=\"https:\/\/medclinics.com\/wp-content\/uploads\/2023\/12\/stem-cell-therapy-for-copd.jpg\" alt=\"Stammzelltherapie f&#xFC;r Copd\" class=\"wp-image-120625\" srcset=\"https:\/\/medclinics.com\/wp-content\/uploads\/2023\/12\/stem-cell-therapy-for-copd.jpg 1450w, https:\/\/medclinics.com\/wp-content\/uploads\/2023\/12\/stem-cell-therapy-for-copd-500x333.jpg 500w, https:\/\/medclinics.com\/wp-content\/uploads\/2023\/12\/stem-cell-therapy-for-copd-1024x683.jpg 1024w, https:\/\/medclinics.com\/wp-content\/uploads\/2023\/12\/stem-cell-therapy-for-copd-768x512.jpg 768w, https:\/\/medclinics.com\/wp-content\/uploads\/2023\/12\/stem-cell-therapy-for-copd-24x16.jpg 24w, https:\/\/medclinics.com\/wp-content\/uploads\/2023\/12\/stem-cell-therapy-for-copd-36x24.jpg 36w, https:\/\/medclinics.com\/wp-content\/uploads\/2023\/12\/stem-cell-therapy-for-copd-48x32.jpg 48w\" sizes=\"(max-width: 1450px) 100vw, 1450px\" \/><\/figure>\n\n<h2 class=\"wp-block-heading\">FAQ<\/h2>\n<div id=\"rank-math-faq\" class=\"rank-math-block\">\n<div class=\"rank-math-list \">\n<div id=\"faq-question-1703500283273\" class=\"rank-math-list-item\">\n<h3 class=\"rank-math-question \">Wie erkennt man den Beginn einer COPD?<\/h3>\n<div class=\"rank-math-answer \">\n\n<p><strong>Leichter Husten mit wenig Schleim kann ein fr\u00fches Anzeichen f\u00fcr COPD sein.<\/strong> Der wichtigste Grund f\u00fcr eine verz\u00f6gerte Diagnose von COPD ist, dass Raucher Husten und Schleim als normal akzeptieren.<br \/><strong>Wenn Sie rauchen und \u00fcber Husten und Schleim klagen, sollten Sie unbedingt einen Lungenfacharzt aufsuchen.<\/strong><\/p>\n\n<\/div>\n<\/div>\n<div id=\"faq-question-1703500306543\" class=\"rank-math-list-item\">\n<h3 class=\"rank-math-question \">K\u00f6nnen sich COPD-Patienten erholen?<\/h3>\n<div class=\"rank-math-answer \">\n\n<p>Die fr\u00fchzeitige Diagnose von COPD, die Aufgabe des Rauchens und die regelm\u00e4\u00dfige Einnahme von Medikamenten k\u00f6nnen das Fortschreiten der Krankheit verhindern. Unabh\u00e4ngig vom Stadium der COPD wird der Krankheitsverlauf positiv beeinflusst, wenn der Patient das Rauchen aufgibt<strong>.<\/strong><\/p>\n\n<\/div>\n<\/div>\n<\/div>\n<\/div>\n<h3 class=\"wp-block-heading\">Kontaktieren Sie uns jetzt, falls Sie Fragen haben!<\/h3>\n","protected":false},"excerpt":{"rendered":"<p>Wenn Sie auf der Suche nach den grenzenlosen M\u00f6glichkeiten der Stammzelltherapie bei COPD sind, sind Sie hier genau richtig. Arthritis [&hellip;]<\/p>\n","protected":false},"author":4,"featured_media":120639,"parent":0,"menu_order":0,"comment_status":"closed","ping_status":"closed","template":"","meta":{"site-sidebar-layout":"default","site-content-layout":"","ast-site-content-layout":"default","site-content-style":"default","site-sidebar-style":"default","ast-global-header-display":"","ast-banner-title-visibility":"","ast-main-header-display":"","ast-hfb-above-header-display":"","ast-hfb-below-header-display":"","ast-hfb-mobile-header-display":"","site-post-title":"","ast-breadcrumbs-content":"","ast-featured-img":"","footer-sml-layout":"","ast-disable-related-posts":"","theme-transparent-header-meta":"","adv-header-id-meta":"","stick-header-meta":"","header-above-stick-meta":"","header-main-stick-meta":"","header-below-stick-meta":"","astra-migrate-meta-layouts":"default","ast-page-background-enabled":"default","ast-page-background-meta":{"desktop":{"background-color":"var(--ast-global-color-4)","background-image":"","background-repeat":"repeat","background-position":"center center","background-size":"auto","background-attachment":"scroll","background-type":"","background-media":"","overlay-type":"","overlay-color":"","overlay-opacity":"","overlay-gradient":""},"tablet":{"background-color":"","background-image":"","background-repeat":"repeat","background-position":"center center","background-size":"auto","background-attachment":"scroll","background-type":"","background-media":"","overlay-type":"","overlay-color":"","overlay-opacity":"","overlay-gradient":""},"mobile":{"background-color":"","background-image":"","background-repeat":"repeat","background-position":"center center","background-size":"auto","background-attachment":"scroll","background-type":"","background-media":"","overlay-type":"","overlay-color":"","overlay-opacity":"","overlay-gradient":""}},"ast-content-background-meta":{"desktop":{"background-color":"var(--ast-global-color-5)","background-image":"","background-repeat":"repeat","background-position":"center center","background-size":"auto","background-attachment":"scroll","background-type":"","background-media":"","overlay-type":"","overlay-color":"","overlay-opacity":"","overlay-gradient":""},"tablet":{"background-color":"var(--ast-global-color-5)","background-image":"","background-repeat":"repeat","background-position":"center center","background-size":"auto","background-attachment":"scroll","background-type":"","background-media":"","overlay-type":"","overlay-color":"","overlay-opacity":"","overlay-gradient":""},"mobile":{"background-color":"var(--ast-global-color-5)","background-image":"","background-repeat":"repeat","background-position":"center center","background-size":"auto","background-attachment":"scroll","background-type":"","background-media":"","overlay-type":"","overlay-color":"","overlay-opacity":"","overlay-gradient":""}},"footnotes":""},"class_list":["post-148745","page","type-page","status-publish","has-post-thumbnail","hentry"],"_links":{"self":[{"href":"https:\/\/medclinics.com\/de\/wp-json\/wp\/v2\/pages\/148745","targetHints":{"allow":["GET"]}}],"collection":[{"href":"https:\/\/medclinics.com\/de\/wp-json\/wp\/v2\/pages"}],"about":[{"href":"https:\/\/medclinics.com\/de\/wp-json\/wp\/v2\/types\/page"}],"author":[{"embeddable":true,"href":"https:\/\/medclinics.com\/de\/wp-json\/wp\/v2\/users\/4"}],"replies":[{"embeddable":true,"href":"https:\/\/medclinics.com\/de\/wp-json\/wp\/v2\/comments?post=148745"}],"version-history":[{"count":0,"href":"https:\/\/medclinics.com\/de\/wp-json\/wp\/v2\/pages\/148745\/revisions"}],"wp:featuredmedia":[{"embeddable":true,"href":"https:\/\/medclinics.com\/de\/wp-json\/wp\/v2\/media\/120639"}],"wp:attachment":[{"href":"https:\/\/medclinics.com\/de\/wp-json\/wp\/v2\/media?parent=148745"}],"curies":[{"name":"wp","href":"https:\/\/api.w.org\/{rel}","templated":true}]}}