{"id":148731,"date":"2023-05-21T08:53:00","date_gmt":"2023-05-21T05:53:00","guid":{"rendered":"https:\/\/medclinics.com\/stammzelltherapie-bei-als-lebensverandernde-behandlung\/"},"modified":"2025-01-03T01:36:29","modified_gmt":"2025-01-02T22:36:29","slug":"stammzelltherapie-bei-als-lebensverandernde-behandlung","status":"publish","type":"page","link":"https:\/\/medclinics.com\/de\/stammzelltherapie-bei-als-lebensverandernde-behandlung\/","title":{"rendered":"Stammzelltherapie bei ALS &#8211; Lebensver\u00e4ndernde Behandlung"},"content":{"rendered":"\n<h2 class=\"wp-block-heading\">Wenn Sie auf der Suche nach den grenzenlosen M\u00f6glichkeiten der Stammzelltherapie bei ALS sind, sind Sie hier genau richtig.<\/h2>\n\n<p><strong><br\/>ALS (<strong>Amyotrophe Lateralsklerose<\/strong>)<\/strong> ist eine fortschreitende neurodegenerative Krankheit, die das zentrale Nervensystem betrifft. Sie tritt auf, wenn Nervenzellen im Gehirn und im R\u00fcckenmark, die f\u00fcr die Muskelbewegungen verantwortlich sind, gesch\u00e4digt werden.<\/p>\n\n<p><strong>Was sind die Symptome von ALS?<\/strong><\/p>\n\n<ul class=\"wp-block-list\">\n<li>Schw\u00e4che in den Armen, Beinen oder im Gesicht<\/li>\n\n\n\n<li>Steifheit der Muskeln<\/li>\n\n\n\n<li>Ersch\u00fctterungen<\/li>\n\n\n\n<li>Schwierigkeiten beim Sprechen oder Schlucken<\/li>\n\n\n\n<li>Schwierigkeiten beim Atmen<\/li>\n<\/ul>\n\n<p><strong>Wer hat ein Risiko f\u00fcr ALS?<\/strong><\/p>\n\n<ul class=\"wp-block-list\">\n<li><strong>Alter:<\/strong> Das Risiko, an ALS zu erkranken, steigt mit zunehmendem Alter stetig an und erreicht seinen H\u00f6hepunkt zwischen 60 und Mitte 80.<\/li>\n\n\n\n<li><strong>Geschlecht:<\/strong> M\u00e4nner haben ein etwas h\u00f6heres Risiko, an ALS zu erkranken als Frauen.<\/li>\n\n\n\n<li><strong>Familiengeschichte:<\/strong> Wenn ein enges Familienmitglied an ALS erkrankt ist, erh\u00f6ht sich Ihr Risiko.<\/li>\n<\/ul>\n\n<p><strong><br\/>Wie wird ALS diagnostiziert?<\/strong><\/p>\n\n<ul class=\"wp-block-list\">\n<li>Elektromyographie (EMG)<\/li>\n\n\n\n<li>Nervenleitf\u00e4higkeitsstudien<\/li>\n\n\n\n<li>Magnetresonanztomographie (MRI)<\/li>\n\n\n\n<li>Blut- und Urintests<\/li>\n\n\n\n<li>Lumbalpunktion (LP)<\/li>\n\n\n\n<li>Muskelbiopsie<\/li>\n<\/ul>\n\n<p>Derzeit gibt es keine Heilung f\u00fcr ALS, aber die <a href=\"https:\/\/www.stemcelltherapy.gen.tr\" data-type=\"link\" data-id=\"https:\/\/www.stemcelltherapy.gen.tr\" target=\"_blank\" rel=\"noopener\">Stammzelltherapie<\/a> f\u00fcr ALS entwickelt sich zu einer vielversprechenden potenziellen Behandlungsoption. Stammzellen sind einzigartige Zellen, die sich zu verschiedenen Zelltypen entwickeln k\u00f6nnen, darunter auch Motoneuronen. Die Hoffnung ist, dass eine Stammzelltherapie bei ALS dazu beitragen k\u00f6nnte, gesch\u00e4digte Motoneuronen im Gehirn und R\u00fcckenmark zu regenerieren, wodurch das Fortschreiten der ALS verlangsamt und die Symptome verbessert werden k\u00f6nnten.<\/p>\n\n<p>Wenn Sie mit den Herausforderungen der ALS konfrontiert sind, sind Sie nicht allein. Zwar gibt es noch keine Heilung, aber spannende Fortschritte wie die Stammzelltherapie f\u00fcr ALS bieten einen Hoffnungsschimmer.<\/p>\n\n<p><strong>Wir sind hier, um zu helfen:<\/strong><\/p>\n\n<p>Wenden Sie sich an uns, wenn Sie Informationen \u00fcber den Behandlungsprozess, Sicherheitsaspekte und laufende klinische Studien ben\u00f6tigen. Gemeinsam k\u00f6nnen wir diesen Weg beschreiten und die Hoffnung erkunden, die die Stammzelltherapie bietet.<\/p>\n\n<p><strong>Lassen Sie uns gemeinsam die Kraft der Stammzellen erschlie\u00dfen und die Geschichte der Arthritis neu schreiben. Lassen wir den Schmerz hinter uns und freuen wir uns auf die Zukunft. Wir k\u00f6nnen gemeinsam gegen ALS k\u00e4mpfen. Die Stammzelltherapie gibt uns Hoffnung auf eine Zukunft, in der wir wieder beweglich und stark werden. Lassen Sie uns die Herausforderungen der ALS \u00fcberwinden und eine Geschichte voller neuer M\u00f6glichkeiten erleben.<\/strong><\/p>\n\n<h3 class=\"wp-block-heading\">Alles, was Sie \u00fcber die <a href=\"https:\/\/medclinics.com\/de\/stem-cell-therapy-2\/\" target=\"_blank\" rel=\"noreferrer noopener\">Stammzelltherapie<\/a> wissen m\u00fcssen, finden Sie hier, <a href=\"#requestform\">kontaktieren Sie uns<\/a> jetzt!<\/h3>\n\n<figure class=\"wp-block-image size-full\"><img fetchpriority=\"high\" decoding=\"async\" width=\"1450\" height=\"967\" src=\"https:\/\/medclinics.com\/wp-content\/uploads\/2023\/12\/stem-cell-therapy-for-als.jpg\" alt=\"stammzelltherapie f&#xFC;r als\" class=\"wp-image-120580\" srcset=\"https:\/\/medclinics.com\/wp-content\/uploads\/2023\/12\/stem-cell-therapy-for-als.jpg 1450w, https:\/\/medclinics.com\/wp-content\/uploads\/2023\/12\/stem-cell-therapy-for-als-500x333.jpg 500w, https:\/\/medclinics.com\/wp-content\/uploads\/2023\/12\/stem-cell-therapy-for-als-1024x683.jpg 1024w, https:\/\/medclinics.com\/wp-content\/uploads\/2023\/12\/stem-cell-therapy-for-als-768x512.jpg 768w, https:\/\/medclinics.com\/wp-content\/uploads\/2023\/12\/stem-cell-therapy-for-als-24x16.jpg 24w, https:\/\/medclinics.com\/wp-content\/uploads\/2023\/12\/stem-cell-therapy-for-als-36x24.jpg 36w, https:\/\/medclinics.com\/wp-content\/uploads\/2023\/12\/stem-cell-therapy-for-als-48x32.jpg 48w\" sizes=\"(max-width: 1450px) 100vw, 1450px\" \/><\/figure>\n\n<h3 class=\"wp-block-heading\">Kontaktieren Sie uns jetzt, falls Sie Fragen haben!<\/h3>\n","protected":false},"excerpt":{"rendered":"<p>Wenn Sie auf der Suche nach den grenzenlosen M\u00f6glichkeiten der Stammzelltherapie bei ALS sind, sind Sie hier genau richtig. ALS [&hellip;]<\/p>\n","protected":false},"author":4,"featured_media":120587,"parent":0,"menu_order":0,"comment_status":"closed","ping_status":"closed","template":"","meta":{"site-sidebar-layout":"default","site-content-layout":"","ast-site-content-layout":"default","site-content-style":"default","site-sidebar-style":"default","ast-global-header-display":"","ast-banner-title-visibility":"","ast-main-header-display":"","ast-hfb-above-header-display":"","ast-hfb-below-header-display":"","ast-hfb-mobile-header-display":"","site-post-title":"","ast-breadcrumbs-content":"","ast-featured-img":"","footer-sml-layout":"","ast-disable-related-posts":"","theme-transparent-header-meta":"","adv-header-id-meta":"","stick-header-meta":"","header-above-stick-meta":"","header-main-stick-meta":"","header-below-stick-meta":"","astra-migrate-meta-layouts":"default","ast-page-background-enabled":"default","ast-page-background-meta":{"desktop":{"background-color":"var(--ast-global-color-4)","background-image":"","background-repeat":"repeat","background-position":"center center","background-size":"auto","background-attachment":"scroll","background-type":"","background-media":"","overlay-type":"","overlay-color":"","overlay-opacity":"","overlay-gradient":""},"tablet":{"background-color":"","background-image":"","background-repeat":"repeat","background-position":"center center","background-size":"auto","background-attachment":"scroll","background-type":"","background-media":"","overlay-type":"","overlay-color":"","overlay-opacity":"","overlay-gradient":""},"mobile":{"background-color":"","background-image":"","background-repeat":"repeat","background-position":"center center","background-size":"auto","background-attachment":"scroll","background-type":"","background-media":"","overlay-type":"","overlay-color":"","overlay-opacity":"","overlay-gradient":""}},"ast-content-background-meta":{"desktop":{"background-color":"var(--ast-global-color-5)","background-image":"","background-repeat":"repeat","background-position":"center center","background-size":"auto","background-attachment":"scroll","background-type":"","background-media":"","overlay-type":"","overlay-color":"","overlay-opacity":"","overlay-gradient":""},"tablet":{"background-color":"var(--ast-global-color-5)","background-image":"","background-repeat":"repeat","background-position":"center center","background-size":"auto","background-attachment":"scroll","background-type":"","background-media":"","overlay-type":"","overlay-color":"","overlay-opacity":"","overlay-gradient":""},"mobile":{"background-color":"var(--ast-global-color-5)","background-image":"","background-repeat":"repeat","background-position":"center center","background-size":"auto","background-attachment":"scroll","background-type":"","background-media":"","overlay-type":"","overlay-color":"","overlay-opacity":"","overlay-gradient":""}},"footnotes":""},"class_list":["post-148731","page","type-page","status-publish","has-post-thumbnail","hentry"],"_links":{"self":[{"href":"https:\/\/medclinics.com\/de\/wp-json\/wp\/v2\/pages\/148731","targetHints":{"allow":["GET"]}}],"collection":[{"href":"https:\/\/medclinics.com\/de\/wp-json\/wp\/v2\/pages"}],"about":[{"href":"https:\/\/medclinics.com\/de\/wp-json\/wp\/v2\/types\/page"}],"author":[{"embeddable":true,"href":"https:\/\/medclinics.com\/de\/wp-json\/wp\/v2\/users\/4"}],"replies":[{"embeddable":true,"href":"https:\/\/medclinics.com\/de\/wp-json\/wp\/v2\/comments?post=148731"}],"version-history":[{"count":0,"href":"https:\/\/medclinics.com\/de\/wp-json\/wp\/v2\/pages\/148731\/revisions"}],"wp:featuredmedia":[{"embeddable":true,"href":"https:\/\/medclinics.com\/de\/wp-json\/wp\/v2\/media\/120587"}],"wp:attachment":[{"href":"https:\/\/medclinics.com\/de\/wp-json\/wp\/v2\/media?parent=148731"}],"curies":[{"name":"wp","href":"https:\/\/api.w.org\/{rel}","templated":true}]}}