{"id":148721,"date":"2023-05-20T07:06:00","date_gmt":"2023-05-20T04:06:00","guid":{"rendered":"https:\/\/medclinics.com\/stammzelltherapie-bei-parkinson-revolutionare-erfolge\/"},"modified":"2025-01-03T01:46:45","modified_gmt":"2025-01-02T22:46:45","slug":"stammzelltherapie-bei-parkinson-revolutionare-erfolge","status":"publish","type":"page","link":"https:\/\/medclinics.com\/de\/stammzelltherapie-bei-parkinson-revolutionare-erfolge\/","title":{"rendered":"Stammzelltherapie bei Parkinson &#8211; Revolution\u00e4re Erfolge"},"content":{"rendered":"\n<p>\u00a0<\/p>\n\n<h2 class=\"wp-block-heading\">Wenn Sie auf der Suche nach dem unendlichen Potenzial der Stammzelltherapie f\u00fcr die Behandlung der Parkinson-Krankheit sind, sind Sie hier genau richtig!<\/h2>\n\n<p><br\/>Parkinson ist eine neurodegenerative Erkrankung, die Bewegung, Koordination und Gleichgewicht beeintr\u00e4chtigt. Sie wird durch das Absterben von Dopamin produzierenden Zellen im Gehirn verursacht. Dopamin ist ein Neurotransmitter, der zur Steuerung von Bewegungen beitr\u00e4gt.<\/p>\n\n<p><strong>Zu den Symptomen der Parkinson-Krankheit k\u00f6nnen geh\u00f6ren:<\/strong><\/p>\n\n<ul class=\"wp-block-list\">\n<li>Verlangsamte Bewegung<\/li>\n\n\n\n<li>Muskelsteifheit<\/li>\n\n\n\n<li>Beeintr\u00e4chtigte K\u00f6rperhaltung und Gleichgewicht<\/li>\n\n\n\n<li>Ersch\u00fctterungen<\/li>\n\n\n\n<li>Schmerz<\/li>\n\n\n\n<li>Depression<\/li>\n\n\n\n<li>Schlafprobleme<\/li>\n<\/ul>\n\n<p><strong>Wer ist gef\u00e4hrdet, an Parkinson zu erkranken?<\/strong><\/p>\n\n<ul class=\"wp-block-list\">\n<li><strong>Alter:<\/strong> Das Risiko, an der Parkinson-Krankheit zu erkranken, steigt mit dem Alter.<\/li>\n\n\n\n<li><strong>Familiengeschichte:<\/strong> Menschen mit einer famili\u00e4ren Vorgeschichte der Parkinson-Krankheit haben ein h\u00f6heres Risiko, selbst an der Krankheit zu erkranken.<\/li>\n\n\n\n<li><strong>Geschlecht:<\/strong> M\u00e4nner haben ein h\u00f6heres Risiko, an Parkinson zu erkranken, als Frauen.<\/li>\n\n\n\n<li><strong>Umweltfaktoren:<\/strong> Die Exposition gegen\u00fcber bestimmten Umweltfaktoren wie Pestiziden oder Herbiziden kann das Risiko einer Parkinson-Erkrankung erh\u00f6hen.<\/li>\n<\/ul>\n\n<p>Derzeit gibt es kein Heilmittel f\u00fcr diese Krankheit. Es gibt jedoch eine Reihe von Behandlungen, die helfen k\u00f6nnen, die Symptome in den Griff zu bekommen. Dazu geh\u00f6ren:<\/p>\n\n<ul class=\"wp-block-list\">\n<li>Medikamente<\/li>\n\n\n\n<li>Betrieb<\/li>\n\n\n\n<li>Physikalische Medizin und Rehabilitation<\/li>\n\n\n\n<li>Ergotherapie<\/li>\n<\/ul>\n\n<p><strong>Die<a href=\"https:\/\/www.stemcelltherapy.gen.tr\/\" target=\"_blank\" rel=\"noopener\">Stammzelltherapie<\/a> ist eine vielversprechende neue Behandlungsm\u00f6glichkeit f\u00fcr diese Krankheit.<\/strong> Stammzellen sind undifferenzierte Zellen, die das Potenzial haben, sich zu jeder Art von Zelle im K\u00f6rper zu entwickeln. Wenn Stammzellen in das Gehirn eingebracht werden, ersetzen sie gesch\u00e4digte dopaminproduzierende Zellen. Mit Hilfe der Stammzelltherapie kann die Krankheit verlangsamt, vollst\u00e4ndig gestoppt und sogar gebessert werden.<\/p>\n\n<p>Eine fr\u00fche Diagnose und ein j\u00fcngeres Alter k\u00f6nnen sich positiv auf die Behandlungsergebnisse auswirken.<\/p>\n\n<p>Wenn Sie eine Behandlung f\u00fcr Parkinson suchen, sollten Sie mit einem Neurologen sprechen. Sie k\u00f6nnen Behandlungsm\u00f6glichkeiten wie die Stammzelltherapie und andere bew\u00e4hrte Therapien erl\u00e4utern. Wir freuen uns darauf, Sie zu begleiten. Wenden Sie sich an uns, um Informationen \u00fcber den Behandlungsprozess und die Ergebnisse zu erhalten.<\/p>\n\n<p><strong>Zusammen mit Stammzellen k\u00f6nnen wir die Geschichte der Parkinson-Krankheit neu schreiben.  <\/strong><\/p>\n\n<h3 class=\"wp-block-heading\">Alles, was Sie \u00fcber die <a href=\"https:\/\/medclinics.com\/de\/stem-cell-therapy-2\/\" target=\"_blank\" rel=\"noreferrer noopener\">Stammzelltherapie<\/a> wissen m\u00fcssen, finden Sie hier, <a href=\"#requestform\">kontaktieren Sie uns<\/a> jetzt!<\/h3>\n\n<figure class=\"wp-block-image size-full\"><img fetchpriority=\"high\" decoding=\"async\" width=\"1450\" height=\"967\" class=\"wp-image-120230\" src=\"https:\/\/medclinics.com\/wp-content\/uploads\/2023\/12\/stem-cell-therapy-for-parkinsons-disease.jpg\" alt=\"Stammzelltherapie f&#xFC;r die Parkinson-Krankheit\" srcset=\"https:\/\/medclinics.com\/wp-content\/uploads\/2023\/12\/stem-cell-therapy-for-parkinsons-disease.jpg 1450w, https:\/\/medclinics.com\/wp-content\/uploads\/2023\/12\/stem-cell-therapy-for-parkinsons-disease-500x333.jpg 500w, https:\/\/medclinics.com\/wp-content\/uploads\/2023\/12\/stem-cell-therapy-for-parkinsons-disease-1024x683.jpg 1024w, https:\/\/medclinics.com\/wp-content\/uploads\/2023\/12\/stem-cell-therapy-for-parkinsons-disease-768x512.jpg 768w, https:\/\/medclinics.com\/wp-content\/uploads\/2023\/12\/stem-cell-therapy-for-parkinsons-disease-24x16.jpg 24w, https:\/\/medclinics.com\/wp-content\/uploads\/2023\/12\/stem-cell-therapy-for-parkinsons-disease-36x24.jpg 36w, https:\/\/medclinics.com\/wp-content\/uploads\/2023\/12\/stem-cell-therapy-for-parkinsons-disease-48x32.jpg 48w\" sizes=\"(max-width: 1450px) 100vw, 1450px\" \/><\/figure>\n\n<h2 class=\"wp-block-heading\">FAQ<\/h2>\n<div id=\"rank-math-faq\" class=\"rank-math-block\">\n<div class=\"rank-math-list \">\n<div id=\"faq-question-1703488525403\" class=\"rank-math-list-item\">\n<h3 class=\"rank-math-question \">Wie erkennt man die Parkinson-Krankheit?<\/h3>\n<div class=\"rank-math-answer \">\n\n<p>Parkinson ist eine neurologische St\u00f6rung, die zu langsamen Bewegungen, Zittern, Muskelsteifheit und Gleichgewichtsst\u00f6rungen f\u00fchrt. Die Symptome beginnen in der Regel auf einer Seite des K\u00f6rpers und breiten sich allm\u00e4hlich auf die andere Seite aus.<\/p>\n\n<\/div>\n<\/div>\n<div id=\"faq-question-1703488548977\" class=\"rank-math-list-item\">\n<h3 class=\"rank-math-question \"><strong>Wann tritt die Parkinson-Krankheit typischerweise auf?<\/strong><\/h3>\n<div class=\"rank-math-answer \">\n\n<p><strong>Parkinson tritt typischerweise im Alter zwischen 40 und 70 Jahren auf. In j\u00fcngeren Altersgruppen ist sie sehr selten. Wenn sie in j\u00fcngeren Altersgruppen auftritt, ist sie fast immer genetisch bedingt.<\/strong><\/p>\n\n<\/div>\n<\/div>\n<div id=\"faq-question-1703488637791\" class=\"rank-math-list-item\">\n<h3 class=\"rank-math-question \"><strong>Ist Parkinson eine Erbkrankheit?<\/strong><\/h3>\n<div class=\"rank-math-answer \">\n\n<p>Es gibt eine genetische Veranlagung. Allerdings bedeutet das Vorhandensein von Parkinson-Genen nicht immer, dass man die Krankheit bekommt. Umweltfaktoren sind ebenfalls sehr wichtig<\/p>\n\n<\/div>\n<\/div>\n<\/div>\n<\/div>\n<h3 class=\"wp-block-heading\">Kontaktieren Sie uns jetzt, falls Sie Fragen haben!<\/h3>\n","protected":false},"excerpt":{"rendered":"<p>\u00a0 Wenn Sie auf der Suche nach dem unendlichen Potenzial der Stammzelltherapie f\u00fcr die Behandlung der Parkinson-Krankheit sind, sind Sie [&hellip;]<\/p>\n","protected":false},"author":4,"featured_media":120223,"parent":0,"menu_order":0,"comment_status":"closed","ping_status":"closed","template":"","meta":{"site-sidebar-layout":"default","site-content-layout":"","ast-site-content-layout":"default","site-content-style":"default","site-sidebar-style":"default","ast-global-header-display":"","ast-banner-title-visibility":"","ast-main-header-display":"","ast-hfb-above-header-display":"","ast-hfb-below-header-display":"","ast-hfb-mobile-header-display":"","site-post-title":"","ast-breadcrumbs-content":"","ast-featured-img":"","footer-sml-layout":"","ast-disable-related-posts":"","theme-transparent-header-meta":"","adv-header-id-meta":"","stick-header-meta":"","header-above-stick-meta":"","header-main-stick-meta":"","header-below-stick-meta":"","astra-migrate-meta-layouts":"default","ast-page-background-enabled":"default","ast-page-background-meta":{"desktop":{"background-color":"var(--ast-global-color-4)","background-image":"","background-repeat":"repeat","background-position":"center center","background-size":"auto","background-attachment":"scroll","background-type":"","background-media":"","overlay-type":"","overlay-color":"","overlay-opacity":"","overlay-gradient":""},"tablet":{"background-color":"","background-image":"","background-repeat":"repeat","background-position":"center center","background-size":"auto","background-attachment":"scroll","background-type":"","background-media":"","overlay-type":"","overlay-color":"","overlay-opacity":"","overlay-gradient":""},"mobile":{"background-color":"","background-image":"","background-repeat":"repeat","background-position":"center center","background-size":"auto","background-attachment":"scroll","background-type":"","background-media":"","overlay-type":"","overlay-color":"","overlay-opacity":"","overlay-gradient":""}},"ast-content-background-meta":{"desktop":{"background-color":"var(--ast-global-color-5)","background-image":"","background-repeat":"repeat","background-position":"center center","background-size":"auto","background-attachment":"scroll","background-type":"","background-media":"","overlay-type":"","overlay-color":"","overlay-opacity":"","overlay-gradient":""},"tablet":{"background-color":"var(--ast-global-color-5)","background-image":"","background-repeat":"repeat","background-position":"center center","background-size":"auto","background-attachment":"scroll","background-type":"","background-media":"","overlay-type":"","overlay-color":"","overlay-opacity":"","overlay-gradient":""},"mobile":{"background-color":"var(--ast-global-color-5)","background-image":"","background-repeat":"repeat","background-position":"center center","background-size":"auto","background-attachment":"scroll","background-type":"","background-media":"","overlay-type":"","overlay-color":"","overlay-opacity":"","overlay-gradient":""}},"footnotes":""},"class_list":["post-148721","page","type-page","status-publish","has-post-thumbnail","hentry"],"_links":{"self":[{"href":"https:\/\/medclinics.com\/de\/wp-json\/wp\/v2\/pages\/148721","targetHints":{"allow":["GET"]}}],"collection":[{"href":"https:\/\/medclinics.com\/de\/wp-json\/wp\/v2\/pages"}],"about":[{"href":"https:\/\/medclinics.com\/de\/wp-json\/wp\/v2\/types\/page"}],"author":[{"embeddable":true,"href":"https:\/\/medclinics.com\/de\/wp-json\/wp\/v2\/users\/4"}],"replies":[{"embeddable":true,"href":"https:\/\/medclinics.com\/de\/wp-json\/wp\/v2\/comments?post=148721"}],"version-history":[{"count":0,"href":"https:\/\/medclinics.com\/de\/wp-json\/wp\/v2\/pages\/148721\/revisions"}],"wp:featuredmedia":[{"embeddable":true,"href":"https:\/\/medclinics.com\/de\/wp-json\/wp\/v2\/media\/120223"}],"wp:attachment":[{"href":"https:\/\/medclinics.com\/de\/wp-json\/wp\/v2\/media?parent=148721"}],"curies":[{"name":"wp","href":"https:\/\/api.w.org\/{rel}","templated":true}]}}